{"id":1420,"date":"2018-11-28T13:11:06","date_gmt":"2018-11-28T12:11:06","guid":{"rendered":"http:\/\/www.educa.itakaescolapios.org\/?page_id=1420"},"modified":"2024-06-19T10:40:50","modified_gmt":"2024-06-19T08:40:50","slug":"centro-educa","status":"publish","type":"page","link":"https:\/\/www.educa.itakaescolapios.org\/ca\/centro-educa","title":{"rendered":"Com convertir-te en un centre EDUCA"},"content":{"rendered":"<p>Educa \u00e9s una xarxa de centres educatius per la transformaci\u00f3 social. Centres que volen convertir-se en llocs compromesos amb la construcci\u00f3 d&#8217;un m\u00f3n m\u00e9s just i solidari. Volen fer-ho compartint recursos educatius, campanyes tem\u00e0tiques i activitats d&#8217;Aprenentatge i Servei.<br \/>\nPerqu\u00e8 un centre educatiu passe a formar part de Educa la decisi\u00f3 ha de ser compartida per tota la comunitat educativa i manifestada expl\u00edcitament a trav\u00e9s dels equips directius<br \/>\nEn el document d&#8217;adhesi\u00f3 pots con\u00e9ixer una mica m\u00e9s el que implica sumar-se a aquesta xarxa. Contacta amb <a href=\"mailto:educa@itakaescolapios.org\">educa@itakaescolapios.org<\/a> per a solucionar dubtes o tindre m\u00e9s informaci\u00f3.<\/p>\n<p class=\"western\"><span style=\"font-family: Calibri, serif;\"><span style=\"font-size: medium;\"><br \/>\n<\/span><\/span>Desc\u00e0rrega el document: <a href=\"https:\/\/www.educa.itakaescolapios.org\/wp-content\/uploads\/2024\/06\/CA_Adhesion-y-compromiso-Educa.itakaescolapios-CA.pdf\" target=\"_blank\" rel=\"noopener noreferrer\">Adhesi\u00f3n-y-compromiso-Educa.itakaescolapios.<\/a><span style=\"font-family: Calibri, serif;\"><span style=\"font-size: medium;\"><br \/>\n<\/span><\/span><\/p>\n<p><\/p>","protected":false},"excerpt":{"rendered":"<p>Educa \u00e9s una xarxa de centres educatius per la transformaci\u00f3 social. Centres que volen convertir-se en llocs compromesos amb la construcci\u00f3 d&#8217;un m\u00f3n m\u00e9s just i [&hellip;]<\/p>\n","protected":false},"author":1,"featured_media":0,"parent":0,"menu_order":5,"comment_status":"closed","ping_status":"closed","template":"","meta":[],"acf":[],"_links":{"self":[{"href":"https:\/\/www.educa.itakaescolapios.org\/ca\/wp-json\/wp\/v2\/pages\/1420"}],"collection":[{"href":"https:\/\/www.educa.itakaescolapios.org\/ca\/wp-json\/wp\/v2\/pages"}],"about":[{"href":"https:\/\/www.educa.itakaescolapios.org\/ca\/wp-json\/wp\/v2\/types\/page"}],"author":[{"embeddable":true,"href":"https:\/\/www.educa.itakaescolapios.org\/ca\/wp-json\/wp\/v2\/users\/1"}],"replies":[{"embeddable":true,"href":"https:\/\/www.educa.itakaescolapios.org\/ca\/wp-json\/wp\/v2\/comments?post=1420"}],"version-history":[{"count":88,"href":"https:\/\/www.educa.itakaescolapios.org\/ca\/wp-json\/wp\/v2\/pages\/1420\/revisions"}],"predecessor-version":[{"id":8497,"href":"https:\/\/www.educa.itakaescolapios.org\/ca\/wp-json\/wp\/v2\/pages\/1420\/revisions\/8497"}],"wp:attachment":[{"href":"https:\/\/www.educa.itakaescolapios.org\/ca\/wp-json\/wp\/v2\/media?parent=1420"}],"curies":[{"name":"wp","href":"https:\/\/api.w.org\/{rel}","templated":true}]}}