{"id":1528,"date":"2018-12-12T16:00:27","date_gmt":"2018-12-12T15:00:27","guid":{"rendered":"http:\/\/www.educa.itakaescolapios.org\/?page_id=1528"},"modified":"2018-12-12T16:00:27","modified_gmt":"2018-12-12T15:00:27","slug":"botiquin-de-actividades","status":"publish","type":"page","link":"https:\/\/www.educa.itakaescolapios.org\/ca\/semanas-de-la-paz\/2012-2013-semana-de-la-paz\/botiquin-de-actividades","title":{"rendered":"BOTIQU\u00cdN DE ACTIVIDADES"},"content":{"rendered":"<p class=\"qtranxs-available-languages-message qtranxs-available-languages-message-ca\">Ho sentim, aquesta entrada es troba disponible \u00fanicament en <a href=\"https:\/\/www.educa.itakaescolapios.org\/es\/wp-json\/wp\/v2\/pages\/1528\" class=\"qtranxs-available-language-link qtranxs-available-language-link-es\" title=\"Espa\u00f1ol\">Espanyol Europeu<\/a>.<\/p><p><\/p>\n<p><img decoding=\"async\" loading=\"lazy\" class=\"size-medium wp-image-1529 alignleft\" src=\"http:\/\/www.educa.itakaescolapios.org\/wp-content\/uploads\/2018\/12\/Botiquin-225x300.jpg\" alt=\"\" width=\"225\" height=\"300\" srcset=\"https:\/\/www.educa.itakaescolapios.org\/wp-content\/uploads\/2018\/12\/Botiquin-225x300.jpg 225w, https:\/\/www.educa.itakaescolapios.org\/wp-content\/uploads\/2018\/12\/Botiquin.jpg 768w, https:\/\/www.educa.itakaescolapios.org\/wp-content\/uploads\/2018\/12\/Botiquin-250x333.jpg 250w\" sizes=\"(max-width: 225px) 100vw, 225px\" \/><\/p>\n<p>A continuaci\u00f3n presentamos una serie de actividades orientativas para trabajar en las aulas (tambi\u00e9n pueden ser trasladadas al \u00e1mbito extraescolar) la importancia de la paz no violencia como herramienta de cambio personal y social. \u00a0Muchas de las actividades tienen que ver directamente con la resoluci\u00f3n no violenta de los conflictos o con la construcci\u00f3n de un mundo m\u00e1s justo y equitativo porque una Sociedad en Paz no es una Sociedad sin conflictos, es aquella que dispone de herramientas para resolverlos sin violencias y que entiende que no hay Paz sin justicia.<\/p>\n<p>Hemos intentado hacer una selecci\u00f3n atractiva bajo el formato de un botiqu\u00edn del que obtener herramientas que nos permitan construir un mundo mejor.<\/p>\n<p>Adem\u00e1s podr\u00e9is encontrar <a href=\"http:\/\/www.educa.itakaescolapios.org\/paz-y-no-violencia\">TODAS\u00a0<\/a>las \u00a0actividades de la Campa\u00f1a de la paz en el portal <a href=\"http:\/\/www.educa.itakaescolapios.org\/\" target=\"_blank\" rel=\"noopener\">EDUCA<\/a> de nuestra p\u00e1gina web.<\/p>\n<p>Puedes descargarte el\u00a0<a href=\"http:\/\/www.itakaescolapios.org\/wp-content\/uploads\/2013\/01\/Botiquin-completo.pdf\" target=\"_blank\" rel=\"noopener\">Botiqu\u00edn completo<\/a>\u00a0o por partes:<\/p>\n<p>&nbsp;<\/p>\n<table border=\"1\" width=\"461\" cellspacing=\"0\" cellpadding=\"0\" align=\"left\">\n<tbody>\n<tr>\n<td width=\"92\">\n<p align=\"center\">T\u00edtulo<\/p>\n<\/td>\n<td width=\"66\">\n<p align=\"center\">Edad<\/p>\n<p align=\"center\">Etapa<\/p>\n<\/td>\n<td width=\"142\">\n<p align=\"center\">Resumen<\/p>\n<\/td>\n<td width=\"161\">\n<p align=\"center\">Objetivos<\/p>\n<\/td>\n<\/tr>\n<tr>\n<td width=\"92\"><a href=\"http:\/\/www.educa.itakaescolapios.org\/paz-y-no-violencia\/campana-paz-2013.-radiografias-del-mundo\/\">Radiograf\u00edas \u00a0 del mundo<\/a><\/td>\n<td width=\"66\">\n<p align=\"center\">De 2 a 5<\/p>\n<p align=\"center\">1\u00ba Infantil<\/p>\n<\/td>\n<td width=\"142\">Descripci\u00f3n \u00a0 de buenas acciones (y no tan buenas) a trav\u00e9s de fotograf\u00edas.<\/td>\n<td width=\"161\">Discernir \u00a0 entre las acciones que promueven la paz en nuestro entorno, y las que no.<\/td>\n<\/tr>\n<tr>\n<td width=\"92\"><a href=\"http:\/\/www.educa.itakaescolapios.org\/paz-y-no-violencia\/campana-paz-2013.-vendas-protectoras\/\">Vendas \u00a0 protectoras<\/a><\/td>\n<td width=\"66\">\n<p align=\"center\">De 2 a 5<\/p>\n<p align=\"center\">2\u00ba Infantil<\/p>\n<\/td>\n<td width=\"142\">A \u00a0 trav\u00e9s del juego y el baile, los peque\u00f1os trabajan la importancia de expresar \u00a0 y sentir amor por los amigos.<\/td>\n<td width=\"161\">Potenciar \u00a0 el sentimiento de que todos debemos ser protegidos pero tambi\u00e9n podemos proteger \u00a0 a los dem\u00e1s<\/td>\n<\/tr>\n<tr>\n<td width=\"92\"><a href=\"http:\/\/www.educa.itakaescolapios.org\/paz-y-no-violencia\/campana-paz-2013.-opto-tipos\/\">Opto tipos<\/a><\/td>\n<td width=\"66\">\n<p align=\"center\">De 2 a 5<\/p>\n<p align=\"center\">3\u00ba Infantil<\/p>\n<\/td>\n<td width=\"142\">Aprender \u00a0 conceptos relacionados con la Paz a trav\u00e9s de iconos<\/td>\n<td width=\"161\">Reflexionar \u00a0 sobre cada uno de los nuevos conceptos aprendidos<\/td>\n<\/tr>\n<tr>\n<td width=\"92\"><a href=\"http:\/\/www.educa.itakaescolapios.org\/paz-y-no-violencia\/campana-paz-2013.-en-busca-del-mensaje-oculto\/\">En \u00a0 busca del mensaje oculto<\/a><\/td>\n<td width=\"66\">\n<p align=\"center\">De 6 a 11<\/p>\n<p align=\"center\">1\u00ba Primaria<\/p>\n<\/td>\n<td width=\"142\">A \u00a0 trav\u00e9s del juego descubrimos palabras y conceptos relacionados con la Paz<\/td>\n<td width=\"161\">Reflexionar \u00a0 sobre cada uno de los nuevos conceptos aprendidos<\/td>\n<\/tr>\n<tr>\n<td width=\"92\"><a href=\"http:\/\/www.educa.itakaescolapios.org\/paz-y-no-violencia\/campana-paz-2013.-el-prospecto-de-la-paz\/\">El \u00a0 prospecto de la paz<\/a><\/td>\n<td width=\"66\">\n<p align=\"center\">De 6 a 11<\/p>\n<p align=\"center\">2\u00ba Primaria<\/p>\n<\/td>\n<td width=\"142\">Cuento \u00a0 y dibujos para trabajar valores relacionados con la PAZ<\/td>\n<td width=\"161\">Reflexionar \u00a0 sobre la actitud que hemos de tener hacia los dem\u00e1s, y la importancia que \u00a0 \u00e9sta tiene en la vida de compa\u00f1eros, amigos y familiares.<\/td>\n<\/tr>\n<tr>\n<td width=\"92\">\u00a0<a href=\"http:\/\/www.educa.itakaescolapios.org\/paz-y-no-violencia\/campana-paz-2013.-la-aspirina-florentina\/\">La \u00a0 aspirina Florentina<\/a><\/td>\n<td width=\"66\">\n<p align=\"center\">De 6 a 11<\/p>\n<p align=\"center\">3\u00ba Primaria<\/p>\n<\/td>\n<td width=\"142\">Actividad \u00a0 en la que los alumnos se implican activamente para ayudar a los dem\u00e1s.<\/td>\n<td width=\"161\">Promover \u00a0 la participaci\u00f3n en situaciones en la que los dem\u00e1s necesiten de ayuda.<\/td>\n<\/tr>\n<tr>\n<td width=\"92\"><a href=\"http:\/\/www.educa.itakaescolapios.org\/paz-y-no-violencia\/campana-paz-2013.-el-color-de-las-heridas\/\">El \u00a0 color de las heridas<\/a><\/td>\n<td width=\"66\">\n<p align=\"center\">De 6 a 11<\/p>\n<p align=\"center\">4\u00ba Primaria<\/p>\n<\/td>\n<td width=\"142\">Preparar \u00a0 carteles que denuncien realidades injustas y animen a todo el colegio a \u00a0 participar de la Campa\u00f1a<\/td>\n<td width=\"161\">Saber \u00a0 reconocer la informaci\u00f3n que tenemos a nuestro alcance, y no normalizar \u00a0 situaciones por muy comunes que \u00e9stas sean.<\/td>\n<\/tr>\n<tr>\n<td width=\"92\"><a href=\"http:\/\/www.educa.itakaescolapios.org\/paz-y-no-violencia\/campana-paz-2013.-samu-servicio-de-amigos-mayores-urgente\/\">SAMU.\u00a0 Servicio de Amigos Mayores Urgente<\/a><\/td>\n<td width=\"66\">\n<p align=\"center\">De 6 a 11<\/p>\n<p align=\"center\">5\u00ba Primaria<\/p>\n<\/td>\n<td width=\"142\">Din\u00e1mica \u00a0 de atenci\u00f3n y ayuda a los compa\u00f1eros y compa\u00f1eras.<\/td>\n<td width=\"161\">Aprender\u00a0 a quererse y valorarse, y tambi\u00e9n a valorar \u00a0 y reconocer los valores de los dem\u00e1s<\/td>\n<\/tr>\n<tr>\n<td width=\"92\"><a href=\"http:\/\/www.educa.itakaescolapios.org\/paz-y-no-violencia\/campana-paz-2013.-radio-pau\/\">Radio \u00a0 PAU<\/a><\/td>\n<td width=\"66\">\n<p align=\"center\">De 6 a 11<\/p>\n<p align=\"center\">6\u00ba Primaria<\/p>\n<\/td>\n<td width=\"142\">Emisora \u00a0 escolar de radio de buenas noticias<\/td>\n<td width=\"161\">Saber \u00a0 reconocer la informaci\u00f3n que tenemos a nuestro alcance, y valorar la \u00a0 importancia de la difusi\u00f3n e impacto de buenas noticias.<\/td>\n<\/tr>\n<tr>\n<td width=\"92\"><a href=\"http:\/\/www.educa.itakaescolapios.org\/paz-y-no-violencia\/campana-paz-2013.-el-termometro-de-la-paz\/\">El \u00a0 term\u00f3metro de la paz<\/a><\/td>\n<td width=\"66\">\n<p align=\"center\">De 12 a 16<\/p>\n<p align=\"center\">1\u00ba ESO<\/p>\n<\/td>\n<td width=\"142\">Juego \u00a0 o concurso donde se punt\u00faa seg\u00fan las actitudes cooperativas y de ayuda al \u00a0 otro<\/td>\n<td width=\"161\">Valorar \u00a0 la importancia de determinadas actitudes para promover correctamente una \u00a0 cultura de paz<\/td>\n<\/tr>\n<tr>\n<td width=\"92\"><a href=\"http:\/\/www.educa.itakaescolapios.org\/paz-y-no-violencia\/campana-paz-2013.-escuchando-corazones\/\">Escuchando \u00a0 corazones<\/a><\/td>\n<td width=\"66\">\n<p align=\"center\">De 12 a 16<\/p>\n<p align=\"center\">2\u00ba ESO<\/p>\n<\/td>\n<td width=\"142\">Escuchar \u00a0 y analizar las letras de algunas canciones de tem\u00e1tica pacifista.<\/td>\n<td width=\"161\">Descubrir \u00a0 la m\u00fasica como instrumento de expresi\u00f3n, denuncia y activismo social.<\/td>\n<\/tr>\n<tr>\n<td width=\"92\"><a href=\"http:\/\/www.educa.itakaescolapios.org\/paz-y-no-violencia\/campana-paz-2013.-twiritas\/\">Twiritas<\/a><\/td>\n<td width=\"66\">\n<p align=\"center\">De 12 a 16<\/p>\n<p align=\"center\">3\u00ba ESO<\/p>\n<\/td>\n<td width=\"142\">Reflexi\u00f3n \u00a0 sobre la importancia de comunicar buenas noticias para favorecer un ambiente \u00a0 de paz<\/td>\n<td width=\"161\">Saber \u00a0 reconocer la informaci\u00f3n que tenemos a nuestro alcance, y valorar la \u00a0 importancia de la difusi\u00f3n e impacto de buenas noticias<\/td>\n<\/tr>\n<tr>\n<td width=\"92\"><a href=\"http:\/\/www.educa.itakaescolapios.org\/paz-y-no-violencia\/campana-paz-2013.-operacion-conflictos-olvidados\/\">Operaci\u00f3n \u00a0 Conflictos Olvidados<\/a><\/td>\n<td width=\"66\">\n<p align=\"center\">De 12 a 16<\/p>\n<p align=\"center\">4\u00ba ESO<\/p>\n<\/td>\n<td width=\"142\">Analizar \u00a0 la realidad que viven muchas personas en lugares donde existen conflictos \u00a0 b\u00e9licos<\/td>\n<td width=\"161\">Conocer \u00a0 el origen y las causas que pueden llevar a un pa\u00eds a utilizar las armas, y \u00a0 las consecuencias que esto puede tener en su tejido social.<\/td>\n<\/tr>\n<tr>\n<td width=\"92\"><a href=\"http:\/\/www.educa.itakaescolapios.org\/paz-y-no-violencia\/campana-paz-2013.-radio-pau-1\/\">Radio \u00a0 PAU<\/a><\/td>\n<td width=\"66\">\n<p align=\"center\">De 17 a 18<\/p>\n<p align=\"center\">1\u00ba Bachillerato<\/p>\n<\/td>\n<td width=\"142\">Emisora \u00a0 escolar de radio de buenas noticias<\/td>\n<td width=\"161\">Saber reconocer la informaci\u00f3n que tenemos a \u00a0 nuestro alcance, y valorar la importancia de la difusi\u00f3n e impacto de buenas \u00a0 noticias<\/td>\n<\/tr>\n<\/tbody>\n<\/table>\n<p><\/p>","protected":false},"excerpt":{"rendered":"<p>Ho sentim, aquesta entrada es troba disponible \u00fanicament en Espanyol Europeu. A continuaci\u00f3n presentamos una serie de actividades orientativas para trabajar en las aulas (tambi\u00e9n pueden [&hellip;]<\/p>\n","protected":false},"author":1,"featured_media":0,"parent":715,"menu_order":0,"comment_status":"closed","ping_status":"closed","template":"","meta":[],"acf":[],"_links":{"self":[{"href":"https:\/\/www.educa.itakaescolapios.org\/ca\/wp-json\/wp\/v2\/pages\/1528"}],"collection":[{"href":"https:\/\/www.educa.itakaescolapios.org\/ca\/wp-json\/wp\/v2\/pages"}],"about":[{"href":"https:\/\/www.educa.itakaescolapios.org\/ca\/wp-json\/wp\/v2\/types\/page"}],"author":[{"embeddable":true,"href":"https:\/\/www.educa.itakaescolapios.org\/ca\/wp-json\/wp\/v2\/users\/1"}],"replies":[{"embeddable":true,"href":"https:\/\/www.educa.itakaescolapios.org\/ca\/wp-json\/wp\/v2\/comments?post=1528"}],"version-history":[{"count":1,"href":"https:\/\/www.educa.itakaescolapios.org\/ca\/wp-json\/wp\/v2\/pages\/1528\/revisions"}],"predecessor-version":[{"id":1530,"href":"https:\/\/www.educa.itakaescolapios.org\/ca\/wp-json\/wp\/v2\/pages\/1528\/revisions\/1530"}],"up":[{"embeddable":true,"href":"https:\/\/www.educa.itakaescolapios.org\/ca\/wp-json\/wp\/v2\/pages\/715"}],"wp:attachment":[{"href":"https:\/\/www.educa.itakaescolapios.org\/ca\/wp-json\/wp\/v2\/media?parent=1528"}],"curies":[{"name":"wp","href":"https:\/\/api.w.org\/{rel}","templated":true}]}}