{"id":1531,"date":"2018-12-12T16:01:36","date_gmt":"2018-12-12T15:01:36","guid":{"rendered":"http:\/\/www.educa.itakaescolapios.org\/?page_id=1531"},"modified":"2018-12-12T16:02:52","modified_gmt":"2018-12-12T15:02:52","slug":"actividades-finales-de-campana","status":"publish","type":"page","link":"https:\/\/www.educa.itakaescolapios.org\/ca\/semanas-de-la-paz\/2012-2013-semana-de-la-paz\/actividades-finales-de-campana","title":{"rendered":"Actividades finales de campa\u00f1a"},"content":{"rendered":"<p class=\"qtranxs-available-languages-message qtranxs-available-languages-message-ca\">Ho sentim, aquesta entrada es troba disponible \u00fanicament en <a href=\"https:\/\/www.educa.itakaescolapios.org\/es\/wp-json\/wp\/v2\/pages\/1531\" class=\"qtranxs-available-language-link qtranxs-available-language-link-es\" title=\"Espa\u00f1ol\">Espanyol Europeu<\/a>.<\/p><p><\/p>\n<p>Una campa\u00f1a de estas caracter\u00edsticas implica el trabajo individual de actividades y conductas para que todas las personas asumamos la importancia de la paz y la no violencia como modelo de relaci\u00f3n. Esa labor se completa y asienta trabajando las actitudes en grupos peque\u00f1os, como puede ser una clase, un grupo de tiempo libre u otra actividad extraescolar. Sin embargo la celebraci\u00f3n de actos globales, que muestren la implicaci\u00f3n de toda la comunidad educativa y que est\u00e9n abiertos al entorno del barrio o la ciudad se hacen necesarios para comprender que la paz requiere el trabajo de todas las personas, porque\u00a0todas estamos en el mismo barco.<\/p>\n<p>Ofrecemos como ejemplo varias actividades, algunas de ellas\u00a0con m\u00e1s de dos d\u00e9cadas de recorrido.<\/p>\n<table border=\"1\" width=\"451\" cellspacing=\"0\" cellpadding=\"0\" align=\"left\">\n<tbody>\n<tr>\n<td valign=\"top\" width=\"140\">T\u00edtulo<\/td>\n<td width=\"312\">\n<p align=\"center\">Resumen<\/p>\n<\/td>\n<\/tr>\n<tr>\n<td width=\"140\"><a href=\"http:\/\/www.educa.itakaescolapios.org\/paz-y-no-violencia\/organizacion-globada\/\">GLOBADA por la paz<\/a><\/td>\n<td width=\"312\"><a href=\"http:\/\/www.educa.itakaescolapios.org\/paz-y-no-violencia\/organizacion-globada\/\" target=\"_blank\" rel=\"noopener\">Organizaci\u00f3n de una manifestaci\u00f3n multitudinaria con suelta de globos al finalizar para reivindicar la Paz como valor humano.<\/a><\/p>\n<p><a href=\"http:\/\/www.educa.itakaescolapios.org\/paz-y-no-violencia\/organizacion-globada\/\" target=\"_blank\" rel=\"noopener\"><img decoding=\"async\" loading=\"lazy\" class=\"size-full wp-image-5388 aligncenter\" title=\"Globada\" src=\"http:\/\/www.itakaescolapios.org\/wp-content\/uploads\/2013\/01\/aa2.jpg\" alt=\"\" width=\"253\" height=\"190\" \/><\/a><\/p>\n<\/td>\n<\/tr>\n<tr>\n<td width=\"140\"><a href=\"http:\/\/www.educa.itakaescolapios.org\/paz-y-no-violencia\/campana-paz-2013.-celebrando-la-paz-celebrando-la-vida\">FLASH-MOB Celebrando la PAZ, celebrando la VIDA<\/a>.<\/td>\n<td width=\"312\">\n<p><a href=\"http:\/\/www.educa.itakaescolapios.org\/paz-y-no-violencia\/campana-paz-2013.-celebrando-la-paz-celebrando-la-vida\" target=\"_blank\" rel=\"noopener\">Elaboraci\u00f3n de un Flash Mob, que implique al mayor n\u00famero de gente posible para comprender la importancia de la Paz como camino vital.<img decoding=\"async\" loading=\"lazy\" class=\"aligncenter size-full wp-image-5391\" title=\"Flash mob\" src=\"http:\/\/www.itakaescolapios.org\/wp-content\/uploads\/2013\/01\/aa41.png\" alt=\"\" width=\"263\" height=\"191\" \/><\/a><\/p>\n<\/td>\n<\/tr>\n<\/tbody>\n<\/table>\n<p><\/p>","protected":false},"excerpt":{"rendered":"<p>Ho sentim, aquesta entrada es troba disponible \u00fanicament en Espanyol Europeu. Una campa\u00f1a de estas caracter\u00edsticas implica el trabajo individual de actividades y conductas para que [&hellip;]<\/p>\n","protected":false},"author":1,"featured_media":0,"parent":715,"menu_order":0,"comment_status":"closed","ping_status":"closed","template":"","meta":[],"acf":[],"_links":{"self":[{"href":"https:\/\/www.educa.itakaescolapios.org\/ca\/wp-json\/wp\/v2\/pages\/1531"}],"collection":[{"href":"https:\/\/www.educa.itakaescolapios.org\/ca\/wp-json\/wp\/v2\/pages"}],"about":[{"href":"https:\/\/www.educa.itakaescolapios.org\/ca\/wp-json\/wp\/v2\/types\/page"}],"author":[{"embeddable":true,"href":"https:\/\/www.educa.itakaescolapios.org\/ca\/wp-json\/wp\/v2\/users\/1"}],"replies":[{"embeddable":true,"href":"https:\/\/www.educa.itakaescolapios.org\/ca\/wp-json\/wp\/v2\/comments?post=1531"}],"version-history":[{"count":2,"href":"https:\/\/www.educa.itakaescolapios.org\/ca\/wp-json\/wp\/v2\/pages\/1531\/revisions"}],"predecessor-version":[{"id":1533,"href":"https:\/\/www.educa.itakaescolapios.org\/ca\/wp-json\/wp\/v2\/pages\/1531\/revisions\/1533"}],"up":[{"embeddable":true,"href":"https:\/\/www.educa.itakaescolapios.org\/ca\/wp-json\/wp\/v2\/pages\/715"}],"wp:attachment":[{"href":"https:\/\/www.educa.itakaescolapios.org\/ca\/wp-json\/wp\/v2\/media?parent=1531"}],"curies":[{"name":"wp","href":"https:\/\/api.w.org\/{rel}","templated":true}]}}