{"id":1597,"date":"2018-12-13T10:14:55","date_gmt":"2018-12-13T09:14:55","guid":{"rendered":"http:\/\/www.educa.itakaescolapios.org\/?page_id=1597"},"modified":"2018-12-13T10:14:55","modified_gmt":"2018-12-13T09:14:55","slug":"ven-y-veras-un-mundo-en-paz","status":"publish","type":"page","link":"https:\/\/www.educa.itakaescolapios.org\/ca\/semanas-de-la-paz\/2014-2015-semana-de-la-paz\/ven-y-veras-un-mundo-en-paz","title":{"rendered":"VEN Y VER\u00c1S, UN MUNDO EN PAZ"},"content":{"rendered":"<p class=\"qtranxs-available-languages-message qtranxs-available-languages-message-ca\">Ho sentim, aquesta entrada es troba disponible \u00fanicament en <a href=\"https:\/\/www.educa.itakaescolapios.org\/es\/wp-json\/wp\/v2\/pages\/1597\" class=\"qtranxs-available-language-link qtranxs-available-language-link-es\" title=\"Espa\u00f1ol\">Espanyol Europeu<\/a>.<\/p><p><\/p>\n<p><img decoding=\"async\" loading=\"lazy\" class=\"size-medium wp-image-1598 alignleft\" src=\"http:\/\/www.educa.itakaescolapios.org\/wp-content\/uploads\/2018\/12\/PORTADA-PAZ-2015-211x300.jpg\" alt=\"\" width=\"211\" height=\"300\" srcset=\"https:\/\/www.educa.itakaescolapios.org\/wp-content\/uploads\/2018\/12\/PORTADA-PAZ-2015-211x300.jpg 211w, https:\/\/www.educa.itakaescolapios.org\/wp-content\/uploads\/2018\/12\/PORTADA-PAZ-2015-768x1090.jpg 768w, https:\/\/www.educa.itakaescolapios.org\/wp-content\/uploads\/2018\/12\/PORTADA-PAZ-2015-722x1024.jpg 722w, https:\/\/www.educa.itakaescolapios.org\/wp-content\/uploads\/2018\/12\/PORTADA-PAZ-2015-250x355.jpg 250w, https:\/\/www.educa.itakaescolapios.org\/wp-content\/uploads\/2018\/12\/PORTADA-PAZ-2015.jpg 1748w\" sizes=\"(max-width: 211px) 100vw, 211px\" \/>Desde Itaka Escolapios se propone una campa\u00f1a para celebrar el D\u00eda Escolar de la No-violencia y la Paz en 2015, cuyo principal objetivo es concienciar al alumnado, profesorado y familias de que, a partir de peque\u00f1os gestos positivos, pueden cambiar las cosas y construir as\u00ed entre todos, una cultura y realidad de paz.<\/p>\n<p>Creemos en la frase de Eduardo Galeano: \u201cMucha gente peque\u00f1a, en lugares peque\u00f1os, haciendo peque\u00f1as cosas, puede cambiar el mundo\u201d, y sobre todo, queremos que los ni\u00f1os y las ni\u00f1as de nuestra ciudad crean en ello y crezcan con la confianza de que su implicaci\u00f3n y activismo social son importantes y efectivos.<\/p>\n<p>Para transmitir el mensaje de que todos somos capaces de lograr grandes avances en esta tarea, hemos dise\u00f1ado la campa\u00f1a \u201cVen y ver\u00e1s, un mundo de paz\u201d. Invitamos a los alumnos a conocer <i>Perdamaian<\/i> (paz en indonesio), un Mundo que vive en Paz. Al colegio lleg\u00f3 un mensaje que dec\u00eda \u201cven y ver\u00e1s\u2026 un mundo de Paz\u201d. Siguiendo las coordenadas del origen del mensaje, localizaron este planeta, al que han viajado los profesores en la nave espacial <i>Mir<\/i> (paz en ruso). Han visto c\u00f3mo los diferentes pa\u00edses contribuyen a que ese mundo est\u00e9 en paz. A su vuelta, invitan a los alumnos a imitar a los <i>perdamanicos<\/i> y \u00a0a construir en nuestra Tierra, un mundo de Paz.<\/p>\n<p>Para el trabajo con los alumnos, e propone as\u00ed una GU\u00cdA DE VIAJES en la que, a trav\u00e9s de din\u00e1micas y propuestas educativas, trabajaremos la sensibilizaci\u00f3n en el aula, desde 1\u00ba de Infantil hasta 1\u00ba de Bachiller. Y para la celebraci\u00f3n del acto principal de la campa\u00f1a, cada curso nos contar\u00e1 c\u00f3mo es el pa\u00eds que ha visitado junto con su profesor y c\u00f3mo contribuye a que <i>Perdamaian<\/i> sea un mundo de Paz como podr\u00eda ser el nuestro.<\/p>\n<p><\/p>","protected":false},"excerpt":{"rendered":"<p>Ho sentim, aquesta entrada es troba disponible \u00fanicament en Espanyol Europeu. Desde Itaka Escolapios se propone una campa\u00f1a para celebrar el D\u00eda Escolar de la No-violencia [&hellip;]<\/p>\n","protected":false},"author":1,"featured_media":0,"parent":727,"menu_order":0,"comment_status":"closed","ping_status":"closed","template":"","meta":[],"acf":[],"_links":{"self":[{"href":"https:\/\/www.educa.itakaescolapios.org\/ca\/wp-json\/wp\/v2\/pages\/1597"}],"collection":[{"href":"https:\/\/www.educa.itakaescolapios.org\/ca\/wp-json\/wp\/v2\/pages"}],"about":[{"href":"https:\/\/www.educa.itakaescolapios.org\/ca\/wp-json\/wp\/v2\/types\/page"}],"author":[{"embeddable":true,"href":"https:\/\/www.educa.itakaescolapios.org\/ca\/wp-json\/wp\/v2\/users\/1"}],"replies":[{"embeddable":true,"href":"https:\/\/www.educa.itakaescolapios.org\/ca\/wp-json\/wp\/v2\/comments?post=1597"}],"version-history":[{"count":1,"href":"https:\/\/www.educa.itakaescolapios.org\/ca\/wp-json\/wp\/v2\/pages\/1597\/revisions"}],"predecessor-version":[{"id":1599,"href":"https:\/\/www.educa.itakaescolapios.org\/ca\/wp-json\/wp\/v2\/pages\/1597\/revisions\/1599"}],"up":[{"embeddable":true,"href":"https:\/\/www.educa.itakaescolapios.org\/ca\/wp-json\/wp\/v2\/pages\/727"}],"wp:attachment":[{"href":"https:\/\/www.educa.itakaescolapios.org\/ca\/wp-json\/wp\/v2\/media?parent=1597"}],"curies":[{"name":"wp","href":"https:\/\/api.w.org\/{rel}","templated":true}]}}