{"id":1698,"date":"2018-12-13T12:31:19","date_gmt":"2018-12-13T11:31:19","guid":{"rendered":"http:\/\/www.educa.itakaescolapios.org\/?page_id=1698"},"modified":"2018-12-13T12:31:29","modified_gmt":"2018-12-13T11:31:29","slug":"actividades-para-el-aula-por-ciclos","status":"publish","type":"page","link":"https:\/\/www.educa.itakaescolapios.org\/ca\/semanas-de-la-paz\/2017-2018-semana-de-la-paz\/actividades-para-el-aula-por-ciclos","title":{"rendered":"ACTIVIDADES PARA EL AULA POR CICLOS"},"content":{"rendered":"<p class=\"qtranxs-available-languages-message qtranxs-available-languages-message-ca\">Ho sentim, aquesta entrada es troba disponible \u00fanicament en <a href=\"https:\/\/www.educa.itakaescolapios.org\/es\/wp-json\/wp\/v2\/pages\/1698\" class=\"qtranxs-available-language-link qtranxs-available-language-link-es\" title=\"Espa\u00f1ol\">Espanyol Europeu<\/a>.<\/p><p><\/p>\n<p>&nbsp;<\/p>\n<p><img decoding=\"async\" loading=\"lazy\" class=\"alignleft size-medium wp-image-1699\" src=\"http:\/\/www.educa.itakaescolapios.org\/wp-content\/uploads\/2018\/12\/AMANDA-300x298.png\" alt=\"\" width=\"300\" height=\"298\" srcset=\"https:\/\/www.educa.itakaescolapios.org\/wp-content\/uploads\/2018\/12\/AMANDA-300x298.png 300w, https:\/\/www.educa.itakaescolapios.org\/wp-content\/uploads\/2018\/12\/AMANDA-150x150.png 150w, https:\/\/www.educa.itakaescolapios.org\/wp-content\/uploads\/2018\/12\/AMANDA-250x248.png 250w, https:\/\/www.educa.itakaescolapios.org\/wp-content\/uploads\/2018\/12\/AMANDA.png 661w\" sizes=\"(max-width: 300px) 100vw, 300px\" \/>El hilo conductor de las actividades a desarrollar en cada ciclo es este c\u00f3mic sobre el viaje de Amanda, una ni\u00f1a que, ante una situaci\u00f3n injusta y de acoso, no sabe c\u00f3mo reaccionar, pero siente que ha de hacer algo y a partir de ah\u00ed, emprende un viaje en el que conoce a diferentes ni\u00f1os y ni\u00f1as que consiguieron denunciar la situaci\u00f3n injusta en la que viv\u00edan y ayudaron a cambiar el mundo sin necesidad de utilizar la violencia.<\/p>\n<p>Esta vez Bla, uno de los personajes de la expedici\u00f3n Itaka-Escolapios, ser\u00e1 quien gu\u00ede la actividad, ya que se ha encontrado con Amanda, una ni\u00f1a que con sus escasos 8 o 9 a\u00f1os de edad, ya est\u00e1 dispuesta a hacer lo que sea necesario para cambiar el mundo y las acciones que vemos en \u00e9l.<\/p>\n<p>Desc\u00e1rgate el comic: <a href=\"http:\/\/www.educa.itakaescolapios.org\/wp-content\/uploads\/2018\/12\/EL-VIAJE-DE-AMANDA.pdf\"><strong>EL VIAJE DE AMANDA<\/strong><\/a><\/p>\n<p>Presentamos a continuaci\u00f3n una serie de actividades para el aula, una actividad por ciclo. Puedes encontrar todas las actividades en el bolet\u00edn de la campa\u00f1a as\u00ed como el resto de textos que recoge \u00e9sta p\u00e1gina web.<\/p>\n<p>Desc\u00e1rgate el bolet\u00edn: <strong><a href=\"http:\/\/www.educa.itakaescolapios.org\/wp-content\/uploads\/2018\/12\/folleto-paz-18-web.pdf\">BOLET\u00cdN SEMANA DE LA PAZ<\/a><\/strong><\/p>\n<table style=\"height: 407px;\" border=\"0\" width=\"605\" cellspacing=\"0\" cellpadding=\"0\">\n<colgroup>\n<col width=\"101\" \/>\n<col width=\"86\" \/>\n<col width=\"213\" \/>\n<col width=\"95\" \/> <\/colgroup>\n<tbody>\n<tr>\n<td width=\"101\" height=\"20\">\u00a0<\/td>\n<td width=\"86\"><strong>CURSO<\/strong><\/td>\n<td width=\"213\"><strong>ACTIVIDAD<\/strong><\/td>\n<td width=\"95\"><strong>ANEXOS<\/strong><\/td>\n<\/tr>\n<tr>\n<td colspan=\"2\" height=\"20\">INFANTIL<\/td>\n<td><a href=\"http:\/\/www.educa.itakaescolapios.org\/wp-content\/uploads\/2018\/12\/AMIGOS-Y-AMIGAS-DE....pdf\">AMIGOS Y AMIGAS DE\u2026<\/a><\/td>\n<td><a href=\"http:\/\/www.educa.itakaescolapios.org\/wp-content\/uploads\/2018\/12\/Anexos-1-6-Infantil.pdf\">Anexos 1-6 inf<\/a><\/td>\n<\/tr>\n<tr>\n<td rowspan=\"5\" height=\"100\">PRIMARIA<\/td>\n<td>1\u00ba<\/td>\n<td><a href=\"http:\/\/www.educa.itakaescolapios.org\/wp-content\/uploads\/2018\/12\/UNO-PARA-TODOS.pdf\">UNO PARA TODOS<\/a><\/td>\n<td>&nbsp;<\/td>\n<\/tr>\n<tr>\n<td height=\"20\">2\u00ba<\/td>\n<td><a href=\"http:\/\/www.educa.itakaescolapios.org\/wp-content\/uploads\/2018\/12\/QU\u00c9-ME-PASA-CUANDO-2\u00ba.pdf\">\u00bfQU\u00c9 ME PASA CUANDO&#8230;? <\/a><\/td>\n<td>&nbsp;<\/td>\n<\/tr>\n<tr>\n<td height=\"20\">3\u00ba y 4\u00ba<\/td>\n<td><a href=\"http:\/\/www.educa.itakaescolapios.org\/wp-content\/uploads\/2018\/12\/QUE-ME-PASA-CUANDO-3\u00ba-Y-4\u00ba.pdf\">\u00bfQUE ME PASA CUANDO\u2026?<\/a><\/td>\n<td><a href=\"http:\/\/www.educa.itakaescolapios.org\/wp-content\/uploads\/2018\/12\/Situaciones-conflictivas-3\u00ba-y-4\u00ba-EP.pdf\">Anexos 3\u00ba y 4\u00ba<\/a><\/td>\n<\/tr>\n<tr>\n<td height=\"20\">5\u00ba<\/td>\n<td><a href=\"http:\/\/www.educa.itakaescolapios.org\/wp-content\/uploads\/2018\/12\/QUIEN-ES-QUIEN-5\u00ba.pdf\">\u00bfQUIEN ES QUIEN?<\/a><\/td>\n<td><a href=\"http:\/\/www.educa.itakaescolapios.org\/wp-content\/uploads\/2018\/12\/Conoce-a-los-he\u0301roes-de-la-Paz-5\u00ba-EP.pdf\">Anexos 5\u00ba<\/a><\/td>\n<\/tr>\n<tr>\n<td height=\"20\">6\u00ba<\/td>\n<td><a href=\"http:\/\/www.educa.itakaescolapios.org\/wp-content\/uploads\/2018\/12\/UN-FINAL-EN-PAZ-6\u00ba.pdf\">UN FINAL EN PAZ<\/a><\/td>\n<td>&nbsp;<\/td>\n<\/tr>\n<tr>\n<td height=\"20\">SECUNDARIA<\/td>\n<td>1\u00ba, 2\u00ba, 3\u00ba y 4\u00ba<\/td>\n<td><a href=\"http:\/\/www.educa.itakaescolapios.org\/wp-content\/uploads\/2018\/12\/CUENTALO...-Y-HAZLO-REALIDAD.pdf\">CUENTALO\u2026 Y HAZLO REALIDAD<\/a><\/td>\n<td><a href=\"http:\/\/www.educa.itakaescolapios.org\/wp-content\/uploads\/2018\/12\/Anexo1_3_4ESO.pdf\">Anexos 3\u00ba y 4\u00baE<\/a><\/td>\n<\/tr>\n<tr>\n<td rowspan=\"2\" height=\"40\">BACHILLERATO<\/td>\n<td>1\u00ba<\/td>\n<td><a href=\"http:\/\/www.educa.itakaescolapios.org\/wp-content\/uploads\/2018\/12\/LOS-CONOCES-1\u00ba-B.pdf\">\u00bfLOS CONOCES?<\/a><\/td>\n<td><a href=\"http:\/\/www.educa.itakaescolapios.org\/wp-content\/uploads\/2018\/12\/Anexo1_1Bach1.pdf\">Anexo 1Bach<\/a><\/td>\n<\/tr>\n<tr>\n<td height=\"20\">2\u00ba<\/td>\n<td><a href=\"http:\/\/www.educa.itakaescolapios.org\/wp-content\/uploads\/2018\/12\/NUESTRO-DECALOGO-POR-LA-PAZ-2\u00ba-B.pdf\">NUESTRO DECALOGO POR LA PAZ<\/a><\/td>\n<td>&nbsp;<\/td>\n<\/tr>\n<\/tbody>\n<\/table>\n<p><\/p>","protected":false},"excerpt":{"rendered":"<p>Ho sentim, aquesta entrada es troba disponible \u00fanicament en Espanyol Europeu. &nbsp; El hilo conductor de las actividades a desarrollar en cada ciclo es este c\u00f3mic [&hellip;]<\/p>\n","protected":false},"author":1,"featured_media":0,"parent":735,"menu_order":3,"comment_status":"closed","ping_status":"closed","template":"","meta":[],"acf":[],"_links":{"self":[{"href":"https:\/\/www.educa.itakaescolapios.org\/ca\/wp-json\/wp\/v2\/pages\/1698"}],"collection":[{"href":"https:\/\/www.educa.itakaescolapios.org\/ca\/wp-json\/wp\/v2\/pages"}],"about":[{"href":"https:\/\/www.educa.itakaescolapios.org\/ca\/wp-json\/wp\/v2\/types\/page"}],"author":[{"embeddable":true,"href":"https:\/\/www.educa.itakaescolapios.org\/ca\/wp-json\/wp\/v2\/users\/1"}],"replies":[{"embeddable":true,"href":"https:\/\/www.educa.itakaescolapios.org\/ca\/wp-json\/wp\/v2\/comments?post=1698"}],"version-history":[{"count":1,"href":"https:\/\/www.educa.itakaescolapios.org\/ca\/wp-json\/wp\/v2\/pages\/1698\/revisions"}],"predecessor-version":[{"id":1716,"href":"https:\/\/www.educa.itakaescolapios.org\/ca\/wp-json\/wp\/v2\/pages\/1698\/revisions\/1716"}],"up":[{"embeddable":true,"href":"https:\/\/www.educa.itakaescolapios.org\/ca\/wp-json\/wp\/v2\/pages\/735"}],"wp:attachment":[{"href":"https:\/\/www.educa.itakaescolapios.org\/ca\/wp-json\/wp\/v2\/media?parent=1698"}],"curies":[{"name":"wp","href":"https:\/\/api.w.org\/{rel}","templated":true}]}}