{"id":1756,"date":"2019-02-25T12:51:28","date_gmt":"2019-02-25T11:51:28","guid":{"rendered":"http:\/\/www.educa.itakaescolapios.org\/?page_id=1756"},"modified":"2019-02-25T12:51:28","modified_gmt":"2019-02-25T11:51:28","slug":"manual-para-quienes-se-inician-en-la-campana","status":"publish","type":"page","link":"https:\/\/www.educa.itakaescolapios.org\/ca\/campanas\/2018-2019-al-ritmo-de-congo\/manual-para-quienes-se-inician-en-la-campana","title":{"rendered":"MANUAL PARA QUIENES SE INICIAN EN LA CAMPA\u00d1A"},"content":{"rendered":"<p class=\"qtranxs-available-languages-message qtranxs-available-languages-message-ca\">Ho sentim, aquesta entrada es troba disponible \u00fanicament en <a href=\"https:\/\/www.educa.itakaescolapios.org\/es\/wp-json\/wp\/v2\/pages\/1756\" class=\"qtranxs-available-language-link qtranxs-available-language-link-es\" title=\"Espa\u00f1ol\">Espanyol Europeu<\/a>.<\/p><p>Hemos querido resumir en un peque\u00f1o v\u00eddeo el por qu\u00e9, los objetivos y como poner en marcha la Campa\u00f1a de Solidaridad en tu centro.<\/p>\n<p>\u00a1Esperamos que te sirva!<\/p>\n<p>https:\/\/youtu.be\/rvyQdNC48yI<\/p>","protected":false},"excerpt":{"rendered":"<p>Ho sentim, aquesta entrada es troba disponible \u00fanicament en Espanyol Europeu.Hemos querido resumir en un peque\u00f1o v\u00eddeo el por qu\u00e9, los objetivos y como poner en [&hellip;]<\/p>\n","protected":false},"author":1,"featured_media":0,"parent":1750,"menu_order":0,"comment_status":"closed","ping_status":"closed","template":"","meta":[],"acf":[],"_links":{"self":[{"href":"https:\/\/www.educa.itakaescolapios.org\/ca\/wp-json\/wp\/v2\/pages\/1756"}],"collection":[{"href":"https:\/\/www.educa.itakaescolapios.org\/ca\/wp-json\/wp\/v2\/pages"}],"about":[{"href":"https:\/\/www.educa.itakaescolapios.org\/ca\/wp-json\/wp\/v2\/types\/page"}],"author":[{"embeddable":true,"href":"https:\/\/www.educa.itakaescolapios.org\/ca\/wp-json\/wp\/v2\/users\/1"}],"replies":[{"embeddable":true,"href":"https:\/\/www.educa.itakaescolapios.org\/ca\/wp-json\/wp\/v2\/comments?post=1756"}],"version-history":[{"count":1,"href":"https:\/\/www.educa.itakaescolapios.org\/ca\/wp-json\/wp\/v2\/pages\/1756\/revisions"}],"predecessor-version":[{"id":1757,"href":"https:\/\/www.educa.itakaescolapios.org\/ca\/wp-json\/wp\/v2\/pages\/1756\/revisions\/1757"}],"up":[{"embeddable":true,"href":"https:\/\/www.educa.itakaescolapios.org\/ca\/wp-json\/wp\/v2\/pages\/1750"}],"wp:attachment":[{"href":"https:\/\/www.educa.itakaescolapios.org\/ca\/wp-json\/wp\/v2\/media?parent=1756"}],"curies":[{"name":"wp","href":"https:\/\/api.w.org\/{rel}","templated":true}]}}