{"id":1767,"date":"2019-02-25T13:00:47","date_gmt":"2019-02-25T12:00:47","guid":{"rendered":"http:\/\/www.educa.itakaescolapios.org\/?page_id=1767"},"modified":"2019-05-15T18:02:01","modified_gmt":"2019-05-15T16:02:01","slug":"los-escolapios-en-la-republica-democratica-del-congo-un-pais-inmensamente-rico","status":"publish","type":"page","link":"https:\/\/www.educa.itakaescolapios.org\/ca\/campanas\/2018-2019-al-ritmo-de-congo\/los-escolapios-en-la-republica-democratica-del-congo-un-pais-inmensamente-rico","title":{"rendered":"LOS ESCOLAPIOS EN LA REP\u00daBLICA DEMOCR\u00c1TICA DEL CONGO, UN PA\u00cdS INMENSAMENTE RICO"},"content":{"rendered":"<p class=\"qtranxs-available-languages-message qtranxs-available-languages-message-ca\">Ho sentim, aquesta entrada es troba disponible \u00fanicament en <a href=\"https:\/\/www.educa.itakaescolapios.org\/es\/wp-json\/wp\/v2\/pages\/1767\" class=\"qtranxs-available-language-link qtranxs-available-language-link-es\" title=\"Espa\u00f1ol\">Espanyol Europeu<\/a> i <a href=\"https:\/\/www.educa.itakaescolapios.org\/eu\/wp-json\/wp\/v2\/pages\/1767\" class=\"qtranxs-available-language-link qtranxs-available-language-link-eu\" title=\"Euskera\">Basc<\/a>.<\/p><p><\/p>\n<p><img decoding=\"async\" loading=\"lazy\" class=\"aligncenter wp-image-1768 size-full\" src=\"http:\/\/www.educa.itakaescolapios.org\/wp-content\/uploads\/2019\/02\/fondo-logo.jpg\" alt=\"\" width=\"800\" height=\"469\" srcset=\"https:\/\/www.educa.itakaescolapios.org\/wp-content\/uploads\/2019\/02\/fondo-logo.jpg 800w, https:\/\/www.educa.itakaescolapios.org\/wp-content\/uploads\/2019\/02\/fondo-logo-300x176.jpg 300w, https:\/\/www.educa.itakaescolapios.org\/wp-content\/uploads\/2019\/02\/fondo-logo-768x450.jpg 768w, https:\/\/www.educa.itakaescolapios.org\/wp-content\/uploads\/2019\/02\/fondo-logo-250x147.jpg 250w\" sizes=\"(max-width: 800px) 100vw, 800px\" \/><\/p>\n<p>Los escolapios llegan en noviembre de 2014 a Kinshasa, la capital del pa\u00eds. Un escolapio congole\u00f1o acompa\u00f1ado de un escolapio camerun\u00e9s y otro guineano ponen en marcha la misi\u00f3n en el Congo al amparo de la provincia escolapia de \u00c1frica Central. Los tres escolapios formaron de esta manera la primera comunidad, ubicada en el barrio de Lemba. En la actualidad los escolapios tienen dos comunidades en RDC, la ya citada en Kinshasa y otra cien kil\u00f3metros al sur, en Kikonka.<\/p>\n<p>La Escuela P\u00eda vive inserta en la realidad del segundo pa\u00eds m\u00e1s grande de \u00c1frica, con una poblaci\u00f3n estimada de cerca de 80 millones de habitantes. Un pa\u00eds inmensamente rico en biodiversidad, con el segundo bosque tropical m\u00e1s grande del planeta, con un subsuelo que desprende un mosaico de productos minerales y un rio Congo que facilita el comercio en el pa\u00eds y buena parte de \u00c1frica Central pero que no consigue salir de una grave inestabilidad econ\u00f3mica que le convierte en uno de los pa\u00edses m\u00e1s pobres (176 de 188 en el IDH de las Naciones Unidad para el 2017.<\/p>\n<p>A continuaci\u00f3n os pod\u00e9is descargar tres fichas para trabajar en el aula y poder profundizar sobre la realidad de la Rep\u00fablica Democr\u00e1tica del Congo y de los escolapios en el pa\u00eds.<\/p>\n<p style=\"text-align: center;\"><a href=\"http:\/\/www.educa.itakaescolapios.org\/wp-content\/uploads\/2019\/02\/ficha-CONGO-PAIS.pdf\">LA REP\u00daBLICA DEMOCR\u00c1TICA DEL CONGO<\/a><br \/>\n<a href=\"http:\/\/www.educa.itakaescolapios.org\/wp-content\/uploads\/2019\/02\/ficha-congo-infancia.pdf\">INFANCIA Y JUVENTUD CONGOLE\u00d1A<\/a><br \/>\n<a href=\"http:\/\/www.educa.itakaescolapios.org\/wp-content\/uploads\/2019\/02\/ficha-congo-escolapios.pdf\">LOS ESCOLAPIOS EN LA RDC<\/a><\/p>\n<p>&nbsp;<\/p>\n<p><\/p>","protected":false},"excerpt":{"rendered":"<p>Ho sentim, aquesta entrada es troba disponible \u00fanicament en Espanyol Europeu i Basc. Los escolapios llegan en noviembre de 2014 a Kinshasa, la capital del pa\u00eds. [&hellip;]<\/p>\n","protected":false},"author":1,"featured_media":0,"parent":1750,"menu_order":0,"comment_status":"closed","ping_status":"closed","template":"","meta":[],"acf":[],"_links":{"self":[{"href":"https:\/\/www.educa.itakaescolapios.org\/ca\/wp-json\/wp\/v2\/pages\/1767"}],"collection":[{"href":"https:\/\/www.educa.itakaescolapios.org\/ca\/wp-json\/wp\/v2\/pages"}],"about":[{"href":"https:\/\/www.educa.itakaescolapios.org\/ca\/wp-json\/wp\/v2\/types\/page"}],"author":[{"embeddable":true,"href":"https:\/\/www.educa.itakaescolapios.org\/ca\/wp-json\/wp\/v2\/users\/1"}],"replies":[{"embeddable":true,"href":"https:\/\/www.educa.itakaescolapios.org\/ca\/wp-json\/wp\/v2\/comments?post=1767"}],"version-history":[{"count":4,"href":"https:\/\/www.educa.itakaescolapios.org\/ca\/wp-json\/wp\/v2\/pages\/1767\/revisions"}],"predecessor-version":[{"id":2134,"href":"https:\/\/www.educa.itakaescolapios.org\/ca\/wp-json\/wp\/v2\/pages\/1767\/revisions\/2134"}],"up":[{"embeddable":true,"href":"https:\/\/www.educa.itakaescolapios.org\/ca\/wp-json\/wp\/v2\/pages\/1750"}],"wp:attachment":[{"href":"https:\/\/www.educa.itakaescolapios.org\/ca\/wp-json\/wp\/v2\/media?parent=1767"}],"curies":[{"name":"wp","href":"https:\/\/api.w.org\/{rel}","templated":true}]}}