{"id":1835,"date":"2019-05-11T09:22:11","date_gmt":"2019-05-11T07:22:11","guid":{"rendered":"https:\/\/www.educa.itakaescolapios.org\/?page_id=1835"},"modified":"2020-11-05T12:55:19","modified_gmt":"2020-11-05T11:55:19","slug":"orando-con-calasanz","status":"publish","type":"page","link":"https:\/\/www.educa.itakaescolapios.org\/ca\/orando-con-calasanz","title":{"rendered":"ORANDO CON CALASANZ"},"content":{"rendered":"<p class=\"qtranxs-available-languages-message qtranxs-available-languages-message-ca\">Ho sentim, aquesta entrada es troba disponible \u00fanicament en <a href=\"https:\/\/www.educa.itakaescolapios.org\/es\/wp-json\/wp\/v2\/pages\/1835\" class=\"qtranxs-available-language-link qtranxs-available-language-link-es\" title=\"Espa\u00f1ol\">Espanyol Europeu<\/a>, <a href=\"https:\/\/www.educa.itakaescolapios.org\/en\/wp-json\/wp\/v2\/pages\/1835\" class=\"qtranxs-available-language-link qtranxs-available-language-link-en\" title=\"English\">Angl\u00e8s Americ\u00e0<\/a>, <a href=\"https:\/\/www.educa.itakaescolapios.org\/eu\/wp-json\/wp\/v2\/pages\/1835\" class=\"qtranxs-available-language-link qtranxs-available-language-link-eu\" title=\"Euskera\">Basc<\/a> i <a href=\"https:\/\/www.educa.itakaescolapios.org\/fr\/wp-json\/wp\/v2\/pages\/1835\" class=\"qtranxs-available-language-link qtranxs-available-language-link-fr\" title=\"Fran\u00e7ais\">Franc\u00e8s<\/a>.<\/p><p><\/p>\n<p><a href=\"https:\/\/www.educa.itakaescolapios.org\/wp-content\/uploads\/2019\/05\/calasanz-149x300-149x300.png\"><img decoding=\"async\" loading=\"lazy\" class=\"alignleft  wp-image-1837\" src=\"https:\/\/www.educa.itakaescolapios.org\/wp-content\/uploads\/2019\/05\/calasanz-149x300-149x300.png\" alt=\"\" width=\"162\" height=\"326\" \/><\/a><\/p>\n<p>Calasanz encabeza la expedici\u00f3n con un s\u00f3lo empe\u00f1o, llenar de \u201c\u201cPiedad y Letras\u201d todos los rincones del planeta. Llega a la Rep\u00fablica Democr\u00e1tica del Congo con el objetivo de impulsar el derecho universal a la educaci\u00f3n.<\/p>\n<p>Nos invita a rezar por Congo todas las ma\u00f1anas al iniciar nuestra actividad en el colegio. Nos propone cinco oraciones que podremos ir alternado a lo largo de los d\u00edas que dura la campa\u00f1a, terminando la oraci\u00f3n con un Padre Nuestro y\/o un Ave Mar\u00eda en alguna de las lenguas de los pa\u00edses en los que se celebra la campa\u00f1a de solidaridad.<strong><br \/>\n<\/strong><br \/>\n<strong><span style=\"color: #808000;\"><a href=\"https:\/\/www.educa.itakaescolapios.org\/wp-content\/uploads\/2019\/05\/PADRE-NUESTRO2.pdf\" target=\"_blank\" rel=\"noopener noreferrer\"><span style=\"color: #808000;\">PADRE NUESTRO &#8211; NOTRE P\u00c8RE &#8211; OUR FATHER &#8211; PAI NOSSO &#8211; TAT\u00c1 WA BIS\u00d3 &#8211; GURE AITA<\/span><\/a><\/span><\/strong><br \/>\n<a href=\"https:\/\/www.educa.itakaescolapios.org\/wp-content\/uploads\/2019\/05\/AVE-MARIA.pdf\" target=\"_blank\" rel=\"noopener noreferrer\"><strong><span style=\"color: #808000;\">AVE MAR\u00cdA &#8211; JE VOUS SALUE, MARIE &#8211; HAIL MARY &#8211; AV\u00c9 MARIA &#8211; LOSAKO MARIA &#8211; AGUR MARI<\/span><span style=\"color: #808000;\">A<\/span><\/strong><\/a><\/p>\n<table style=\"width: 651px; height: 124px;\" border=\"0\" width=\"476\" cellspacing=\"0\" cellpadding=\"0\">\n<tbody>\n<tr style=\"height: 88px;\">\n<td style=\"text-align: center; width: 112.033px; height: 14px;\" height=\"88\"><strong>ORAMOS CON CALASANZ<\/strong><\/td>\n<td style=\"text-align: center; width: 122.067px; height: 14px;\"><strong>WE PRAY WITH CALASANZ<\/strong><\/td>\n<td style=\"text-align: center; width: 116.35px; height: 14px;\"><strong>NOUS PRIONS AVEC CALASANZ<\/strong><\/td>\n<td style=\"text-align: center; width: 149.717px; height: 14px;\"><strong>ORAMOS COM CALASANZ<\/strong><\/td>\n<td style=\"text-align: center; width: 138.833px; height: 14px;\"><strong>CALASANZEKIN OTOITZ EGITEN DUGU<\/strong><\/td>\n<\/tr>\n<tr style=\"height: 24px;\">\n<td style=\"width: 112.033px; height: 14px;\" height=\"22\"><a href=\"https:\/\/www.educa.itakaescolapios.org\/wp-content\/uploads\/2019\/05\/ORACION-c1819-lunes.pdf target=\"_blank\" rel=\"noopener noreferrer\"><span style=\"color: #993300;\">LUNES<\/span><\/a><\/span><\/strong><\/td>\n<td style=\"width: 122.067px; height: 14px;\"><strong><span style=\"color: #000080;\"><a href=\"https:\/\/www.educa.itakaescolapios.org\/wp-content\/uploads\/2019\/05\/PRAY-MONDAY-c1819.pdf\" target=\"_blank\" rel=\"noopener noreferrer\"><span style=\"color: #000080;\">MONDAY<\/span><\/a><\/span><\/strong><\/td>\n<td style=\"width: 116.35px; height: 14px;\"><strong><span style=\"color: #008000;\"><a href=\"https:\/\/www.educa.itakaescolapios.org\/wp-content\/uploads\/2019\/05\/PRIERE-LUNDI.pdf\" target=\"_blank\" rel=\"noopener noreferrer\"><span style=\"color: #008000;\">LUNDI<\/span><\/a><\/span><\/strong><\/td>\n<td style=\"width: 149.717px; height: 14px;\"><strong><span style=\"color: #ff6600;\"><a href=\"https:\/\/www.educa.itakaescolapios.org\/wp-content\/uploads\/2019\/05\/ORACAO-SEGUNDAF.pdf\" target=\"_blank\" rel=\"noopener noreferrer\"><span style=\"color: #ff6600;\">SEGUNDA-FEIRA<\/span><\/a><\/span><\/strong><\/td>\n<td style=\"width: 138.833px; height: 14px;\"><strong><span style=\"color: #99cc00;\"><a href=\"https:\/\/www.educa.itakaescolapios.org\/wp-content\/uploads\/2019\/05\/ORACION-c1819-Astelehena.pdf\"><span style=\"color: #99cc00;\">ASTELEHENA<\/span><\/a><\/span><\/strong><\/td>\n<\/tr>\n<tr style=\"height: 24px;\">\n<td style=\"width: 112.033px; height: 24px;\" height=\"22\"><a href=\"https:\/\/www.educa.itakaescolapios.org\/wp-content\/uploads\/2019\/05\/ORACION-c1819-martes.pdf\" target=\"_blank\" rel=\"noopener noreferrer\"><span style=\"color: #993300;\">MARTES<\/span><\/a><\/span><\/strong><\/td>\n<td style=\"width: 122.067px; height: 24px;\"><strong><span style=\"color: #000080;\"><a href=\"http:\/\/www.itakaescolapios.org\/wp-content\/uploads\/2018\/11\/PRAY-TUESDAY-c1819.pdf\" target=\"_blank\" rel=\"noopener noreferrer\"><span style=\"color: #000080;\">TUESDAY<\/span><\/a><\/span><\/strong><\/td>\n<td style=\"width: 116.35px; height: 24px;\"><strong><span style=\"color: #008000;\"><a href=\"https:\/\/www.educa.itakaescolapios.org\/wp-content\/uploads\/2019\/05\/PRIERE-MARTI.pdf\" target=\"_blank\" rel=\"noopener noreferrer\"><span style=\"color: #008000;\">MARTI<\/span><\/a><\/span><\/strong><\/td>\n<td style=\"width: 149.717px; height: 24px;\"><strong><span style=\"color: #ff6600;\"><a href=\"https:\/\/www.educa.itakaescolapios.org\/wp-content\/uploads\/2019\/05\/ORACAO-TERCAF.pdf\" target=\"_blank\" rel=\"noopener noreferrer\"><span style=\"color: #ff6600;\">TER\u00e7A-FEIRA<\/span><\/a><\/span><\/strong><\/td>\n<td style=\"width: 138.833px; height: 24px;\"><strong><span style=\"color: #99cc00;\"><a href=\"https:\/\/www.educa.itakaescolapios.org\/wp-content\/uploads\/2019\/05\/ORACION-c1819-Asteartea.pdf\"><span style=\"color: #99cc00;\">ASTEARTEA<\/span><\/a><\/span><\/strong><\/td>\n<\/tr>\n<tr style=\"height: 24px;\">\n<td style=\"width: 112.033px; height: 24px;\" height=\"22\"><span style=\"color: #993300;\"><strong><a href=\"https:\/\/www.educa.itakaescolapios.org\/wp-content\/uploads\/2019\/05\/ORACION-c1819-miercoles.pdf target=\"_blank\" rel=\"noopener noreferrer\"><span style=\"color: #993300;\">MI\u00c9RCOLES<\/span><\/a><\/span><\/strong><\/td>\n<td style=\"width: 122.067px; height: 24px;\"><span style=\"color: #000080;\"><strong><a href=\"https:\/\/www.educa.itakaescolapios.org\/wp-content\/uploads\/2019\/05\/PRAY-WEDNESDAY-c1819.pdf\" target=\"_blank\" rel=\"noopener noreferrer\"><span style=\"color: #000080;\">WEDNESDAY<\/span><\/a><\/strong><\/span><\/td>\n<td style=\"width: 116.35px; height: 24px;\"><strong><span style=\"color: #008000;\"><a href=\"https:\/\/www.educa.itakaescolapios.org\/wp-content\/uploads\/2019\/05\/PRIERE-MERCREDI.pdf\" target=\"_blank\" rel=\"noopener noreferrer\"><span style=\"color: #008000;\">MERCREDI<\/span><\/a><\/span><\/strong><\/td>\n<td style=\"width: 149.717px; height: 24px;\"><strong><span style=\"color: #ff6600;\"><a href=\"https:\/\/www.educa.itakaescolapios.org\/wp-content\/uploads\/2019\/05\/ORACAO-QUARTAF.pdf\" target=\"_blank\" rel=\"noopener noreferrer\"><span style=\"color: #ff6600;\">QUARTA-FEIRA<\/span><\/a><\/span><\/strong><\/td>\n<td style=\"width: 138.833px; height: 24px;\"><strong><span style=\"color: #99cc00;\"><a href=\"https:\/\/www.educa.itakaescolapios.org\/wp-content\/uploads\/2019\/05\/ORACION-c1819-Asteazkena.pdf\"><span style=\"color: #99cc00;\">ASTEAZKENA<\/span><\/a><\/span><\/strong><\/td>\n<\/tr>\n<tr style=\"height: 24px;\">\n<td style=\"width: 112.033px; height: 24px;\" height=\"22\"><strong><span style=\"color: #993300;\"><a href=\"https:\/\/www.educa.itakaescolapios.org\/wp-content\/uploads\/2019\/05\/ORACION-c1819-jueves.pdf target=\"_blank\" rel=\"noopener noreferrer\"><span style=\"color: #993300;\">JUEVES<\/span><\/a><\/span><\/strong><\/td>\n<td style=\"width: 122.067px; height: 24px;\"><strong><span style=\"color: #000080;\"><a href=\"https:\/\/www.educa.itakaescolapios.org\/wp-content\/uploads\/2019\/05\/PRAY-THURSDAY-c1819.pdf\" target=\"_blank\" rel=\"noopener noreferrer\"><span style=\"color: #000080;\">THURSDAY<\/span><\/a><\/span><\/strong><\/td>\n<td style=\"width: 116.35px; height: 24px;\"><strong><span style=\"color: #008000;\"><a href=\"https:\/\/www.educa.itakaescolapios.org\/wp-content\/uploads\/2019\/05\/PRIERE-JEUDI.pdf\" target=\"_blank\" rel=\"noopener noreferrer\"><span style=\"color: #008000;\"> JEUDI<\/span><\/a><\/span><\/strong><\/td>\n<td style=\"width: 149.717px; height: 24px;\"><strong><a href=\"https:\/\/www.educa.itakaescolapios.org\/wp-content\/uploads\/2019\/05\/ORACAO-QUINTAF.pdf\"><span style=\"color: #ff6600;\">QUINTA-FEIRA<\/span> <\/a><\/strong><\/td>\n<td style=\"width: 138.833px; height: 24px;\"><strong><span style=\"color: #99cc00;\"><a href=\"https:\/\/www.educa.itakaescolapios.org\/wp-content\/uploads\/2019\/05\/ORACION-c1819-Osteguna.pdf\"><span style=\"color: #99cc00;\">OSTEGUNA<\/span><\/a><\/span><\/strong><\/td>\n<\/tr>\n<tr style=\"height: 24px;\">\n<td style=\"width: 112.033px; height: 24px;\" height=\"22\"><strong><span style=\"color: #993300;\"><a href=\"https:\/\/www.educa.itakaescolapios.org\/wp-content\/uploads\/2019\/05\/ORACION-c1819-viernes.pdf\" target=\"_blank\" rel=\"noopener noreferrer\"><span style=\"color: #993300;\">VIERNES<\/span><\/a><\/span><\/strong><\/td>\n<td style=\"width: 122.067px; height: 24px;\"><strong><span style=\"color: #000080;\"><a href=\"https:\/\/www.educa.itakaescolapios.org\/wp-content\/uploads\/2019\/05\/PRAY-THURSDAY-c1819.pdf\" target=\"_blank\" rel=\"noopener noreferrer\"><span style=\"color: #000080;\">FRIDAY<\/span><\/a><\/span><\/strong><\/td>\n<td style=\"width: 116.35px; height: 24px;\"><strong><span style=\"color: #008000;\"><a href=\"https:\/\/www.educa.itakaescolapios.org\/wp-content\/uploads\/2019\/05\/PRIERE-VENDREDI.pdf\" target=\"_blank\" rel=\"noopener noreferrer\"><span style=\"color: #008000;\">VENDREDI<\/span><\/a><\/span><\/strong><\/td>\n<td style=\"width: 149.717px; height: 24px;\"><strong><a href=\"https:\/\/www.educa.itakaescolapios.org\/wp-content\/uploads\/2019\/05\/ORACAO-SEXTAF.pdf\" target=\"_blank\" rel=\"noopener noreferrer\"><span style=\"color: #ff6600;\">SEXTA-FEIRA<\/span> <\/a><\/strong><\/td>\n<td style=\"width: 138.833px; height: 24px;\"><strong><span style=\"color: #99cc00;\"><a href=\"https:\/\/www.educa.itakaescolapios.org\/wp-content\/uploads\/2019\/05\/ORACION-c1819-Ostirala.pdf\"><span style=\"color: #99cc00;\">OSTIRALA<\/span><\/a><\/span><\/strong><\/td>\n<\/tr>\n<\/tbody>\n<\/table>\n<p><\/p>","protected":false},"excerpt":{"rendered":"<p>Ho sentim, aquesta entrada es troba disponible \u00fanicament en Espanyol Europeu, Angl\u00e8s Americ\u00e0, Basc i Franc\u00e8s. Calasanz encabeza la expedici\u00f3n con un s\u00f3lo empe\u00f1o, llenar de [&hellip;]<\/p>\n","protected":false},"author":1,"featured_media":0,"parent":0,"menu_order":15,"comment_status":"closed","ping_status":"closed","template":"","meta":[],"acf":[],"_links":{"self":[{"href":"https:\/\/www.educa.itakaescolapios.org\/ca\/wp-json\/wp\/v2\/pages\/1835"}],"collection":[{"href":"https:\/\/www.educa.itakaescolapios.org\/ca\/wp-json\/wp\/v2\/pages"}],"about":[{"href":"https:\/\/www.educa.itakaescolapios.org\/ca\/wp-json\/wp\/v2\/types\/page"}],"author":[{"embeddable":true,"href":"https:\/\/www.educa.itakaescolapios.org\/ca\/wp-json\/wp\/v2\/users\/1"}],"replies":[{"embeddable":true,"href":"https:\/\/www.educa.itakaescolapios.org\/ca\/wp-json\/wp\/v2\/comments?post=1835"}],"version-history":[{"count":20,"href":"https:\/\/www.educa.itakaescolapios.org\/ca\/wp-json\/wp\/v2\/pages\/1835\/revisions"}],"predecessor-version":[{"id":1883,"href":"https:\/\/www.educa.itakaescolapios.org\/ca\/wp-json\/wp\/v2\/pages\/1835\/revisions\/1883"}],"wp:attachment":[{"href":"https:\/\/www.educa.itakaescolapios.org\/ca\/wp-json\/wp\/v2\/media?parent=1835"}],"curies":[{"name":"wp","href":"https:\/\/api.w.org\/{rel}","templated":true}]}}