{"id":1926,"date":"2019-05-11T13:33:19","date_gmt":"2019-05-11T11:33:19","guid":{"rendered":"https:\/\/www.educa.itakaescolapios.org\/?page_id=1926"},"modified":"2020-11-05T12:55:19","modified_gmt":"2020-11-05T11:55:19","slug":"creciendo-en-valores","status":"publish","type":"page","link":"https:\/\/www.educa.itakaescolapios.org\/ca\/creciendo-en-valores","title":{"rendered":"CRECIENDO EN VALORES"},"content":{"rendered":"<p class=\"qtranxs-available-languages-message qtranxs-available-languages-message-ca\">Ho sentim, aquesta entrada es troba disponible \u00fanicament en <a href=\"https:\/\/www.educa.itakaescolapios.org\/es\/wp-json\/wp\/v2\/pages\/1926\" class=\"qtranxs-available-language-link qtranxs-available-language-link-es\" title=\"Espa\u00f1ol\">Espanyol Europeu<\/a>, <a href=\"https:\/\/www.educa.itakaescolapios.org\/en\/wp-json\/wp\/v2\/pages\/1926\" class=\"qtranxs-available-language-link qtranxs-available-language-link-en\" title=\"English\">Angl\u00e8s Americ\u00e0<\/a>, <a href=\"https:\/\/www.educa.itakaescolapios.org\/eu\/wp-json\/wp\/v2\/pages\/1926\" class=\"qtranxs-available-language-link qtranxs-available-language-link-eu\" title=\"Euskera\">Basc<\/a> i <a href=\"https:\/\/www.educa.itakaescolapios.org\/fr\/wp-json\/wp\/v2\/pages\/1926\" class=\"qtranxs-available-language-link qtranxs-available-language-link-fr\" title=\"Fran\u00e7ais\">Franc\u00e8s<\/a>.<\/p><p><a href=\"https:\/\/www.educa.itakaescolapios.org\/wp-content\/uploads\/2019\/05\/quisap.png\"><img decoding=\"async\" loading=\"lazy\" class=\"alignleft  wp-image-25058\" alt=\"quisap\" src=\"https:\/\/www.educa.itakaescolapios.org\/wp-content\/uploads\/2019\/05\/quisap-253x300.png\" width=\"253\" height=\"300\" \/><\/a>Quisap nos presenta una actividad convertida en un juego colectivo que quiere trabajar en el aula o en el grupo los valores que representan todos nuestros personajes.<\/p>\n<p>Descarga la <strong><span style=\"text-decoration: underline;\">FICHA DE ACTIVIDAD<\/span><\/strong><\/p>\n<ul>\n<li><span style=\"color: #808000;\"><strong><a href=\"https:\/\/www.educa.itakaescolapios.org\/wp-content\/uploads\/2019\/05\/FICHA-CRECIENDO-EN-VALORES.pdf\" target=\"_blank\" rel=\"noopener noreferrer\"><span style=\"color: #808000;\">FICHA CRECIENDO EN VALORES<\/span><\/a><\/strong><\/span><\/li>\n<li><span style=\"color: #808000;\"><strong><a href=\"https:\/\/www.educa.itakaescolapios.org\/wp-content\/uploads\/2019\/05\/PLANTILLA-ACTIVIDAD.pdf\" target=\"_blank\" rel=\"noopener noreferrer\"><span style=\"color: #808000;\">PLANTILLA ACTIVIDAD<\/span><\/a><\/strong><\/span><\/li>\n<li><span style=\"color: #808000;\"><strong><a href=\"https:\/\/www.educa.itakaescolapios.org\/wp-content\/uploads\/2019\/05\/ANEXO-PRUEBAS-CRECIENDO-EN-VALORES.pdf\" target=\"_blank\" rel=\"noopener noreferrer\"><span style=\"color: #808000;\">ANEXO PRUEBAS CRECIENDO EN VALORES<\/span><\/a><\/strong><\/span><\/li>\n<li><span style=\"color: #808000;\"><strong><a href=\"https:\/\/www.educa.itakaescolapios.org\/wp-content\/uploads\/2019\/05\/PEGATINA-A6.pdf\" target=\"_blank\" rel=\"noopener noreferrer\"><span style=\"color: #808000;\">PEGATINA A6<\/span><\/a><\/strong><\/span><\/li>\n<\/ul>\n<p><\/p>","protected":false},"excerpt":{"rendered":"<p>Ho sentim, aquesta entrada es troba disponible \u00fanicament en Espanyol Europeu, Angl\u00e8s Americ\u00e0, Basc i Franc\u00e8s.Quisap nos presenta una actividad convertida en un juego colectivo que [&hellip;]<\/p>\n","protected":false},"author":1,"featured_media":0,"parent":0,"menu_order":8,"comment_status":"closed","ping_status":"closed","template":"","meta":[],"acf":[],"_links":{"self":[{"href":"https:\/\/www.educa.itakaescolapios.org\/ca\/wp-json\/wp\/v2\/pages\/1926"}],"collection":[{"href":"https:\/\/www.educa.itakaescolapios.org\/ca\/wp-json\/wp\/v2\/pages"}],"about":[{"href":"https:\/\/www.educa.itakaescolapios.org\/ca\/wp-json\/wp\/v2\/types\/page"}],"author":[{"embeddable":true,"href":"https:\/\/www.educa.itakaescolapios.org\/ca\/wp-json\/wp\/v2\/users\/1"}],"replies":[{"embeddable":true,"href":"https:\/\/www.educa.itakaescolapios.org\/ca\/wp-json\/wp\/v2\/comments?post=1926"}],"version-history":[{"count":2,"href":"https:\/\/www.educa.itakaescolapios.org\/ca\/wp-json\/wp\/v2\/pages\/1926\/revisions"}],"predecessor-version":[{"id":1936,"href":"https:\/\/www.educa.itakaescolapios.org\/ca\/wp-json\/wp\/v2\/pages\/1926\/revisions\/1936"}],"wp:attachment":[{"href":"https:\/\/www.educa.itakaescolapios.org\/ca\/wp-json\/wp\/v2\/media?parent=1926"}],"curies":[{"name":"wp","href":"https:\/\/api.w.org\/{rel}","templated":true}]}}