{"id":228,"date":"2017-10-24T17:21:58","date_gmt":"2017-10-24T15:21:58","guid":{"rendered":"http:\/\/www.educa.itakaescolapios.org\/?page_id=228"},"modified":"2023-05-02T09:39:56","modified_gmt":"2023-05-02T07:39:56","slug":"2017-2018-el-tesoro-de-senegal","status":"publish","type":"page","link":"https:\/\/www.educa.itakaescolapios.org\/ca\/campanas\/2017-2018-el-tesoro-de-senegal","title":{"rendered":"2017-2018 El tesoro de Senegal"},"content":{"rendered":"<p class=\"qtranxs-available-languages-message qtranxs-available-languages-message-ca\">Ho sentim, aquesta entrada es troba disponible \u00fanicament en <a href=\"https:\/\/www.educa.itakaescolapios.org\/es\/wp-json\/wp\/v2\/pages\/228\" class=\"qtranxs-available-language-link qtranxs-available-language-link-es\" title=\"Espa\u00f1ol\">Espanyol Europeu<\/a> i <a href=\"https:\/\/www.educa.itakaescolapios.org\/eu\/wp-json\/wp\/v2\/pages\/228\" class=\"qtranxs-available-language-link qtranxs-available-language-link-eu\" title=\"Euskera\">Basc<\/a>.<\/p><p>https:\/\/youtu.be\/S_27l6D-2Ws<\/p>\n<p style=\"text-align: justify;\">Con la campa\u00f1a de solidaridad de este curso nos acercamos por primera vez desde Itaka-Escolapios a una realidad amplia, diversa y que llama con fuerza a nuestra solidaridad: la misi\u00f3n escolapia en Senegal.<\/p>\n<p style=\"text-align: justify;\">Senegal es el primer pa\u00eds del continente africano en que los escolapios se hicieron presentes, all\u00e1 por 1963, a\u00f1o en que llegaron a la regi\u00f3n de Casamance los primeros religiosos procedentes de Catalu\u00f1a, formando la primera comunidad, arraig\u00e1ndose entre la gente e iniciando su misi\u00f3n con los m\u00e1s desfavorecidos. Esta aventura inicial fue dando numerosos frutos a lo largo de las d\u00e9cadas y ensanch\u00e1ndose por diversas zonas del pa\u00eds, como germen de lo que es hoy una presencia escolapia extensa y que cuenta con numerosas obras educativas, sociales y pastorales. Un verdadero <i>tesoro<\/i> por la riqueza humana y el compromiso de quienes impulsan estas iniciativas y proyectos.<\/p>\n<p style=\"text-align: justify;\">Actualmente, Senegal forma parte de la provincia escolapia de \u00c1frica del Oeste, junto con Costa de Marfil y la naciente fundaci\u00f3n escolapia en otro pa\u00eds de la regi\u00f3n: Burkina Faso. Es de destacar que son todos ellos pa\u00edses con un gran potencial humano, pero que presentan enormes necesidades educativas y, en general, padecen \u00edndices de desarrollo entre los m\u00e1s bajos del planeta.<\/p>\n<ul>\n<li>\n<address><em><strong><a href=\"http:\/\/www.itakaescolapios.org\/campanas\/2017-2018-el-tesoro-de-senegal\/recordando-la-campana-expedicion-kamda-educar-anunciar-transforma\/\" target=\"_blank\" rel=\"noopener noreferrer\">Recordando la campa\u00f1a &#8220;EXPEDICI\u00d3N KAMDA&#8221;<\/a><\/strong><\/em><\/address>\n<\/li>\n<li>\n<address><em><strong><a href=\"http:\/\/www.itakaescolapios.org\/campanas\/2017-2018-el-tesoro-de-senegal\/contigo\/\" target=\"_blank\" rel=\"noopener noreferrer\">Contigo +<\/a><\/strong><\/em><\/address>\n<\/li>\n<li>\n<address><a href=\"http:\/\/www.itakaescolapios.org\/campanas\/2017-2018-el-tesoro-de-senegal\/los-escolapios-en-africa-del-oeste-y-los-internados-de-senegal\/\" target=\"_blank\" rel=\"noopener noreferrer\"><em><strong>Los Escolapios en \u00c1frica del Oeste y los internados de Senegal<\/strong><\/em><\/a><\/address>\n<\/li>\n<li>\n<address><a href=\"http:\/\/www.itakaescolapios.org\/campanas\/2017-2018-el-tesoro-de-senegal\/los-exploradores-de-itaka-escolapios\/\" target=\"_blank\" rel=\"noopener noreferrer\"><em><strong>Los Exploradores de Itaka-Escolapios<\/strong><\/em><\/a><\/address>\n<\/li>\n<li>\n<address><a href=\"http:\/\/www.itakaescolapios.org\/campanas\/2017-2018-el-tesoro-de-senegal\/actividades-centrales-de-la-campana\/\" target=\"_blank\" rel=\"noopener noreferrer\"><em><strong>Actividades centrales de la campa\u00f1a<\/strong><\/em><\/a><\/address>\n<\/li>\n<li>\n<address><a href=\"http:\/\/www.itakaescolapios.org\/campanas\/2017-2018-el-tesoro-de-senegal\/dossier-de-actividades-para-el-aula\/\" target=\"_blank\" rel=\"noopener noreferrer\"><em><strong>Dossier de actividades para el aula<\/strong><\/em><\/a><\/address>\n<\/li>\n<li>\n<address><a href=\"http:\/\/www.itakaescolapios.org\/campanas\/2017-2018-el-tesoro-de-senegal\/carteleria\/\" target=\"_blank\" rel=\"noopener noreferrer\"><em><strong>Carteler\u00eda<\/strong><\/em><\/a><\/address>\n<\/li>\n<li>\n<address><a href=\"http:\/\/www.itakaescolapios.org\/campanas\/2017-2018-el-tesoro-de-senegal\/otros-recursos\/\" target=\"_blank\" rel=\"noopener noreferrer\"><em><strong>Otros recursos<\/strong><\/em><\/a><\/address>\n<\/li>\n<\/ul>\n<p><\/p>","protected":false},"excerpt":{"rendered":"<p>Ho sentim, aquesta entrada es troba disponible \u00fanicament en Espanyol Europeu i Basc.https:\/\/youtu.be\/S_27l6D-2Ws Con la campa\u00f1a de solidaridad de este curso nos acercamos por primera vez [&hellip;]<\/p>\n","protected":false},"author":1,"featured_media":1512,"parent":70,"menu_order":95,"comment_status":"closed","ping_status":"closed","template":"","meta":[],"acf":[],"_links":{"self":[{"href":"https:\/\/www.educa.itakaescolapios.org\/ca\/wp-json\/wp\/v2\/pages\/228"}],"collection":[{"href":"https:\/\/www.educa.itakaescolapios.org\/ca\/wp-json\/wp\/v2\/pages"}],"about":[{"href":"https:\/\/www.educa.itakaescolapios.org\/ca\/wp-json\/wp\/v2\/types\/page"}],"author":[{"embeddable":true,"href":"https:\/\/www.educa.itakaescolapios.org\/ca\/wp-json\/wp\/v2\/users\/1"}],"replies":[{"embeddable":true,"href":"https:\/\/www.educa.itakaescolapios.org\/ca\/wp-json\/wp\/v2\/comments?post=228"}],"version-history":[{"count":7,"href":"https:\/\/www.educa.itakaescolapios.org\/ca\/wp-json\/wp\/v2\/pages\/228\/revisions"}],"predecessor-version":[{"id":7591,"href":"https:\/\/www.educa.itakaescolapios.org\/ca\/wp-json\/wp\/v2\/pages\/228\/revisions\/7591"}],"up":[{"embeddable":true,"href":"https:\/\/www.educa.itakaescolapios.org\/ca\/wp-json\/wp\/v2\/pages\/70"}],"wp:featuredmedia":[{"embeddable":true,"href":"https:\/\/www.educa.itakaescolapios.org\/ca\/wp-json\/wp\/v2\/media\/1512"}],"wp:attachment":[{"href":"https:\/\/www.educa.itakaescolapios.org\/ca\/wp-json\/wp\/v2\/media?parent=228"}],"curies":[{"name":"wp","href":"https:\/\/api.w.org\/{rel}","templated":true}]}}