{"id":2284,"date":"2020-06-21T09:04:39","date_gmt":"2020-06-21T07:04:39","guid":{"rendered":"https:\/\/www.educa.itakaescolapios.org\/?page_id=2284"},"modified":"2020-06-21T09:04:39","modified_gmt":"2020-06-21T07:04:39","slug":"campana-de-solidaridad-escolapia","status":"publish","type":"page","link":"https:\/\/www.educa.itakaescolapios.org\/ca\/campanas\/2019-2020-compartiendo-mucha-vida\/campana-de-solidaridad-escolapia","title":{"rendered":"CAMPA\u00d1A DE SOLIDARIDAD ESCOLAPIA"},"content":{"rendered":"<p class=\"qtranxs-available-languages-message qtranxs-available-languages-message-ca\">Ho sentim, aquesta entrada es troba disponible \u00fanicament en <a href=\"https:\/\/www.educa.itakaescolapios.org\/es\/wp-json\/wp\/v2\/pages\/2284\" class=\"qtranxs-available-language-link qtranxs-available-language-link-es\" title=\"Espa\u00f1ol\">Espanyol Europeu<\/a>.<\/p><p>\t\t\t<\/p>\n<p><iframe loading=\"lazy\" src=\"https:\/\/www.youtube.com\/embed\/I-E6Ac77bBc\" width=\"504\" height=\"283\" frameborder=\"0\" allowfullscreen=\"allowfullscreen\"><\/iframe><\/p>\n<p>La Campa\u00f1a de Solidaridad de la red Itaka-Escolapios cada vez est\u00e1 presente en m\u00e1s demarcaciones y centros educativos escolapios. En la \u00faltima Campa\u00f1a de Solidaridad &#171;Al ritmo de Congo&#187; participaron 78 centros de 10 pa\u00edses de 8 demarcaciones escolapias. A la campa\u00f1a que comenzamos este a\u00f1o, &#171;COMPARTIENDO MUCHA VIDA #JuventudItakaEscolapios&#187; se unen una nueva demarcaci\u00f3n y dos nuevos pa\u00edses.<\/p>\n<p>Esta importante presencia escolapia se ve reflejada tambi\u00e9n en los v\u00eddeos que os presentamos a continuaci\u00f3n, en los que el <strong>P. Pedro Aguado <\/strong>(Superior General de las Escuelas P\u00edas) el <strong>P. Francisco Anaya<\/strong> (Asistente General para la Circunscripci\u00f3n de Am\u00e9rica) y <strong>Teresa Mart\u00ednez<\/strong> (miembro del Consejo General de la Fraternidad Escolapia) nos invitan a participar de manera activa  COMPARTIENDO MUCHA VIDA.<\/p>\n<p><iframe loading=\"lazy\" src=\"https:\/\/www.youtube.com\/embed\/dyMqNCEKDTQ\" width=\"252\" height=\"142\" frameborder=\"0\" allowfullscreen=\"allowfullscreen\"><\/iframe> <iframe loading=\"lazy\" src=\"https:\/\/www.youtube.com\/embed\/0X5EvRZ0PhM\" width=\"252\" height=\"142\" frameborder=\"0\" allowfullscreen=\"allowfullscreen\"><\/iframe><\/p>\n<p><\/p>","protected":false},"excerpt":{"rendered":"<p>Ho sentim, aquesta entrada es troba disponible \u00fanicament en Espanyol Europeu. La Campa\u00f1a de Solidaridad de la red Itaka-Escolapios cada vez est\u00e1 presente en m\u00e1s demarcaciones [&hellip;]<\/p>\n","protected":false},"author":1,"featured_media":0,"parent":2273,"menu_order":0,"comment_status":"closed","ping_status":"closed","template":"","meta":[],"acf":[],"_links":{"self":[{"href":"https:\/\/www.educa.itakaescolapios.org\/ca\/wp-json\/wp\/v2\/pages\/2284"}],"collection":[{"href":"https:\/\/www.educa.itakaescolapios.org\/ca\/wp-json\/wp\/v2\/pages"}],"about":[{"href":"https:\/\/www.educa.itakaescolapios.org\/ca\/wp-json\/wp\/v2\/types\/page"}],"author":[{"embeddable":true,"href":"https:\/\/www.educa.itakaescolapios.org\/ca\/wp-json\/wp\/v2\/users\/1"}],"replies":[{"embeddable":true,"href":"https:\/\/www.educa.itakaescolapios.org\/ca\/wp-json\/wp\/v2\/comments?post=2284"}],"version-history":[{"count":1,"href":"https:\/\/www.educa.itakaescolapios.org\/ca\/wp-json\/wp\/v2\/pages\/2284\/revisions"}],"predecessor-version":[{"id":2285,"href":"https:\/\/www.educa.itakaescolapios.org\/ca\/wp-json\/wp\/v2\/pages\/2284\/revisions\/2285"}],"up":[{"embeddable":true,"href":"https:\/\/www.educa.itakaescolapios.org\/ca\/wp-json\/wp\/v2\/pages\/2273"}],"wp:attachment":[{"href":"https:\/\/www.educa.itakaescolapios.org\/ca\/wp-json\/wp\/v2\/media?parent=2284"}],"curies":[{"name":"wp","href":"https:\/\/api.w.org\/{rel}","templated":true}]}}