{"id":230,"date":"2012-10-29T17:27:39","date_gmt":"2012-10-29T16:27:39","guid":{"rendered":"http:\/\/www.educa.itakaescolapios.org\/?page_id=230"},"modified":"2023-05-02T09:49:08","modified_gmt":"2023-05-02T07:49:08","slug":"2012-2013-la-educacion-multiplica-el-futuro","status":"publish","type":"page","link":"https:\/\/www.educa.itakaescolapios.org\/ca\/campanas\/2012-2013-la-educacion-multiplica-el-futuro","title":{"rendered":"2012-2013 La educaci\u00f3n multiplica el futuro"},"content":{"rendered":"<p class=\"qtranxs-available-languages-message qtranxs-available-languages-message-ca\">Ho sentim, aquesta entrada es troba disponible \u00fanicament en <a href=\"https:\/\/www.educa.itakaescolapios.org\/es\/wp-json\/wp\/v2\/pages\/230\" class=\"qtranxs-available-language-link qtranxs-available-language-link-es\" title=\"Espa\u00f1ol\">Espanyol Europeu<\/a>.<\/p><p>https:\/\/youtu.be\/i9gTPHQq5FE<\/p>\n<p>A\u00f1o 1597: San Jos\u00e9 de Calasanz abre la primera escuela popular gratuita de Europa en el barrio del Trast\u00e9vere, Roma, para atender y ofrecer un futuro a la infancia que, hasta entonces, nadie se hab\u00eda preocupado por educar. A\u00f1o 2000: Las Naciones Unidas aprueban los Objetivos de Desarrollo del Milenio, entre los cuales figura como Objetivo 2 el de lograr la ense\u00f1anza primaria universal, el cual se concreta en la siguiente meta: Asegurar que en 2015, la infancia de cualquier parte, ni\u00f1os y ni\u00f1as por igual, sean capaces de completar un ciclo completo de ense\u00f1anza primaria. Aquello que hace m\u00e1s de 400 a\u00f1os fue el gran proyecto de Calasanz \u2013que no hubiera ni\u00f1os sin escuela-, y que le llev\u00f3 a fundar las Escuelas P\u00edas y a iniciar una labor que se extender\u00eda despu\u00e9s por gran parte del mundo, sigue siendo hoy uno de los grandes retos de la Humanidad. Puedes acceder a los contenidos de la campa\u00f1a en los siguientes enlaces:<\/p>\n<table border=\"1\" width=\"552\" cellspacing=\"0\" cellpadding=\"0\">\n<tbody>\n<tr>\n<td valign=\"top\" width=\"28\">1<\/td>\n<td valign=\"top\" width=\"524\"><a href=\"http:\/\/www.itakaescolapios.org\/campanas\/educacion-futuro\/introduccion-campana\/\">CAMPA\u00d1A DE SOLIDARIDAD DE ITAKA-ESCOLAPIOS 2012-2013<\/a><\/td>\n<\/tr>\n<tr>\n<td valign=\"top\" width=\"28\">2<\/td>\n<td valign=\"top\" width=\"524\"><a href=\"http:\/\/www.itakaescolapios.org\/campanas\/educacion-futuro\/objetivos-de-desarrollo-del-milenio\/\">OBJETIVOS DE DESARROLLO DEL MILENIO<\/a><\/td>\n<\/tr>\n<tr>\n<td valign=\"top\" width=\"28\">3<\/td>\n<td valign=\"top\" width=\"524\"><a href=\"http:\/\/www.itakaescolapios.org\/campanas\/educacion-futuro\/ensenanza-primaria-universal\/\">OBJETIVO 2: LOGRAR LA ENSE\u00d1ANZA PRIMARIA UNIVERSAL<\/a><\/td>\n<\/tr>\n<tr>\n<td valign=\"top\" width=\"28\">4<\/td>\n<td valign=\"top\" width=\"524\"><a href=\"http:\/\/www.itakaescolapios.org\/campanas\/educacion-futuro\/itaka-escolapios-y-la-educacion-primaria\/\">ITAKA-ESCOLAPIOS Y LA EDUCACI\u00d3N PRIMARIA<\/a><\/td>\n<\/tr>\n<tr>\n<td valign=\"top\" width=\"28\">5<\/td>\n<td valign=\"top\" width=\"524\"><a href=\"http:\/\/www.itakaescolapios.org\/campanas\/educacion-futuro\/la-educacion-no-es-un-cuento\/\">LA EDUCACI\u00d3N NO ES UN CUENTO<\/a><\/td>\n<\/tr>\n<tr>\n<td valign=\"top\" width=\"28\">6<\/td>\n<td valign=\"top\" width=\"524\"><a href=\"http:\/\/www.itakaescolapios.org\/campanas\/educacion-futuro\/cuentos-escritos-por-el-alumnado\/\">CUENTOS ESCRITOS POR EL ALUMNADO<\/a><\/td>\n<\/tr>\n<tr>\n<td valign=\"top\" width=\"28\">7<\/td>\n<td valign=\"top\" width=\"524\"><a href=\"http:\/\/www.itakaescolapios.org\/campanas\/educacion-futuro\/a-que-cole-vas\/\">\u00bfC\u00d3MO ES MI COLE?<\/a><\/td>\n<\/tr>\n<tr>\n<td valign=\"top\" width=\"28\">8<\/td>\n<td valign=\"top\" width=\"524\"><a href=\"http:\/\/www.itakaescolapios.org\/campanas\/educacion-futuro\/dinamica-del-lapiz\/\">EL LAPIZ<\/a><\/td>\n<\/tr>\n<tr>\n<td valign=\"top\" width=\"28\">9<\/td>\n<td valign=\"top\" width=\"524\"><a href=\"http:\/\/www.itakaescolapios.org\/campanas\/educacion-futuro\/carteleria\/\">CARTELER\u00cdA<\/a><\/td>\n<\/tr>\n<tr>\n<td valign=\"top\" width=\"28\">10<\/td>\n<td valign=\"top\" width=\"524\"><a href=\"http:\/\/www.itakaescolapios.org\/campanas\/educacion-futuro\/dossier-de-actividades\/\">DOSSIER DE ACTIVIDADES<\/a><\/td>\n<\/tr>\n<\/tbody>\n<\/table>\n<p><\/p>","protected":false},"excerpt":{"rendered":"<p>Ho sentim, aquesta entrada es troba disponible \u00fanicament en Espanyol Europeu.https:\/\/youtu.be\/i9gTPHQq5FE A\u00f1o 1597: San Jos\u00e9 de Calasanz abre la primera escuela popular gratuita de Europa en [&hellip;]<\/p>\n","protected":false},"author":1,"featured_media":1503,"parent":70,"menu_order":99,"comment_status":"closed","ping_status":"closed","template":"","meta":[],"acf":[],"_links":{"self":[{"href":"https:\/\/www.educa.itakaescolapios.org\/ca\/wp-json\/wp\/v2\/pages\/230"}],"collection":[{"href":"https:\/\/www.educa.itakaescolapios.org\/ca\/wp-json\/wp\/v2\/pages"}],"about":[{"href":"https:\/\/www.educa.itakaescolapios.org\/ca\/wp-json\/wp\/v2\/types\/page"}],"author":[{"embeddable":true,"href":"https:\/\/www.educa.itakaescolapios.org\/ca\/wp-json\/wp\/v2\/users\/1"}],"replies":[{"embeddable":true,"href":"https:\/\/www.educa.itakaescolapios.org\/ca\/wp-json\/wp\/v2\/comments?post=230"}],"version-history":[{"count":3,"href":"https:\/\/www.educa.itakaescolapios.org\/ca\/wp-json\/wp\/v2\/pages\/230\/revisions"}],"predecessor-version":[{"id":7596,"href":"https:\/\/www.educa.itakaescolapios.org\/ca\/wp-json\/wp\/v2\/pages\/230\/revisions\/7596"}],"up":[{"embeddable":true,"href":"https:\/\/www.educa.itakaescolapios.org\/ca\/wp-json\/wp\/v2\/pages\/70"}],"wp:featuredmedia":[{"embeddable":true,"href":"https:\/\/www.educa.itakaescolapios.org\/ca\/wp-json\/wp\/v2\/media\/1503"}],"wp:attachment":[{"href":"https:\/\/www.educa.itakaescolapios.org\/ca\/wp-json\/wp\/v2\/media?parent=230"}],"curies":[{"name":"wp","href":"https:\/\/api.w.org\/{rel}","templated":true}]}}