{"id":2306,"date":"2020-07-02T21:04:31","date_gmt":"2020-07-02T19:04:31","guid":{"rendered":"https:\/\/www.educa.itakaescolapios.org\/?page_id=2306"},"modified":"2020-07-02T21:04:35","modified_gmt":"2020-07-02T19:04:35","slug":"recordando-la-campana-al-ritmo-de-congo","status":"publish","type":"page","link":"https:\/\/www.educa.itakaescolapios.org\/ca\/campanas\/2019-2020-compartiendo-mucha-vida\/recordando-la-campana-al-ritmo-de-congo","title":{"rendered":"RECORDANDO LA CAMPA\u00d1A \u00abAL RITMO DE CONGO\u00bb"},"content":{"rendered":"<p class=\"qtranxs-available-languages-message qtranxs-available-languages-message-ca\">Ho sentim, aquesta entrada es troba disponible \u00fanicament en <a href=\"https:\/\/www.educa.itakaescolapios.org\/es\/wp-json\/wp\/v2\/pages\/2306\" class=\"qtranxs-available-language-link qtranxs-available-language-link-es\" title=\"Espa\u00f1ol\">Espanyol Europeu<\/a>.<\/p><p>V\u00cdDEO DE AGRADECIMIENTO DE LOS NI\u00d1OS Y NI\u00d1AS DE KIKONKA<\/p>\n<p><iframe loading=\"lazy\" src=\"https:\/\/www.youtube.com\/embed\/90aYLkfKcN4\" width=\"504\" height=\"283\" frameborder=\"0\" allowfullscreen=\"allowfullscreen\" data-mce-fragment=\"1\"><\/iframe><\/p>\n<p>Con la campa\u00f1a de solidaridad del curso 2018-2019 quisimos ahondar en la fuerza transformadora de la educaci\u00f3n promoviendo una educaci\u00f3n de calidad en la Rep\u00fablica Democr\u00e1tica del Congo. <strong>Setenta y ocho centros escolapios de diez pa\u00edses <\/strong>(Espa\u00f1a, Bolivia, Brasil, Venezuela, Rep\u00fablica Dominicana, Camer\u00fan, Gab\u00f3n, Senegal, Filipinas e Indonesia) trabajaron en las aulas el valor de la educaci\u00f3n como motor de cambio, conociendo la realidad escolapia la Rep\u00fablica Democr\u00e1tica del Congo.<\/p>\n<p>Adem\u00e1s de sensibilizar sobre el valor de la educaci\u00f3n, hemos recaudado fondos para la misi\u00f3n escolapia en la aglomeraci\u00f3n de Kikonka (RDC), por lo que vamos a poder enviar m\u00e1s de <strong>223.000 \u20ac<\/strong>, que mejorar\u00e1n la educaci\u00f3n de ni\u00f1os y ni\u00f1as con la rehabilitaci\u00f3n y equipamiento de la Escuela de Primaria, la mejora del saneamiento con la construcci\u00f3n de unas nuevas letrinas y la perforaci\u00f3n de dos pozos de agua y la mejora de la calidad de vida de un grupo de 100 mujeres de la aglomeraci\u00f3n.<\/p>\n<p>\u00a1Gracias! Thanks! Merci! Obrigado!<\/p>\n<p>V\u00cdDEO REALIZADO CON LA COLABORACI\u00d3N DE ALGUNOS CENTROS QUE HAN PARTICIPADO EN LA CAMPA\u00d1A<\/p>\n<p><iframe loading=\"lazy\" src=\"https:\/\/www.youtube.com\/embed\/UjURKU_07ho\" width=\"420\" height=\"236\" frameborder=\"0\" allowfullscreen=\"allowfullscreen\" data-mce-fragment=\"1\">&lt;span<br \/>\ndata-mce-type=&#8221;bookmark&#8221; style=&#8221;display: inline-block; width: 0px;<br \/>\noverflow: hidden; line-height: 0;&#8221;<br \/>\nclass=&#8221;mce_SELRES_start&#8221;&gt;\ufeff&lt;\/span&gt;<\/iframe><\/p>","protected":false},"excerpt":{"rendered":"<p>Ho sentim, aquesta entrada es troba disponible \u00fanicament en Espanyol Europeu.V\u00cdDEO DE AGRADECIMIENTO DE LOS NI\u00d1OS Y NI\u00d1AS DE KIKONKA Con la campa\u00f1a de solidaridad del [&hellip;]<\/p>\n","protected":false},"author":1,"featured_media":0,"parent":2273,"menu_order":0,"comment_status":"closed","ping_status":"closed","template":"","meta":[],"acf":[],"_links":{"self":[{"href":"https:\/\/www.educa.itakaescolapios.org\/ca\/wp-json\/wp\/v2\/pages\/2306"}],"collection":[{"href":"https:\/\/www.educa.itakaescolapios.org\/ca\/wp-json\/wp\/v2\/pages"}],"about":[{"href":"https:\/\/www.educa.itakaescolapios.org\/ca\/wp-json\/wp\/v2\/types\/page"}],"author":[{"embeddable":true,"href":"https:\/\/www.educa.itakaescolapios.org\/ca\/wp-json\/wp\/v2\/users\/1"}],"replies":[{"embeddable":true,"href":"https:\/\/www.educa.itakaescolapios.org\/ca\/wp-json\/wp\/v2\/comments?post=2306"}],"version-history":[{"count":2,"href":"https:\/\/www.educa.itakaescolapios.org\/ca\/wp-json\/wp\/v2\/pages\/2306\/revisions"}],"predecessor-version":[{"id":2308,"href":"https:\/\/www.educa.itakaescolapios.org\/ca\/wp-json\/wp\/v2\/pages\/2306\/revisions\/2308"}],"up":[{"embeddable":true,"href":"https:\/\/www.educa.itakaescolapios.org\/ca\/wp-json\/wp\/v2\/pages\/2273"}],"wp:attachment":[{"href":"https:\/\/www.educa.itakaescolapios.org\/ca\/wp-json\/wp\/v2\/media?parent=2306"}],"curies":[{"name":"wp","href":"https:\/\/api.w.org\/{rel}","templated":true}]}}