{"id":2318,"date":"2020-07-02T21:14:15","date_gmt":"2020-07-02T19:14:15","guid":{"rendered":"https:\/\/www.educa.itakaescolapios.org\/?page_id=2318"},"modified":"2020-07-04T14:56:57","modified_gmt":"2020-07-04T12:56:57","slug":"propuesta-de-actividades-de-la-expedicion-itaka-escolapios","status":"publish","type":"page","link":"https:\/\/www.educa.itakaescolapios.org\/ca\/campanas\/2019-2020-compartiendo-mucha-vida\/propuesta-de-actividades-de-la-expedicion-itaka-escolapios","title":{"rendered":"PROPUESTA DE ACTIVIDADES DE LA EXPEDICI\u00d3N ITAKA-ESCOLAPIOS"},"content":{"rendered":"<p class=\"qtranxs-available-languages-message qtranxs-available-languages-message-ca\">Ho sentim, aquesta entrada es troba disponible \u00fanicament en <a href=\"https:\/\/www.educa.itakaescolapios.org\/es\/wp-json\/wp\/v2\/pages\/2318\" class=\"qtranxs-available-language-link qtranxs-available-language-link-es\" title=\"Espa\u00f1ol\">Espanyol Europeu<\/a>.<\/p><p><img decoding=\"async\" loading=\"lazy\" class=\"alignleft wp-image-2321 size-medium\" src=\"https:\/\/www.educa.itakaescolapios.org\/wp-content\/uploads\/2020\/07\/TODOS_color_1-214x300.jpg\" alt=\"\" width=\"214\" height=\"300\" srcset=\"https:\/\/www.educa.itakaescolapios.org\/wp-content\/uploads\/2020\/07\/TODOS_color_1-214x300.jpg 214w, https:\/\/www.educa.itakaescolapios.org\/wp-content\/uploads\/2020\/07\/TODOS_color_1-731x1024.jpg 731w, https:\/\/www.educa.itakaescolapios.org\/wp-content\/uploads\/2020\/07\/TODOS_color_1-768x1075.jpg 768w, https:\/\/www.educa.itakaescolapios.org\/wp-content\/uploads\/2020\/07\/TODOS_color_1-1097x1536.jpg 1097w, https:\/\/www.educa.itakaescolapios.org\/wp-content\/uploads\/2020\/07\/TODOS_color_1-1463x2048.jpg 1463w, https:\/\/www.educa.itakaescolapios.org\/wp-content\/uploads\/2020\/07\/TODOS_color_1-250x350.jpg 250w, https:\/\/www.educa.itakaescolapios.org\/wp-content\/uploads\/2020\/07\/TODOS_color_1-scaled.jpg 1829w\" sizes=\"(max-width: 214px) 100vw, 214px\" \/><\/p>\n<p>Tras finalizar la campa\u00f1a del curso pasado que ten\u00eda como objetivo mejorar la calidad de vida en la aglomeraci\u00f3n de Kikonka (Rep\u00fablica Democr\u00e1tica del Congo), <strong>comenzamos una nueva aventura<\/strong> dirigidos por Calasanz con el objetivo de descubrir una nueva realidad escolapia e<strong>n Am\u00e9rica Latina<\/strong>.<\/p>\n<p>Nuestra expedici\u00f3n toca tierra en el continente americano, all\u00ed nuestros personajes nos presentar\u00e1n<strong> la realidad de los Centros Calasanz de Aracaju (Brasil), Barquisimeto (Venezuela), Campeche (M\u00e9xico), Cochabamba (Bolivia) y La Puya (Rep\u00fablica Dominicana).<\/strong><\/p>\n<p>La Expedici\u00f3n Itaka-Escolapios nos propone siete actividades que nos ayudar\u00e1n a conocer la realidad del pa\u00eds, de la Escuela P\u00eda en Am\u00e9rica Latina y de los ni\u00f1os, ni\u00f1as y j\u00f3venes que acuden a los Centros Calasanz. Nuestros expedicionarios har\u00e1n especial hincapi\u00e9 en la situaci\u00f3n de la juventud, present\u00e1ndonos realidades en las que los y las j\u00f3venes son parte activa del cambio.<\/p>\n<p>Presiona sobre el t\u00edtulo de cada una de ellas y te llevar\u00e1 a la propuesta de actividad que nos hacen cada uno de los componentes de la expedici\u00f3n.<\/p>\n<p>&nbsp;<\/p>\n<p>&nbsp;<\/p>\n<p><a href=\"https:\/\/www.educa.itakaescolapios.org\/oramos-con-calasanz\" target=\"_blank\" rel=\"noopener noreferrer\"><strong>ORAMOS CON CALASANZ<\/strong><\/a><\/p>\n<p><a href=\"https:\/\/www.educa.itakaescolapios.org\/ven-a-pasarlo-bien-juega-baila-y-come\" target=\"_blank\" rel=\"noopener noreferrer\"><strong>VEN A PASARLO BIEN: juega, baila y come\u00a0<\/strong><\/a><\/p>\n<p><strong><a href=\"https:\/\/www.educa.itakaescolapios.org\/no-te-quedes-con-la-primera-noticia-2\" target=\"_blank\" rel=\"noopener noreferrer\">NO TE QUEDES CON LA PRIMERA NOTICIA<\/a><\/strong><\/p>\n<p><a href=\"https:\/\/www.educa.itakaescolapios.org\/compartiendo-mucha-vida\" target=\"_blank\" rel=\"noopener noreferrer\"><strong>COMPARTIENDO MUCHA VIDA<\/strong><\/a><\/p>\n<p><a href=\"https:\/\/www.educa.itakaescolapios.org\/juventud-y-cambio-2\" target=\"_blank\" rel=\"noopener noreferrer\"><strong>JUVENTUD Y CAMBIO<\/strong><\/a><\/p>\n<p><a href=\"https:\/\/www.educa.itakaescolapios.org\/subete-al-globo-2\" target=\"_blank\" rel=\"noopener noreferrer\"><strong>S\u00daBETE AL GLOBO<\/strong><\/a><\/p>\n<p><a href=\"https:\/\/www.educa.itakaescolapios.org\/photocall-2\" target=\"_blank\" rel=\"noopener noreferrer\"><strong>PHOTOCALL<\/strong><\/a><\/p>","protected":false},"excerpt":{"rendered":"<p>Ho sentim, aquesta entrada es troba disponible \u00fanicament en Espanyol Europeu. Tras finalizar la campa\u00f1a del curso pasado que ten\u00eda como objetivo mejorar la calidad de [&hellip;]<\/p>\n","protected":false},"author":1,"featured_media":0,"parent":2273,"menu_order":0,"comment_status":"closed","ping_status":"closed","template":"","meta":[],"acf":[],"_links":{"self":[{"href":"https:\/\/www.educa.itakaescolapios.org\/ca\/wp-json\/wp\/v2\/pages\/2318"}],"collection":[{"href":"https:\/\/www.educa.itakaescolapios.org\/ca\/wp-json\/wp\/v2\/pages"}],"about":[{"href":"https:\/\/www.educa.itakaescolapios.org\/ca\/wp-json\/wp\/v2\/types\/page"}],"author":[{"embeddable":true,"href":"https:\/\/www.educa.itakaescolapios.org\/ca\/wp-json\/wp\/v2\/users\/1"}],"replies":[{"embeddable":true,"href":"https:\/\/www.educa.itakaescolapios.org\/ca\/wp-json\/wp\/v2\/comments?post=2318"}],"version-history":[{"count":10,"href":"https:\/\/www.educa.itakaescolapios.org\/ca\/wp-json\/wp\/v2\/pages\/2318\/revisions"}],"predecessor-version":[{"id":2473,"href":"https:\/\/www.educa.itakaescolapios.org\/ca\/wp-json\/wp\/v2\/pages\/2318\/revisions\/2473"}],"up":[{"embeddable":true,"href":"https:\/\/www.educa.itakaescolapios.org\/ca\/wp-json\/wp\/v2\/pages\/2273"}],"wp:attachment":[{"href":"https:\/\/www.educa.itakaescolapios.org\/ca\/wp-json\/wp\/v2\/media?parent=2318"}],"curies":[{"name":"wp","href":"https:\/\/api.w.org\/{rel}","templated":true}]}}