{"id":2623,"date":"2020-10-20T09:56:20","date_gmt":"2020-10-20T07:56:20","guid":{"rendered":"https:\/\/www.educa.itakaescolapios.org\/?page_id=2623"},"modified":"2021-01-08T12:11:34","modified_gmt":"2021-01-08T11:11:34","slug":"sesion-formativa-design-for-change","status":"publish","type":"page","link":"https:\/\/www.educa.itakaescolapios.org\/ca\/campanas\/2020-2021-reiniciando-para-transformar\/sesion-formativa-design-for-change","title":{"rendered":"Sesi\u00f3n Formativa &#8220;Design for change&#8221;"},"content":{"rendered":"<p class=\"qtranxs-available-languages-message qtranxs-available-languages-message-ca\">Ho sentim, aquesta entrada es troba disponible \u00fanicament en <a href=\"https:\/\/www.educa.itakaescolapios.org\/es\/wp-json\/wp\/v2\/pages\/2623\" class=\"qtranxs-available-language-link qtranxs-available-language-link-es\" title=\"Espa\u00f1ol\">Espanyol Europeu<\/a>, <a href=\"https:\/\/www.educa.itakaescolapios.org\/en\/wp-json\/wp\/v2\/pages\/2623\" class=\"qtranxs-available-language-link qtranxs-available-language-link-en\" title=\"English\">Angl\u00e8s Americ\u00e0<\/a>, <a href=\"https:\/\/www.educa.itakaescolapios.org\/eu\/wp-json\/wp\/v2\/pages\/2623\" class=\"qtranxs-available-language-link qtranxs-available-language-link-eu\" title=\"Euskera\">Basc<\/a>, <a href=\"https:\/\/www.educa.itakaescolapios.org\/fr\/wp-json\/wp\/v2\/pages\/2623\" class=\"qtranxs-available-language-link qtranxs-available-language-link-fr\" title=\"Fran\u00e7ais\">Franc\u00e8s<\/a> i <a href=\"https:\/\/www.educa.itakaescolapios.org\/pt\/wp-json\/wp\/v2\/pages\/2623\" class=\"qtranxs-available-language-link qtranxs-available-language-link-pt\" title=\"Portugu\u00eas\">Portugu\u00e8s De Portugal<\/a>.<\/p><p><img decoding=\"async\" loading=\"lazy\" class=\"alignright wp-image-2647\" src=\"https:\/\/www.educa.itakaescolapios.org\/wp-content\/uploads\/2020\/11\/Cartel-DFC-Espa\u00f1a-516x730-1-300x254.png\" alt=\"\" width=\"320\" height=\"271\" srcset=\"https:\/\/www.educa.itakaescolapios.org\/wp-content\/uploads\/2020\/11\/Cartel-DFC-Espa\u00f1a-516x730-1-300x254.png 300w, https:\/\/www.educa.itakaescolapios.org\/wp-content\/uploads\/2020\/11\/Cartel-DFC-Espa\u00f1a-516x730-1-250x212.png 250w, https:\/\/www.educa.itakaescolapios.org\/wp-content\/uploads\/2020\/11\/Cartel-DFC-Espa\u00f1a-516x730-1.png 430w\" sizes=\"(max-width: 320px) 100vw, 320px\" \/>En la campa\u00f1a de solidaridad escolapia del 20-21 \u201c<strong>Re<\/strong>iniciando para transformar\u201d os proponemos utilizar la <strong>metodolog\u00eda \u201cDesign for change\u201d<\/strong>.<\/p>\n<p>Esta metodolog\u00eda <strong>busca la partici\u00f3n de las personas y la transformaci\u00f3n de la sociedad<\/strong>.<\/p>\n<p>Se basa en los siguientes pasos:<\/p>\n<p>&nbsp;<\/p>\n<p style=\"text-align: left;\"><strong>Siente<\/strong><\/p>\n<p style=\"text-align: left;\"><strong>Imagina<\/strong><\/p>\n<p style=\"text-align: left;\"><strong>Act\u00faa<\/strong><\/p>\n<p style=\"text-align: left;\"><strong>Evol\u00faa<\/strong><\/p>\n<p style=\"text-align: left;\"><strong>Comparte<\/strong><\/p>\n<p>&nbsp;<\/p>\n<p>Para poder realizar un correcto desarrollo de la campa\u00f1a os proponemos que realic\u00e9is una breve y sencilla sesi\u00f3n formativa, antes de comenzar con la campa\u00f1a, para conocer bien en qu\u00e9 consiste y c\u00f3mo se desarrolla la metodolog\u00eda \u201cDesign for change\u201d.<\/p>\n<p>Para poder realizar esta peque\u00f1a formaci\u00f3n con los educadores\/as (profesores\/as, monitores\/as, catequistas\u2026) os facilitamos los siguientes enlaces y recursos:<\/p>\n<p>&nbsp;<\/p>\n<p>Enlace espa\u00f1ol y pdf:<\/p>\n<p>&nbsp;<\/p>\n<p><a href=\"https:\/\/www.educa.itakaescolapios.org\/wp-content\/uploads\/2020\/11\/Desing-for-thinking-Dise\u00f1o-para-el-cambio.pdf\" target=\"_blank\" rel=\"noopener noreferrer\"><img decoding=\"async\" loading=\"lazy\" class=\"alignright wp-image-2974\" src=\"https:\/\/www.educa.itakaescolapios.org\/wp-content\/uploads\/2020\/11\/mano-click-verde-por-tres-300x107.jpg\" alt=\"\" width=\"339\" height=\"121\" srcset=\"https:\/\/www.educa.itakaescolapios.org\/wp-content\/uploads\/2020\/11\/mano-click-verde-por-tres-300x107.jpg 300w, https:\/\/www.educa.itakaescolapios.org\/wp-content\/uploads\/2020\/11\/mano-click-verde-por-tres-1024x364.jpg 1024w, https:\/\/www.educa.itakaescolapios.org\/wp-content\/uploads\/2020\/11\/mano-click-verde-por-tres-768x273.jpg 768w, https:\/\/www.educa.itakaescolapios.org\/wp-content\/uploads\/2020\/11\/mano-click-verde-por-tres-1536x546.jpg 1536w, https:\/\/www.educa.itakaescolapios.org\/wp-content\/uploads\/2020\/11\/mano-click-verde-por-tres-2048x729.jpg 2048w, https:\/\/www.educa.itakaescolapios.org\/wp-content\/uploads\/2020\/11\/mano-click-verde-por-tres-250x89.jpg 250w\" sizes=\"(max-width: 339px) 100vw, 339px\" \/><\/a><\/p>\n<p style=\"padding-left: 40px;\"><a href=\"https:\/\/www.dfcspain.org\/\" target=\"_blank\" rel=\"noopener noreferrer\">https:\/\/www.dfcspain.org\/<\/a><\/p>\n<p style=\"padding-left: 40px;\"><a href=\"https:\/\/www.educa.itakaescolapios.org\/wp-content\/uploads\/2020\/11\/Desing-for-thinking-Dise\u00f1o-para-el-cambio.pdf\" target=\"_blank\" rel=\"noopener noreferrer\">gu\u00eda PDF para facilitar proyectos Design for Change<\/a><\/p>\n<p>&nbsp;<\/p>\n<p>&nbsp;<\/p>\n<p><strong>Muchas gracias por colaborar<\/strong> con \u201c<strong>Re<\/strong>iniciando para transformar\u201d<\/p>\n<p>&nbsp;<\/p>\n<p>&nbsp;<\/p>","protected":false},"excerpt":{"rendered":"<p>Ho sentim, aquesta entrada es troba disponible \u00fanicament en Espanyol Europeu, Angl\u00e8s Americ\u00e0, Basc, Franc\u00e8s i Portugu\u00e8s De Portugal.En la campa\u00f1a de solidaridad escolapia del 20-21 [&hellip;]<\/p>\n","protected":false},"author":5,"featured_media":2624,"parent":2618,"menu_order":2,"comment_status":"closed","ping_status":"closed","template":"","meta":[],"acf":[],"_links":{"self":[{"href":"https:\/\/www.educa.itakaescolapios.org\/ca\/wp-json\/wp\/v2\/pages\/2623"}],"collection":[{"href":"https:\/\/www.educa.itakaescolapios.org\/ca\/wp-json\/wp\/v2\/pages"}],"about":[{"href":"https:\/\/www.educa.itakaescolapios.org\/ca\/wp-json\/wp\/v2\/types\/page"}],"author":[{"embeddable":true,"href":"https:\/\/www.educa.itakaescolapios.org\/ca\/wp-json\/wp\/v2\/users\/5"}],"replies":[{"embeddable":true,"href":"https:\/\/www.educa.itakaescolapios.org\/ca\/wp-json\/wp\/v2\/comments?post=2623"}],"version-history":[{"count":29,"href":"https:\/\/www.educa.itakaescolapios.org\/ca\/wp-json\/wp\/v2\/pages\/2623\/revisions"}],"predecessor-version":[{"id":4311,"href":"https:\/\/www.educa.itakaescolapios.org\/ca\/wp-json\/wp\/v2\/pages\/2623\/revisions\/4311"}],"up":[{"embeddable":true,"href":"https:\/\/www.educa.itakaescolapios.org\/ca\/wp-json\/wp\/v2\/pages\/2618"}],"wp:featuredmedia":[{"embeddable":true,"href":"https:\/\/www.educa.itakaescolapios.org\/ca\/wp-json\/wp\/v2\/media\/2624"}],"wp:attachment":[{"href":"https:\/\/www.educa.itakaescolapios.org\/ca\/wp-json\/wp\/v2\/media?parent=2623"}],"curies":[{"name":"wp","href":"https:\/\/api.w.org\/{rel}","templated":true}]}}