{"id":2673,"date":"2020-11-04T16:42:29","date_gmt":"2020-11-04T15:42:29","guid":{"rendered":"https:\/\/www.educa.itakaescolapios.org\/?page_id=2673"},"modified":"2021-05-24T17:45:29","modified_gmt":"2021-05-24T15:45:29","slug":"presentacion-coordinador-general-itaka-escolapios","status":"publish","type":"page","link":"https:\/\/www.educa.itakaescolapios.org\/ca\/campanas\/2020-2021-reiniciando-para-transformar\/siente\/presentacion-coordinador-general-itaka-escolapios","title":{"rendered":"Presentaci\u00f3n Coordinador General Itaka-Escolapios"},"content":{"rendered":"<p class=\"qtranxs-available-languages-message qtranxs-available-languages-message-ca\">Ho sentim, aquesta entrada es troba disponible \u00fanicament en <a href=\"https:\/\/www.educa.itakaescolapios.org\/es\/wp-json\/wp\/v2\/pages\/2673\" class=\"qtranxs-available-language-link qtranxs-available-language-link-es\" title=\"Espa\u00f1ol\">Espanyol Europeu<\/a>, <a href=\"https:\/\/www.educa.itakaescolapios.org\/en\/wp-json\/wp\/v2\/pages\/2673\" class=\"qtranxs-available-language-link qtranxs-available-language-link-en\" title=\"English\">Angl\u00e8s Americ\u00e0<\/a>, <a href=\"https:\/\/www.educa.itakaescolapios.org\/eu\/wp-json\/wp\/v2\/pages\/2673\" class=\"qtranxs-available-language-link qtranxs-available-language-link-eu\" title=\"Euskera\">Basc<\/a>, <a href=\"https:\/\/www.educa.itakaescolapios.org\/fr\/wp-json\/wp\/v2\/pages\/2673\" class=\"qtranxs-available-language-link qtranxs-available-language-link-fr\" title=\"Fran\u00e7ais\">Franc\u00e8s<\/a> i <a href=\"https:\/\/www.educa.itakaescolapios.org\/pt\/wp-json\/wp\/v2\/pages\/2673\" class=\"qtranxs-available-language-link qtranxs-available-language-link-pt\" title=\"Portugu\u00eas\">Portugu\u00e8s De Portugal<\/a>.<\/p><p><\/p>\n<p style=\"text-align: center;\"><iframe loading=\"lazy\" src=\"https:\/\/drive.google.com\/file\/d\/1eg4GfqY2bjSC-6zLzAV5fjUMVdKQPO8y\/preview\" width=\"640\" height=\"400\" frameborder=\"0\" allowfullscreen=\"allowfullscreen\"><\/iframe><!--ANTERIOR<iframe loading=\"lazy\" src=\"\/\/www.youtube.com\/embed\/ahMaUyqcfK0\" width=\"640\" height=\"400\" frameborder=\"0\" allowfullscreen=\"allowfullscreen\"><\/iframe>--><\/p>\n<p style=\"text-align: justify;\">Unas palabras para presentar, en nombre de la Comisi\u00f3n Ejecutiva, la nueva campa\u00f1a de solidaridad 20-21 de la red Itaka-Escolapios, que hemos titulado <strong>\u201c(RE)INICIANDO PARA TRANSFORMAR\u201d<\/strong>.<\/p>\n<p style=\"text-align: justify;\">Esta campa\u00f1a llega, como bien sabemos, en un contexto muy especial, extraordinario para Itaka-Escolapios en todo el mundo: <strong>la situaci\u00f3n de pandemia y de crisis global<\/strong> derivada de la pandemia. Sus consecuencias <strong>est\u00e1n afectando<\/strong> -llevan meses ya y lo seguir\u00e1n haciendo- <strong>a los proyectos de Itaka-Escolapios a lo largo del mundo.<\/strong><\/p>\n<p style=\"text-align: justify;\">Est\u00e1n los efectos sanitarios, que son los inmediatos y var\u00edan en su gravedad dependiendo de los lugares (aunque muy preocupantes en algunos pa\u00edses, por la incidencia de esta enfermedad junto con otras y por la precariedad de medios para afrontarla). Y est\u00e1n, desde luego, <strong>los efectos econ\u00f3micos, sociales y educativos,<\/strong> que est\u00e1n siendo graves, incluso <strong>devastadores para la poblaci\u00f3n m\u00e1s vulnerable,<\/strong> que afectan de lleno a nuestras escuelas y proyectos de educaci\u00f3n no formal en los pa\u00edses m\u00e1s empobrecidos.<\/p>\n<p style=\"text-align: justify;\">Por tanto, esta es una campa\u00f1a de respuesta a circunstancias muy adversas para la misi\u00f3n escolapia. No se trata en esta ocasi\u00f3n, de centrarnos en un pa\u00eds concreto o en un \u00e1mbito determinado de nuestra acci\u00f3n, sino que toda la misi\u00f3n escolapia se est\u00e1 viendo seriamente afectada, con especial preocupaci\u00f3n sin duda en el trabajo con las personas m\u00e1s vulnerables y empobrecidas.<\/p>\n<p style=\"text-align: justify;\"><strong>Pretendemos<\/strong> pues, por un lado, <strong>estar m\u00e1s cerca y conocer<\/strong> c\u00f3mo est\u00e1n viviendo la situaci\u00f3n las diversas presencias y proyectos de Itaka-Escolapios en el mundo. Y, por otro lado, c\u00f3mo no, <strong>aumentar el apoyo solidario<\/strong> para que estos proyectos escolapios con poblaci\u00f3n pobre y vulnerable se puedan sostener y sigan adelante adapt\u00e1ndose a la nueva situaci\u00f3n.<\/p>\n<p style=\"text-align: justify;\">Finalizo ya con una<strong> llamada especial a participar activamente<\/strong> y aportar en esta iniciativa solidaria. En Itaka-Escolapios necesitamos, m\u00e1s que nunca, que esta campa\u00f1a sea un \u00e9xito en t\u00e9rminos de sensibilizaci\u00f3n y movilizaci\u00f3n de recursos. La situaci\u00f3n que afrontamos es complicada, pero tenemos la convicci\u00f3n que podemos superarla e incluso que nuestra red salga m\u00e1s fuerte gracias al compromiso y el apoyo de tanta gente que participa y conf\u00eda en <strong>Itaka-Escolapios<\/strong>, como la <strong>plataforma de solidaridad y de impulso de las Escuelas P\u00edas<\/strong> que somos. Esperamos que as\u00ed sea. Muchas gracias.<\/p>\n<p>&nbsp;<\/p>","protected":false},"excerpt":{"rendered":"<p>Ho sentim, aquesta entrada es troba disponible \u00fanicament en Espanyol Europeu, Angl\u00e8s Americ\u00e0, Basc, Franc\u00e8s i Portugu\u00e8s De Portugal. Unas palabras para presentar, en nombre de [&hellip;]<\/p>\n","protected":false},"author":5,"featured_media":0,"parent":2658,"menu_order":2,"comment_status":"closed","ping_status":"closed","template":"","meta":[],"acf":[],"_links":{"self":[{"href":"https:\/\/www.educa.itakaescolapios.org\/ca\/wp-json\/wp\/v2\/pages\/2673"}],"collection":[{"href":"https:\/\/www.educa.itakaescolapios.org\/ca\/wp-json\/wp\/v2\/pages"}],"about":[{"href":"https:\/\/www.educa.itakaescolapios.org\/ca\/wp-json\/wp\/v2\/types\/page"}],"author":[{"embeddable":true,"href":"https:\/\/www.educa.itakaescolapios.org\/ca\/wp-json\/wp\/v2\/users\/5"}],"replies":[{"embeddable":true,"href":"https:\/\/www.educa.itakaescolapios.org\/ca\/wp-json\/wp\/v2\/comments?post=2673"}],"version-history":[{"count":15,"href":"https:\/\/www.educa.itakaescolapios.org\/ca\/wp-json\/wp\/v2\/pages\/2673\/revisions"}],"predecessor-version":[{"id":4745,"href":"https:\/\/www.educa.itakaescolapios.org\/ca\/wp-json\/wp\/v2\/pages\/2673\/revisions\/4745"}],"up":[{"embeddable":true,"href":"https:\/\/www.educa.itakaescolapios.org\/ca\/wp-json\/wp\/v2\/pages\/2658"}],"wp:attachment":[{"href":"https:\/\/www.educa.itakaescolapios.org\/ca\/wp-json\/wp\/v2\/media?parent=2673"}],"curies":[{"name":"wp","href":"https:\/\/api.w.org\/{rel}","templated":true}]}}