{"id":2675,"date":"2020-11-04T16:51:40","date_gmt":"2020-11-04T15:51:40","guid":{"rendered":"https:\/\/www.educa.itakaescolapios.org\/?page_id=2675"},"modified":"2023-05-05T13:59:50","modified_gmt":"2023-05-05T11:59:50","slug":"testimonios","status":"publish","type":"page","link":"https:\/\/www.educa.itakaescolapios.org\/ca\/campanas\/2020-2021-reiniciando-para-transformar\/siente\/testimonios","title":{"rendered":"Testimonios (2\u00a0a +18)"},"content":{"rendered":"<p class=\"qtranxs-available-languages-message qtranxs-available-languages-message-ca\">Ho sentim, aquesta entrada es troba disponible \u00fanicament en <a href=\"https:\/\/www.educa.itakaescolapios.org\/es\/wp-json\/wp\/v2\/pages\/2675\" class=\"qtranxs-available-language-link qtranxs-available-language-link-es\" title=\"Espa\u00f1ol\">Espanyol Europeu<\/a>, <a href=\"https:\/\/www.educa.itakaescolapios.org\/en\/wp-json\/wp\/v2\/pages\/2675\" class=\"qtranxs-available-language-link qtranxs-available-language-link-en\" title=\"English\">Angl\u00e8s Americ\u00e0<\/a>, <a href=\"https:\/\/www.educa.itakaescolapios.org\/eu\/wp-json\/wp\/v2\/pages\/2675\" class=\"qtranxs-available-language-link qtranxs-available-language-link-eu\" title=\"Euskera\">Basc<\/a>, <a href=\"https:\/\/www.educa.itakaescolapios.org\/fr\/wp-json\/wp\/v2\/pages\/2675\" class=\"qtranxs-available-language-link qtranxs-available-language-link-fr\" title=\"Fran\u00e7ais\">Franc\u00e8s<\/a> i <a href=\"https:\/\/www.educa.itakaescolapios.org\/pt\/wp-json\/wp\/v2\/pages\/2675\" class=\"qtranxs-available-language-link qtranxs-available-language-link-pt\" title=\"Portugu\u00eas\">Portugu\u00e8s De Portugal<\/a>.<\/p><p><\/p>\n<p style=\"text-align: justify;\">La pandemia provocada por el <strong>Covid-19 ha golpeado fuertemente a la sanidad, la econom\u00eda y a la sociedad en general.<\/strong> Y ha golpeado especialmente a las personas m\u00e1s vulnerables.<\/p>\n<p style=\"text-align: justify;\">En Itaka-Escolapios no somos ajenos a esta situaci\u00f3n, todos y todas, conocemos personas que han enfermado, han visto reducidos sus ingresos econ\u00f3micos, el confinamiento las ha afectado personalmente\u2026<\/p>\n<p style=\"text-align: justify;\"><strong>Los proyectos sociales de Itaka-Escolapios tambi\u00e9n se han visto afectados<\/strong> por la pandemia: nos ha obligado a paralizar la actividad de los internados, centros socioculturales, cerrar presencialmente los colegios, han disminuido los ingresos econ\u00f3micos e incluso hemos tenido que posponer el inicio de nuevos proyectos sociales\u2026<\/p>\n<p style=\"text-align: justify;\">Pero a su vez, l<strong>a red Itaka-Escolapios no \u201cha cerrado\u201d en ning\u00fan momento<\/strong>, hemos continuado dando respuesta, de una manera creativa, a las demandas de la sociedad.<\/p>\n<p style=\"text-align: justify;\"><strong>A modo de ejemplo<\/strong>:<br \/>\n\u25cf Manteniendo las <strong>actividades del movimiento Calasanz<\/strong> de modo online.<br \/>\n\u25cf <strong>Ofertando hogares<\/strong> a las personas sin hogar en la \u00e9poca de confinamiento.<br \/>\n\u25cf Impulsando el<strong> apoyo escolar online<\/strong>.<br \/>\n\u25cf Luchado <strong>contra la brecha digital<\/strong>.<br \/>\n\u25cf Recogiendo y <strong>repartiendo alimentos.<\/strong><br \/>\n\u25cf Generando <strong>ollas comunales<\/strong> para alimentar a la poblaci\u00f3n.<br \/>\n\u25cf &#8230;<\/p>\n<p style=\"text-align: justify;\">Actualmente la red Itaka-escolapios est\u00e1 presente en 16 pa\u00edses.<\/p>\n<p style=\"text-align: justify;\">A continuaci\u00f3n <strong>te facilitamos el testimonio de varios ni\u00f1os, ni\u00f1as y j\u00f3venes<\/strong> que nos describen la situaci\u00f3n que est\u00e1n viviendo y la respuesta que estamos dando como Escuela P\u00eda, como Itaka-Escolapios.<\/p>\n<p style=\"text-align: justify;\">T\u00fa tambi\u00e9n <strong>puedes colaborar siendo voluntario\/a<\/strong> de alguno de nuestros proyectos sociales o con <strong>aportaciones econ\u00f3micas<\/strong> a Itaka-Escolapios.<\/p>\n<p>&nbsp;<\/p>\n<p><strong>BOLIVIA<\/strong><br \/>\n<iframe loading=\"lazy\" src=\"https:\/\/drive.google.com\/file\/d\/1fmdkFBsHS9CAZk64fPDoreKF_bUG-NyQ\/preview\" width=\"368\" height=\"215\" ><\/iframe><!--ANTERIOR<iframe loading=\"lazy\" src=\"https:\/\/www.youtube.com\/embed\/MqHplj5pCuc\" width=\"368\" height=\"215\" frameborder=\"0\" allowfullscreen=\"allowfullscreen\"><\/iframe>--> <iframe loading=\"lazy\" src=\"https:\/\/drive.google.com\/file\/d\/1OTPBVA-jkin0P7Izt082urAgedQZ2TJv\/preview\" width=\"400\" height=\"215\" frameborder=\"0\" allowfullscreen=\"allowfullscreen\"><span data-mce-type=\"bookmark\" style=\"display: inline-block; width: 0px; overflow: hidden; line-height: 0;\" class=\"mce_SELRES_start\">\ufeff<\/span><\/iframe><\/p>\n<p>&nbsp;<\/p>\n<p><strong>BRASIL<\/strong><br \/>\n<iframe loading=\"lazy\" src=\"https:\/\/drive.google.com\/file\/d\/1WNl79K194_ZX_42TdlrQBZIzeYeCiOjm\/preview\" width=\"375\" height=\"215\" frameborder=\"0\" allowfullscreen=\"allowfullscreen\"><\/iframe><!--ANTERIOR<iframe loading=\"lazy\" src=\"https:\/\/www.youtube.com\/embed\/ULKTC5Rzv1Y\" width=\"375\" height=\"215\" frameborder=\"0\" allowfullscreen=\"allowfullscreen\">--> <iframe loading=\"lazy\" src=\"https:\/\/drive.google.com\/file\/d\/1WbX5dveJ97O-JCJwZcZq1V16qB1DoNXr\/preview\" width=\"375\" height=\"215\" frameborder=\"0\" allowfullscreen=\"allowfullscreen\"><\/iframe><!--ANTERIOR<iframe loading=\"lazy\" src=\"https:\/\/www.youtube.com\/embed\/MRyiuSIbZIw\" width=\"375\" height=\"215\" frameborder=\"0\" allowfullscreen=\"allowfullscreen\"><\/iframe>--><\/p>\n<p><strong>CAMER\u00daN<\/strong><br \/>\n<iframe loading=\"lazy\" src=\"https:\/\/www.youtube.com\/embed\/DFCWEEGqbWg\" width=\"382\" height=\"215\" frameborder=\"0\" allowfullscreen=\"allowfullscreen\"><\/iframe><br \/>\n<strong>ESPA\u00d1A<\/strong><\/p>\n<p><iframe loading=\"lazy\" src=\"https:\/\/drive.google.com\/file\/d\/1pfNXOYzl0tF74eBoRm-Tkkf8djlACUEF\/preview\" width=\"375\" height=\"215\" frameborder=\"0\" allowfullscreen=\"allowfullscreen\"><\/iframe><!--<iframe loading=\"lazy\" src=\"https:\/\/www.youtube.com\/embed\/1f3ct7XJf6E\" width=\"375\" height=\"215\" frameborder=\"0\" allowfullscreen=\"allowfullscreen\">--> <iframe loading=\"lazy\" src=\"https:\/\/drive.google.com\/file\/d\/1MsvkSkXt2kWiI7tIAnnBzVuphVp53_ZK\/preview\" width=\"375\" height=\"215\" frameborder=\"0\" allowfullscreen=\"allowfullscreen\"><\/iframe><!--ANTERIOR<iframe loading=\"lazy\" src=\"https:\/\/www.youtube.com\/embed\/ZX9oLAXgx9s\" width=\"375\" height=\"215\" frameborder=\"0\" allowfullscreen=\"allowfullscreen\"><\/iframe>--><\/p>\n<p><strong>FILIPINAS<\/strong><br \/>\n<iframe loading=\"lazy\" src=\"https:\/\/drive.google.com\/file\/d\/1TQsBfO-4tw1AuMuhvY6AnU6CSlKqwA7g\/preview\" width=\"375\" height=\"215\" frameborder=\"0\" allowfullscreen=\"allowfullscreen\"><span data-mce-type=\"bookmark\" style=\"display: inline-block; width: 0px; overflow: hidden; line-height: 0;\" class=\"mce_SELRES_start\">\ufeff<\/span><\/iframe><!--<iframe loading=\"lazy\" src=\"https:\/\/www.youtube.com\/embed\/22G74WLs9qM\" width=\"375\" height=\"215\" frameborder=\"0\" allowfullscreen=\"allowfullscreen\"><\/iframe>--> <iframe loading=\"lazy\" src=\"https:\/\/drive.google.com\/file\/d\/18r0ATygjQvCG5obuMwlzDYO9QiaDMsye\/preview\" width=\"375\" height=\"215\" frameborder=\"0\" allowfullscreen=\"allowfullscreen\"><\/iframe><!--ANERIOR<iframe loading=\"lazy\" src=\"https:\/\/www.youtube.com\/embed\/jFUMW--xiCg\" width=\"375\" height=\"215\" frameborder=\"0\" allowfullscreen=\"allowfullscreen\"><\/iframe>--<\n\n<strong>INDONESIA<\/strong>\n<iframe loading=\"lazy\" src=\"https:\/\/drive.google.com\/file\/d\/1OqAUIbkFfuNaKMdsDbPnjC1tdqs8zpSD\/preview\" width=\"444\" height=\"250\" frameborder=\"0\" allowfullscreen=\"allowfullscreen\"><\/iframe><!--ANTERIOR<iframe loading=\"lazy\" src=\"https:\/\/www.youtube.com\/embed\/H6qMClXjkgo\" width=\"444\" height=\"250\" frameborder=\"0\" allowfullscreen=\"allowfullscreen\"><\/iframe>--><\/p>\n<p><strong>M\u00c9XICO<\/strong><br \/>\n<iframe loading=\"lazy\" src=\"https:\/\/drive.google.com\/file\/d\/1-d2YZsdeVt2EYxbi-9rqEQME8whmVLCo\/preview\" width=\"440\" height=\"255\" frameborder=\"0\" allowfullscreen=\"allowfullscreen\"><span data-mce-type=\"bookmark\" style=\"display: inline-block; width: 0px; overflow: hidden; line-height: 0;\" class=\"mce_SELRES_start\">\ufeff<\/span><\/iframe><!--ANTERIOR<iframe loading=\"lazy\" src=\"https:\/\/www.youtube.com\/embed\/qW_NgbbCpAI\" width=\"440\" height=\"255\" frameborder=\"0\" allowfullscreen=\"allowfullscreen\"><span data-mce-type=\"bookmark\" style=\"display: inline-block; width: 0px; overflow: hidden; line-height: 0;\" class=\"mce_SELRES_start\"><\/span><\/iframe>--><\/p>\n<p><strong>RD CONGO<\/strong><br \/>\n<iframe loading=\"lazy\" src=\"https:\/\/drive.google.com\/file\/d\/1I4grnmZ__DC3etIE50vcBIWoz7-1cqwy\/preview\" width=\"444\" height=\"250\" frameborder=\"0\" allowfullscreen=\"allowfullscreen\"><\/iframe><!--ANTERIOR<iframe loading=\"lazy\" src=\"https:\/\/www.youtube.com\/embed\/JP_dh4Hxiug\" width=\"444\" height=\"250\" frameborder=\"0\" allowfullscreen=\"allowfullscreen\"><\/iframe>--><\/p>\n<p><strong>SENEGAL<\/strong><br \/>\n<iframe loading=\"lazy\" src=\"https:\/\/drive.google.com\/file\/d\/10WTEQAhS_iKIziUqf9oRxM7MeEKoleIS\/preview\" width=\"444\" height=\"250\" frameborder=\"0\" allowfullscreen=\"allowfullscreen\"><\/iframe><!--ANTERIOR<iframe loading=\"lazy\" src=\"https:\/\/www.youtube.com\/embed\/2fnFawrZ8dA\" width=\"444\" height=\"250\" frameborder=\"0\" allowfullscreen=\"allowfullscreen\"><\/iframe>--><\/p>\n<p><strong>VENEZUELA<\/strong><br \/>\n<iframe loading=\"lazy\" src=\"https:\/\/drive.google.com\/file\/d\/1m_-zjghQcTEGVr4aFhyGaHVRCXxHKraL\/preview\" width=\"444\" height=\"250\" frameborder=\"0\" allowfullscreen=\"allowfullscreen\"><\/iframe><!--ANTERIOR<iframe loading=\"lazy\" src=\"https:\/\/www.youtube.com\/embed\/9toxS2alWbI\" width=\"444\" height=\"250\" frameborder=\"0\" allowfullscreen=\"allowfullscreen\"><\/iframe>--><\/p>","protected":false},"excerpt":{"rendered":"<p>Ho sentim, aquesta entrada es troba disponible \u00fanicament en Espanyol Europeu, Angl\u00e8s Americ\u00e0, Basc, Franc\u00e8s i Portugu\u00e8s De Portugal. La pandemia provocada por el Covid-19 ha [&hellip;]<\/p>\n","protected":false},"author":5,"featured_media":0,"parent":2658,"menu_order":3,"comment_status":"closed","ping_status":"closed","template":"","meta":[],"acf":[],"_links":{"self":[{"href":"https:\/\/www.educa.itakaescolapios.org\/ca\/wp-json\/wp\/v2\/pages\/2675"}],"collection":[{"href":"https:\/\/www.educa.itakaescolapios.org\/ca\/wp-json\/wp\/v2\/pages"}],"about":[{"href":"https:\/\/www.educa.itakaescolapios.org\/ca\/wp-json\/wp\/v2\/types\/page"}],"author":[{"embeddable":true,"href":"https:\/\/www.educa.itakaescolapios.org\/ca\/wp-json\/wp\/v2\/users\/5"}],"replies":[{"embeddable":true,"href":"https:\/\/www.educa.itakaescolapios.org\/ca\/wp-json\/wp\/v2\/comments?post=2675"}],"version-history":[{"count":90,"href":"https:\/\/www.educa.itakaescolapios.org\/ca\/wp-json\/wp\/v2\/pages\/2675\/revisions"}],"predecessor-version":[{"id":7613,"href":"https:\/\/www.educa.itakaescolapios.org\/ca\/wp-json\/wp\/v2\/pages\/2675\/revisions\/7613"}],"up":[{"embeddable":true,"href":"https:\/\/www.educa.itakaescolapios.org\/ca\/wp-json\/wp\/v2\/pages\/2658"}],"wp:attachment":[{"href":"https:\/\/www.educa.itakaescolapios.org\/ca\/wp-json\/wp\/v2\/media?parent=2675"}],"curies":[{"name":"wp","href":"https:\/\/api.w.org\/{rel}","templated":true}]}}