{"id":2699,"date":"2020-11-04T17:44:09","date_gmt":"2020-11-04T16:44:09","guid":{"rendered":"https:\/\/www.educa.itakaescolapios.org\/?page_id=2699"},"modified":"2021-01-03T11:46:23","modified_gmt":"2021-01-03T10:46:23","slug":"impacto-y-respuesta-de-itaka-escolapios","status":"publish","type":"page","link":"https:\/\/www.educa.itakaescolapios.org\/ca\/campanas\/2020-2021-reiniciando-para-transformar\/siente\/impacto-y-respuesta-de-itaka-escolapios","title":{"rendered":"Impacto y respuesta de Itaka-Escolapios (14 a +18)"},"content":{"rendered":"<p class=\"qtranxs-available-languages-message qtranxs-available-languages-message-ca\">Ho sentim, aquesta entrada es troba disponible \u00fanicament en <a href=\"https:\/\/www.educa.itakaescolapios.org\/es\/wp-json\/wp\/v2\/pages\/2699\" class=\"qtranxs-available-language-link qtranxs-available-language-link-es\" title=\"Espa\u00f1ol\">Espanyol Europeu<\/a>, <a href=\"https:\/\/www.educa.itakaescolapios.org\/en\/wp-json\/wp\/v2\/pages\/2699\" class=\"qtranxs-available-language-link qtranxs-available-language-link-en\" title=\"English\">Angl\u00e8s Americ\u00e0<\/a>, <a href=\"https:\/\/www.educa.itakaescolapios.org\/eu\/wp-json\/wp\/v2\/pages\/2699\" class=\"qtranxs-available-language-link qtranxs-available-language-link-eu\" title=\"Euskera\">Basc<\/a>, <a href=\"https:\/\/www.educa.itakaescolapios.org\/fr\/wp-json\/wp\/v2\/pages\/2699\" class=\"qtranxs-available-language-link qtranxs-available-language-link-fr\" title=\"Fran\u00e7ais\">Franc\u00e8s<\/a> i <a href=\"https:\/\/www.educa.itakaescolapios.org\/pt\/wp-json\/wp\/v2\/pages\/2699\" class=\"qtranxs-available-language-link qtranxs-available-language-link-pt\" title=\"Portugu\u00eas\">Portugu\u00e8s De Portugal<\/a>.<\/p><p><img decoding=\"async\" loading=\"lazy\" class=\"alignright size-medium wp-image-2703\" src=\"https:\/\/www.educa.itakaescolapios.org\/wp-content\/uploads\/2020\/11\/JIWA_COLOR-recorte-295x300.jpg\" alt=\"\" width=\"295\" height=\"300\" srcset=\"https:\/\/www.educa.itakaescolapios.org\/wp-content\/uploads\/2020\/11\/JIWA_COLOR-recorte-295x300.jpg 295w, https:\/\/www.educa.itakaescolapios.org\/wp-content\/uploads\/2020\/11\/JIWA_COLOR-recorte-1006x1024.jpg 1006w, https:\/\/www.educa.itakaescolapios.org\/wp-content\/uploads\/2020\/11\/JIWA_COLOR-recorte-768x782.jpg 768w, https:\/\/www.educa.itakaescolapios.org\/wp-content\/uploads\/2020\/11\/JIWA_COLOR-recorte-1508x1536.jpg 1508w, https:\/\/www.educa.itakaescolapios.org\/wp-content\/uploads\/2020\/11\/JIWA_COLOR-recorte-2011x2048.jpg 2011w, https:\/\/www.educa.itakaescolapios.org\/wp-content\/uploads\/2020\/11\/JIWA_COLOR-recorte-250x255.jpg 250w\" sizes=\"(max-width: 295px) 100vw, 295px\" \/><\/p>\n<p style=\"text-align: justify;\">La red Itaka-Escolapios todos los a\u00f1os realiza una campa\u00f1a de solidaridad a nivel internacional, para ayudar, colaborar, sostener alg\u00fan proyecto de la Misi\u00f3n escolapia. Ha habido campa\u00f1as para Filipinas, Senegal, R.D. Congo\u2026<\/p>\n<p style=\"text-align: justify;\">Pero este a\u00f1o, Itaka-Escolapios, comprendiendo el momento que vivimos, la situaci\u00f3n de pandemia, propone apoyar no un proyecto concreto, sino la Misi\u00f3n escolapia en general, por los ni\u00f1os, ni\u00f1as y j\u00f3venes, especialmente m\u00e1s pobres o m\u00e1s necesitados. intentaremos socorrer y apoyar a cualquier proyecto, a varios proyectos, que est\u00e9n necesitando soporte en este momento de dificultad.<\/p>\n<p style=\"text-align: justify;\">La pandemia est\u00e1 provocando mucha vulnerabilidad, no solamente a las personas, a los ni\u00f1os, a los j\u00f3venes, sino tambi\u00e9n a las instituciones. Tambi\u00e9n a los proyectos concretos que como escolapios, desde Itaka-Escolapios, estamos sosteniendo, estamos aportando.<\/p>\n<p style=\"text-align: justify;\">Por eso, esta campa\u00f1a busca una <strong>colaboraci\u00f3n con la Misi\u00f3n escolapia en General<\/strong>, en favor de los ni\u00f1os y ni\u00f1as m\u00e1s pobres de todos los lugares del mundo.<\/p>\n<p style=\"text-align: justify;\">Despu\u00e9s la red tendr\u00e1 que repartir los frutos de esta campa\u00f1a seg\u00fan las necesidades, seg\u00fan los desaf\u00edos concretos.<\/p>\n<p>&nbsp;<\/p>\n<p style=\"padding-left: 40px;\"><strong><a href=\"https:\/\/www.educa.itakaescolapios.org\/wp-content\/uploads\/2020\/11\/Impacto-y-respuesta.pdf\" target=\"_blank\" rel=\"noopener noreferrer\">Ficha PDF: Impacto y respuesta<\/a><\/strong><\/p>\n<p><strong><a href=\"https:\/\/www.educa.itakaescolapios.org\/wp-content\/uploads\/2020\/11\/Impacto-y-respuesta.pdf\" target=\"_blank\" rel=\"noopener noreferrer\"><img decoding=\"async\" loading=\"lazy\" class=\"alignleft size-medium wp-image-3014\" src=\"https:\/\/www.educa.itakaescolapios.org\/wp-content\/uploads\/2020\/11\/mano-click-verde-en-el-medio-300x107.jpg\" alt=\"\" width=\"300\" height=\"107\" srcset=\"https:\/\/www.educa.itakaescolapios.org\/wp-content\/uploads\/2020\/11\/mano-click-verde-en-el-medio-300x107.jpg 300w, https:\/\/www.educa.itakaescolapios.org\/wp-content\/uploads\/2020\/11\/mano-click-verde-en-el-medio-1024x366.jpg 1024w, https:\/\/www.educa.itakaescolapios.org\/wp-content\/uploads\/2020\/11\/mano-click-verde-en-el-medio-768x275.jpg 768w, https:\/\/www.educa.itakaescolapios.org\/wp-content\/uploads\/2020\/11\/mano-click-verde-en-el-medio-1536x549.jpg 1536w, https:\/\/www.educa.itakaescolapios.org\/wp-content\/uploads\/2020\/11\/mano-click-verde-en-el-medio-2048x732.jpg 2048w, https:\/\/www.educa.itakaescolapios.org\/wp-content\/uploads\/2020\/11\/mano-click-verde-en-el-medio-250x89.jpg 250w\" sizes=\"(max-width: 300px) 100vw, 300px\" \/><\/a><\/strong><\/p>\n<p>&nbsp;<\/p>","protected":false},"excerpt":{"rendered":"<p>Ho sentim, aquesta entrada es troba disponible \u00fanicament en Espanyol Europeu, Angl\u00e8s Americ\u00e0, Basc, Franc\u00e8s i Portugu\u00e8s De Portugal. La red Itaka-Escolapios todos los a\u00f1os realiza [&hellip;]<\/p>\n","protected":false},"author":5,"featured_media":0,"parent":2658,"menu_order":11,"comment_status":"closed","ping_status":"closed","template":"","meta":[],"acf":[],"_links":{"self":[{"href":"https:\/\/www.educa.itakaescolapios.org\/ca\/wp-json\/wp\/v2\/pages\/2699"}],"collection":[{"href":"https:\/\/www.educa.itakaescolapios.org\/ca\/wp-json\/wp\/v2\/pages"}],"about":[{"href":"https:\/\/www.educa.itakaescolapios.org\/ca\/wp-json\/wp\/v2\/types\/page"}],"author":[{"embeddable":true,"href":"https:\/\/www.educa.itakaescolapios.org\/ca\/wp-json\/wp\/v2\/users\/5"}],"replies":[{"embeddable":true,"href":"https:\/\/www.educa.itakaescolapios.org\/ca\/wp-json\/wp\/v2\/comments?post=2699"}],"version-history":[{"count":22,"href":"https:\/\/www.educa.itakaescolapios.org\/ca\/wp-json\/wp\/v2\/pages\/2699\/revisions"}],"predecessor-version":[{"id":4271,"href":"https:\/\/www.educa.itakaescolapios.org\/ca\/wp-json\/wp\/v2\/pages\/2699\/revisions\/4271"}],"up":[{"embeddable":true,"href":"https:\/\/www.educa.itakaescolapios.org\/ca\/wp-json\/wp\/v2\/pages\/2658"}],"wp:attachment":[{"href":"https:\/\/www.educa.itakaescolapios.org\/ca\/wp-json\/wp\/v2\/media?parent=2699"}],"curies":[{"name":"wp","href":"https:\/\/api.w.org\/{rel}","templated":true}]}}