{"id":2721,"date":"2020-11-04T18:17:54","date_gmt":"2020-11-04T17:17:54","guid":{"rendered":"https:\/\/www.educa.itakaescolapios.org\/?page_id=2721"},"modified":"2021-01-07T16:22:02","modified_gmt":"2021-01-07T15:22:02","slug":"compara-y-contrasta","status":"publish","type":"page","link":"https:\/\/www.educa.itakaescolapios.org\/ca\/campanas\/2020-2021-reiniciando-para-transformar\/siente\/compara-y-contrasta","title":{"rendered":"Compara y Contrasta (8 a +18)"},"content":{"rendered":"<p class=\"qtranxs-available-languages-message qtranxs-available-languages-message-ca\">Ho sentim, aquesta entrada es troba disponible \u00fanicament en <a href=\"https:\/\/www.educa.itakaescolapios.org\/es\/wp-json\/wp\/v2\/pages\/2721\" class=\"qtranxs-available-language-link qtranxs-available-language-link-es\" title=\"Espa\u00f1ol\">Espanyol Europeu<\/a>, <a href=\"https:\/\/www.educa.itakaescolapios.org\/en\/wp-json\/wp\/v2\/pages\/2721\" class=\"qtranxs-available-language-link qtranxs-available-language-link-en\" title=\"English\">Angl\u00e8s Americ\u00e0<\/a>, <a href=\"https:\/\/www.educa.itakaescolapios.org\/eu\/wp-json\/wp\/v2\/pages\/2721\" class=\"qtranxs-available-language-link qtranxs-available-language-link-eu\" title=\"Euskera\">Basc<\/a>, <a href=\"https:\/\/www.educa.itakaescolapios.org\/fr\/wp-json\/wp\/v2\/pages\/2721\" class=\"qtranxs-available-language-link qtranxs-available-language-link-fr\" title=\"Fran\u00e7ais\">Franc\u00e8s<\/a> i <a href=\"https:\/\/www.educa.itakaescolapios.org\/pt\/wp-json\/wp\/v2\/pages\/2721\" class=\"qtranxs-available-language-link qtranxs-available-language-link-pt\" title=\"Portugu\u00eas\">Portugu\u00e8s De Portugal<\/a>.<\/p><p><strong>La Tripulaci\u00f3n nos invita a analizar el impacto<\/strong> del Covid 19 en los diferentes lugares del mundo.<img decoding=\"async\" loading=\"lazy\" class=\"alignright wp-image-2722\" src=\"https:\/\/www.educa.itakaescolapios.org\/wp-content\/uploads\/2020\/11\/SUKAL_COLORecorte-1024x1009.jpg\" alt=\"\" width=\"498\" height=\"491\" srcset=\"https:\/\/www.educa.itakaescolapios.org\/wp-content\/uploads\/2020\/11\/SUKAL_COLORecorte-1024x1009.jpg 1024w, https:\/\/www.educa.itakaescolapios.org\/wp-content\/uploads\/2020\/11\/SUKAL_COLORecorte-300x296.jpg 300w, https:\/\/www.educa.itakaescolapios.org\/wp-content\/uploads\/2020\/11\/SUKAL_COLORecorte-768x757.jpg 768w, https:\/\/www.educa.itakaescolapios.org\/wp-content\/uploads\/2020\/11\/SUKAL_COLORecorte-1536x1513.jpg 1536w, https:\/\/www.educa.itakaescolapios.org\/wp-content\/uploads\/2020\/11\/SUKAL_COLORecorte-2048x2018.jpg 2048w, https:\/\/www.educa.itakaescolapios.org\/wp-content\/uploads\/2020\/11\/SUKAL_COLORecorte-250x246.jpg 250w\" sizes=\"(max-width: 498px) 100vw, 498px\" \/><\/p>\n<p>&nbsp;<\/p>\n<p><strong><a href=\"https:\/\/www.educa.itakaescolapios.org\/wp-content\/uploads\/2020\/11\/Compara-y-contrasta-pictionary.pdf\" target=\"_blank\" rel=\"noopener noreferrer\">Ficha PDF: Pictionary (8 a 14 a\u00f1os)<\/a><\/strong><\/p>\n<p style=\"padding-left: 40px;\"><a href=\"https:\/\/www.educa.itakaescolapios.org\/wp-content\/uploads\/2020\/11\/ANEXO_IMAGENES.pdf\" target=\"_blank\" rel=\"noopener noreferrer\">Anexo: im\u00e1genes<\/a><\/p>\n<p style=\"padding-left: 40px;\"><a href=\"https:\/\/www.educa.itakaescolapios.org\/wp-content\/uploads\/2020\/11\/ANEXO_COMPARAYCONTRASTA.pdf\" target=\"_blank\" rel=\"noopener noreferrer\">Anexo: compara y contrasta<\/a><\/p>\n<p>&nbsp;<\/p>\n<p><a href=\"https:\/\/www.educa.itakaescolapios.org\/wp-content\/uploads\/2020\/11\/Compara-y-contrasta-covid.pdf\">Ficha PDF: COVID 19 (14 a 16 a\u00f1os)<\/a><\/p>\n<p style=\"padding-left: 40px;\"><a href=\"https:\/\/www.educa.itakaescolapios.org\/wp-content\/uploads\/2020\/11\/ANEXO_COMPARAYCONTRASTA.pdf\" target=\"_blank\" rel=\"noopener noreferrer\">Anexo: compara y contrasta<\/a><\/p>\n<p style=\"padding-left: 40px;\"><a href=\"https:\/\/www.educa.itakaescolapios.org\/wp-content\/uploads\/2020\/11\/ANEXO_ENLACES.pdf\" target=\"_blank\" rel=\"noopener noreferrer\">Anexo: enlaces<\/a><\/p>\n<p style=\"padding-left: 40px;\"><a href=\"https:\/\/www.educa.itakaescolapios.org\/wp-content\/uploads\/2020\/11\/ANEXO_TABLA.pdf\" target=\"_blank\" rel=\"noopener noreferrer\">Anexo: tabla<\/a><\/p>\n<p>&nbsp;<\/p>\n<p><strong><a href=\"https:\/\/www.educa.itakaescolapios.org\/wp-content\/uploads\/2020\/11\/Compara-y-contrasta-protec-nin\u0303ez.pdf\" target=\"_blank\" rel=\"noopener noreferrer\">Ficha PDF: Protecci\u00f3n de la ni\u00f1ez (14 a +18)<\/a><\/strong><\/p>\n<p style=\"padding-left: 40px;\"><a href=\"https:\/\/www.educa.itakaescolapios.org\/wp-content\/uploads\/2020\/11\/Anexo-FICHA-GUTERRES-ESP.pdf\" target=\"_blank\" rel=\"noopener noreferrer\">Anexo: ficha Guterres<\/a><\/p>\n<p style=\"padding-left: 40px;\"><a href=\"https:\/\/www.educa.itakaescolapios.org\/wp-content\/uploads\/2020\/11\/Anexo-FICHA-PAIS-ESP.pdf\" target=\"_blank\" rel=\"noopener noreferrer\">Anexo: ficha pa\u00eds<\/a><\/p>\n<p>&nbsp;<\/p>\n<p><img decoding=\"async\" loading=\"lazy\" class=\"alignleft size-medium wp-image-3014\" src=\"https:\/\/www.educa.itakaescolapios.org\/wp-content\/uploads\/2020\/11\/mano-click-verde-en-el-medio-300x107.jpg\" alt=\"\" width=\"300\" height=\"107\" srcset=\"https:\/\/www.educa.itakaescolapios.org\/wp-content\/uploads\/2020\/11\/mano-click-verde-en-el-medio-300x107.jpg 300w, https:\/\/www.educa.itakaescolapios.org\/wp-content\/uploads\/2020\/11\/mano-click-verde-en-el-medio-1024x366.jpg 1024w, https:\/\/www.educa.itakaescolapios.org\/wp-content\/uploads\/2020\/11\/mano-click-verde-en-el-medio-768x275.jpg 768w, https:\/\/www.educa.itakaescolapios.org\/wp-content\/uploads\/2020\/11\/mano-click-verde-en-el-medio-1536x549.jpg 1536w, https:\/\/www.educa.itakaescolapios.org\/wp-content\/uploads\/2020\/11\/mano-click-verde-en-el-medio-2048x732.jpg 2048w, https:\/\/www.educa.itakaescolapios.org\/wp-content\/uploads\/2020\/11\/mano-click-verde-en-el-medio-250x89.jpg 250w\" sizes=\"(max-width: 300px) 100vw, 300px\" \/><\/p>\n<p>&nbsp;<\/p>\n<p>&nbsp;<\/p>","protected":false},"excerpt":{"rendered":"<p>Ho sentim, aquesta entrada es troba disponible \u00fanicament en Espanyol Europeu, Angl\u00e8s Americ\u00e0, Basc, Franc\u00e8s i Portugu\u00e8s De Portugal.La Tripulaci\u00f3n nos invita a analizar el impacto [&hellip;]<\/p>\n","protected":false},"author":5,"featured_media":0,"parent":2658,"menu_order":9,"comment_status":"closed","ping_status":"closed","template":"","meta":[],"acf":[],"_links":{"self":[{"href":"https:\/\/www.educa.itakaescolapios.org\/ca\/wp-json\/wp\/v2\/pages\/2721"}],"collection":[{"href":"https:\/\/www.educa.itakaescolapios.org\/ca\/wp-json\/wp\/v2\/pages"}],"about":[{"href":"https:\/\/www.educa.itakaescolapios.org\/ca\/wp-json\/wp\/v2\/types\/page"}],"author":[{"embeddable":true,"href":"https:\/\/www.educa.itakaescolapios.org\/ca\/wp-json\/wp\/v2\/users\/5"}],"replies":[{"embeddable":true,"href":"https:\/\/www.educa.itakaescolapios.org\/ca\/wp-json\/wp\/v2\/comments?post=2721"}],"version-history":[{"count":54,"href":"https:\/\/www.educa.itakaescolapios.org\/ca\/wp-json\/wp\/v2\/pages\/2721\/revisions"}],"predecessor-version":[{"id":4304,"href":"https:\/\/www.educa.itakaescolapios.org\/ca\/wp-json\/wp\/v2\/pages\/2721\/revisions\/4304"}],"up":[{"embeddable":true,"href":"https:\/\/www.educa.itakaescolapios.org\/ca\/wp-json\/wp\/v2\/pages\/2658"}],"wp:attachment":[{"href":"https:\/\/www.educa.itakaescolapios.org\/ca\/wp-json\/wp\/v2\/media?parent=2721"}],"curies":[{"name":"wp","href":"https:\/\/api.w.org\/{rel}","templated":true}]}}