{"id":2725,"date":"2020-11-04T18:23:06","date_gmt":"2020-11-04T17:23:06","guid":{"rendered":"https:\/\/www.educa.itakaescolapios.org\/?page_id=2725"},"modified":"2021-01-08T12:14:52","modified_gmt":"2021-01-08T11:14:52","slug":"familia-transformadora","status":"publish","type":"page","link":"https:\/\/www.educa.itakaescolapios.org\/ca\/campanas\/2020-2021-reiniciando-para-transformar\/siente\/familia-transformadora","title":{"rendered":"Familia Transformadora (2 a +18)"},"content":{"rendered":"<p class=\"qtranxs-available-languages-message qtranxs-available-languages-message-ca\">Ho sentim, aquesta entrada es troba disponible \u00fanicament en <a href=\"https:\/\/www.educa.itakaescolapios.org\/es\/wp-json\/wp\/v2\/pages\/2725\" class=\"qtranxs-available-language-link qtranxs-available-language-link-es\" title=\"Espa\u00f1ol\">Espanyol Europeu<\/a>, <a href=\"https:\/\/www.educa.itakaescolapios.org\/en\/wp-json\/wp\/v2\/pages\/2725\" class=\"qtranxs-available-language-link qtranxs-available-language-link-en\" title=\"English\">Angl\u00e8s Americ\u00e0<\/a>, <a href=\"https:\/\/www.educa.itakaescolapios.org\/eu\/wp-json\/wp\/v2\/pages\/2725\" class=\"qtranxs-available-language-link qtranxs-available-language-link-eu\" title=\"Euskera\">Basc<\/a>, <a href=\"https:\/\/www.educa.itakaescolapios.org\/fr\/wp-json\/wp\/v2\/pages\/2725\" class=\"qtranxs-available-language-link qtranxs-available-language-link-fr\" title=\"Fran\u00e7ais\">Franc\u00e8s<\/a> i <a href=\"https:\/\/www.educa.itakaescolapios.org\/pt\/wp-json\/wp\/v2\/pages\/2725\" class=\"qtranxs-available-language-link qtranxs-available-language-link-pt\" title=\"Portugu\u00eas\">Portugu\u00e8s De Portugal<\/a>.<\/p><p>Queridas familias, os invitamos a ser una familia transformadora.<\/p>\n<p>colabora con la campa\u00f1a <strong>\u201c<span style=\"text-decoration: underline;\">Re<\/span>iniciando para transformar\u201d<\/strong><\/p>\n<p>La pandemia provocada por el Covid-19 ha golpeado fuertemente a la sanidad, la econom\u00eda y a la sociedad en general. Y ha golpeado especialmente a las personas m\u00e1s vulnerables.<\/p>\n<p>Los proyectos sociales de Itaka-Escolapios tambi\u00e9n se han visto afectados por la pandemia: nos ha obligado a paralizar la actividad de los internados, centros socioculturales, cerrar presencialmente los colegios, han disminuido los ingresos econ\u00f3micos e incluso hemos tenido que posponer el inicio de nuevos proyectos sociales\u2026<\/p>\n<p><strong>Os animamos a colaborar<\/strong>:<\/p>\n<ul>\n<li>Realizando<strong> labores de voluntariado<\/strong> en Itaka-Escolapios.<\/li>\n<li>Realizando<strong> aportaciones econ\u00f3micas<\/strong> como familia en los <strong>n\u00fameros de cuenta<\/strong> que se os faciliten.<\/li>\n<li>Realizando <strong>aportaciones econ\u00f3mica<\/strong>s por medio de <strong>vuestros hijos e hijas<\/strong>.<\/li>\n<\/ul>\n<p>&nbsp;<\/p>\n<p>Necesitamos la colaboraci\u00f3n, de todos y todas, para seguir dando respuesta a las necesidades de la sociedad.<\/p>\n<p>&nbsp;<\/p>\n<p style=\"padding-left: 40px;\"><strong><a href=\"https:\/\/www.educa.itakaescolapios.org\/wp-content\/uploads\/2020\/11\/Familia-transformadora.pdf\" target=\"_blank\" rel=\"noopener noreferrer\">Ficha PDF: Familia transformadora<\/a>\u00a0<\/strong><\/p>\n<p><strong><a href=\"https:\/\/www.educa.itakaescolapios.org\/wp-content\/uploads\/2020\/11\/Familia-transformadora.pdf\" target=\"_blank\" rel=\"noopener noreferrer\"><img decoding=\"async\" loading=\"lazy\" class=\"alignleft size-medium wp-image-3014\" src=\"https:\/\/www.educa.itakaescolapios.org\/wp-content\/uploads\/2020\/11\/mano-click-verde-en-el-medio-300x107.jpg\" alt=\"\" width=\"300\" height=\"107\" srcset=\"https:\/\/www.educa.itakaescolapios.org\/wp-content\/uploads\/2020\/11\/mano-click-verde-en-el-medio-300x107.jpg 300w, https:\/\/www.educa.itakaescolapios.org\/wp-content\/uploads\/2020\/11\/mano-click-verde-en-el-medio-1024x366.jpg 1024w, https:\/\/www.educa.itakaescolapios.org\/wp-content\/uploads\/2020\/11\/mano-click-verde-en-el-medio-768x275.jpg 768w, https:\/\/www.educa.itakaescolapios.org\/wp-content\/uploads\/2020\/11\/mano-click-verde-en-el-medio-1536x549.jpg 1536w, https:\/\/www.educa.itakaescolapios.org\/wp-content\/uploads\/2020\/11\/mano-click-verde-en-el-medio-2048x732.jpg 2048w, https:\/\/www.educa.itakaescolapios.org\/wp-content\/uploads\/2020\/11\/mano-click-verde-en-el-medio-250x89.jpg 250w\" sizes=\"(max-width: 300px) 100vw, 300px\" \/><\/a><\/strong><img decoding=\"async\" loading=\"lazy\" class=\"aligncenter wp-image-2707\" src=\"https:\/\/www.educa.itakaescolapios.org\/wp-content\/uploads\/2020\/11\/ELIKIA-ESENGO_COLOR-recorte-1024x992.jpg\" alt=\"\" width=\"850\" height=\"823\" srcset=\"https:\/\/www.educa.itakaescolapios.org\/wp-content\/uploads\/2020\/11\/ELIKIA-ESENGO_COLOR-recorte-1024x992.jpg 1024w, https:\/\/www.educa.itakaescolapios.org\/wp-content\/uploads\/2020\/11\/ELIKIA-ESENGO_COLOR-recorte-300x291.jpg 300w, https:\/\/www.educa.itakaescolapios.org\/wp-content\/uploads\/2020\/11\/ELIKIA-ESENGO_COLOR-recorte-768x744.jpg 768w, https:\/\/www.educa.itakaescolapios.org\/wp-content\/uploads\/2020\/11\/ELIKIA-ESENGO_COLOR-recorte-1536x1487.jpg 1536w, https:\/\/www.educa.itakaescolapios.org\/wp-content\/uploads\/2020\/11\/ELIKIA-ESENGO_COLOR-recorte-2048x1983.jpg 2048w, https:\/\/www.educa.itakaescolapios.org\/wp-content\/uploads\/2020\/11\/ELIKIA-ESENGO_COLOR-recorte-250x242.jpg 250w\" sizes=\"(max-width: 850px) 100vw, 850px\" \/><\/p>","protected":false},"excerpt":{"rendered":"<p>Ho sentim, aquesta entrada es troba disponible \u00fanicament en Espanyol Europeu, Angl\u00e8s Americ\u00e0, Basc, Franc\u00e8s i Portugu\u00e8s De Portugal.Queridas familias, os invitamos a ser una familia [&hellip;]<\/p>\n","protected":false},"author":5,"featured_media":0,"parent":2658,"menu_order":7,"comment_status":"closed","ping_status":"closed","template":"","meta":[],"acf":[],"_links":{"self":[{"href":"https:\/\/www.educa.itakaescolapios.org\/ca\/wp-json\/wp\/v2\/pages\/2725"}],"collection":[{"href":"https:\/\/www.educa.itakaescolapios.org\/ca\/wp-json\/wp\/v2\/pages"}],"about":[{"href":"https:\/\/www.educa.itakaescolapios.org\/ca\/wp-json\/wp\/v2\/types\/page"}],"author":[{"embeddable":true,"href":"https:\/\/www.educa.itakaescolapios.org\/ca\/wp-json\/wp\/v2\/users\/5"}],"replies":[{"embeddable":true,"href":"https:\/\/www.educa.itakaescolapios.org\/ca\/wp-json\/wp\/v2\/comments?post=2725"}],"version-history":[{"count":19,"href":"https:\/\/www.educa.itakaescolapios.org\/ca\/wp-json\/wp\/v2\/pages\/2725\/revisions"}],"predecessor-version":[{"id":4315,"href":"https:\/\/www.educa.itakaescolapios.org\/ca\/wp-json\/wp\/v2\/pages\/2725\/revisions\/4315"}],"up":[{"embeddable":true,"href":"https:\/\/www.educa.itakaescolapios.org\/ca\/wp-json\/wp\/v2\/pages\/2658"}],"wp:attachment":[{"href":"https:\/\/www.educa.itakaescolapios.org\/ca\/wp-json\/wp\/v2\/media?parent=2725"}],"curies":[{"name":"wp","href":"https:\/\/api.w.org\/{rel}","templated":true}]}}