{"id":276,"date":"2018-04-04T10:45:47","date_gmt":"2018-04-04T08:45:47","guid":{"rendered":"http:\/\/www.educa.itakaescolapios.org\/?page_id=276"},"modified":"2018-04-04T10:46:00","modified_gmt":"2018-04-04T08:46:00","slug":"superheroes-al-servicio-de-la-educacion","status":"publish","type":"page","link":"https:\/\/www.educa.itakaescolapios.org\/ca\/campanas\/2013-2014-estamos-por-ti-educamos-contigo\/superheroes-al-servicio-de-la-educacion","title":{"rendered":"SUPERH\u00c9ROES AL SERVICIO DE LA EDUCACI\u00d3N"},"content":{"rendered":"<p class=\"qtranxs-available-languages-message qtranxs-available-languages-message-ca\">Ho sentim, aquesta entrada es troba disponible \u00fanicament en <a href=\"https:\/\/www.educa.itakaescolapios.org\/es\/wp-json\/wp\/v2\/pages\/276\" class=\"qtranxs-available-language-link qtranxs-available-language-link-es\" title=\"Espa\u00f1ol\">Espanyol Europeu<\/a>.<\/p><p><img decoding=\"async\" loading=\"lazy\" class=\"alignleft  wp-image-7663\" alt=\"todos\" src=\"http:\/\/www.itakaescolapios.org\/wp-content\/uploads\/2013\/10\/todos-731x1024.jpg\" width=\"263\" height=\"368\" \/>\u201cLOS PORTI\u201d son una pandilla de 5 superh\u00e9roes que viajan alrededor del mundo en su mano voladora, para ense\u00f1ar a todos los ni\u00f1os y ni\u00f1as que las personas tenemos un poder dentro de nosotros, que debemos encontrarlo y ponerlo al servicio de los dem\u00e1s.<\/p>\n<p><em><span style=\"color: #000000;\"><strong><a href=\"http:\/\/www.itakaescolapios.org\/wp-content\/uploads\/2013\/10\/VOYAGE.pdf\" target=\"_blank\">VOYAGE<\/a> <\/strong>(&#8220;viaje&#8221; en franc\u00e9s)<\/span><\/em><strong><span style=\"color: #000000;\"> <\/span><\/strong>es la superh\u00e9roe aventurera, le encanta conocer diferentes lugares y hacer nuevos amigos. Tiene el poder de transmitir y denunciar todo lo ve a trav\u00e9s de su fotos, por eso siempre le acompa\u00f1a su c\u00e1mara. Cuando viaja participa de la vida de las ciudades, sus fiestas, tradiciones, habla con sus gentes\u2026 para as\u00ed poder contarlo.<\/p>\n<p><em><strong><span style=\"color: #000000;\"><a href=\"http:\/\/www.itakaescolapios.org\/wp-content\/uploads\/2013\/10\/ERRUKI.pdf\" target=\"_blank\">ERRUKI<\/a> <\/span><\/strong><span style=\"color: #000000;\">(&#8220;piedad&#8221; en euskera) <\/span><\/em>es la superh\u00e9roe luminosa, cuando ve a alguien triste o preocupado es capaz de llenarle de esperanza. Su poder est\u00e1 en su farolillo ya que con \u00e9l puede poner luz d\u00f3nde hay oscuridad.<\/p>\n<p><em><strong><span style=\"color: #000000;\"><a href=\"http:\/\/www.itakaescolapios.org\/wp-content\/uploads\/2013\/10\/JOY.pdf\" target=\"_blank\">JOY<\/a> <\/span><\/strong><span style=\"color: #000000;\">(&#8220;alegr\u00eda&#8221; en ingl\u00e9s)<\/span><\/em><strong><span style=\"color: #000000;\"> <\/span><\/strong>es el superh\u00e9roe \u201cbuenrollero\u201d, siempre va con una gran sonrisa, transmitiendo alegr\u00eda. Para \u00e9l todo tiene un lado positivo. Le encanta jugar y ense\u00f1ar a la gente a divertirse. Tiene el poder de contagiar sonrisas.<\/p>\n<p><em><span style=\"color: #000000;\"><a href=\"http:\/\/www.itakaescolapios.org\/wp-content\/uploads\/2013\/10\/CAP.pdf\" target=\"_blank\">CAP<\/a> (&#8220;cabeza&#8221; en valenciano) <\/span>es el superh\u00e9roe m\u00e1s veterano, el sabio, el que ante cualquier duda todos acuden a \u00e9l, porque todo su conocimiento est\u00e1 al servicio de los dem\u00e1s. Es bajito con unas gafas grandes que tienen el poder de retener todo lo que observa y lee.<\/em><\/p>\n<p><strong><span style=\"color: #000000;\"><a href=\"http:\/\/www.itakaescolapios.org\/wp-content\/uploads\/2013\/10\/TROCCO.pdf\" target=\"_blank\">TROCO<\/a> <\/span><\/strong><span style=\"color: #000000;\"><em>(&#8220;cambio&#8221; en portugu\u00e9s)<\/em><\/span> es el superh\u00e9roe m\u00e1s peque\u00f1o. El emp\u00e1tico que sabe ponerse en el lugar del otro. Su   poder est\u00e1 en sus o\u00eddos. Siempre va con su tel\u00e9fono de juguete para escuchar a todo aqu\u00e9l que quiera ser escuchado. Para \u00e9l, el saber escuchar le permite conocer y entender a los dem\u00e1s.<\/p>\n<p><strong><span style=\"color: #800080;\">KIT DE SUPERH\u00c9ROE<\/span><\/strong><\/p>\n<p>A continuaci\u00f3n puedes encontrar los elementos b\u00e1sicos para poder disfrazarte de superh\u00e9roe, y hacerte una foto junto a tus amigos y amigas, al igual que nuestros h\u00e9roes de la pandilla \u201cLOS PORTI\u201d. Disfr\u00e1zate, convi\u00e9rtete en VOYAGE, ERRUKI, JOY, CAP o TROCO porque todos tenemos un don que poner al servicio de los dem\u00e1s.<\/p>\n<ul>\n<li><a href=\"http:\/\/www.itakaescolapios.org\/wp-content\/uploads\/2013\/10\/Mano-para-recortar.pdf\" target=\"_blank\">Descargar plantilla de la mano voladora<\/a><\/li>\n<li><a href=\"http:\/\/www.itakaescolapios.org\/wp-content\/uploads\/2013\/10\/Antifaces.pdf\" target=\"_blank\">Descargar plantillas para hacer antifaces<\/a><\/li>\n<li><a href=\"http:\/\/www.itakaescolapios.org\/wp-content\/uploads\/2013\/10\/Como-hacer-una-capa-de-superheroe.pdf\" target=\"_blank\">Descargar archivo para hacer una capa de superh\u00e9roe<\/a><\/li>\n<li><a href=\"http:\/\/www.itakaescolapios.org\/wp-content\/uploads\/2013\/10\/Plantilla-para-hacer-una-capa-de-superheroe.pdf\" target=\"_blank\">Descargar plantilla para hacer una capa de superh\u00e9roe<\/a><\/li>\n<\/ul>\n<p><\/p>","protected":false},"excerpt":{"rendered":"<p>Ho sentim, aquesta entrada es troba disponible \u00fanicament en Espanyol Europeu.\u201cLOS PORTI\u201d son una pandilla de 5 superh\u00e9roes que viajan alrededor del mundo en su mano [&hellip;]<\/p>\n","protected":false},"author":1,"featured_media":0,"parent":232,"menu_order":5,"comment_status":"closed","ping_status":"closed","template":"","meta":[],"acf":[],"_links":{"self":[{"href":"https:\/\/www.educa.itakaescolapios.org\/ca\/wp-json\/wp\/v2\/pages\/276"}],"collection":[{"href":"https:\/\/www.educa.itakaescolapios.org\/ca\/wp-json\/wp\/v2\/pages"}],"about":[{"href":"https:\/\/www.educa.itakaescolapios.org\/ca\/wp-json\/wp\/v2\/types\/page"}],"author":[{"embeddable":true,"href":"https:\/\/www.educa.itakaescolapios.org\/ca\/wp-json\/wp\/v2\/users\/1"}],"replies":[{"embeddable":true,"href":"https:\/\/www.educa.itakaescolapios.org\/ca\/wp-json\/wp\/v2\/comments?post=276"}],"version-history":[{"count":1,"href":"https:\/\/www.educa.itakaescolapios.org\/ca\/wp-json\/wp\/v2\/pages\/276\/revisions"}],"predecessor-version":[{"id":277,"href":"https:\/\/www.educa.itakaescolapios.org\/ca\/wp-json\/wp\/v2\/pages\/276\/revisions\/277"}],"up":[{"embeddable":true,"href":"https:\/\/www.educa.itakaescolapios.org\/ca\/wp-json\/wp\/v2\/pages\/232"}],"wp:attachment":[{"href":"https:\/\/www.educa.itakaescolapios.org\/ca\/wp-json\/wp\/v2\/media?parent=276"}],"curies":[{"name":"wp","href":"https:\/\/api.w.org\/{rel}","templated":true}]}}