{"id":2762,"date":"2020-11-04T23:42:33","date_gmt":"2020-11-04T22:42:33","guid":{"rendered":"https:\/\/www.educa.itakaescolapios.org\/?page_id=2762"},"modified":"2021-01-08T12:38:07","modified_gmt":"2021-01-08T11:38:07","slug":"comparte","status":"publish","type":"page","link":"https:\/\/www.educa.itakaescolapios.org\/ca\/campanas\/2020-2021-reiniciando-para-transformar\/comparte","title":{"rendered":"\u00a1Comparte!"},"content":{"rendered":"<p class=\"qtranxs-available-languages-message qtranxs-available-languages-message-ca\">Ho sentim, aquesta entrada es troba disponible \u00fanicament en <a href=\"https:\/\/www.educa.itakaescolapios.org\/es\/wp-json\/wp\/v2\/pages\/2762\" class=\"qtranxs-available-language-link qtranxs-available-language-link-es\" title=\"Espa\u00f1ol\">Espanyol Europeu<\/a>, <a href=\"https:\/\/www.educa.itakaescolapios.org\/en\/wp-json\/wp\/v2\/pages\/2762\" class=\"qtranxs-available-language-link qtranxs-available-language-link-en\" title=\"English\">Angl\u00e8s Americ\u00e0<\/a>, <a href=\"https:\/\/www.educa.itakaescolapios.org\/eu\/wp-json\/wp\/v2\/pages\/2762\" class=\"qtranxs-available-language-link qtranxs-available-language-link-eu\" title=\"Euskera\">Basc<\/a>, <a href=\"https:\/\/www.educa.itakaescolapios.org\/fr\/wp-json\/wp\/v2\/pages\/2762\" class=\"qtranxs-available-language-link qtranxs-available-language-link-fr\" title=\"Fran\u00e7ais\">Franc\u00e8s<\/a> i <a href=\"https:\/\/www.educa.itakaescolapios.org\/pt\/wp-json\/wp\/v2\/pages\/2762\" class=\"qtranxs-available-language-link qtranxs-available-language-link-pt\" title=\"Portugu\u00eas\">Portugu\u00e8s De Portugal<\/a>.<\/p><p><img decoding=\"async\" loading=\"lazy\" class=\"alignright wp-image-2805\" src=\"https:\/\/www.educa.itakaescolapios.org\/wp-content\/uploads\/2020\/11\/recorteCOMPARTE-Cartel-DFC-Espan\u0303a-516x730-2-251x300.png\" alt=\"\" width=\"35%\" height=\"35%\" srcset=\"https:\/\/www.educa.itakaescolapios.org\/wp-content\/uploads\/2020\/11\/recorteCOMPARTE-Cartel-DFC-Espan\u0303a-516x730-2-251x300.png 251w, https:\/\/www.educa.itakaescolapios.org\/wp-content\/uploads\/2020\/11\/recorteCOMPARTE-Cartel-DFC-Espan\u0303a-516x730-2-250x299.png 250w, https:\/\/www.educa.itakaescolapios.org\/wp-content\/uploads\/2020\/11\/recorteCOMPARTE-Cartel-DFC-Espan\u0303a-516x730-2.png 435w\" sizes=\"(max-width: 251px) 100vw, 251px\" \/>Si est\u00e1s leyendo estas l\u00edneas significa que te encuentras inmerso\/a en el desarrollo de la campa\u00f1a de solidaridad escolapia 20-21 \u201c<strong>Re<\/strong>iniciando para transformar\u201d o incluso la acabas de finalizar.<\/p>\n<p>Llega el momento de \u00a1\u00a1Compartir!! aquellas acciones transformadoras que est\u00e1is realizando o ya hab\u00e9is realizado.<br \/>\nEst\u00e1s en la quinta fase de la metodolog\u00eda \u201cDesign for change-Dise\u00f1o para el cambio\u201d, COMPARTE.<\/p>\n<p>Te pedimos que compartas en la red Educa, en las p\u00e1ginas webs y redes sociales de tu colegio, parroquia, movimiento Calasanz, sede de Itaka-Escolapios o redes sociales personales\u2026 las acciones transformadoras que hab\u00e9is realizado durante la campa\u00f1a.<\/p>\n<p><strong>Te proponemos esta difusi\u00f3n con un triple objetivo:<\/strong><\/p>\n<ol>\n<li><strong>Reconocer la labor realizada<\/strong> por el alumnado, miembros de los grupos, entidades\u2026 narrando las acciones solidarias realizadas.<\/li>\n<li><strong>Sugerir y motivar<\/strong> a otros colegios, parroquias, grupos, sedes de la red Itaka-Escolapios a realizar acciones transformadoras durante la campa\u00f1a \u201cReiniciando para transformar\u201d.<\/li>\n<li><strong>Invitar a colaborar econ\u00f3micamente y desde el voluntariado<\/strong> con la campa\u00f1a de solidaridad escolapia 20-21 \u201cReiniciando para transformar\u201d<\/li>\n<\/ol>\n<p>Te proponemos realizar t\u00fa \u00a1\u00a1Compartir!! desde estos espacios:<\/p>\n<p style=\"padding-left: 40px;\">\u25cf <strong>P\u00e1ginas webs y redes sociales<\/strong> institucionales o personales.<\/p>\n<p style=\"padding-left: 40px;\">\u25cf En la <strong>web de Itaka-Escolapios<\/strong> enviando la noticia a itakaescolapio@itakaescolapios.org<\/p>\n<p style=\"padding-left: 40px;\">\u25cf Subiendo la acci\u00f3n transformadora a la<strong> red educa.itakaescolapios<\/strong> cumplimentando este sencillo formulario: https:\/\/www.educa.itakaescolapios.org\/it\/participa<\/p>\n<p>&nbsp;<\/p>\n<p>A modo de ejemplo te adjuntamos algunas de los <strong>gestos solidarios ya realizados:<\/strong><\/p>\n<p style=\"padding-left: 40px;\">\u25cf En algunas comunidades educativas, las AMPAS, clubes deportivos, etc. han realizado <strong>donativos extraordinarios para la misi\u00f3n escolapia.<\/strong><\/p>\n<p style=\"padding-left: 40px;\">\u25cf Algunos religiosos de la Orden han <strong>reducido al m\u00ednimo su asignaci\u00f3n personal<\/strong>, para volcarla en la atenci\u00f3n de las necesidades m\u00e1s cercanas.<\/p>\n<p style=\"padding-left: 40px;\">\u25cf En alguna Fraternidad se ha planteado reforzar el compromiso solidario <strong>m\u00e1s all\u00e1 del diezmo<\/strong>, en esta situaci\u00f3n de especial necesidad.<\/p>\n<p style=\"padding-left: 40px;\">\u25cf Otras personas, que no se han visto afectadas en sus ingresos, han manifestado su disposici\u00f3n de convertir la <strong>paga extraordinaria en un donativo especial<\/strong>.<\/p>\n<p><\/p>","protected":false},"excerpt":{"rendered":"<p>Ho sentim, aquesta entrada es troba disponible \u00fanicament en Espanyol Europeu, Angl\u00e8s Americ\u00e0, Basc, Franc\u00e8s i Portugu\u00e8s De Portugal.Si est\u00e1s leyendo estas l\u00edneas significa que te [&hellip;]<\/p>\n","protected":false},"author":5,"featured_media":0,"parent":2618,"menu_order":6,"comment_status":"closed","ping_status":"closed","template":"","meta":[],"acf":[],"_links":{"self":[{"href":"https:\/\/www.educa.itakaescolapios.org\/ca\/wp-json\/wp\/v2\/pages\/2762"}],"collection":[{"href":"https:\/\/www.educa.itakaescolapios.org\/ca\/wp-json\/wp\/v2\/pages"}],"about":[{"href":"https:\/\/www.educa.itakaescolapios.org\/ca\/wp-json\/wp\/v2\/types\/page"}],"author":[{"embeddable":true,"href":"https:\/\/www.educa.itakaescolapios.org\/ca\/wp-json\/wp\/v2\/users\/5"}],"replies":[{"embeddable":true,"href":"https:\/\/www.educa.itakaescolapios.org\/ca\/wp-json\/wp\/v2\/comments?post=2762"}],"version-history":[{"count":15,"href":"https:\/\/www.educa.itakaescolapios.org\/ca\/wp-json\/wp\/v2\/pages\/2762\/revisions"}],"predecessor-version":[{"id":4319,"href":"https:\/\/www.educa.itakaescolapios.org\/ca\/wp-json\/wp\/v2\/pages\/2762\/revisions\/4319"}],"up":[{"embeddable":true,"href":"https:\/\/www.educa.itakaescolapios.org\/ca\/wp-json\/wp\/v2\/pages\/2618"}],"wp:attachment":[{"href":"https:\/\/www.educa.itakaescolapios.org\/ca\/wp-json\/wp\/v2\/media?parent=2762"}],"curies":[{"name":"wp","href":"https:\/\/api.w.org\/{rel}","templated":true}]}}