{"id":282,"date":"2018-04-04T10:47:50","date_gmt":"2018-04-04T08:47:50","guid":{"rendered":"http:\/\/www.educa.itakaescolapios.org\/?page_id=282"},"modified":"2018-04-04T10:47:50","modified_gmt":"2018-04-04T08:47:50","slug":"dossier-de-actividades","status":"publish","type":"page","link":"https:\/\/www.educa.itakaescolapios.org\/ca\/campanas\/2013-2014-estamos-por-ti-educamos-contigo\/dossier-de-actividades","title":{"rendered":"DOSSIER DE ACTIVIDADES"},"content":{"rendered":"<p class=\"qtranxs-available-languages-message qtranxs-available-languages-message-ca\">Ho sentim, aquesta entrada es troba disponible \u00fanicament en <a href=\"https:\/\/www.educa.itakaescolapios.org\/es\/wp-json\/wp\/v2\/pages\/282\" class=\"qtranxs-available-language-link qtranxs-available-language-link-es\" title=\"Espa\u00f1ol\">Espanyol Europeu<\/a>.<\/p><p><img decoding=\"async\" loading=\"lazy\" class=\"alignleft  wp-image-7802\" alt=\"Equipo puzzle\" src=\"http:\/\/www.itakaescolapios.org\/wp-content\/uploads\/2013\/10\/Equipo-puzzle.jpg\" width=\"240\" height=\"278\" \/><\/p>\n<p style=\"text-align: justify;\">A continuaci\u00f3n presentamos una serie de actividades orientativas para trabajar en las aulas (tambi\u00e9n pueden ser trasladadas al \u00e1mbito extraescolar), la importancia de la educaci\u00f3n como elemento de cambio personal y el valor de poner los dones que cada persona tiene al servicio de los dem\u00e1s.<\/p>\n<p style=\"text-align: justify;\"><strong>&#8220;LOS PORTI&#8221;<\/strong> nos invitan en el apartado <a href=\"http:\/\/www.itakaescolapios.org\/campanas\/estamos-por-ti-educamos-contigo\/superheroes-al-servicio-de-la-educacion\/\" target=\"_blank\">&#8220;superh\u00e9roes al servicio de la educaci\u00f3n&#8221;<\/a> a disfrutar disfraz\u00e1ndonos, a recortar y fabricar una mano gigante con el lema de la campa\u00f1a y a sacarnos una foto con nuestra pandilla.<\/p>\n<p style=\"text-align: justify;\">Adem\u00e1s de esto, nos proponen una actividad especial. Nos invitan a que cada una y cada uno de nosotros cambiemos la cara de su cartel por una foto nuestra, se\u00f1alando en ese nuevo cartel el don que podemos poner al servicio de los dem\u00e1s. Puedes encontrar la informaci\u00f3n sobre esta dinamica en el siguiente enlace: <a href=\"http:\/\/www.educa.itakaescolapios.org\/cooperacion-norte-sur\/campana-2013-2014-cadena-solidaria-soy-un-superheroe\/\" target=\"_blank\">CADENA SOLIDARIA &#8211; SOY UN SUPERH\u00c9ROE<\/a><\/p>\n<p style=\"text-align: justify;\"><strong>TROCO<\/strong>, siempre alerta, nos hace una invitaci\u00f3n especial. Nos propone ayudar al mundo con el <strong>reciclaje de m\u00f3viles<\/strong>, en desuso, de nuestras familias y amistades. Con el reciclaje de m\u00f3viles conseguiremos reducir el consumo de nueva materia prima, reducir el uso de energ\u00eda y, reducir la contaminaci\u00f3n. Pero adem\u00e1s conseguiremos fondos para los proyectos educativos presentados en esta campa\u00f1a.<\/p>\n<table border=\"1\" cellspacing=\"0\" cellpadding=\"0\">\n<tbody>\n<tr>\n<td colspan=\"3\" width=\"576\">\n<p style=\"text-align: center;\" align=\"center\"><span style=\"color: #ff3399;\"><b>INFANTIL<\/b><\/span><b><\/b><\/p>\n<\/td>\n<\/tr>\n<tr>\n<td width=\"192\"><a href=\"http:\/\/www.educa.itakaescolapios.org\/cooperacion-norte-sur\/campana-2013-2014.-tardes-solidarias\/\" target=\"_blank\"><em><strong>TARDES SOLIDARIAS<\/strong><\/em><\/a><\/td>\n<td width=\"192\">\n<p align=\"center\">2-3 a\u00f1os<\/p>\n<\/td>\n<td valign=\"top\" width=\"192\">Actividades a trabajar y conocer cada uno de los   superh\u00e9roes:<\/p>\n<ul>\n<li>  CAP: cuenta cuentos<\/li>\n<li>  TROCO: fichas de caritas con sentimientos<\/li>\n<li>  Voyage: danzas del mundo<\/li>\n<li>  JOY: disfraces de superh\u00e9roes<\/li>\n<li>  ERRUKI: peque\u00f1a oraci\u00f3n<\/li>\n<\/ul>\n<\/td>\n<\/tr>\n<tr>\n<td width=\"192\"><a href=\"http:\/\/www.educa.itakaescolapios.org\/cooperacion-norte-sur\/campana-2013-2014.-los-porti-en-tu-mano\/\" target=\"_blank\"><em><strong>LOS PORTI EN TU MANO<\/strong><\/em><\/a><\/td>\n<td width=\"192\">\n<p align=\"center\">4-5 a\u00f1os<\/p>\n<\/td>\n<td style=\"text-align: justify;\" width=\"192\">Los peque\u00f1os construir\u00e1n marionetas de dedo (en   papel). Y despu\u00e9s aprender\u00e1n una poes\u00eda sobre los superh\u00e9roes.<\/td>\n<\/tr>\n<tr>\n<td style=\"text-align: left;\" width=\"192\"><a href=\"http:\/\/www.educa.itakaescolapios.org\/cooperacion-norte-sur\/campana-2013-2014-foto-baila\/\" target=\"_blank\"><em><strong>FOTO BAILA<\/strong><\/em><\/a><\/td>\n<td width=\"192\">\n<p align=\"center\">4-5 a\u00f1os<\/p>\n<\/td>\n<td valign=\"top\" width=\"192\">A trav\u00e9s de fotograf\u00edas, los ni\u00f1os podr\u00e1n ver las   diferencias  y similitudes entre la   realidad del norte y la del sur. Utilizamos el fotobaila para que conozcan   los distintos \u201ctrast\u00e9veres\u201d donde se llevan a cabo nuestros proyectos.<\/td>\n<\/tr>\n<tr>\n<td colspan=\"3\" valign=\"top\" width=\"576\">\n<p style=\"text-align: center;\" align=\"center\"><span style=\"color: #ff3399;\"><b>PRIMARIA<\/b><\/span><b><\/b><\/p>\n<\/td>\n<\/tr>\n<tr>\n<td width=\"192\"><a href=\"http:\/\/www.educa.itakaescolapios.org\/cooperacion-norte-sur\/campana-2013-2014-y-tu-bfcomo-te-sientes\/\" target=\"_blank\"><em><strong>Y T\u00da, \u00bfC\u00d3MO TE SIENTES?<\/strong><\/em><\/a><\/td>\n<td width=\"192\">\n<p align=\"center\">1<sup>er<\/sup> Ciclo<\/p>\n<\/td>\n<td valign=\"top\" width=\"192\">Actividad que promueve el conocimiento de los   compa\u00f1eros de clase, la empat\u00eda y c\u00f3mo deber\u00eda ser nuestra relaci\u00f3n con los   amigos\/compa\u00f1eros.<\/p>\n<p>Esta din\u00e1mica la presenta TROCO, y se pretende   trabajar c\u00f3mo expresamos nuestros sentimientos, c\u00f3mo interpretar los de los   dem\u00e1s y c\u00f3mo reaccionar ante ellos.<\/td>\n<\/tr>\n<tr>\n<td width=\"192\"><a href=\"http:\/\/www.educa.itakaescolapios.org\/cooperacion-norte-sur\/campana-2013-2014-juegos-del-mundo-1\/?searchterm=juegos*\" target=\"_blank\"><em><strong>JUEGOS DEL MUNDO<\/strong><\/em><\/a><\/td>\n<td width=\"192\">\n<p align=\"center\">1<sup>er<\/sup> Ciclo<\/p>\n<\/td>\n<td valign=\"top\" width=\"192\">JOY es el encargado de presentar las realidades   donde desarrollamos proyectos de educaci\u00f3n no formal, y como a trav\u00e9s del   juego tambi\u00e9n se educa. Jugaremos despu\u00e9s a juegos populares de distintos   pa\u00edses.<\/td>\n<\/tr>\n<tr>\n<td width=\"192\"><a href=\"http:\/\/www.educa.itakaescolapios.org\/cooperacion-norte-sur\/campana-2013-2014-luz-para-los-amigos\/\" target=\"_blank\"><em><strong>LUZ PARA LOS AMIGOS<\/strong><\/em><\/a><\/td>\n<td width=\"192\">\n<p align=\"center\">2\u00ba Ciclo<\/p>\n<\/td>\n<td valign=\"top\" width=\"192\">Actividad en la que se trabaja el   autoconocimiento y, en especial las propias cualidades que podemos poner al servicio   a los dem\u00e1s. A trav\u00e9s de un taller en el que construir\u00e1n un farolillo   personalizado, que se utilizar\u00e1 en una sencilla oraci\u00f3n.<\/td>\n<\/tr>\n<tr>\n<td width=\"192\"><a href=\"http:\/\/www.educa.itakaescolapios.org\/cooperacion-norte-sur\/campana-2013-2014-investigando-con-cap\/\" target=\"_blank\"><em><strong>INVESTIGANDO CON CAP<\/strong><\/em><\/a><\/td>\n<td width=\"192\">\n<p align=\"center\">2\u00ba Ciclo<\/p>\n<\/td>\n<td valign=\"top\" width=\"192\">Juego de pistas por el colegio en el que han   de descubrir realidades\/proyectos con los que trabajamos. Servir\u00e1 para   conocer mejor un proyecto concreto que despu\u00e9s expondr\u00e1n al resto de la clase.<\/td>\n<\/tr>\n<tr>\n<td width=\"192\"><a href=\"http:\/\/www.educa.itakaescolapios.org\/cooperacion-norte-sur\/campana-2013-2014-noticias-para-educar\/\" target=\"_blank\"><em><strong>NOTICIAS PARA EDUCAR<\/strong><\/em><\/a><\/td>\n<td width=\"192\">\n<p align=\"center\">3<sup>er<\/sup> Ciclo<\/p>\n<\/td>\n<td valign=\"top\" width=\"192\">An\u00e1lisis de noticias que relaten   dificultades educativas. Con un sencillo juego conocer\u00e1n las historias, y   despu\u00e9s de analizarlas y dialogar sobre las situaciones descritas, los   alumnos plantear\u00e1n ideas para concretar su acci\u00f3n: \u00bfC\u00f3mo puede los alumnos   dar a conocer la situaci\u00f3n?<\/td>\n<\/tr>\n<tr>\n<td width=\"192\"><a href=\"http:\/\/www.educa.itakaescolapios.org\/cooperacion-norte-sur\/campana-2013-2014-llevar-la-esperanza-a-los-trasteveres-del-mundo\/?searchterm=Campa%C3%B1a*%202013-2014*\" target=\"_blank\"><em><strong>LLEVAR LA ESPERANZA A LOS TRAST\u00c9VERES DEL   MUNDO<\/strong><\/em><\/a><\/td>\n<td width=\"192\">\n<p align=\"center\">3<sup>er<\/sup> Ciclo<\/p>\n<\/td>\n<td valign=\"top\" width=\"192\">Despu\u00e9s de presentar y dialogar sobre los   proyectos\/trast\u00e9veres que se van a apoyar durante la campa\u00f1a, los alumnos\/as   elaborar\u00e1n sencillas oraciones personales por los usuarios de los mismos, por   los voluntarios, escolapios o trabajadores que los llevan a cabo, por las   comunidades afectadas, etc.<\/td>\n<\/tr>\n<tr>\n<td colspan=\"3\" valign=\"top\" width=\"576\">\n<p style=\"text-align: center;\" align=\"center\"><span style=\"color: #ff3399;\"><b>SECUNDARIA<\/b><\/span><b><\/b><\/p>\n<\/td>\n<\/tr>\n<tr>\n<td width=\"192\"><a href=\"http:\/\/www.educa.itakaescolapios.org\/cooperacion-norte-sur\/campana-2013-2014-porty-co\/\" target=\"_blank\"><em><strong>PORTI &amp; Co<\/strong><\/em><\/a><\/td>\n<td width=\"192\">\n<p align=\"center\">1<sup>er<\/sup> Ciclo<\/p>\n<\/td>\n<td valign=\"top\" width=\"192\">Se propone un juego para el aula similar al   \u201cPARTY\u201d en el que por equipos y seg\u00fan la casilla que les vaya tocando, los   alumnos deber\u00e1n realizar pruebas como: m\u00edmica, preguntas o canciones.<\/td>\n<\/tr>\n<tr>\n<td width=\"192\"><a href=\"http:\/\/www.educa.itakaescolapios.org\/cooperacion-norte-sur\/campana-2013-2014-carteles-de-la-campana\/\" target=\"_blank\"><em><strong>CARTELES DE LA CAMPA\u00d1A<\/strong><\/em><\/a><\/td>\n<td width=\"192\">\n<p align=\"center\">1<sup>er<\/sup> Ciclo<\/p>\n<\/td>\n<td valign=\"top\" width=\"192\">Se propone reflexionar sobre la importancia   de dar a conocer las diversas realidades y trabajar por lograr el acceso a la   educaci\u00f3n. Como acci\u00f3n se plantea, despu\u00e9s de conocer la realidad de los <i>\u201ctrast\u00e9veres\u201d<\/i>, la elaboraci\u00f3n de los   carteles de la campa\u00f1a.<\/td>\n<\/tr>\n<tr>\n<td width=\"192\"><a href=\"http:\/\/www.educa.itakaescolapios.org\/cooperacion-norte-sur\/campana-2013-2014-bfque-puedes-hacer-tu\/\" target=\"_blank\"><em><strong>\u00bfQU\u00c9 PUEDES HACER T\u00da?<\/strong><\/em><\/a><\/td>\n<td width=\"192\">\n<p align=\"center\">2\u00ba Ciclo<\/p>\n<\/td>\n<td valign=\"top\" width=\"192\">Tras el visionado de algunas historias de   personas vinculadas a los <i>\u201ctrast\u00e9veres\u201d<\/i>   en los que trabajamos, se reflexiona sobre la participaci\u00f3n de los chavales   en estos u otros proyectos.<\/td>\n<\/tr>\n<tr>\n<td width=\"192\"><a href=\"http:\/\/www.educa.itakaescolapios.org\/cooperacion-norte-sur\/campana-2013-2014-todos-somos-superheroes-y-estamos-por-ti\/\" target=\"_blank\"><em><strong>TODOS SOMOS SUPERH\u00c9ROES Y ESTAMOS POR TI<\/strong><\/em><\/a><\/td>\n<td width=\"192\">\n<p align=\"center\">2\u00ba Ciclo<\/p>\n<\/td>\n<td valign=\"top\" width=\"192\">En estos cursos, se propone a los muchachos que   se disfracen de superh\u00e9roes y en coordinaci\u00f3n con los profes de Infantil,   ayuden a los peque\u00f1os a conocer cada uno de los personajes, y qu\u00e9 es lo que   \u00e9ste mejor hace.<\/td>\n<\/tr>\n<tr>\n<td colspan=\"3\" valign=\"top\" width=\"576\">\n<p style=\"text-align: center;\" align=\"center\"><span style=\"color: #ff3399;\"><b>BACHILLERATO<\/b><\/span><\/p>\n<\/td>\n<\/tr>\n<tr>\n<td width=\"192\"><a href=\"http:\/\/www.educa.itakaescolapios.org\/cooperacion-norte-sur\/campana-2013-2014-cap-ideas-que-construyen\/\" target=\"_blank\"><em><strong>IDEAS QUE CONSTRUYEN<\/strong><\/em><\/a><\/td>\n<td width=\"192\">\n<p align=\"center\">1\u00ba y 2\u00ba Bachillerato<\/p>\n<\/td>\n<td valign=\"top\" width=\"192\">A partir de la visi\u00f3n de diferentes historias se   reflexiona sobre la utilizaci\u00f3n del conocimiento y la formaci\u00f3n propia para   conseguir mejorar la realidad de nuestro entorno. Para finalizar la actividad   se prepara una exposici\u00f3n que recoja diversas ideas para construir un mundo   mejor.<\/td>\n<\/tr>\n<tr>\n<td width=\"192\"><a href=\"http:\/\/www.educa.itakaescolapios.org\/cooperacion-norte-sur\/campana-2013-2014-escolapios-que-construyen\/\" target=\"_blank\"><em><strong>ESCOLAPIOS QUE CONSTRUYEN<\/strong><\/em><\/a><\/td>\n<td width=\"192\">\n<p align=\"center\">1\u00ba y 2\u00ba Bachillerato<\/p>\n<\/td>\n<td valign=\"top\" width=\"192\">Actividad que  permite reflexionar sobre la labor y misi\u00f3n de los escolapios en los diferentes proyectos y trast\u00e9veres que apoya la campa\u00f1a, analizando en ellos c\u00f3mo la educaci\u00f3n puede ser una herramienta que construya un mundo mejor.<\/td>\n<\/tr>\n<\/tbody>\n<\/table>\n<p><\/p>","protected":false},"excerpt":{"rendered":"<p>Ho sentim, aquesta entrada es troba disponible \u00fanicament en Espanyol Europeu. A continuaci\u00f3n presentamos una serie de actividades orientativas para trabajar en las aulas (tambi\u00e9n pueden [&hellip;]<\/p>\n","protected":false},"author":1,"featured_media":0,"parent":232,"menu_order":9,"comment_status":"closed","ping_status":"closed","template":"","meta":[],"acf":[],"_links":{"self":[{"href":"https:\/\/www.educa.itakaescolapios.org\/ca\/wp-json\/wp\/v2\/pages\/282"}],"collection":[{"href":"https:\/\/www.educa.itakaescolapios.org\/ca\/wp-json\/wp\/v2\/pages"}],"about":[{"href":"https:\/\/www.educa.itakaescolapios.org\/ca\/wp-json\/wp\/v2\/types\/page"}],"author":[{"embeddable":true,"href":"https:\/\/www.educa.itakaescolapios.org\/ca\/wp-json\/wp\/v2\/users\/1"}],"replies":[{"embeddable":true,"href":"https:\/\/www.educa.itakaescolapios.org\/ca\/wp-json\/wp\/v2\/comments?post=282"}],"version-history":[{"count":1,"href":"https:\/\/www.educa.itakaescolapios.org\/ca\/wp-json\/wp\/v2\/pages\/282\/revisions"}],"predecessor-version":[{"id":283,"href":"https:\/\/www.educa.itakaescolapios.org\/ca\/wp-json\/wp\/v2\/pages\/282\/revisions\/283"}],"up":[{"embeddable":true,"href":"https:\/\/www.educa.itakaescolapios.org\/ca\/wp-json\/wp\/v2\/pages\/232"}],"wp:attachment":[{"href":"https:\/\/www.educa.itakaescolapios.org\/ca\/wp-json\/wp\/v2\/media?parent=282"}],"curies":[{"name":"wp","href":"https:\/\/api.w.org\/{rel}","templated":true}]}}