{"id":286,"date":"2018-04-04T10:52:38","date_gmt":"2018-04-04T08:52:38","guid":{"rendered":"http:\/\/www.educa.itakaescolapios.org\/?page_id=286"},"modified":"2018-04-04T10:52:38","modified_gmt":"2018-04-04T08:52:38","slug":"ven-y-veras-la-realidad-que-hay-detras","status":"publish","type":"page","link":"https:\/\/www.educa.itakaescolapios.org\/ca\/campanas\/2014-2015-ven-y-veras-la-realidad-que-hay-detras\/ven-y-veras-la-realidad-que-hay-detras","title":{"rendered":"VEN Y VER\u00c1S, LA REALIDAD QUE HAY DETR\u00c1S"},"content":{"rendered":"<p class=\"qtranxs-available-languages-message qtranxs-available-languages-message-ca\">Ho sentim, aquesta entrada es troba disponible \u00fanicament en <a href=\"https:\/\/www.educa.itakaescolapios.org\/es\/wp-json\/wp\/v2\/pages\/286\" class=\"qtranxs-available-language-link qtranxs-available-language-link-es\" title=\"Espa\u00f1ol\">Espanyol Europeu<\/a>.<\/p><p><\/p>\n<p style=\"text-align: justify;\"><a href=\"http:\/\/www.itakaescolapios.org\/wp-content\/uploads\/2014\/10\/Camara-Anzaldo.jpg\"><img decoding=\"async\" loading=\"lazy\" class=\"aligncenter  wp-image-10365\" alt=\"Camara Anzaldo\" src=\"http:\/\/www.itakaescolapios.org\/wp-content\/uploads\/2014\/10\/Camara-Anzaldo-300x167.jpg\" width=\"510\" height=\"286\" \/><\/a><\/p>\n<div>\n<p>Hace dos a\u00f1os, en la campa\u00f1a de solidaridad de Itaka-Escolapios afirm\u00e1bamos nuestra convicci\u00f3n de que <i>\u201cla educaci\u00f3n multiplica el futuro\u201d<\/i>, y con ello el papel indispensable de la educaci\u00f3n en el desarrollo integral de la persona, as\u00ed como la urgencia de que no haya ni\u00f1os y ni\u00f1as sin escuela. El curso pasado, bajo el lema <i>\u201cEstamos por ti, educamos contigo\u201d, <\/i>profundiz\u00e1bamos en los dones que cada persona tenemos, dones que con la educaci\u00f3n se desarrollan y que estamos llamados a poner al servicio de los dem\u00e1s.<\/p>\n<p>En este curso queremos seguir ahondando en la fuerza transformadora de la educaci\u00f3n, conociendo m\u00e1s sobre c\u00f3mo las Escuelas P\u00edas promueven una educaci\u00f3n integral, de calidad y accesible en tantos rincones del mundo empobrecido. Rincones que, al igual que el Trast\u00e9vere romano en tiempos de Calasanz, necesitan de esa labor educativa que apuesta por el futuro de sus ni\u00f1os, ni\u00f1as y j\u00f3venes, en su gran mayor\u00eda en situaci\u00f3n de pobreza.<\/p>\n<p>Son realidades en las que encontramos carencias, s\u00ed, pero tambi\u00e9n numerosas capacidades, valores, creatividad\u2026 y sobre todo unas enormes ganas de salir adelante a trav\u00e9s de la educaci\u00f3n, que nos recuerdan y reafirman en el gran valor de la misi\u00f3n escolapia.<\/p>\n<p>Si algo caracteriza la labor educativa inspirada por S. Jos\u00e9 de Calasanz es la centralidad de los ni\u00f1os y j\u00f3venes: la orientaci\u00f3n fundamental por la cual la plena realizaci\u00f3n y la felicidad de estos constituyen el centro de todo el actuar. Este papel central de los ni\u00f1os y j\u00f3venes ha de impregnar el conjunto de la acci\u00f3n educativa y, antes que nada, la misma forma en la que nos acercamos a la realidad. Calasanz nos invita a mirar la realidad con ojos de ni\u00f1o, especialmente con ojos de ni\u00f1o en situaci\u00f3n de pobreza.<\/p>\n<p>Es precisamente este punto de vista el que vamos a tratar de cultivar en la presente campa\u00f1a de solidaridad para, a trav\u00e9s de esta visi\u00f3n, acercarnos a los \u201ctrast\u00e9veres\u201d del mundo actual donde est\u00e1n presentes las Escuelas P\u00edas y la red Itaka-Escolapios.<\/p>\n<p>Tal como dir\u00eda Calasanz, la labor educativa integral requiere \u201cabajarse\u201d para dar luz a los m\u00e1s peque\u00f1os y vulnerables. Quien mire la realidad desde estos ojos, desde su altura que es \u201cbajura\u201d, es quien realmente puede responder a las necesidades que desde ah\u00ed se ven: apaciguar los miedos, alentar las ilusiones, dar cauce a los sue\u00f1os&#8230;<\/p>\n<p>Esta intuici\u00f3n calasancia enlaza tambi\u00e9n con una idea fuerza que en el mundo actual se est\u00e1 promoviendo, tanto en \u00e1mbitos educativos como de defensa de la infancia. Es la idea de que los ni\u00f1os y ni\u00f1as no pueden ser solo simples destinatarios de aquellas acciones que se dirigen en su beneficio. Los ni\u00f1os y ni\u00f1as han de ser, adem\u00e1s, parte activa y protagonista en la construcci\u00f3n de un mundo mejor. As\u00ed lo establece, incluso, la Convenci\u00f3n sobre los Derechos del Ni\u00f1o cuando se\u00f1ala que deben ser escuchadas las opiniones de los ni\u00f1os y ni\u00f1as sobre aquello que les afecta, as\u00ed como tenidas en cuenta en funci\u00f3n de su edad y madurez.<\/p>\n<p>Desde estos planteamientos ponemos en marcha la campa\u00f1a de solidaridad en 2014-15, con el lema \u201cVen y ver\u00e1s la realidad que hay detr\u00e1s\u201d. Queremos cultivar en todos los lugares donde llega Itaka-Escolapios esa mirada sencilla, profunda y comprometida sobre las diferentes realidades de nuestro mundo. Para que desde ese compromiso hagamos posible, un a\u00f1o m\u00e1s, una gran corriente de solidaridad en red para apoyar la labor educativa escolapia all\u00e1 donde hay m\u00e1s necesidad, y donde m\u00e1s se siente que, como dijo la joven Malala (Premio Nobel de la Paz 2014), \u201cun ni\u00f1o, un profesor, un l\u00e1piz y un libro pueden cambiar el mundo\u201d.<\/p>\n<p style=\"text-align: justify;\"><span style=\"font-size: 14px; line-height: 1.5em;\"> <\/span><\/p>\n<\/div>\n<p><\/p>","protected":false},"excerpt":{"rendered":"<p>Ho sentim, aquesta entrada es troba disponible \u00fanicament en Espanyol Europeu. Hace dos a\u00f1os, en la campa\u00f1a de solidaridad de Itaka-Escolapios afirm\u00e1bamos nuestra convicci\u00f3n de que [&hellip;]<\/p>\n","protected":false},"author":1,"featured_media":0,"parent":234,"menu_order":2,"comment_status":"closed","ping_status":"closed","template":"","meta":[],"acf":[],"_links":{"self":[{"href":"https:\/\/www.educa.itakaescolapios.org\/ca\/wp-json\/wp\/v2\/pages\/286"}],"collection":[{"href":"https:\/\/www.educa.itakaescolapios.org\/ca\/wp-json\/wp\/v2\/pages"}],"about":[{"href":"https:\/\/www.educa.itakaescolapios.org\/ca\/wp-json\/wp\/v2\/types\/page"}],"author":[{"embeddable":true,"href":"https:\/\/www.educa.itakaescolapios.org\/ca\/wp-json\/wp\/v2\/users\/1"}],"replies":[{"embeddable":true,"href":"https:\/\/www.educa.itakaescolapios.org\/ca\/wp-json\/wp\/v2\/comments?post=286"}],"version-history":[{"count":1,"href":"https:\/\/www.educa.itakaescolapios.org\/ca\/wp-json\/wp\/v2\/pages\/286\/revisions"}],"predecessor-version":[{"id":287,"href":"https:\/\/www.educa.itakaescolapios.org\/ca\/wp-json\/wp\/v2\/pages\/286\/revisions\/287"}],"up":[{"embeddable":true,"href":"https:\/\/www.educa.itakaescolapios.org\/ca\/wp-json\/wp\/v2\/pages\/234"}],"wp:attachment":[{"href":"https:\/\/www.educa.itakaescolapios.org\/ca\/wp-json\/wp\/v2\/media?parent=286"}],"curies":[{"name":"wp","href":"https:\/\/api.w.org\/{rel}","templated":true}]}}