{"id":290,"date":"2018-04-04T10:53:56","date_gmt":"2018-04-04T08:53:56","guid":{"rendered":"http:\/\/www.educa.itakaescolapios.org\/?page_id=290"},"modified":"2018-04-04T10:53:56","modified_gmt":"2018-04-04T08:53:56","slug":"los-ninos-y-ninas-nos-cuentan-los-proyectos","status":"publish","type":"page","link":"https:\/\/www.educa.itakaescolapios.org\/ca\/campanas\/2014-2015-ven-y-veras-la-realidad-que-hay-detras\/los-ninos-y-ninas-nos-cuentan-los-proyectos","title":{"rendered":"LOS NI\u00d1OS Y NI\u00d1AS NOS CUENTAN LOS PROYECTOS"},"content":{"rendered":"<p class=\"qtranxs-available-languages-message qtranxs-available-languages-message-ca\">Ho sentim, aquesta entrada es troba disponible \u00fanicament en <a href=\"https:\/\/www.educa.itakaescolapios.org\/es\/wp-json\/wp\/v2\/pages\/290\" class=\"qtranxs-available-language-link qtranxs-available-language-link-es\" title=\"Espa\u00f1ol\">Espanyol Europeu<\/a>.<\/p><p><span style=\"color: #800000;\"><strong>ESCUELAS<\/strong><\/span><\/p>\n<p><span style=\"color: #008000;\"><strong>Camer\u00fan<\/strong><\/span><\/p>\n<p><iframe loading=\"lazy\" src=\"\/\/www.youtube.com\/embed\/iye98e5mCuM\" height=\"135\" width=\"240\" allowfullscreen=\"\" frameborder=\"0\"><\/iframe>   <iframe loading=\"lazy\" src=\"\/\/www.youtube.com\/embed\/VzGhMgr3JTE\" height=\"135\" width=\"240\" allowfullscreen=\"\" frameborder=\"0\"><\/iframe><\/p>\n<p><span style=\"color: #008000;\"><strong>Rep\u00fablica Dominicana<\/strong><\/span><\/p>\n<p><iframe loading=\"lazy\" src=\"\/\/www.youtube.com\/embed\/wJwrKbVJvbs\" height=\"135\" width=\"240\" allowfullscreen=\"\" frameborder=\"0\"><\/iframe>   <iframe loading=\"lazy\" src=\"\/\/www.youtube.com\/embed\/-BvF6C3Yo7g\" height=\"135\" width=\"240\" allowfullscreen=\"\" frameborder=\"0\"><\/iframe><\/p>\n<p><span style=\"color: #008000;\"><strong>Bolivia<\/strong><\/span><\/p>\n<p><iframe loading=\"lazy\" src=\"\/\/www.youtube.com\/embed\/psFsXEfdzpA\" height=\"135\" width=\"240\" allowfullscreen=\"\" frameborder=\"0\"><\/iframe>   <iframe loading=\"lazy\" src=\"\/\/www.youtube.com\/embed\/3u-Tkd7FvZY\" height=\"135\" width=\"240\" allowfullscreen=\"\" frameborder=\"0\"><\/iframe><\/p>\n<p><span style=\"color: #800000;\"><strong>INTERNADOS<\/strong><\/span><\/p>\n<p><span style=\"color: #008000;\"><strong>Bolivia<\/strong><\/span><\/p>\n<p><iframe loading=\"lazy\" src=\"\/\/www.youtube.com\/embed\/Km9OHCzVgFs?rel=0\" height=\"135\" width=\"240\" allowfullscreen=\"\" frameborder=\"0\"><\/iframe>   <iframe loading=\"lazy\" src=\"\/\/www.youtube.com\/embed\/uzUH0L7QnCY\" height=\"135\" width=\"240\" allowfullscreen=\"\" frameborder=\"0\"><\/iframe><\/p>\n<p><iframe loading=\"lazy\" src=\"\/\/www.youtube.com\/embed\/99XcVSuvxAg\" height=\"135\" width=\"240\" allowfullscreen=\"\" frameborder=\"0\"><\/iframe><\/p>\n<p><strong><span style=\"color: #008000;\">Indonesia<\/span><\/strong><\/p>\n<p><iframe loading=\"lazy\" src=\"\/\/www.youtube.com\/embed\/vw-7T4jhNIQ\" height=\"135\" width=\"240\" allowfullscreen=\"\" frameborder=\"0\"><\/iframe>   <iframe loading=\"lazy\" src=\"\/\/www.youtube.com\/embed\/1u7r59SXW_4\" height=\"135\" width=\"240\" allowfullscreen=\"\" frameborder=\"0\"><\/iframe><\/p>\n<p><span style=\"color: #800000;\"><strong>CENTROS SOCIO-CULTURALES<\/strong><\/span><\/p>\n<p><span style=\"color: #008000;\"><strong>Nicaragua<\/strong><\/span><\/p>\n<p><iframe loading=\"lazy\" src=\"\/\/www.youtube.com\/embed\/5N2_pWT-rts\" height=\"135\" width=\"240\" allowfullscreen=\"\" frameborder=\"0\"><\/iframe>   <iframe loading=\"lazy\" src=\"\/\/www.youtube.com\/embed\/-aqJtKpF8B0\" height=\"135\" width=\"240\" allowfullscreen=\"\" frameborder=\"0\"><\/iframe><\/p>","protected":false},"excerpt":{"rendered":"<p>Ho sentim, aquesta entrada es troba disponible \u00fanicament en Espanyol Europeu.ESCUELAS Camer\u00fan Rep\u00fablica Dominicana Bolivia INTERNADOS Bolivia Indonesia CENTROS SOCIO-CULTURALES Nicaragua<\/p>\n","protected":false},"author":1,"featured_media":0,"parent":234,"menu_order":5,"comment_status":"closed","ping_status":"closed","template":"","meta":[],"acf":[],"_links":{"self":[{"href":"https:\/\/www.educa.itakaescolapios.org\/ca\/wp-json\/wp\/v2\/pages\/290"}],"collection":[{"href":"https:\/\/www.educa.itakaescolapios.org\/ca\/wp-json\/wp\/v2\/pages"}],"about":[{"href":"https:\/\/www.educa.itakaescolapios.org\/ca\/wp-json\/wp\/v2\/types\/page"}],"author":[{"embeddable":true,"href":"https:\/\/www.educa.itakaescolapios.org\/ca\/wp-json\/wp\/v2\/users\/1"}],"replies":[{"embeddable":true,"href":"https:\/\/www.educa.itakaescolapios.org\/ca\/wp-json\/wp\/v2\/comments?post=290"}],"version-history":[{"count":1,"href":"https:\/\/www.educa.itakaescolapios.org\/ca\/wp-json\/wp\/v2\/pages\/290\/revisions"}],"predecessor-version":[{"id":291,"href":"https:\/\/www.educa.itakaescolapios.org\/ca\/wp-json\/wp\/v2\/pages\/290\/revisions\/291"}],"up":[{"embeddable":true,"href":"https:\/\/www.educa.itakaescolapios.org\/ca\/wp-json\/wp\/v2\/pages\/234"}],"wp:attachment":[{"href":"https:\/\/www.educa.itakaescolapios.org\/ca\/wp-json\/wp\/v2\/media?parent=290"}],"curies":[{"name":"wp","href":"https:\/\/api.w.org\/{rel}","templated":true}]}}