{"id":292,"date":"2018-04-04T10:54:29","date_gmt":"2018-04-04T08:54:29","guid":{"rendered":"http:\/\/www.educa.itakaescolapios.org\/?page_id=292"},"modified":"2018-04-04T10:54:29","modified_gmt":"2018-04-04T08:54:29","slug":"ojos-bajitos-un-punto-de-vista-diferente","status":"publish","type":"page","link":"https:\/\/www.educa.itakaescolapios.org\/ca\/campanas\/2014-2015-ven-y-veras-la-realidad-que-hay-detras\/ojos-bajitos-un-punto-de-vista-diferente","title":{"rendered":"OJOS BAJITOS. UN PUNTO DE VISTA DIFERENTE"},"content":{"rendered":"<p class=\"qtranxs-available-languages-message qtranxs-available-languages-message-ca\">Ho sentim, aquesta entrada es troba disponible \u00fanicament en <a href=\"https:\/\/www.educa.itakaescolapios.org\/es\/wp-json\/wp\/v2\/pages\/292\" class=\"qtranxs-available-language-link qtranxs-available-language-link-es\" title=\"Espa\u00f1ol\">Espanyol Europeu<\/a>.<\/p><p><\/p>\n<p style=\"text-align: justify;\"><a href=\"http:\/\/www.itakaescolapios.org\/wp-content\/uploads\/2014\/10\/logocampa\u00f1aitaka.jpg\"><img decoding=\"async\" loading=\"lazy\" class=\" wp-image-10811 alignright\" alt=\"logocampa\u00f1aitaka\" src=\"http:\/\/www.itakaescolapios.org\/wp-content\/uploads\/2014\/10\/logocampa\u00f1aitaka-227x300.jpg\" width=\"227\" height=\"300\" \/><\/a><\/p>\n<p>La forma en la que adultos y menores vemos la realidad es muy diferente, lo que para unos es un gran problema puede que para los otros apenas exista y viceversa.<\/p>\n<p>En lo que respecta a la realidad de los ni\u00f1os y ni\u00f1as los adultos miramos hacia abajo, desde arriba hacia abajo. Los ni\u00f1os y ni\u00f1as, sin embargo, miran hacia arriba, levantan sus ojos. Miramos desde puntos de vista diferentes. Pero lo que puede parecer una carencia es en realidad una oportunidad enriquecedora si todos y todas nos esforzamos en ver con los ojos de quienes nos rodean.<\/p>\n<p>Proponemos un juego que nos obligue a ser conscientes del lugar desde el que miramos la vida y a conocer la forma en la que otros ni\u00f1os y ni\u00f1as ven su realidad.<\/p>\n<p>Invitamos a generar una gran exposici\u00f3n de \u201crealidades sumadas\u201d que compartiremos a trav\u00e9s de internet y f\u00edsicamente en aquellos lugares en los que sea posible. Construiremos c\u00e1maras de juguete con las que enfocar la realidad y sacaremos fotograf\u00edas que intercambiaremos entre todos los centros educativos escolapios. Puedes ver las postales que van llegando a ITAKA-ESCOLAPIOS, accediendo al blog:<\/p>\n<h1><a href=\"http:\/\/ojosbajitos.blogspot.com.es\/\" target=\"_blank\">www.ojosbajitos.blogspot.com<\/a><\/h1>\n<p><strong>&#8211;          C\u00e1maras:<\/strong> El alumnado de nuestros centros puede construirse c\u00e1maras fotogr\u00e1ficas de cart\u00f3n o papel, a trav\u00e9s de las que mirar su realidad educativa, encuadremos aquello que m\u00e1s nos gusta de nuestra escuela o aquello que nos gustar\u00eda cambiar de nuestro entorno educativo. \u00bfOs gusta la actividad? \u00bfLas c\u00e1maras que vais a hacer son chulas? Saca unas fotos a tus alumnos y alumnas fabric\u00e1ndolas o buscando realidades que enfocar. Comp\u00e1rtelas a trav\u00e9s de <a href=\"mailto:eyes@itakaescolapios.org\">eyes@itakaescolapios.org<\/a><\/p>\n<ul style=\"text-align: justify;\">\n<li><a href=\"http:\/\/www.itakaescolapios.org\/wp-content\/uploads\/2014\/10\/C\u00e1mara-de-fotos-modelo-b\u00e1sico.pdf\" target=\"_blank\">Descargar C\u00e1mara de fotos modelo b\u00e1sico<\/a><\/li>\n<li><a href=\"http:\/\/www.itakaescolapios.org\/wp-content\/uploads\/2014\/10\/C\u00e1mara-de-fotos-de-cart\u00f3n-modelo-medio.pdf\" target=\"_blank\">Descargar C\u00e1mara de fotos de cart\u00f3n modelo medio<\/a><\/li>\n<li><a href=\"http:\/\/www.itakaescolapios.org\/wp-content\/uploads\/2014\/10\/C\u00e1mara-de-fotos-recortable-modelo-medio.pdf\" target=\"_blank\">Descargar C\u00e1mara de fotos recortable modelo medio<\/a><\/li>\n<li><a href=\"http:\/\/www.itakaescolapios.org\/wp-content\/uploads\/2014\/10\/C\u00e1mara-de-fotos-recortable-modelo-superior.pdf\" target=\"_blank\">Descargar C\u00e1mara de fotos recortable modelo superior<\/a><\/li>\n<\/ul>\n<p><strong>&#8211;          Fotograf\u00edas:<\/strong> Aprendamos todos y todas a mirar por debajo de 1 metro de altura y fotografiemos aquello que queramos compartir. Con c\u00e1maras de fotos, m\u00f3viles, tabletas u otros dispositivos. Saca fotograf\u00edas reflejando d\u00f3nde y c\u00f3mo haces los deberes o estudias. \u00bfA qu\u00e9 dedicas tu tiempo cuando no est\u00e1s en la escuela? \u00bfC\u00f3mo son tus maestros y maestras? \u00bfY tus compa\u00f1eros\/as?&#8230;  Enfoquemos nuestra realidad. Cu\u00e9ntanos tu imagen rellenando esta planilla que parece una tarjeta postal.<\/p>\n<p>D\u00e9mosle formato de <b>tarjeta postal <\/b>explicando d\u00f3nde ha sido tomada y qu\u00e9 es lo que refleja. Comparte tu trabajo enviando por correo electr\u00f3nico un archivo con la fotograf\u00eda y otro con la tarjeta postal (puedes escribirla a mano y escanearla o escribirla en un ordenador) a <a href=\"mailto:eyes@itakaescolapios.org\">eyes@itakaescolapios.org<\/a><\/p>\n<table class=\"alignleft\" style=\"width: 340px; height: 53px;\" border=\"1\" cellspacing=\"0\" cellpadding=\"0\">\n<tbody>\n<tr>\n<td colspan=\"2\" valign=\"top\" width=\"302\">\n<p align=\"center\"><b>TARJETA POSTAL<\/b><b><\/b><\/p>\n<\/td>\n<\/tr>\n<tr>\n<td valign=\"top\" width=\"160\">\n<p align=\"center\"><a href=\"http:\/\/www.itakaescolapios.org\/wp-content\/uploads\/2014\/10\/Postal-Espa\u00f1ol1.pdf\" target=\"_blank\">Espa\u00f1ol<\/a><\/p>\n<\/td>\n<td valign=\"top\" width=\"142\">\n<p align=\"center\"><a href=\"http:\/\/www.itakaescolapios.org\/wp-content\/uploads\/2014\/10\/Postal-English1.pdf\" target=\"_blank\">Ingl\u00e9s<\/a><\/p>\n<\/td>\n<\/tr>\n<tr>\n<td valign=\"top\" width=\"160\">\n<p align=\"center\"><a href=\"http:\/\/www.itakaescolapios.org\/wp-content\/uploads\/2014\/10\/Postal-Frances1.pdf\" target=\"_blank\">Franc\u00e9s<\/a><\/p>\n<\/td>\n<td valign=\"top\" width=\"142\">\n<p align=\"center\"><a href=\"http:\/\/www.itakaescolapios.org\/wp-content\/uploads\/2014\/10\/Postal-Portugues1.pdf\" target=\"_blank\">Portugu\u00e9s<\/a><\/p>\n<\/td>\n<\/tr>\n<tr>\n<td valign=\"top\" width=\"160\">\n<p align=\"center\"><a href=\"http:\/\/www.itakaescolapios.org\/wp-content\/uploads\/2014\/10\/Postal-Euskera.pdf\" target=\"_blank\">Euskera<\/a><\/p>\n<\/td>\n<td valign=\"top\" width=\"142\"><\/td>\n<\/tr>\n<\/tbody>\n<\/table>\n<p><\/p>","protected":false},"excerpt":{"rendered":"<p>Ho sentim, aquesta entrada es troba disponible \u00fanicament en Espanyol Europeu. La forma en la que adultos y menores vemos la realidad es muy diferente, lo [&hellip;]<\/p>\n","protected":false},"author":1,"featured_media":0,"parent":234,"menu_order":5,"comment_status":"closed","ping_status":"closed","template":"","meta":[],"acf":[],"_links":{"self":[{"href":"https:\/\/www.educa.itakaescolapios.org\/ca\/wp-json\/wp\/v2\/pages\/292"}],"collection":[{"href":"https:\/\/www.educa.itakaescolapios.org\/ca\/wp-json\/wp\/v2\/pages"}],"about":[{"href":"https:\/\/www.educa.itakaescolapios.org\/ca\/wp-json\/wp\/v2\/types\/page"}],"author":[{"embeddable":true,"href":"https:\/\/www.educa.itakaescolapios.org\/ca\/wp-json\/wp\/v2\/users\/1"}],"replies":[{"embeddable":true,"href":"https:\/\/www.educa.itakaescolapios.org\/ca\/wp-json\/wp\/v2\/comments?post=292"}],"version-history":[{"count":1,"href":"https:\/\/www.educa.itakaescolapios.org\/ca\/wp-json\/wp\/v2\/pages\/292\/revisions"}],"predecessor-version":[{"id":293,"href":"https:\/\/www.educa.itakaescolapios.org\/ca\/wp-json\/wp\/v2\/pages\/292\/revisions\/293"}],"up":[{"embeddable":true,"href":"https:\/\/www.educa.itakaescolapios.org\/ca\/wp-json\/wp\/v2\/pages\/234"}],"wp:attachment":[{"href":"https:\/\/www.educa.itakaescolapios.org\/ca\/wp-json\/wp\/v2\/media?parent=292"}],"curies":[{"name":"wp","href":"https:\/\/api.w.org\/{rel}","templated":true}]}}