{"id":302,"date":"2018-04-04T10:57:45","date_gmt":"2018-04-04T08:57:45","guid":{"rendered":"http:\/\/www.educa.itakaescolapios.org\/?page_id=302"},"modified":"2018-04-04T10:57:45","modified_gmt":"2018-04-04T08:57:45","slug":"recordando-la-campana-ven-y-veras-la-realidad-que-hay-detras","status":"publish","type":"page","link":"https:\/\/www.educa.itakaescolapios.org\/ca\/campanas\/2015-2016-al-encuentro-con-atambua\/recordando-la-campana-ven-y-veras-la-realidad-que-hay-detras","title":{"rendered":"RECORDANDO LA CAMPA\u00d1A: &#8220;VEN Y VER\u00c1S, LA REALIDAD QUE HAY DETR\u00c1S&#8221;"},"content":{"rendered":"<p class=\"qtranxs-available-languages-message qtranxs-available-languages-message-ca\">Ho sentim, aquesta entrada es troba disponible \u00fanicament en <a href=\"https:\/\/www.educa.itakaescolapios.org\/es\/wp-json\/wp\/v2\/pages\/302\" class=\"qtranxs-available-language-link qtranxs-available-language-link-es\" title=\"Espa\u00f1ol\">Espanyol Europeu<\/a>.<\/p><p>Con la campa\u00f1a de solidaridad del curso 2014-2015 quisimos ahondar en la fuerza transformadora de la educaci\u00f3n, conociendo m\u00e1s sobre como las Escuelas P\u00edas promueven una educaci\u00f3n integral, de calidad y accesible en cientos de lugares empobrecidos del mundo.  Rincones que, al igual que el Trast\u00e9vere romano en tiempos de Calasanz, necesitan de esa labor educativa que apuesta por el futuro de sus ni\u00f1os, ni\u00f1as y j\u00f3venes, en su gran mayor\u00eda en situaci\u00f3n de pobreza.<\/p>\n<p>La campa\u00f1a nos invitaba a mirar y conocer la realidad educativa escolapia con ojos de ni\u00f1o, especialmente con los de aquellos que viven una realidad de pobreza. A lo largo de todo un curso nos hemos acercado a los \u201ctrast\u00e9veres\u201d del mundo donde est\u00e1n presentes las Escuelas P\u00edas y la red de solidaridad de Itaka-Escolapios.<\/p>\n<p>M\u00e1s de 20.000 alumnos y alumnas de 37 colegios de Espa\u00f1a trabajaron en las aulas el valor de la educaci\u00f3n como motor de cambio, conociendo la realidad escolapia de los lugares m\u00e1s desfavorecidos. Gracias a \u00e9ste trabajo de sensibilizaci\u00f3n hemos logrado enviar a los diferentes proyectos educativos de la red de solidaridad de Itaka-Escolapios un total de 176.210,91 \u20ac<\/p>\n<p style=\"text-align: center;\"><a href=\"http:\/\/www.itakaescolapios.org\/wp-content\/uploads\/2015\/11\/grafico-campa\u00f1a-solidaridad.png\"><img decoding=\"async\" loading=\"lazy\" class=\"wp-image-13469 aligncenter\" alt=\"grafico campa\u00f1a solidaridad\" src=\"http:\/\/www.itakaescolapios.org\/wp-content\/uploads\/2015\/11\/grafico-campa\u00f1a-solidaridad.png\" width=\"497\" height=\"318\" \/><\/a><\/p>\n<p>  <em>El descenso que se produce en el curso 2014-2015 se debe a que en la anterior campa\u00f1a se imput\u00f3 el importe  recibido por el premio Norte y Sur, adem\u00e1s de \u00e9sto el dinero recaudado el pasado curso por uno de los colegios se destin\u00f3 a una de las ordenes religiosas con las que se comparte el centro escolar<\/em><\/p>\n<table width=\"3\" border=\"0\" cellspacing=\"0\" cellpadding=\"0\">\n<tbody>\n<tr>\n<td dir=\"LTR\" width=\"119\" height=\"17\"><\/td>\n<\/tr>\n<\/tbody>\n<\/table>\n<p><\/p>","protected":false},"excerpt":{"rendered":"<p>Ho sentim, aquesta entrada es troba disponible \u00fanicament en Espanyol Europeu.Con la campa\u00f1a de solidaridad del curso 2014-2015 quisimos ahondar en la fuerza transformadora de la [&hellip;]<\/p>\n","protected":false},"author":1,"featured_media":0,"parent":236,"menu_order":1,"comment_status":"closed","ping_status":"closed","template":"","meta":[],"acf":[],"_links":{"self":[{"href":"https:\/\/www.educa.itakaescolapios.org\/ca\/wp-json\/wp\/v2\/pages\/302"}],"collection":[{"href":"https:\/\/www.educa.itakaescolapios.org\/ca\/wp-json\/wp\/v2\/pages"}],"about":[{"href":"https:\/\/www.educa.itakaescolapios.org\/ca\/wp-json\/wp\/v2\/types\/page"}],"author":[{"embeddable":true,"href":"https:\/\/www.educa.itakaescolapios.org\/ca\/wp-json\/wp\/v2\/users\/1"}],"replies":[{"embeddable":true,"href":"https:\/\/www.educa.itakaescolapios.org\/ca\/wp-json\/wp\/v2\/comments?post=302"}],"version-history":[{"count":1,"href":"https:\/\/www.educa.itakaescolapios.org\/ca\/wp-json\/wp\/v2\/pages\/302\/revisions"}],"predecessor-version":[{"id":303,"href":"https:\/\/www.educa.itakaescolapios.org\/ca\/wp-json\/wp\/v2\/pages\/302\/revisions\/303"}],"up":[{"embeddable":true,"href":"https:\/\/www.educa.itakaescolapios.org\/ca\/wp-json\/wp\/v2\/pages\/236"}],"wp:attachment":[{"href":"https:\/\/www.educa.itakaescolapios.org\/ca\/wp-json\/wp\/v2\/media?parent=302"}],"curies":[{"name":"wp","href":"https:\/\/api.w.org\/{rel}","templated":true}]}}