{"id":312,"date":"2018-04-04T10:59:55","date_gmt":"2018-04-04T08:59:55","guid":{"rendered":"http:\/\/www.educa.itakaescolapios.org\/?page_id=312"},"modified":"2018-04-04T10:59:55","modified_gmt":"2018-04-04T08:59:55","slug":"actividades-para-el-movimiento-calasanz-y-grupos-de-tiempo-libre","status":"publish","type":"page","link":"https:\/\/www.educa.itakaescolapios.org\/ca\/campanas\/2015-2016-al-encuentro-con-atambua\/actividades-para-el-movimiento-calasanz-y-grupos-de-tiempo-libre","title":{"rendered":"ACTIVIDADES PARA EL MOVIMIENTO CALASANZ Y GRUPOS DE TIEMPO LIBRE"},"content":{"rendered":"<p class=\"qtranxs-available-languages-message qtranxs-available-languages-message-ca\">Ho sentim, aquesta entrada es troba disponible \u00fanicament en <a href=\"https:\/\/www.educa.itakaescolapios.org\/es\/wp-json\/wp\/v2\/pages\/312\" class=\"qtranxs-available-language-link qtranxs-available-language-link-es\" title=\"Espa\u00f1ol\">Espanyol Europeu<\/a>.<\/p><p><a href=\"http:\/\/www.itakaescolapios.org\/wp-content\/uploads\/2015\/11\/untitled.png\"><img decoding=\"async\" loading=\"lazy\" class=\"size-full wp-image-13682 alignleft\" alt=\"untitled\" src=\"http:\/\/www.itakaescolapios.org\/wp-content\/uploads\/2015\/11\/untitled.png\" width=\"261\" height=\"193\" \/><\/a><span style=\"color: #333333;\"><strong><span style=\"text-decoration: underline;\">EL BARCO DE LA TRIPULACI\u00d3N ITAKA-ESCOLAPIOS<\/span><\/strong><\/span><\/p>\n<p>Look, Sukal, Jiwa, Marine y Bla son los miembros de la tripulaci\u00f3n Itaka-Escolapios, que capitaneados por Calasanz, viajar\u00e1n a partir de ahora por los mares y oc\u00e9anos del mundo para presentarnos los proyectos de nuestra red de solidaridad.<\/p>\n<p>Vosotros y vosotras, como miembros del Movimiento Calasanz, form\u00e1is parte de la Tripulaci\u00f3n Itaka-Escolapios. Por ello os proponemos hacer un barco de papel gigante en el que puedan entrar las personas del grupo. Buscad cartulinas o unos recortes grandes de papel de estraza y unidlos (buscar que las medidas os posibiliten hacer un barco de papel).<\/p>\n<p>Escribir sobre el papel gigante una oraci\u00f3n en la que demos gracias e intercedamos por nuestra misi\u00f3n en Atambua. Buscad informaci\u00f3n de Indonesia, noticias, fotos\u2026 pegadla sobre papel estraza, cartulinas\u2026 doblad\u2026 y construid vuestro propio barco de papel para surcar los mares e ir AL ENCUENTRO CON ATAMB\u00daA.<\/p>\n<p>Por \u00faltimo os invitamos a que hag\u00e1is una foto de vuestro grupo de grumetes en vuestra nave \u201cItaka-Escolapios\u201d y la compart\u00e1is con nosotros enviando una copia a <a href=\"mailto:solidarity@itakaescolapios.org\">solidarity@itakaescolapios.org<\/a><\/p>\n<p>Para acceder a informaci\u00f3n con la que trabajar en el aula pincha en el siguiente enlace:<\/p>\n<p style=\"text-align: center;\"><span style=\"color: #92962b;\"><strong><a href=\"http:\/\/www.itakaescolapios.org\/informacion-sobre-indonesia-atambua-el-asrama\/\" target=\"_blank\"><span style=\"color: #92962b;\">MAS INFORMACI\u00d3N SOBRE INDONESIA, ATAMBUA, EL ASRAMA, LOS ESCOLAPIOS EN INDONESIA, ..<\/span><\/a><\/strong><\/span><\/p>\n<p><strong><span style=\"color: #333333; text-decoration: underline;\">CERTAMEN DE BAILE TEBE<\/span><\/strong> \u00bfSabes bailar? \u00bfDurante las celebraciones especiales bailas con tu familia, amigos? \u00bfCu\u00e1l es el baile tradicional de d\u00f3nde vives? \u00bfEl aurresku, el bikutsi, el bafut, la cueca, la diablada, el tinku, la jota o las sevillanas?<\/p>\n<p>En Atamb\u00faa, donde los escolapios van a construir el Asrama, los ni\u00f1os y ni\u00f1as bailan EL TEBE. Es un baile tradicional de Timor, isla en la que se encuentra la ciudad de Atamb\u00faa.<\/p>\n<p>La Tripulaci\u00f3n de Itaka-Escolapios, nos propone en esta actividad la participaci\u00f3n en el 1er Certamen Internacional de Baile Tebe. A continuaci\u00f3n te ponemos dos enlaces a sendos videos, uno de los ni\u00f1os y ni\u00f1as que acuden a las actividades de educaci\u00f3n no formal de Itaka-Escolapios en Atamb\u00faa y el otro de un grupo de Indonesia.<\/p>\n<p align=\"center\"><a href=\"https:\/\/youtu.be\/PyaVXmVOBTI\">https:\/\/youtu.be\/PyaVXmVOBTI<\/a><\/p>\n<p align=\"center\"><a href=\"https:\/\/youtu.be\/1oS2ST0j2tk\">https:\/\/youtu.be\/1oS2ST0j2tk<\/a><\/p>\n<p>Practica la coreograf\u00eda con tus compa\u00f1eros y compa\u00f1eras de grupo y m\u00e1ndanos un enlace al video (si lo sub\u00eds a alguna plataforma) o el video con el que participareis en el Certamen.<\/p>\n<p>A continuaci\u00f3n de dejamos dos versiones de sonido del baile para que puedas practicar con tus compa\u00f1eros y compa\u00f1eras de grupo:<\/p>\n<p style=\"text-align: justify;\"><strong>TEBE LESELUAN<\/strong><\/p>\n<!--[if lt IE 9]><script>document.createElement('audio');<\/script><![endif]-->\n<audio class=\"wp-audio-shortcode\" id=\"audio-312-1\" preload=\"none\" style=\"width: 100%;\" controls=\"controls\"><source type=\"audio\/mpeg\" src=\"http:\/\/www.itakaescolapios.org\/wp-content\/uploads\/2015\/11\/Tebe-Leseluan.mp3?_=1\" \/><a href=\"http:\/\/www.itakaescolapios.org\/wp-content\/uploads\/2015\/11\/Tebe-Leseluan.mp3\">http:\/\/www.itakaescolapios.org\/wp-content\/uploads\/2015\/11\/Tebe-Leseluan.mp3<\/a><\/audio>\n<p style=\"text-align: justify;\">Desc\u00e1rgate el <a href=\"https:\/\/mega.nz\/#!0lQQ3QJI!AyZRHdkSIkSeilzn_tXdhaK0byG9E7CAYp3IyNoVIxk\" target=\"_blank\"><strong>MP3<\/strong><\/a><\/p>\n<p style=\"text-align: justify;\"><strong>TEBE BETE LALA<\/strong><\/p>\n<audio class=\"wp-audio-shortcode\" id=\"audio-312-2\" preload=\"none\" style=\"width: 100%;\" controls=\"controls\"><source type=\"audio\/mpeg\" src=\"http:\/\/www.itakaescolapios.org\/wp-content\/uploads\/2015\/11\/Tebe-bete-lala.mp3?_=2\" \/><a href=\"http:\/\/www.itakaescolapios.org\/wp-content\/uploads\/2015\/11\/Tebe-bete-lala.mp3\">http:\/\/www.itakaescolapios.org\/wp-content\/uploads\/2015\/11\/Tebe-bete-lala.mp3<\/a><\/audio>\n<p style=\"text-align: justify;\">Desc\u00e1rgate el <a href=\"https:\/\/mega.nz\/#!UsJWXYRD!V4gcsK5WmRKuAHncwz17v1Kq0DRsrf7H7W8AH0Jtzaw\" target=\"_blank\"><strong>MP3<\/strong><\/a><\/p>\n<p><\/p>","protected":false},"excerpt":{"rendered":"<p>Ho sentim, aquesta entrada es troba disponible \u00fanicament en Espanyol Europeu.EL BARCO DE LA TRIPULACI\u00d3N ITAKA-ESCOLAPIOS Look, Sukal, Jiwa, Marine y Bla son los miembros de [&hellip;]<\/p>\n","protected":false},"author":1,"featured_media":0,"parent":236,"menu_order":6,"comment_status":"closed","ping_status":"closed","template":"","meta":[],"acf":[],"_links":{"self":[{"href":"https:\/\/www.educa.itakaescolapios.org\/ca\/wp-json\/wp\/v2\/pages\/312"}],"collection":[{"href":"https:\/\/www.educa.itakaescolapios.org\/ca\/wp-json\/wp\/v2\/pages"}],"about":[{"href":"https:\/\/www.educa.itakaescolapios.org\/ca\/wp-json\/wp\/v2\/types\/page"}],"author":[{"embeddable":true,"href":"https:\/\/www.educa.itakaescolapios.org\/ca\/wp-json\/wp\/v2\/users\/1"}],"replies":[{"embeddable":true,"href":"https:\/\/www.educa.itakaescolapios.org\/ca\/wp-json\/wp\/v2\/comments?post=312"}],"version-history":[{"count":1,"href":"https:\/\/www.educa.itakaescolapios.org\/ca\/wp-json\/wp\/v2\/pages\/312\/revisions"}],"predecessor-version":[{"id":313,"href":"https:\/\/www.educa.itakaescolapios.org\/ca\/wp-json\/wp\/v2\/pages\/312\/revisions\/313"}],"up":[{"embeddable":true,"href":"https:\/\/www.educa.itakaescolapios.org\/ca\/wp-json\/wp\/v2\/pages\/236"}],"wp:attachment":[{"href":"https:\/\/www.educa.itakaescolapios.org\/ca\/wp-json\/wp\/v2\/media?parent=312"}],"curies":[{"name":"wp","href":"https:\/\/api.w.org\/{rel}","templated":true}]}}