{"id":326,"date":"2018-04-04T11:03:47","date_gmt":"2018-04-04T09:03:47","guid":{"rendered":"http:\/\/www.educa.itakaescolapios.org\/?page_id=326"},"modified":"2018-04-04T11:03:47","modified_gmt":"2018-04-04T09:03:47","slug":"calasanz-ashram-school-escuela-escolapia-apoyada-con-la-campana-de-solidaridad","status":"publish","type":"page","link":"https:\/\/www.educa.itakaescolapios.org\/ca\/campanas\/2016-2017-expedicion-kamda-educar-anunciar-transformar\/calasanz-ashram-school-escuela-escolapia-apoyada-con-la-campana-de-solidaridad","title":{"rendered":"Calasanz Ashram School. Escuela escolapia apoyada con la campa\u00f1a de solidaridad"},"content":{"rendered":"<p class=\"qtranxs-available-languages-message qtranxs-available-languages-message-ca\">Ho sentim, aquesta entrada es troba disponible \u00fanicament en <a href=\"https:\/\/www.educa.itakaescolapios.org\/es\/wp-json\/wp\/v2\/pages\/326\" class=\"qtranxs-available-language-link qtranxs-available-language-link-es\" title=\"Espa\u00f1ol\">Espanyol Europeu<\/a>.<\/p><p><\/p>\n<p style=\"text-align: center;\"><a href=\"http:\/\/www.itakaescolapios.org\/wp-content\/uploads\/2016\/11\/IMG_5620.jpg\"><img decoding=\"async\" loading=\"lazy\" class=\"wp-image-16964 aligncenter\" alt=\"img_5620\" src=\"http:\/\/www.itakaescolapios.org\/wp-content\/uploads\/2016\/11\/IMG_5620-1024x489.jpg\" width=\"464\" height=\"222\" \/><\/a><\/p>\n<p style=\"text-align: left;\">La informaci\u00f3n que te presentamos a continuaci\u00f3n tiene como objetivo proporcionar una serie de materiales que nos ayuden a <strong>profundizar en la realidad de Kamda<\/strong>, <strong>de los escolapios y del proyecto para la escuela.<\/strong><\/p>\n<p style=\"text-align: left;\">Pincha en los siguientes <strong>enlaces<\/strong>:<\/p>\n<p style=\"text-align: center;\"><strong><a href=\"http:\/\/www.itakaescolapios.org\/wp-content\/uploads\/2016\/11\/ficha-india-mas-que-un-pais.pdf\" target=\"_blank\">INDIA M\u00c1S QUE UN PA\u00cdS<\/a><\/strong><\/p>\n<p style=\"text-align: center;\"><strong><a href=\"http:\/\/www.itakaescolapios.org\/wp-content\/uploads\/2016\/11\/ficha-la-vida-en-kamda.pdf\" target=\"_blank\">LA VIDA EN KAMDA<\/a><\/strong><\/p>\n<p style=\"text-align: center;\"><strong><a href=\"http:\/\/www.itakaescolapios.org\/wp-content\/uploads\/2016\/11\/ficha-escolapios-en-kamda.pdf\" target=\"_blank\">LOS ESCOLAPIOS EN LA INDIA Y LA ESCUELA DE KAMDA<\/a><\/strong><span style=\"color: #808000;\"><br \/>\n<\/span><\/p>\n<p style=\"text-align: left;\">Adem\u00e1s puedes <strong>visitar Kamda<\/strong>, veras con claridad el campo de f\u00fatbol, las letrinas, los pozos actuales, las aulas, etc.<\/p>\n<p style=\"text-align: left;\"><iframe loading=\"lazy\" style=\"border: 0;\" src=\"https:\/\/www.google.com\/maps\/embed?pb=!1m18!1m12!1m3!1d3100.9177585905445!2d85.137014221639!3d22.890631189393496!2m3!1f0!2f0!3f0!3m2!1i1024!2i768!4f13.1!3m3!1m2!1s0x39f547afed55676f%3A0x960d979d6f105c98!2sCalasanz+Ashram+School!5e1!3m2!1ses!2ses!4v1478515547099\" height=\"450\" width=\"600\" allowfullscreen=\"\" frameborder=\"0\"><\/iframe><\/p>\n<p><\/p>","protected":false},"excerpt":{"rendered":"<p>Ho sentim, aquesta entrada es troba disponible \u00fanicament en Espanyol Europeu. La informaci\u00f3n que te presentamos a continuaci\u00f3n tiene como objetivo proporcionar una serie de materiales [&hellip;]<\/p>\n","protected":false},"author":1,"featured_media":0,"parent":238,"menu_order":3,"comment_status":"closed","ping_status":"closed","template":"","meta":[],"acf":[],"_links":{"self":[{"href":"https:\/\/www.educa.itakaescolapios.org\/ca\/wp-json\/wp\/v2\/pages\/326"}],"collection":[{"href":"https:\/\/www.educa.itakaescolapios.org\/ca\/wp-json\/wp\/v2\/pages"}],"about":[{"href":"https:\/\/www.educa.itakaescolapios.org\/ca\/wp-json\/wp\/v2\/types\/page"}],"author":[{"embeddable":true,"href":"https:\/\/www.educa.itakaescolapios.org\/ca\/wp-json\/wp\/v2\/users\/1"}],"replies":[{"embeddable":true,"href":"https:\/\/www.educa.itakaescolapios.org\/ca\/wp-json\/wp\/v2\/comments?post=326"}],"version-history":[{"count":1,"href":"https:\/\/www.educa.itakaescolapios.org\/ca\/wp-json\/wp\/v2\/pages\/326\/revisions"}],"predecessor-version":[{"id":327,"href":"https:\/\/www.educa.itakaescolapios.org\/ca\/wp-json\/wp\/v2\/pages\/326\/revisions\/327"}],"up":[{"embeddable":true,"href":"https:\/\/www.educa.itakaescolapios.org\/ca\/wp-json\/wp\/v2\/pages\/238"}],"wp:attachment":[{"href":"https:\/\/www.educa.itakaescolapios.org\/ca\/wp-json\/wp\/v2\/media?parent=326"}],"curies":[{"name":"wp","href":"https:\/\/api.w.org\/{rel}","templated":true}]}}