{"id":334,"date":"2018-04-04T11:05:28","date_gmt":"2018-04-04T09:05:28","guid":{"rendered":"http:\/\/www.educa.itakaescolapios.org\/?page_id=334"},"modified":"2018-04-04T11:05:28","modified_gmt":"2018-04-04T09:05:28","slug":"carteleria","status":"publish","type":"page","link":"https:\/\/www.educa.itakaescolapios.org\/ca\/campanas\/2016-2017-expedicion-kamda-educar-anunciar-transformar\/carteleria","title":{"rendered":"CARTELER\u00cdA"},"content":{"rendered":"<p class=\"qtranxs-available-languages-message qtranxs-available-languages-message-ca\">Ho sentim, aquesta entrada es troba disponible \u00fanicament en <a href=\"https:\/\/www.educa.itakaescolapios.org\/es\/wp-json\/wp\/v2\/pages\/334\" class=\"qtranxs-available-language-link qtranxs-available-language-link-es\" title=\"Espa\u00f1ol\">Espanyol Europeu<\/a>.<\/p><p><a href=\"http:\/\/www.itakaescolapios.org\/wp-content\/uploads\/2016\/11\/cartel-campa\u00f1a-1617-ESP.jpg\"><img decoding=\"async\" loading=\"lazy\" class=\"alignleft  wp-image-17047\" alt=\"cartel-campana-1617-esp\" src=\"http:\/\/www.itakaescolapios.org\/wp-content\/uploads\/2016\/11\/cartel-campa\u00f1a-1617-ESP-1024x731.jpg\" width=\"517\" height=\"369\" \/><\/a><\/p>\n<p>Desc\u00e1rgate la carteler\u00eda e im\u00e1genes de la campa\u00f1a, pinchado en cada uno de los enlaces:<\/p>\n<table width=\"364\" border=\"0\" cellspacing=\"0\" cellpadding=\"0\">\n<colgroup>\n<col span=\"4\" width=\"91\" \/> <\/colgroup>\n<tbody>\n<tr>\n<td style=\"text-align: center;\" colspan=\"2\" width=\"182\" height=\"20\">CARTEL<\/td>\n<td style=\"text-align: center;\" colspan=\"2\" width=\"182\">PERSONAJES<\/td>\n<\/tr>\n<tr>\n<td style=\"text-align: center;\" width=\"91\" height=\"40\">EXPEDICI\u00d3N KAMDA<\/td>\n<td style=\"text-align: center;\" width=\"91\">GRACIAS ATAMB\u00daA<\/td>\n<td style=\"text-align: center;\" width=\"91\">COLOR<\/td>\n<td style=\"text-align: center;\" width=\"91\">PARA COLOREAR<\/td>\n<\/tr>\n<tr>\n<td height=\"20\"><span style=\"color: #ff6600;\"><strong><a href=\"http:\/\/www.itakaescolapios.org\/wp-content\/uploads\/2016\/11\/cartel-campa\u00f1a-1617-ESP.pdf\"><span style=\"color: #ff6600;\">ESPA\u00d1OL<\/span><\/a><\/strong><\/span><\/td>\n<td><span style=\"color: #993300;\"><strong><a href=\"http:\/\/www.itakaescolapios.org\/wp-content\/uploads\/2016\/11\/CARTEL-GRACIAS-ESPA\u00d1OL.pdf\"><span style=\"color: #993300;\">GRACIAS<\/span><\/a><\/strong><\/span><\/td>\n<td><span style=\"color: #808000;\"><strong><a href=\"http:\/\/www.itakaescolapios.org\/wp-content\/uploads\/2016\/11\/AUTOB\u00daS.pdf\"><span style=\"color: #808000;\">AUTOB\u00daS<\/span><\/a><\/strong><\/span><\/td>\n<td><span style=\"color: #800080;\"><strong><a href=\"http:\/\/www.itakaescolapios.org\/wp-content\/uploads\/2016\/11\/autobus-linea.pdf\"><span style=\"color: #800080;\">AUTOB\u00daS L\u00cdNEA<\/span><\/a><\/strong><\/span><\/td>\n<\/tr>\n<tr>\n<td height=\"20\"><strong><span style=\"color: #ff6600;\"><a href=\"http:\/\/www.itakaescolapios.org\/wp-content\/uploads\/2016\/11\/cartel-campa\u00f1a-1617-ING.pdf\"><span style=\"color: #ff6600;\">INGL\u00c9S<\/span><\/a><\/span><\/strong><\/td>\n<td><\/td>\n<td><span style=\"color: #808000;\"><strong><a href=\"http:\/\/www.itakaescolapios.org\/wp-content\/uploads\/2016\/11\/CALASANZ-EXPEDICI\u00d3N.pdf\"><span style=\"color: #808000;\">CALASANZ<\/span><\/a><\/strong><\/span><\/td>\n<td><span style=\"color: #800080;\"><strong><a href=\"http:\/\/www.itakaescolapios.org\/wp-content\/uploads\/2016\/11\/CALASANZ-linea.pdf\"><span style=\"color: #800080;\">CALASANZ L\u00cdNEA<\/span><\/a><\/strong><\/span><\/td>\n<\/tr>\n<tr>\n<td height=\"20\"><strong><span style=\"color: #ff6600;\">FRANC\u00c9S<\/span><\/strong><\/td>\n<td><\/td>\n<td><span style=\"color: #808000;\"><strong><a href=\"http:\/\/www.itakaescolapios.org\/wp-content\/uploads\/2016\/11\/QUISAP-EXPEDICI\u00d3N.pdf\"><span style=\"color: #808000;\">QUISAP<\/span><\/a><\/strong><\/span><\/td>\n<td><span style=\"color: #800080;\"><strong><a href=\"http:\/\/www.itakaescolapios.org\/wp-content\/uploads\/2016\/11\/quisap-linea.pdf\"><span style=\"color: #800080;\">QUISAP L\u00cdNEA<\/span><\/a><\/strong><\/span><\/td>\n<\/tr>\n<tr>\n<td height=\"20\"><strong><span style=\"color: #ff6600;\"><a href=\"http:\/\/www.itakaescolapios.org\/wp-content\/uploads\/2016\/11\/CARTEL-CAMPA\u00d1A-ITAKA-2016-17-portugues-web.pdf\"><span style=\"color: #ff6600;\">PORTUGU\u00c9S<\/span><\/a><\/span><\/strong><\/td>\n<td><\/td>\n<td><span style=\"color: #808000;\"><strong><a href=\"http:\/\/www.itakaescolapios.org\/wp-content\/uploads\/2016\/11\/MARINE-EXPEDICI\u00d3N.pdf\"><span style=\"color: #808000;\">MARINE<\/span><\/a><\/strong><\/span><\/td>\n<td><strong><span style=\"color: #800080;\"><a href=\"http:\/\/www.itakaescolapios.org\/wp-content\/uploads\/2016\/11\/MARINE-linea.pdf\"><span style=\"color: #800080;\">MARINE L\u00cdNEA<\/span><\/a><\/span><\/strong><\/td>\n<\/tr>\n<tr>\n<td height=\"20\"><span style=\"color: #ff6600;\"><strong><a href=\"http:\/\/www.itakaescolapios.org\/wp-content\/uploads\/2016\/11\/cartel-campa\u00f1a-1617-eusk.pdf\"><span style=\"color: #ff6600;\">EUSKERA<\/span><\/a><\/strong><\/span><\/td>\n<td><span style=\"color: #993300;\"><strong><a href=\"http:\/\/www.itakaescolapios.org\/wp-content\/uploads\/2016\/11\/CARTEL-GRACIAS-EUSKERA.pdf\"><span style=\"color: #993300;\">ESKERRIK ASKO<\/span><\/a><\/strong><\/span><\/td>\n<td><span style=\"color: #808000;\"><strong><a href=\"http:\/\/www.itakaescolapios.org\/wp-content\/uploads\/2016\/11\/JIWA-EXPEDICI\u00d3N.pdf\"><span style=\"color: #808000;\">JIWA<\/span><\/a><\/strong><\/span><\/td>\n<td><span style=\"color: #800080;\"><strong><a href=\"http:\/\/www.itakaescolapios.org\/wp-content\/uploads\/2016\/11\/JIWA-linea.pdf\"><span style=\"color: #800080;\">JIWA L\u00cdNEA<\/span><\/a><\/strong><\/span><\/td>\n<\/tr>\n<tr>\n<td height=\"20\"><span style=\"color: #ff6600;\"><strong><a href=\"http:\/\/www.itakaescolapios.org\/wp-content\/uploads\/2016\/11\/cartel-campa\u00f1a-1617-VAL.pdf\"><span style=\"color: #ff6600;\">VALENCIANO<\/span><\/a><\/strong><\/span><\/td>\n<td><strong><span style=\"color: #993300;\"><a href=\"http:\/\/www.itakaescolapios.org\/wp-content\/uploads\/2016\/11\/CARTEL-GRACIAS-VALENCIANO.pdf\"><span style=\"color: #993300;\">GRACIES<\/span><\/a><\/span><\/strong><\/td>\n<td><span style=\"color: #808000;\"><strong><a href=\"http:\/\/www.itakaescolapios.org\/wp-content\/uploads\/2016\/11\/SUKAL-EXPEDICI\u00d3N.pdf\"><span style=\"color: #808000;\">SUKAL<\/span><\/a><\/strong><\/span><\/td>\n<td><span style=\"color: #800080;\"><strong><a href=\"http:\/\/www.itakaescolapios.org\/wp-content\/uploads\/2016\/11\/sukal-linea.pdf\"><span style=\"color: #800080;\">SUKAL L\u00cdNEA<\/span><\/a><\/strong><\/span><\/td>\n<\/tr>\n<tr>\n<td height=\"20\"><strong><span style=\"color: #ff6600;\"><a href=\"http:\/\/www.itakaescolapios.org\/wp-content\/uploads\/2016\/11\/cartel-campa\u00f1a-1617-GAL.pdf\"><span style=\"color: #ff6600;\">GALLEGO<\/span><\/a><\/span><\/strong><\/td>\n<td><\/td>\n<td><span style=\"color: #808000;\"><strong><a href=\"http:\/\/www.itakaescolapios.org\/wp-content\/uploads\/2016\/11\/BLA-EXPEDICI\u00d3N.pdf\"><span style=\"color: #808000;\">BLA<\/span><\/a><\/strong><\/span><\/td>\n<td><strong><span style=\"color: #800080;\"><a href=\"http:\/\/www.itakaescolapios.org\/wp-content\/uploads\/2016\/11\/BLA_linea.pdf\"><span style=\"color: #800080;\">BLA L\u00cdNEA<\/span><\/a><\/span><\/strong><\/td>\n<\/tr>\n<\/tbody>\n<\/table>\n<p><\/p>","protected":false},"excerpt":{"rendered":"<p>Ho sentim, aquesta entrada es troba disponible \u00fanicament en Espanyol Europeu. Desc\u00e1rgate la carteler\u00eda e im\u00e1genes de la campa\u00f1a, pinchado en cada uno de los enlaces: [&hellip;]<\/p>\n","protected":false},"author":1,"featured_media":0,"parent":238,"menu_order":7,"comment_status":"closed","ping_status":"closed","template":"","meta":[],"acf":[],"_links":{"self":[{"href":"https:\/\/www.educa.itakaescolapios.org\/ca\/wp-json\/wp\/v2\/pages\/334"}],"collection":[{"href":"https:\/\/www.educa.itakaescolapios.org\/ca\/wp-json\/wp\/v2\/pages"}],"about":[{"href":"https:\/\/www.educa.itakaescolapios.org\/ca\/wp-json\/wp\/v2\/types\/page"}],"author":[{"embeddable":true,"href":"https:\/\/www.educa.itakaescolapios.org\/ca\/wp-json\/wp\/v2\/users\/1"}],"replies":[{"embeddable":true,"href":"https:\/\/www.educa.itakaescolapios.org\/ca\/wp-json\/wp\/v2\/comments?post=334"}],"version-history":[{"count":1,"href":"https:\/\/www.educa.itakaescolapios.org\/ca\/wp-json\/wp\/v2\/pages\/334\/revisions"}],"predecessor-version":[{"id":335,"href":"https:\/\/www.educa.itakaescolapios.org\/ca\/wp-json\/wp\/v2\/pages\/334\/revisions\/335"}],"up":[{"embeddable":true,"href":"https:\/\/www.educa.itakaescolapios.org\/ca\/wp-json\/wp\/v2\/pages\/238"}],"wp:attachment":[{"href":"https:\/\/www.educa.itakaescolapios.org\/ca\/wp-json\/wp\/v2\/media?parent=334"}],"curies":[{"name":"wp","href":"https:\/\/api.w.org\/{rel}","templated":true}]}}