{"id":336,"date":"2018-04-04T11:05:48","date_gmt":"2018-04-04T09:05:48","guid":{"rendered":"http:\/\/www.educa.itakaescolapios.org\/?page_id=336"},"modified":"2018-04-04T11:05:48","modified_gmt":"2018-04-04T09:05:48","slug":"otros-recursos","status":"publish","type":"page","link":"https:\/\/www.educa.itakaescolapios.org\/ca\/campanas\/2016-2017-expedicion-kamda-educar-anunciar-transformar\/otros-recursos","title":{"rendered":"OTROS RECURSOS"},"content":{"rendered":"<p class=\"qtranxs-available-languages-message qtranxs-available-languages-message-ca\">Ho sentim, aquesta entrada es troba disponible \u00fanicament en <a href=\"https:\/\/www.educa.itakaescolapios.org\/es\/wp-json\/wp\/v2\/pages\/336\" class=\"qtranxs-available-language-link qtranxs-available-language-link-es\" title=\"Espa\u00f1ol\">Espanyol Europeu<\/a>.<\/p><p>En esta secci\u00f3n puedes descargarte otros recursos que pueden ayudarte a presentar la campa\u00f1a y a dinamizarla en tu centro educativo, grupo de tiempo libre, parroquia, \u2026<\/p>\n<p>Desc\u00e1rgate en el siguiente enlace el powerpoint que presenta la Campa\u00f1a de Solidaridad:<\/p>\n<p style=\"text-align: center;\"><a href=\"https:\/\/mega.nz\/#!yRIyjBaB!001GQNXKT7lA1q8N_l-IEeNLvhcHu0BPGy6jOf0wDtc\" target=\"_blank\"><span style=\"color: #808000;\"><strong>PRESENTACI\u00d3N CAMPA\u00d1A 2016-2017<\/strong><\/span> (formato <span style=\"color: #808000;\"><strong>ppt<\/strong><\/span>)<\/a><\/p>\n<p>Si te es m\u00e1s c\u00f3modo, a continuaci\u00f3n puedes pinchar en el video presentaci\u00f3n de la Campa\u00f1a de Solidaridad<\/p>\n<p><iframe loading=\"lazy\" src=\"https:\/\/www.youtube.com\/embed\/z2sSNF4y3bo\" height=\"283\" width=\"504\" allowfullscreen=\"\" frameborder=\"0\"><\/iframe><\/p>\n<p>La comunidad escolapia de Kamda nos ha enviado un video que nos ayudan a situar el proyecto y a conocer la realidad escolapia.<\/p>\n<p><iframe loading=\"lazy\" src=\"https:\/\/www.youtube.com\/embed\/yHzadNIWcWA\" height=\"283\" width=\"504\" allowfullscreen=\"\" frameborder=\"0\"><\/iframe><\/p>\n<p>Desc\u00e1rgate la revista de solidaridad de Itaka-Escolapios de este curso 2016-2017<\/p>\n<p><strong><span style=\"color: #808000;\"><a href=\"http:\/\/www.itakaescolapios.org\/wp-content\/uploads\/2016\/11\/REVISTA-DE-CAMPA\u00d1A.pdf\"><span style=\"color: #808000;\">REVISTA DE LA CAMPA\u00d1A DE SOLIDARIDAD<\/span><\/a><\/span><\/strong><\/p>\n<p><span style=\"color: #ff6600;\"><span style=\"color: #808000;\"><strong><a href=\"http:\/\/www.itakaescolapios.org\/wp-content\/uploads\/2016\/11\/REVISTA-DE-CAMPA\u00d1A-201617-EUSK-IMPRENTA.pdf\"><span style=\"color: #808000;\">KANPAINA ALDIZKARIA (EUS-ESP)<\/span><\/a><\/strong><\/span><br \/>\n<\/span><\/p>","protected":false},"excerpt":{"rendered":"<p>Ho sentim, aquesta entrada es troba disponible \u00fanicament en Espanyol Europeu.En esta secci\u00f3n puedes descargarte otros recursos que pueden ayudarte a presentar la campa\u00f1a y a [&hellip;]<\/p>\n","protected":false},"author":1,"featured_media":0,"parent":238,"menu_order":8,"comment_status":"closed","ping_status":"closed","template":"","meta":[],"acf":[],"_links":{"self":[{"href":"https:\/\/www.educa.itakaescolapios.org\/ca\/wp-json\/wp\/v2\/pages\/336"}],"collection":[{"href":"https:\/\/www.educa.itakaescolapios.org\/ca\/wp-json\/wp\/v2\/pages"}],"about":[{"href":"https:\/\/www.educa.itakaescolapios.org\/ca\/wp-json\/wp\/v2\/types\/page"}],"author":[{"embeddable":true,"href":"https:\/\/www.educa.itakaescolapios.org\/ca\/wp-json\/wp\/v2\/users\/1"}],"replies":[{"embeddable":true,"href":"https:\/\/www.educa.itakaescolapios.org\/ca\/wp-json\/wp\/v2\/comments?post=336"}],"version-history":[{"count":1,"href":"https:\/\/www.educa.itakaescolapios.org\/ca\/wp-json\/wp\/v2\/pages\/336\/revisions"}],"predecessor-version":[{"id":337,"href":"https:\/\/www.educa.itakaescolapios.org\/ca\/wp-json\/wp\/v2\/pages\/336\/revisions\/337"}],"up":[{"embeddable":true,"href":"https:\/\/www.educa.itakaescolapios.org\/ca\/wp-json\/wp\/v2\/pages\/238"}],"wp:attachment":[{"href":"https:\/\/www.educa.itakaescolapios.org\/ca\/wp-json\/wp\/v2\/media?parent=336"}],"curies":[{"name":"wp","href":"https:\/\/api.w.org\/{rel}","templated":true}]}}