{"id":338,"date":"2018-04-04T11:07:29","date_gmt":"2018-04-04T09:07:29","guid":{"rendered":"http:\/\/www.educa.itakaescolapios.org\/?page_id=338"},"modified":"2018-04-04T11:07:29","modified_gmt":"2018-04-04T09:07:29","slug":"recordando-la-campana-expedicion-kamda-educar-anunciar-transformar","status":"publish","type":"page","link":"https:\/\/www.educa.itakaescolapios.org\/ca\/campanas\/2017-2018-el-tesoro-de-senegal\/recordando-la-campana-expedicion-kamda-educar-anunciar-transformar","title":{"rendered":"RECORDANDO LA CAMPA\u00d1A &#8220;EXPEDICI\u00d3N KAMDA: EDUCAR, ANUNCIAR, TRANSFORMAR&#8221;"},"content":{"rendered":"<p class=\"qtranxs-available-languages-message qtranxs-available-languages-message-ca\">Ho sentim, aquesta entrada es troba disponible \u00fanicament en <a href=\"https:\/\/www.educa.itakaescolapios.org\/es\/wp-json\/wp\/v2\/pages\/338\" class=\"qtranxs-available-language-link qtranxs-available-language-link-es\" title=\"Espa\u00f1ol\">Espanyol Europeu<\/a>.<\/p><p>Con la campa\u00f1a de solidaridad del curso 2016-2017 quisimos ahondar en la fuerza transformadora de la educaci\u00f3n promoviendo una educaci\u00f3n de calidad en el norte de la India, en Kamda. Nos propon\u00edamos mejorar la formaci\u00f3n del profesorado y la mejora de la actual escuela, pensando en recaudar fondos para en el futuro construir una nueva escuela.<\/p>\n<p>Cincuenta y dos colegios y centros culturales escolapios de Bolivia, Brasil, Camer\u00fan, Espa\u00f1a, Gab\u00f3n, Guinea Ecuatorial, Indonesia y Venezuela trabajaron en las aulas el valor de la educaci\u00f3n como motor de cambio, conociendo la realidad escolapia de la India.<\/p>\n<p>Gracias a \u00e9ste trabajo de sensibilizaci\u00f3n vamos a poder enviar un total de 198.495,29 \u20ac, que garantizar\u00e1n una educaci\u00f3n de calidad en la escuela de Kamda y nos permiten so\u00f1ar con la construcci\u00f3n de una nueva en un futuro no muy lejano.<\/p>\n<p>\u00a1Gracias! Thanks! Merci! Obrigado!<\/p>\n<h1><span style=\"color: #808000;\">Pincha en los gr\u00e1ficos para seguir la evoluci\u00f3n de los \u00faltimos a\u00f1os:<\/span><\/h1>\n<p><a href=\"http:\/\/www.itakaescolapios.org\/wp-content\/uploads\/2017\/10\/grafico-dinero-recaudado.png\" target=\"_blank\"><img decoding=\"async\" loading=\"lazy\" class=\"alignleft  wp-image-20831\" alt=\"grafico dinero recaudado\" src=\"http:\/\/www.itakaescolapios.org\/wp-content\/uploads\/2017\/10\/grafico-dinero-recaudado-300x184.png\" width=\"300\" height=\"184\" \/><\/a> <a href=\"http:\/\/www.itakaescolapios.org\/wp-content\/uploads\/2017\/10\/grafico-centros.png\" target=\"_blank\"><img decoding=\"async\" loading=\"lazy\" class=\"alignleft  wp-image-20832\" alt=\"grafico centros\" src=\"http:\/\/www.itakaescolapios.org\/wp-content\/uploads\/2017\/10\/grafico-centros-300x234.png\" width=\"255\" height=\"199\" \/><\/a><\/p>","protected":false},"excerpt":{"rendered":"<p>Ho sentim, aquesta entrada es troba disponible \u00fanicament en Espanyol Europeu.Con la campa\u00f1a de solidaridad del curso 2016-2017 quisimos ahondar en la fuerza transformadora de la [&hellip;]<\/p>\n","protected":false},"author":1,"featured_media":0,"parent":228,"menu_order":1,"comment_status":"closed","ping_status":"closed","template":"","meta":[],"acf":[],"_links":{"self":[{"href":"https:\/\/www.educa.itakaescolapios.org\/ca\/wp-json\/wp\/v2\/pages\/338"}],"collection":[{"href":"https:\/\/www.educa.itakaescolapios.org\/ca\/wp-json\/wp\/v2\/pages"}],"about":[{"href":"https:\/\/www.educa.itakaescolapios.org\/ca\/wp-json\/wp\/v2\/types\/page"}],"author":[{"embeddable":true,"href":"https:\/\/www.educa.itakaescolapios.org\/ca\/wp-json\/wp\/v2\/users\/1"}],"replies":[{"embeddable":true,"href":"https:\/\/www.educa.itakaescolapios.org\/ca\/wp-json\/wp\/v2\/comments?post=338"}],"version-history":[{"count":1,"href":"https:\/\/www.educa.itakaescolapios.org\/ca\/wp-json\/wp\/v2\/pages\/338\/revisions"}],"predecessor-version":[{"id":339,"href":"https:\/\/www.educa.itakaescolapios.org\/ca\/wp-json\/wp\/v2\/pages\/338\/revisions\/339"}],"up":[{"embeddable":true,"href":"https:\/\/www.educa.itakaescolapios.org\/ca\/wp-json\/wp\/v2\/pages\/228"}],"wp:attachment":[{"href":"https:\/\/www.educa.itakaescolapios.org\/ca\/wp-json\/wp\/v2\/media?parent=338"}],"curies":[{"name":"wp","href":"https:\/\/api.w.org\/{rel}","templated":true}]}}