{"id":3582,"date":"2020-11-18T15:02:05","date_gmt":"2020-11-18T14:02:05","guid":{"rendered":"https:\/\/www.educa.itakaescolapios.org\/?page_id=3582"},"modified":"2024-05-06T09:35:29","modified_gmt":"2024-05-06T07:35:29","slug":"que-es-aps-2","status":"publish","type":"page","link":"https:\/\/www.educa.itakaescolapios.org\/ca\/aprendizaje-y-servicio\/que-es-aps-2","title":{"rendered":"Qu\u00e8 \u00e9s ApS"},"content":{"rendered":"<p><\/p>\n<div class=\"bloque-show\" style=\"text-align: center;\">\n<div class=\"bloque-img-peq\"><a href=\"https:\/\/www.educa.itakaescolapios.org\/aprendizaje-y-servicio\/que-es-aps-2\"><br \/>\n<img decoding=\"async\" loading=\"lazy\" class=\"aligncenter wp-image-3566 size-medium\" style=\"width: 200px; height: auto;\" src=\"https:\/\/www.educa.itakaescolapios.org\/wp-content\/uploads\/2020\/11\/Que-es-ApS-300x254.png\" alt=\"\" width=\"300\" height=\"254\" srcset=\"https:\/\/www.educa.itakaescolapios.org\/wp-content\/uploads\/2020\/11\/Que-es-ApS-300x254.png 300w, https:\/\/www.educa.itakaescolapios.org\/wp-content\/uploads\/2020\/11\/Que-es-ApS-250x212.png 250w, https:\/\/www.educa.itakaescolapios.org\/wp-content\/uploads\/2020\/11\/Que-es-ApS.png 540w\" sizes=\"(max-width: 300px) 100vw, 300px\" \/><\/a><\/div>\n<p><a href=\"https:\/\/www.educa.itakaescolapios.org\/aprendizaje-y-servicio\/que-es-aps-2\">Qu\u00e8 es l&#8217;Aprenentatge-Servei\u00a0 ApS.\u00a0<\/a><\/p>\n<\/div>\n<div class=\"bloque-show\" style=\"text-align: center;\">\n<div class=\"bloque-img-peq\"><a href=\"https:\/\/www.educa.itakaescolapios.org\/aprendizaje-y-servicio\/ejemplos-y-buenas-practicas\"><img decoding=\"async\" loading=\"lazy\" class=\"size-medium wp-image-3567 aligncenter\" style=\"width: 100px; height: auto;\" src=\"https:\/\/www.educa.itakaescolapios.org\/wp-content\/uploads\/2020\/11\/comparte-ApS-300x207.png\" alt=\"\" width=\"300\" height=\"207\" srcset=\"https:\/\/www.educa.itakaescolapios.org\/wp-content\/uploads\/2020\/11\/comparte-ApS-300x207.png 300w, https:\/\/www.educa.itakaescolapios.org\/wp-content\/uploads\/2020\/11\/comparte-ApS-250x173.png 250w, https:\/\/www.educa.itakaescolapios.org\/wp-content\/uploads\/2020\/11\/comparte-ApS.png 727w\" sizes=\"(max-width: 300px) 100vw, 300px\" \/><\/a><\/div>\n<p><a href=\"https:\/\/www.educa.itakaescolapios.org\/aprendizaje-y-servicio\/ejemplos-y-buenas-practicas\">Exemples i bones pr\u00e0ctiques<\/a><\/p>\n<\/div>\n<div class=\"bloque-show\" style=\"text-align: center;\">\n<div class=\"bloque-img-peq\"><a href=\"https:\/\/www.educa.itakaescolapios.org\/aprendizaje-y-servicio\/comparte-tu-experiencia-de-aps\"><img decoding=\"async\" loading=\"lazy\" width=\"300\" height=\"231\" class=\"size-medium wp-image-3568 aligncenter\" style=\"width: 100px; height: auto;\" src=\"https:\/\/www.educa.itakaescolapios.org\/wp-content\/uploads\/2020\/11\/Buenas-practicas-APS-300x231.png\" srcset=\"https:\/\/www.educa.itakaescolapios.org\/wp-content\/uploads\/2020\/11\/Buenas-practicas-APS-300x231.png 300w, https:\/\/www.educa.itakaescolapios.org\/wp-content\/uploads\/2020\/11\/Buenas-practicas-APS-250x193.png 250w, https:\/\/www.educa.itakaescolapios.org\/wp-content\/uploads\/2020\/11\/Buenas-practicas-APS.png 310w\" sizes=\"(max-width: 300px) 100vw, 300px\" \/><\/a><\/div>\n<p><a href=\"https:\/\/www.educa.itakaescolapios.org\/aprendizaje-y-servicio\/comparte-tu-experiencia-de-aps\">Compartix la teua experi\u00e8ncia de l&#8217;Aprenentatge-Servei. ApS\u00a0\u00a0<\/a><\/p>\n<\/div>\n<p>L&#8217;Aprenentatge Servei o \u00abApS\u00bb \u00e9s una metodologia que integra l&#8217;aprenentatge basat en l&#8217;experi\u00e8ncia amb el servei a la comunitat atenent les necessitats detectades. Compr\u00e9n, per tant, aspectes pedag\u00f2gics i de transformaci\u00f3 social, ambiental, formativa \u2026<br \/>\nAmb el ApS es pret\u00e9n una formaci\u00f3 integral i de qualitat que incorpore a la mateixa, des de la pr\u00e0ctica transformadora, aspectes \u00e8tics dirigits al desenvolupament d&#8217;una societat m\u00e9s justa i sostenible.<\/p>\n<p>Com plataforma educativa estem conven\u00e7uts que des de l\u2019\u00e0mbit educatiu \u00e9s necessari impulsar accions que oferisquen a l\u2019alumnat la possibilitat d\u2019intervindre directament en la modificaci\u00f3 de l\u2019entorn. D\u2019esta manera l\u2019educaci\u00f3 es convertir\u00e0 en agent dinamitzador de l\u2019entorn i en protagonista de la vida del mateix. Aix\u00ed, analitzant, dissenyant, promovent, compartint i avaluant els seus propis projectes d\u2019ApS formem no sols als adults del dem\u00e0, sin\u00f3 que fem protagonistes del canvi als xiquets I j\u00f3vens del present.<\/p>\n<h3>Com aprofundir i aprendre m\u00e9s sobre ApS<\/h3>\n<p>S\u00f3n nombroses les guies i materials sobre *ApS a les quals pots acostar-te per a aprofundir i accedir a m\u00e9s informaci\u00f3, et facilitem algunes, si tens alguna m\u00e9s que pugues suggerir-nos, fes-ho escrivint al mail : <a href=\"mailto:educa@itakaescolapios.org\">educa@itakaescolapios.org<\/a><\/p>\n<p>Et facilitem algunes <strong>guies<\/strong> obtingudes del Centre Promotor d\u2019APS <a href=\"https:\/\/aprenentatgeservei.cat\/\" target=\"_blank\" rel=\"noopener noreferrer\">https:\/\/aprenentatgeservei.cat\/<\/a>, d\u2019Intered, aix\u00ed com la p\u00e0gina web del grup territorial d\u2019ApS de la Comunitat Valenciana <a href=\"https:\/\/apscomunitatvalenciana.net\/\" target=\"_blank\" rel=\"noopener noreferrer\">\u00a0https:\/\/apscomunitatvalenciana.com\/<\/a>, perqu\u00e8 siga el millor lloc per informar-te sobre Aprenentatge i Servei en valenci\u00e0 i catal\u00e0<\/p>\n<p>&nbsp;<\/p>\n<p style=\"padding-left: 40px;\"><a href=\"https:\/\/www.educa.itakaescolapios.org\/wp-content\/uploads\/2021\/01\/CA1.-Minyons_GuiaApS.pdf\" target=\"_blank\" rel=\"noopener noreferrer\">Guia<\/a> pr\u00e0ctica per a projectes d\u2019Aprenentatge Servei: Fem projectes d\u2019ApS <a href=\"https:\/\/aprenentatgeservei.cat\/wp-content\/uploads\/guies\/Minyons_GuiaApS.pdf\">https:\/\/aprenentatgeservei.cat\/wp-content\/uploads\/guies\/Minyons_GuiaApS.pdf<\/a><\/p>\n<p style=\"padding-left: 40px;\"><a href=\"https:\/\/www.educa.itakaescolapios.org\/wp-content\/uploads\/2021\/01\/CA_2.Guia-per-lassessorament-de-projecte-dAPS-Programa-ARCE-Projecte-Dos-Mares.pdf\" target=\"_blank\" rel=\"noopener noreferrer\">Guia <\/a>per l\u2019Assessorament de Projectes d\u2019Aprenentatge Servei <a href=\"https:\/\/aprenentatgeservei.cat\/wp-content\/uploads\/quaderns_aps\/Guia-per-lassessorament-de-projecte-dAPS-Programa-ARCE-Projecte-Dos-Mares.pdf\">https:\/\/aprenentatgeservei.cat\/wp-content\/uploads\/quaderns_aps\/Guia-per-lassessorament-de-projecte-dAPS-Programa-ARCE-Projecte-Dos-Mares.pdf<\/a><\/p>\n<p style=\"padding-left: 40px;\"><a href=\"https:\/\/www.educa.itakaescolapios.org\/wp-content\/uploads\/2021\/01\/CA3.-APS-valors-i-formacio-de-monitors_salvador-carrasco.pdf\">Aprenentatge servei<\/a>, valors i formaci\u00f3 de monitors <a href=\"https:\/\/aprenentatgeservei.cat\/wp-content\/uploads\/quaderns_aps\/APS-valors-i-formacio-de-monitors_salvador-carrasco.pdf\">https:\/\/aprenentatgeservei.cat\/wp-content\/uploads\/quaderns_aps\/APS-valors-i-formacio-de-monitors_salvador-carrasco.pdf<\/a><\/p>\n<p style=\"padding-left: 40px;\"><a href=\"https:\/\/www.educa.itakaescolapios.org\/wp-content\/uploads\/2021\/01\/Ca_4-guia_daprenentage_servici_amb_mirada_de_cures.pdf\" target=\"_blank\" rel=\"noopener noreferrer\">Guia<\/a> d\u2019Aprenentatge servici amb mirada de cures. <a href=\"https:\/\/www.intered.org\/es\/recursos\/guia-de-aprendizaje-servicio-con-mirada-de-cuidados\" target=\"_blank\" rel=\"noopener noreferrer\">https:\/\/www.intered.org\/sites\/default\/files\/guia_daprenentage_servici_amb_mirada_de_cures.pdf<\/a><\/p>\n<p>&nbsp;<\/p>\n<p>Et deixem tamb\u00e9 una r\u00fabrica per a l\u2019autoavaluaci\u00f3 de projectes d\u2019ApS publicada per el Centro Promotor de l\u2019ApS:<\/p>\n<p style=\"padding-left: 40px;\"><a href=\"https:\/\/www.educa.itakaescolapios.org\/wp-content\/uploads\/2021\/01\/ca-rubrica.pdf\" target=\"_blank\" rel=\"noopener noreferrer\">R\u00fabrica<\/a>: <a href=\"https:\/\/aprenentatgeservei.cat\/wp-content\/uploads\/guies\/aps_autoevaluacio_cat_IMP_A5.pdf\" target=\"_blank\" rel=\"noopener noreferrer\">https:\/\/aprenentatgeservei.cat\/wp-content\/uploads\/guies\/aps_autoevaluacio_cat_IMP_A5.pdf \u00a0<\/a><\/p>\n<p style=\"padding-left: 40px;\"><a href=\"https:\/\/www.educa.itakaescolapios.org\/wp-content\/uploads\/2021\/01\/ca_-rubrica-reducida.pdf\">R\u00fabrica versi\u00f3 redu\u00efda<\/a>: <a href=\"https:\/\/aprenentatgeservei.cat\/wp-content\/uploads\/guies\/aps_autoevaluacio_cat_mini_IMPA4.pdf\" target=\"_blank\" rel=\"noopener noreferrer\">https:\/\/aprenentatgeservei.cat\/wp-content\/uploads\/guies\/aps_autoevaluacio_cat_mini_IMPA4.pdf<\/a> \u00a0<img decoding=\"async\" loading=\"lazy\" class=\"alignright size-thumbnail wp-image-2969\" src=\"https:\/\/www.educa.itakaescolapios.org\/wp-content\/uploads\/2020\/11\/mano-click-verde-150x150.png\" alt=\"\" width=\"150\" height=\"150\" srcset=\"https:\/\/www.educa.itakaescolapios.org\/wp-content\/uploads\/2020\/11\/mano-click-verde-150x150.png 150w, https:\/\/www.educa.itakaescolapios.org\/wp-content\/uploads\/2020\/11\/mano-click-verde-300x300.png 300w, https:\/\/www.educa.itakaescolapios.org\/wp-content\/uploads\/2020\/11\/mano-click-verde-768x769.png 768w, https:\/\/www.educa.itakaescolapios.org\/wp-content\/uploads\/2020\/11\/mano-click-verde-250x250.png 250w, https:\/\/www.educa.itakaescolapios.org\/wp-content\/uploads\/2020\/11\/mano-click-verde.png 786w\" sizes=\"(max-width: 150px) 100vw, 150px\" \/><\/p>\n<p style=\"padding-left: 40px;\">Tamb\u00e9 la tens on line en:<a href=\"https:\/\/aprenentatgeservei.cat\/rubrica-dautoavaluacio\/\" target=\"_blank\" rel=\"noopener noreferrer\"> https:\/\/aprenentatgeservei.cat\/rubrica-dautoavaluacio\/\u00a0<\/a><\/p>\n<p style=\"padding-left: 40px;\">\n<p><\/p>","protected":false},"excerpt":{"rendered":"<p>Qu\u00e8 es l&#8217;Aprenentatge-Servei\u00a0 ApS.\u00a0 Exemples i bones pr\u00e0ctiques Compartix la teua experi\u00e8ncia de l&#8217;Aprenentatge-Servei. ApS\u00a0\u00a0 L&#8217;Aprenentatge Servei o \u00abApS\u00bb \u00e9s una metodologia que integra l&#8217;aprenentatge basat [&hellip;]<\/p>\n","protected":false},"author":1,"featured_media":0,"parent":15,"menu_order":0,"comment_status":"closed","ping_status":"closed","template":"","meta":[],"acf":[],"_links":{"self":[{"href":"https:\/\/www.educa.itakaescolapios.org\/ca\/wp-json\/wp\/v2\/pages\/3582"}],"collection":[{"href":"https:\/\/www.educa.itakaescolapios.org\/ca\/wp-json\/wp\/v2\/pages"}],"about":[{"href":"https:\/\/www.educa.itakaescolapios.org\/ca\/wp-json\/wp\/v2\/types\/page"}],"author":[{"embeddable":true,"href":"https:\/\/www.educa.itakaescolapios.org\/ca\/wp-json\/wp\/v2\/users\/1"}],"replies":[{"embeddable":true,"href":"https:\/\/www.educa.itakaescolapios.org\/ca\/wp-json\/wp\/v2\/comments?post=3582"}],"version-history":[{"count":118,"href":"https:\/\/www.educa.itakaescolapios.org\/ca\/wp-json\/wp\/v2\/pages\/3582\/revisions"}],"predecessor-version":[{"id":8479,"href":"https:\/\/www.educa.itakaescolapios.org\/ca\/wp-json\/wp\/v2\/pages\/3582\/revisions\/8479"}],"up":[{"embeddable":true,"href":"https:\/\/www.educa.itakaescolapios.org\/ca\/wp-json\/wp\/v2\/pages\/15"}],"wp:attachment":[{"href":"https:\/\/www.educa.itakaescolapios.org\/ca\/wp-json\/wp\/v2\/media?parent=3582"}],"curies":[{"name":"wp","href":"https:\/\/api.w.org\/{rel}","templated":true}]}}