{"id":3623,"date":"2020-11-18T22:34:24","date_gmt":"2020-11-18T21:34:24","guid":{"rendered":"https:\/\/www.educa.itakaescolapios.org\/?page_id=3623"},"modified":"2021-01-28T13:03:30","modified_gmt":"2021-01-28T12:03:30","slug":"comparte-tu-experiencia-de-aps","status":"publish","type":"page","link":"https:\/\/www.educa.itakaescolapios.org\/ca\/aprendizaje-y-servicio\/comparte-tu-experiencia-de-aps","title":{"rendered":"Compartix la teua experi\u00e8ncia de ApS"},"content":{"rendered":"<p><\/p>\n<div class=\"bloque-show\" style=\"text-align: center;\">\n<div class=\"bloque-img-peq\"><a href=\"https:\/\/www.educa.itakaescolapios.org\/aprendizaje-y-servicio\/que-es-aps-2\"><br \/>\n<img decoding=\"async\" loading=\"lazy\" class=\"aligncenter wp-image-3566 size-medium\" style=\"width: 100px; height: auto;\" src=\"https:\/\/www.educa.itakaescolapios.org\/wp-content\/uploads\/2020\/11\/Que-es-ApS-300x254.png\" alt=\"\" width=\"300\" height=\"254\" srcset=\"https:\/\/www.educa.itakaescolapios.org\/wp-content\/uploads\/2020\/11\/Que-es-ApS-300x254.png 300w, https:\/\/www.educa.itakaescolapios.org\/wp-content\/uploads\/2020\/11\/Que-es-ApS-250x212.png 250w, https:\/\/www.educa.itakaescolapios.org\/wp-content\/uploads\/2020\/11\/Que-es-ApS.png 540w\" sizes=\"(max-width: 300px) 100vw, 300px\" \/><\/a><\/div>\n<p><a href=\"https:\/\/www.educa.itakaescolapios.org\/aprendizaje-y-servicio\/que-es-aps-2\">Qu\u00e8 \u00e9s ApS\u00a0<\/a><\/p>\n<\/div>\n<div class=\"bloque-show\" style=\"text-align: center;\">\n<div class=\"bloque-img-peq\"><a href=\"https:\/\/www.educa.itakaescolapios.org\/aprendizaje-y-servicio\/ejemplos-y-buenas-practicas\"><img decoding=\"async\" loading=\"lazy\" class=\"size-medium wp-image-3567 aligncenter\" style=\"margin-top: 30px; width: 100px; height: auto;\" src=\"https:\/\/www.educa.itakaescolapios.org\/wp-content\/uploads\/2020\/11\/comparte-ApS-300x207.png\" alt=\"\" width=\"300\" height=\"207\" srcset=\"https:\/\/www.educa.itakaescolapios.org\/wp-content\/uploads\/2020\/11\/comparte-ApS-300x207.png 300w, https:\/\/www.educa.itakaescolapios.org\/wp-content\/uploads\/2020\/11\/comparte-ApS-250x173.png 250w, https:\/\/www.educa.itakaescolapios.org\/wp-content\/uploads\/2020\/11\/comparte-ApS.png 727w\" sizes=\"(max-width: 300px) 100vw, 300px\" \/><\/a><\/div>\n<p><a href=\"https:\/\/www.educa.itakaescolapios.org\/aprendizaje-y-servicio\/ejemplos-y-buenas-practicas\">Exemples i bones pr\u00e0ctiques\u00a0<\/a><\/p>\n<\/div>\n<div class=\"bloque-show\" style=\"text-align: center;\">\n<div class=\"bloque-img-peq\"><img decoding=\"async\" loading=\"lazy\" width=\"300\" height=\"231\" class=\"size-medium wp-image-3568 aligncenter\" style=\"width: 200px; height: auto;\" src=\"https:\/\/www.educa.itakaescolapios.org\/wp-content\/uploads\/2020\/11\/Buenas-practicas-APS-300x231.png\" srcset=\"https:\/\/www.educa.itakaescolapios.org\/wp-content\/uploads\/2020\/11\/Buenas-practicas-APS-300x231.png 300w, https:\/\/www.educa.itakaescolapios.org\/wp-content\/uploads\/2020\/11\/Buenas-practicas-APS-250x193.png 250w, https:\/\/www.educa.itakaescolapios.org\/wp-content\/uploads\/2020\/11\/Buenas-practicas-APS.png 310w\" sizes=\"(max-width: 300px) 100vw, 300px\" \/><\/div>\n<p><a href=\"https:\/\/www.educa.itakaescolapios.org\/aprendizaje-y-servicio\/comparte-tu-experiencia-de-aps\">Compartix la teua experi\u00e8ncia de ApS\u00a0<\/a><\/p>\n<\/div>\n<p>&nbsp;<\/p>\n<p>Contacta amb nosaltres a trav\u00e9s del formulari per a afegir les teues experi\u00e8ncies &#8230;<\/p>\n<p><div class=\"wpcf7 no-js\" id=\"wpcf7-f2512-o6\" lang=\"es-ES\" dir=\"ltr\">\n<div class=\"screen-reader-response\"><p role=\"status\" aria-live=\"polite\" aria-atomic=\"true\"><\/p> <ul><\/ul><\/div>\n<form action=\"\/ca\/wp-json\/wp\/v2\/pages\/3623#wpcf7-f2512-o6\" method=\"post\" class=\"wpcf7-form init\" aria-label=\"Formulario de contacto\" enctype=\"multipart\/form-data\" novalidate=\"novalidate\" data-status=\"init\">\n<div style=\"display: none;\">\n<input type=\"hidden\" name=\"_wpcf7\" value=\"2512\" \/>\n<input type=\"hidden\" name=\"_wpcf7_version\" value=\"5.7.2\" \/>\n<input type=\"hidden\" name=\"_wpcf7_locale\" value=\"es_ES\" \/>\n<input type=\"hidden\" name=\"_wpcf7_unit_tag\" value=\"wpcf7-f2512-o6\" \/>\n<input type=\"hidden\" name=\"_wpcf7_container_post\" value=\"0\" \/>\n<input type=\"hidden\" name=\"_wpcf7_posted_data_hash\" value=\"\" \/>\n<\/div>\n<div id=\"formulario_propuestas\">\n\t<p>Emplena en aquesta fitxa, els espais que siguen pertinents, segons la proposta que desitges compartir en la xarxa Educa. Un recurs educatiu, una experi\u00e8ncia transformadora, un projecte d'aprenentatge-servei o uns altres.\n\t<\/p>\n\t<p><label><strong>Tipus de proposta:<\/strong><\/label><br \/>\n<span class=\"wpcf7-form-control-wrap\" data-name=\"tipo_recurso\"><span class=\"wpcf7-form-control wpcf7-checkbox wpcf7-validates-as-required wpcf7-exclusive-checkbox\"><span class=\"wpcf7-list-item first\"><input type=\"checkbox\" name=\"tipo_recurso\" value=\"Recurs educatiu\" tabindex=\"\" \/><span class=\"wpcf7-list-item-label\">Recurs educatiu<\/span><\/span><span class=\"wpcf7-list-item\"><input type=\"checkbox\" name=\"tipo_recurso\" value=\"Experi\u00e8ncia transformadora\" tabindex=\"\" \/><span class=\"wpcf7-list-item-label\">Experi\u00e8ncia transformadora<\/span><\/span><span class=\"wpcf7-list-item\"><input type=\"checkbox\" name=\"tipo_recurso\" value=\"Projecte d&#039;aprenentatge-servei\" tabindex=\"\" \/><span class=\"wpcf7-list-item-label\">Projecte d&#039;aprenentatge-servei<\/span><\/span><span class=\"wpcf7-list-item last\"><input type=\"checkbox\" name=\"tipo_recurso\" value=\"Altres\" tabindex=\"\" \/><span class=\"wpcf7-list-item-label\">Altres<\/span><\/span><\/span><\/span>\n\t<\/p>\n\t<p><label><strong>T\u00edtol:<\/strong><br \/>\n<span class=\"wpcf7-form-control-wrap\" data-name=\"titulo\"><input size=\"40\" class=\"wpcf7-form-control wpcf7-text wpcf7-validates-as-required form-lg\" aria-required=\"true\" aria-invalid=\"false\" value=\"\" type=\"text\" name=\"titulo\" \/><\/span> <\/label>\n\t<\/p>\n\t<p><label><strong>Objectius:<\/strong><span class=\"wpcf7-form-control-wrap\" data-name=\"objetivos\"><textarea cols=\"40\" rows=\"10\" class=\"wpcf7-form-control wpcf7-textarea wpcf7-validates-as-required form-lg\" aria-required=\"true\" aria-invalid=\"false\" name=\"objetivos\"><\/textarea><\/span> <\/label>\n\t<\/p>\n\t<p><label><strong>\u00c0mbit:<\/strong> (pots marcar diversos \u00e0mbits) pots vore una definici\u00f3 concreta dels \u00e0mbits ac\u00ed )<br \/>\n<\/label><br \/>\n<span class=\"wpcf7-form-control-wrap\" data-name=\"ambito\"><span class=\"wpcf7-form-control wpcf7-checkbox wpcf7-validates-as-required\"><span class=\"wpcf7-list-item first\"><span class=\"wpcf7-list-item-label\">Coeducaci\u00f3<\/span><input type=\"checkbox\" name=\"ambito[]\" value=\"Coeducaci\u00f3\" tabindex=\"\" \/><\/span><span class=\"wpcf7-list-item\"><span class=\"wpcf7-list-item-label\">Paz<\/span><input type=\"checkbox\" name=\"ambito[]\" value=\"Paz\" tabindex=\"\" \/><\/span><span class=\"wpcf7-list-item\"><span class=\"wpcf7-list-item-label\">Sostenibilitat<\/span><input type=\"checkbox\" name=\"ambito[]\" value=\"Sostenibilitat\" tabindex=\"\" \/><\/span><span class=\"wpcf7-list-item\"><span class=\"wpcf7-list-item-label\">Interculturalitat<\/span><input type=\"checkbox\" name=\"ambito[]\" value=\"Interculturalitat\" tabindex=\"\" \/><\/span><span class=\"wpcf7-list-item\"><span class=\"wpcf7-list-item-label\">Enfocament Global-Local<\/span><input type=\"checkbox\" name=\"ambito[]\" value=\"Enfocament Global-Local\" tabindex=\"\" \/><\/span><span class=\"wpcf7-list-item\"><span class=\"wpcf7-list-item-label\">Lluita contra l&#039;exclusi\u00f3<\/span><input type=\"checkbox\" name=\"ambito[]\" value=\"Lluita contra l&#039;exclusi\u00f3\" tabindex=\"\" \/><\/span><span class=\"wpcf7-list-item last\"><span class=\"wpcf7-list-item-label\">Dret a l&#039;educaci\u00f3<\/span><input type=\"checkbox\" name=\"ambito[]\" value=\"Dret a l&#039;educaci\u00f3\" tabindex=\"\" \/><\/span><\/span><\/span>\n\t<\/p>\n\t<p><label><strong>Edat de les persones destinat\u00e0ries:<\/strong> (pots marcar diverses edats)<\/label><br \/>\n<span class=\"wpcf7-form-control-wrap\" data-name=\"checkbox-edades\"><span class=\"wpcf7-form-control wpcf7-checkbox wpcf7-validates-as-required\"><span class=\"wpcf7-list-item first\"><input type=\"checkbox\" name=\"checkbox-edades[]\" value=\"3-5 anys\" tabindex=\"\" \/><span class=\"wpcf7-list-item-label\">3-5 anys<\/span><\/span><span class=\"wpcf7-list-item\"><input type=\"checkbox\" name=\"checkbox-edades[]\" value=\"6-8 anys\" tabindex=\"\" \/><span class=\"wpcf7-list-item-label\">6-8 anys<\/span><\/span><span class=\"wpcf7-list-item\"><input type=\"checkbox\" name=\"checkbox-edades[]\" value=\"8-10 anys\" tabindex=\"\" \/><span class=\"wpcf7-list-item-label\">8-10 anys<\/span><\/span><span class=\"wpcf7-list-item\"><input type=\"checkbox\" name=\"checkbox-edades[]\" value=\"10-12 anys\" tabindex=\"\" \/><span class=\"wpcf7-list-item-label\">10-12 anys<\/span><\/span><span class=\"wpcf7-list-item\"><input type=\"checkbox\" name=\"checkbox-edades[]\" value=\"12-14 anys\" tabindex=\"\" \/><span class=\"wpcf7-list-item-label\">12-14 anys<\/span><\/span><span class=\"wpcf7-list-item\"><input type=\"checkbox\" name=\"checkbox-edades[]\" value=\"14-16 anys\" tabindex=\"\" \/><span class=\"wpcf7-list-item-label\">14-16 anys<\/span><\/span><span class=\"wpcf7-list-item\"><input type=\"checkbox\" name=\"checkbox-edades[]\" value=\"16-18 anys\" tabindex=\"\" \/><span class=\"wpcf7-list-item-label\">16-18 anys<\/span><\/span><span class=\"wpcf7-list-item last\"><input type=\"checkbox\" name=\"checkbox-edades[]\" value=\"+ 18 anys\" tabindex=\"\" \/><span class=\"wpcf7-list-item-label\">+ 18 anys<\/span><\/span><\/span><\/span>\n\t<\/p>\n\t<p><label><strong>Desenvolupament:<\/strong><span class=\"wpcf7-form-control-wrap\" data-name=\"desarrollo\"><textarea cols=\"40\" rows=\"10\" class=\"wpcf7-form-control wpcf7-textarea form-lg\" aria-invalid=\"false\" name=\"desarrollo\"><\/textarea><\/span><\/label>\n\t<\/p>\n\t<p>- <strong>Annexos:<\/strong>(pots adjuntar documents, imatges, cartelleria etc. Si trobes dificultats per a annexar, pots comunicar-te via educa@itakaescolapios.org o col\u00b7locar en el quadre de text un vincle al lloc en el qual es pot accedir a l'annex en cas de ser p\u00fablic, Dropbox, OneDrive, Mega, Youtube, etc.).\n\t<\/p>\n\t<p><span class=\"wpcf7-form-control-wrap\" data-name=\"archivo\"><input size=\"40\" class=\"wpcf7-form-control wpcf7-file\" accept=\".doc,.docx,.jpg,.jpeg,.png,.gif,.txt,.odt,.xls,.xlsx,.bmp,.pptx,.ppt\" aria-invalid=\"false\" type=\"file\" name=\"archivo\" \/><\/span>\n\t<\/p>\n\t<p><span class=\"wpcf7-form-control-wrap\" data-name=\"otro-archivo\"><input size=\"40\" class=\"wpcf7-form-control wpcf7-file\" accept=\".doc,.docx,.jpg,.jpeg,.png,.gif,.txt,.odt,.xls,.xlsx,.bmp,.pptx,.ppt\" aria-invalid=\"false\" type=\"file\" name=\"otro-archivo\" \/><\/span>\n\t<\/p>\n\t<p><span class=\"wpcf7-form-control-wrap\" data-name=\"otro-archivo-mas\"><input size=\"40\" class=\"wpcf7-form-control wpcf7-file\" accept=\".doc,.docx,.jpg,.jpeg,.png,.gif,.txt,.odt,.xls,.xlsx,.bmp,.pptx,.ppt\" aria-invalid=\"false\" type=\"file\" name=\"otro-archivo-mas\" \/><\/span>\n\t<\/p>\n\t<p><span class=\"wpcf7-form-control-wrap\" data-name=\"repositorio\"><input size=\"40\" class=\"wpcf7-form-control wpcf7-text form-lg\" aria-invalid=\"false\" placeholder=\"URL: dropbox, onedrive, mega..\" value=\"\" type=\"text\" name=\"repositorio\" \/><\/span>\n\t<\/p>\n\t<p><label><strong>Contacte de refer\u00e8ncia per a ampliar informaci\u00f3 <\/strong>(col\u00b7legi, parr\u00f2quia, seu, Centre Social, etc)<\/label><br \/>\n<span class=\"wpcf7-form-control-wrap\" data-name=\"correo_electronico\"><input size=\"40\" class=\"wpcf7-form-control wpcf7-text wpcf7-validates-as-required form-lg-espacio\" aria-required=\"true\" aria-invalid=\"false\" placeholder=\"Correu electr\u00f2nic\" value=\"\" type=\"text\" name=\"correo_electronico\" \/><\/span><br \/>\n<span class=\"wpcf7-form-control-wrap\" data-name=\"telefono\"><input size=\"40\" class=\"wpcf7-form-control wpcf7-text wpcf7-validates-as-required form-lg-espacio\" aria-required=\"true\" aria-invalid=\"false\" placeholder=\"Tel\u00e8fon\" value=\"\" type=\"text\" name=\"telefono\" \/><\/span>\n\t<\/p>\n\t<p><label><strong>Lloc:<\/strong><\/label><br \/>\n<span class=\"wpcf7-form-control-wrap\" data-name=\"nombre_presencia\"><input size=\"40\" class=\"wpcf7-form-control wpcf7-text wpcf7-validates-as-required form-lg-espacio\" aria-required=\"true\" aria-invalid=\"false\" placeholder=\"Nom de la Pres\u00e8ncia (col\u00b7legi, parr\u00f2quia, centre sociocultural\u2026)\" value=\"\" type=\"text\" name=\"nombre_presencia\" \/><\/span><br \/>\n<span class=\"wpcf7-form-control-wrap\" data-name=\"ciudad_pueblo\"><input size=\"40\" class=\"wpcf7-form-control wpcf7-text wpcf7-validates-as-required form-lg-espacio\" aria-required=\"true\" aria-invalid=\"false\" placeholder=\"Ciutat\/poble\" value=\"\" type=\"text\" name=\"ciudad_pueblo\" \/><\/span><br \/>\n<span class=\"wpcf7-form-control-wrap\" data-name=\"pais\"><input size=\"40\" class=\"wpcf7-form-control wpcf7-text wpcf7-validates-as-required form-lg-espacio\" aria-required=\"true\" aria-invalid=\"false\" placeholder=\"Pa\u00eds\" value=\"\" type=\"text\" name=\"pais\" \/><\/span><br \/>\n<span class=\"wpcf7-form-control-wrap\" data-name=\"GPS\"><input size=\"40\" class=\"wpcf7-form-control wpcf7-text wpcf7-validates-as-required form-lg-espacio\" aria-required=\"true\" aria-invalid=\"false\" placeholder=\"Coordenades GPS\" value=\"\" type=\"text\" name=\"GPS\" \/><\/span>\n\t<\/p>\n\t<p><input class=\"wpcf7-form-control has-spinner wpcf7-submit\" type=\"submit\" value=\"Enviar\" \/>\n\t<\/p>\n<\/div><div class=\"wpcf7-response-output\" aria-hidden=\"true\"><\/div><\/form><\/div><\/p>","protected":false},"excerpt":{"rendered":"<p>Qu\u00e8 \u00e9s ApS\u00a0 Exemples i bones pr\u00e0ctiques\u00a0 Compartix la teua experi\u00e8ncia de ApS\u00a0 &nbsp; Contacta amb nosaltres a trav\u00e9s del formulari per a afegir les teues [&hellip;]<\/p>\n","protected":false},"author":1,"featured_media":0,"parent":15,"menu_order":0,"comment_status":"closed","ping_status":"closed","template":"","meta":[],"acf":[],"_links":{"self":[{"href":"https:\/\/www.educa.itakaescolapios.org\/ca\/wp-json\/wp\/v2\/pages\/3623"}],"collection":[{"href":"https:\/\/www.educa.itakaescolapios.org\/ca\/wp-json\/wp\/v2\/pages"}],"about":[{"href":"https:\/\/www.educa.itakaescolapios.org\/ca\/wp-json\/wp\/v2\/types\/page"}],"author":[{"embeddable":true,"href":"https:\/\/www.educa.itakaescolapios.org\/ca\/wp-json\/wp\/v2\/users\/1"}],"replies":[{"embeddable":true,"href":"https:\/\/www.educa.itakaescolapios.org\/ca\/wp-json\/wp\/v2\/comments?post=3623"}],"version-history":[{"count":20,"href":"https:\/\/www.educa.itakaescolapios.org\/ca\/wp-json\/wp\/v2\/pages\/3623\/revisions"}],"predecessor-version":[{"id":4554,"href":"https:\/\/www.educa.itakaescolapios.org\/ca\/wp-json\/wp\/v2\/pages\/3623\/revisions\/4554"}],"up":[{"embeddable":true,"href":"https:\/\/www.educa.itakaescolapios.org\/ca\/wp-json\/wp\/v2\/pages\/15"}],"wp:attachment":[{"href":"https:\/\/www.educa.itakaescolapios.org\/ca\/wp-json\/wp\/v2\/media?parent=3623"}],"curies":[{"name":"wp","href":"https:\/\/api.w.org\/{rel}","templated":true}]}}