{"id":3752,"date":"2020-11-19T16:47:30","date_gmt":"2020-11-19T15:47:30","guid":{"rendered":"https:\/\/www.educa.itakaescolapios.org\/?page_id=3752"},"modified":"2021-03-02T14:48:58","modified_gmt":"2021-03-02T13:48:58","slug":"haz-un-donativo-y-reinicia-grandes-cambios","status":"publish","type":"page","link":"https:\/\/www.educa.itakaescolapios.org\/ca\/campanas\/2020-2021-reiniciando-para-transformar\/haz-un-donativo-y-reinicia-grandes-cambios","title":{"rendered":"FES UN DONATIU i reinicia grans canvis"},"content":{"rendered":"<p>Fes una donaci\u00f3 a la Fundaci\u00f3 *Itaka-Escolapis i participa en el proc\u00e9s de transformaci\u00f3 social que desenvolupa a trav\u00e9s de l&#8217;educaci\u00f3.<\/p>\n<p><strong>Contacta amb la teua seu *Itaka-Escolapis, col\u00b7legi o parr\u00f2quia escol\u00e0pia per a con\u00e9ixer quina \u00e9s la millor manera per a realitzar les teues donacions.<\/strong><\/p>","protected":false},"excerpt":{"rendered":"<p>Fes una donaci\u00f3 a la Fundaci\u00f3 *Itaka-Escolapis i participa en el proc\u00e9s de transformaci\u00f3 social que desenvolupa a trav\u00e9s de l&#8217;educaci\u00f3. Contacta amb la teua seu [&hellip;]<\/p>\n","protected":false},"author":5,"featured_media":0,"parent":2618,"menu_order":11,"comment_status":"closed","ping_status":"closed","template":"","meta":[],"acf":[],"_links":{"self":[{"href":"https:\/\/www.educa.itakaescolapios.org\/ca\/wp-json\/wp\/v2\/pages\/3752"}],"collection":[{"href":"https:\/\/www.educa.itakaescolapios.org\/ca\/wp-json\/wp\/v2\/pages"}],"about":[{"href":"https:\/\/www.educa.itakaescolapios.org\/ca\/wp-json\/wp\/v2\/types\/page"}],"author":[{"embeddable":true,"href":"https:\/\/www.educa.itakaescolapios.org\/ca\/wp-json\/wp\/v2\/users\/5"}],"replies":[{"embeddable":true,"href":"https:\/\/www.educa.itakaescolapios.org\/ca\/wp-json\/wp\/v2\/comments?post=3752"}],"version-history":[{"count":22,"href":"https:\/\/www.educa.itakaescolapios.org\/ca\/wp-json\/wp\/v2\/pages\/3752\/revisions"}],"predecessor-version":[{"id":4635,"href":"https:\/\/www.educa.itakaescolapios.org\/ca\/wp-json\/wp\/v2\/pages\/3752\/revisions\/4635"}],"up":[{"embeddable":true,"href":"https:\/\/www.educa.itakaescolapios.org\/ca\/wp-json\/wp\/v2\/pages\/2618"}],"wp:attachment":[{"href":"https:\/\/www.educa.itakaescolapios.org\/ca\/wp-json\/wp\/v2\/media?parent=3752"}],"curies":[{"name":"wp","href":"https:\/\/api.w.org\/{rel}","templated":true}]}}