{"id":4325,"date":"2021-01-11T17:32:28","date_gmt":"2021-01-11T16:32:28","guid":{"rendered":"https:\/\/www.educa.itakaescolapios.org\/?page_id=4325"},"modified":"2021-01-17T11:35:10","modified_gmt":"2021-01-17T10:35:10","slug":"2020-2021-reiniciando-la-educacion-educar-en-paz-y-ddhh","status":"publish","type":"page","link":"https:\/\/www.educa.itakaescolapios.org\/ca\/semanas-de-la-paz\/2020-2021-reiniciando-la-educacion-educar-en-paz-y-ddhh","title":{"rendered":"2020-2021 REiniciando la educaci\u00f3n"},"content":{"rendered":"<p class=\"qtranxs-available-languages-message qtranxs-available-languages-message-ca\">Ho sentim, aquesta entrada es troba disponible \u00fanicament en <a href=\"https:\/\/www.educa.itakaescolapios.org\/es\/wp-json\/wp\/v2\/pages\/4325\" class=\"qtranxs-available-language-link qtranxs-available-language-link-es\" title=\"Espa\u00f1ol\">Espanyol Europeu<\/a>, <a href=\"https:\/\/www.educa.itakaescolapios.org\/en\/wp-json\/wp\/v2\/pages\/4325\" class=\"qtranxs-available-language-link qtranxs-available-language-link-en\" title=\"English\">Angl\u00e8s Americ\u00e0<\/a> i <a href=\"https:\/\/www.educa.itakaescolapios.org\/fr\/wp-json\/wp\/v2\/pages\/4325\" class=\"qtranxs-available-language-link qtranxs-available-language-link-fr\" title=\"Fran\u00e7ais\">Franc\u00e8s<\/a>.<\/p><p><\/p>\n<p style=\"text-align: justify;\"><img decoding=\"async\" loading=\"lazy\" class=\"alignleft wp-image-4329 size-full\" src=\"https:\/\/www.educa.itakaescolapios.org\/wp-content\/uploads\/2021\/01\/Captura2.jpg\" alt=\"\" width=\"444\" height=\"134\" srcset=\"https:\/\/www.educa.itakaescolapios.org\/wp-content\/uploads\/2021\/01\/Captura2.jpg 444w, https:\/\/www.educa.itakaescolapios.org\/wp-content\/uploads\/2021\/01\/Captura2-300x91.jpg 300w, https:\/\/www.educa.itakaescolapios.org\/wp-content\/uploads\/2021\/01\/Captura2-250x75.jpg 250w\" sizes=\"(max-width: 444px) 100vw, 444px\" \/>Todas las personas e instituciones interesadas en la educaci\u00f3n, y de un modo especial las Escuelas P\u00edas, hemos acogido con inter\u00e9s y compromiso la <strong>llamada del Papa Francisco a \u201creconstruir el pacto educativo global\u201d<\/strong>. Es una llamada fuerte y clara, que nos convoca no s\u00f3lo a renovar nuestro compromiso por la educaci\u00f3n, sino por una din\u00e1mica compartida de trabajo por la educaci\u00f3n como instrumento de cambio social, portadora de un mundo diferente que puede y debe ser construido entre todos y todas.<\/p>\n<p style=\"text-align: justify;\">Es una \u201c<em>invitaci\u00f3n para dialogar sobre el modo en que estamos construyendo el futuro del planeta y sobre la necesidad de invertir los talentos de todos, porque cada cambio requiere un camino educativo que haga madurar una nueva solidaridad universal y una sociedad m\u00e1s acogedora\u201d. \u201cReavivar el compromiso por y con las j\u00f3venes generaciones, renovando la pasi\u00f3n por una educaci\u00f3n m\u00e1s abierta e incluyente, capaz de la escucha paciente, del di\u00e1logo constructivo y de la mutua comprensi\u00f3n\u201d.<\/em><\/p>\n<p style=\"text-align: justify;\">Es una invitaci\u00f3n a cuidar la fragilidad de las personas y del mundo en el que vivimos.<\/p>\n<p style=\"text-align: justify;\"><strong>La educaci\u00f3n y la formaci\u00f3n se convierten en prioridades, porque ayudan a ser protagonistas directos y co-constructores del bien com\u00fan y de la paz.<\/strong><\/p>\n<p style=\"text-align: justify;\">Como punto de partida, el Papa piensa que hay que \u201creconstruir\u201d el pacto educativo, porque hay fracturas importantes que debemos reconocer y afrontar, especialmente tres:<\/p>\n<ol>\n<li>Entre la persona y Dios<\/li>\n<li>De las relaciones humanas en su diversidad (la relaci\u00f3n con quien es diferente a m\u00ed)<\/li>\n<li>De la persona con la naturaleza.<\/li>\n<\/ol>\n<p style=\"text-align: justify;\">Estas tres fracturas s\u00f3lo se pueden superar desde la educaci\u00f3n. Por eso es necesario un pacto global que las aborde y que nos permita luchar por un mundo diferente.<\/p>\n<p style=\"text-align: justify;\">Es necesario un concepto de educaci\u00f3n que abrace la amplia gama de experiencias de vida y de procesos de aprendizaje y que consienta a los j\u00f3venes desarrollar su personalidad de manera individual y colectiva. La educaci\u00f3n no termina en las aulas de las escuelas o de las universidades, sino que se afirma principalmente respetando y reforzando el derecho primario de la familia a educar, y el derecho de las Iglesias y de los entes sociales a sostener y colaborar con las familias en la educaci\u00f3n de los hijos\u00bb (Discurso a los miembros del cuerpo diplom\u00e1tico acreditado ante La Santa Sede con motivo de las felicitaciones del a\u00f1o nuevo, 9 de enero de 2020).<\/p>\n<p style=\"text-align: justify;\"><em><strong>\u201cEs hora de mirar hacia adelante con valent\u00eda y esperanza. Que nos sostenga la convicci\u00f3n de que en la educaci\u00f3n se encuentra la semilla de la esperanza: una esperanza de paz y de justicia.<\/strong> <strong>Una esperanza de belleza, de bondad; una esperanza de armon\u00eda social\u201d<\/strong><\/em><\/p>\n<p style=\"text-align: justify;\">Para alcanzar estos objetivos globales, el Papa indica tres pasos importantes que se deben dar en el camino com\u00fan de la \u201caldea de la educaci\u00f3n\u201d:<\/p>\n<ul>\n<li style=\"text-align: justify;\">En primer lugar <strong>\u201cvalent\u00eda de colocar a la persona en el centro\u201d<\/strong>. Para esto se requiere firmar un pacto que anime los procesos educativos formales e informales, que no pueden ignorar que todo en el mundo est\u00e1 \u00edntimamente conectado y que se necesita encontrar \u2013 a partir de una sana antropolog\u00eda \u2013 otros modos de entender la econom\u00eda, la pol\u00edtica, el crecimiento y el progreso\u201d.<\/li>\n<li style=\"text-align: justify;\">Otro paso es la valent\u00eda de invertir las mejores energ\u00edas con <strong>creatividad y responsabilidad<\/strong>. La acci\u00f3n propositiva y confiada abre la educaci\u00f3n hacia una <strong>planificaci\u00f3n a largo plazo<\/strong>, que no se detenga en lo est\u00e1tico de las condiciones. De este modo tendremos personas abiertas, responsables, disponibles para encontrar el tiempo para la <strong>escucha, el di\u00e1logo y la reflexi\u00f3n<\/strong>, y capaces de construir un tejido de relaciones con las familias, entre las generaciones y con las diversas expresiones de la sociedad civil, de modo que se componga un nuevo humanismo.<\/li>\n<li style=\"text-align: justify;\">Y finalmente, tener la \u201cvalent\u00eda de formar personas disponibles que se pongan <strong>al servicio de la comunidad<\/strong>\u201d porque \u201cel servicio es un pilar de la cultura del encuentro\u201d, y \u201ccomo Jes\u00fas se inclin\u00f3 a lavar los pies a los ap\u00f3stoles\u201d, trabajar \u201cal lado de los m\u00e1s necesitados\u201d.<\/li>\n<\/ul>\n<p style=\"text-align: justify;\"><strong>\u00a0<\/strong><\/p>\n<p style=\"text-align: justify;\"><strong>Pilares del nuevo modelo educativo<\/strong><\/p>\n<p style=\"text-align: justify;\">Durante su discurso, Francisco ha realizado siete propuestas para hacer realidad un nuevo modelo educativo.<\/p>\n<ol>\n<li style=\"text-align: justify;\">Poner en el centro de todo el proceso a la persona<\/li>\n<li style=\"text-align: justify;\">Escuchar la voz de los ni\u00f1os\/j\u00f3venes<\/li>\n<li style=\"text-align: justify;\">Fomentar la plena participaci\u00f3n de las ni\u00f1as y las j\u00f3venes<\/li>\n<li style=\"text-align: justify;\">Tener a la familia como primera e indispensable educadora-Tutor\u00eda familias<\/li>\n<li style=\"text-align: justify;\">Educar y educarnos para acoger, abri\u00e9ndonos a los m\u00e1s vulnerables<\/li>\n<li style=\"text-align: justify;\">Comprometernos a estudiar para encontrar otras formas de entender la econom\u00eda, la pol\u00edtica, el crecimiento y el progreso para que est\u00e9n al servicio del hombre y de toda la familia humana<\/li>\n<li style=\"text-align: justify;\">Cuidar la casa com\u00fan. En la enc\u00edclica Laudato s\u00ed\u2019, Papa Francisco recuerda que \u00abLa educaci\u00f3n ser\u00e1 ineficaz y sus esfuerzos ser\u00e1n est\u00e9riles si no procura tambi\u00e9n difundir un nuevo paradigma acerca del ser humano, la vida, la sociedad y la relaci\u00f3n con la naturaleza\u00bb<\/li>\n<\/ol>\n<p>&nbsp;<\/p>\n<p><strong>Metodolog\u00eda de la Semana de la Paz y DDHH<\/strong><\/p>\n<p><strong>Emplear la metodolog\u00eda de \u201cdise\u00f1o para el cambio\u201d:<\/strong><\/p>\n<ol>\n<li>Paso 1: sentir (Sensibilizar desde la vivencia)<\/li>\n<li>Paso 2: imaginar (reflexiva, imaginar un nuevo mundo, estilo cooperativo)<\/li>\n<li>Paso 3: actuar (elecci\u00f3n de la mejor propuesta)<\/li>\n<li>Paso 4: Evoluar (evolucionar y evaluar. Pensamiento cr\u00edtico)<\/li>\n<li>Paso 5: Compartir (a trav\u00e9s de redes sociales, web\u2026)<\/li>\n<\/ol>\n<p style=\"text-align: justify;\"><strong>Esquema de las actividades\u00a0<\/strong><\/p>\n<p><strong><img decoding=\"async\" loading=\"lazy\" class=\"alignright wp-image-4328 size-full\" src=\"https:\/\/www.educa.itakaescolapios.org\/wp-content\/uploads\/2021\/01\/Captura.jpg\" alt=\"\" width=\"541\" height=\"169\" srcset=\"https:\/\/www.educa.itakaescolapios.org\/wp-content\/uploads\/2021\/01\/Captura.jpg 541w, https:\/\/www.educa.itakaescolapios.org\/wp-content\/uploads\/2021\/01\/Captura-300x94.jpg 300w, https:\/\/www.educa.itakaescolapios.org\/wp-content\/uploads\/2021\/01\/Captura-250x78.jpg 250w\" sizes=\"(max-width: 541px) 100vw, 541px\" \/><\/strong><\/p>\n<ol>\n<li style=\"text-align: justify;\">Frase de Calasanz central<\/li>\n<li style=\"text-align: justify;\">Parte I: Introducci\u00f3n<\/li>\n<li style=\"text-align: justify;\">Parte II: Din\u00e1mica<\/li>\n<li style=\"text-align: justify;\">Parte III: reflexi\u00f3n \u00bfQu\u00e9 puedo hacer yo? \u00bfC\u00f3mo puedo acercar yo la paz?<\/li>\n<\/ol>\n<p>&nbsp;<\/p>\n<p>&nbsp;<\/p>\n<p style=\"text-align: justify;\"><em>Nota: A la hora de dise\u00f1ar las <\/em><em>actividades tener en cuenta que tal vez <\/em><em>se deban llevar a cabo en una situaci\u00f3n <\/em><em>de confinamiento. Por lo tanto, las <\/em><em>actividades que dise\u00f1emos se deben <\/em><em>poder realizar de modo presencial o de <\/em><em>modo online.<\/em><\/p>\n<p>&nbsp;<\/p>\n<p>&nbsp;<\/p>","protected":false},"excerpt":{"rendered":"<p>Ho sentim, aquesta entrada es troba disponible \u00fanicament en Espanyol Europeu, Angl\u00e8s Americ\u00e0 i Franc\u00e8s. Todas las personas e instituciones interesadas en la educaci\u00f3n, y de [&hellip;]<\/p>\n","protected":false},"author":5,"featured_media":4398,"parent":713,"menu_order":0,"comment_status":"closed","ping_status":"closed","template":"","meta":[],"acf":[],"_links":{"self":[{"href":"https:\/\/www.educa.itakaescolapios.org\/ca\/wp-json\/wp\/v2\/pages\/4325"}],"collection":[{"href":"https:\/\/www.educa.itakaescolapios.org\/ca\/wp-json\/wp\/v2\/pages"}],"about":[{"href":"https:\/\/www.educa.itakaescolapios.org\/ca\/wp-json\/wp\/v2\/types\/page"}],"author":[{"embeddable":true,"href":"https:\/\/www.educa.itakaescolapios.org\/ca\/wp-json\/wp\/v2\/users\/5"}],"replies":[{"embeddable":true,"href":"https:\/\/www.educa.itakaescolapios.org\/ca\/wp-json\/wp\/v2\/comments?post=4325"}],"version-history":[{"count":20,"href":"https:\/\/www.educa.itakaescolapios.org\/ca\/wp-json\/wp\/v2\/pages\/4325\/revisions"}],"predecessor-version":[{"id":4458,"href":"https:\/\/www.educa.itakaescolapios.org\/ca\/wp-json\/wp\/v2\/pages\/4325\/revisions\/4458"}],"up":[{"embeddable":true,"href":"https:\/\/www.educa.itakaescolapios.org\/ca\/wp-json\/wp\/v2\/pages\/713"}],"wp:featuredmedia":[{"embeddable":true,"href":"https:\/\/www.educa.itakaescolapios.org\/ca\/wp-json\/wp\/v2\/media\/4398"}],"wp:attachment":[{"href":"https:\/\/www.educa.itakaescolapios.org\/ca\/wp-json\/wp\/v2\/media?parent=4325"}],"curies":[{"name":"wp","href":"https:\/\/api.w.org\/{rel}","templated":true}]}}