{"id":4335,"date":"2021-01-11T17:44:06","date_gmt":"2021-01-11T16:44:06","guid":{"rendered":"https:\/\/www.educa.itakaescolapios.org\/?page_id=4335"},"modified":"2021-01-18T20:38:21","modified_gmt":"2021-01-18T19:38:21","slug":"dia-escolar-de-la-noviolencia-y-la-paz","status":"publish","type":"page","link":"https:\/\/www.educa.itakaescolapios.org\/ca\/semanas-de-la-paz\/2020-2021-reiniciando-la-educacion-educar-en-paz-y-ddhh\/dia-escolar-de-la-noviolencia-y-la-paz","title":{"rendered":"D\u00eda Escolar de la Noviolencia y la Paz"},"content":{"rendered":"<p class=\"qtranxs-available-languages-message qtranxs-available-languages-message-ca\">Ho sentim, aquesta entrada es troba disponible \u00fanicament en <a href=\"https:\/\/www.educa.itakaescolapios.org\/es\/wp-json\/wp\/v2\/pages\/4335\" class=\"qtranxs-available-language-link qtranxs-available-language-link-es\" title=\"Espa\u00f1ol\">Espanyol Europeu<\/a>, <a href=\"https:\/\/www.educa.itakaescolapios.org\/en\/wp-json\/wp\/v2\/pages\/4335\" class=\"qtranxs-available-language-link qtranxs-available-language-link-en\" title=\"English\">Angl\u00e8s Americ\u00e0<\/a> i <a href=\"https:\/\/www.educa.itakaescolapios.org\/fr\/wp-json\/wp\/v2\/pages\/4335\" class=\"qtranxs-available-language-link qtranxs-available-language-link-fr\" title=\"Fran\u00e7ais\">Franc\u00e8s<\/a>.<\/p><p><img decoding=\"async\" loading=\"lazy\" class=\"size-medium wp-image-4336 alignleft\" src=\"https:\/\/www.educa.itakaescolapios.org\/wp-content\/uploads\/2021\/01\/Captura-gandhi-300x286.jpg\" alt=\"\" width=\"300\" height=\"286\" srcset=\"https:\/\/www.educa.itakaescolapios.org\/wp-content\/uploads\/2021\/01\/Captura-gandhi-300x286.jpg 300w, https:\/\/www.educa.itakaescolapios.org\/wp-content\/uploads\/2021\/01\/Captura-gandhi-250x238.jpg 250w, https:\/\/www.educa.itakaescolapios.org\/wp-content\/uploads\/2021\/01\/Captura-gandhi.jpg 335w\" sizes=\"(max-width: 300px) 100vw, 300px\" \/>El D\u00eda Escolar de la No Violencia y la Paz, se celebra el 30 de enero de cada a\u00f1o conmemorando la muerte del l\u00edder nacional y espiritual de la India, el Mahatma Gandhi, el 30 de Enero de 1948.<\/p>\n<p>Natural de la India, Gandhi dedic\u00f3 gran parte de su vida a la lucha a favor de los derechos de las personas y los pueblos, siempre a trav\u00e9s de acciones pac\u00edficas, basadas en la no violencia. En 1948 Gandhi mor\u00eda asesinado.<\/p>\n<p>&nbsp;<\/p>","protected":false},"excerpt":{"rendered":"<p>Ho sentim, aquesta entrada es troba disponible \u00fanicament en Espanyol Europeu, Angl\u00e8s Americ\u00e0 i Franc\u00e8s.El D\u00eda Escolar de la No Violencia y la Paz, se celebra [&hellip;]<\/p>\n","protected":false},"author":5,"featured_media":0,"parent":4325,"menu_order":1,"comment_status":"closed","ping_status":"closed","template":"","meta":[],"acf":[],"_links":{"self":[{"href":"https:\/\/www.educa.itakaescolapios.org\/ca\/wp-json\/wp\/v2\/pages\/4335"}],"collection":[{"href":"https:\/\/www.educa.itakaescolapios.org\/ca\/wp-json\/wp\/v2\/pages"}],"about":[{"href":"https:\/\/www.educa.itakaescolapios.org\/ca\/wp-json\/wp\/v2\/types\/page"}],"author":[{"embeddable":true,"href":"https:\/\/www.educa.itakaescolapios.org\/ca\/wp-json\/wp\/v2\/users\/5"}],"replies":[{"embeddable":true,"href":"https:\/\/www.educa.itakaescolapios.org\/ca\/wp-json\/wp\/v2\/comments?post=4335"}],"version-history":[{"count":6,"href":"https:\/\/www.educa.itakaescolapios.org\/ca\/wp-json\/wp\/v2\/pages\/4335\/revisions"}],"predecessor-version":[{"id":4482,"href":"https:\/\/www.educa.itakaescolapios.org\/ca\/wp-json\/wp\/v2\/pages\/4335\/revisions\/4482"}],"up":[{"embeddable":true,"href":"https:\/\/www.educa.itakaescolapios.org\/ca\/wp-json\/wp\/v2\/pages\/4325"}],"wp:attachment":[{"href":"https:\/\/www.educa.itakaescolapios.org\/ca\/wp-json\/wp\/v2\/media?parent=4335"}],"curies":[{"name":"wp","href":"https:\/\/api.w.org\/{rel}","templated":true}]}}