{"id":5040,"date":"2021-10-26T12:42:36","date_gmt":"2021-10-26T10:42:36","guid":{"rendered":"https:\/\/www.educa.itakaescolapios.org\/?page_id=5040"},"modified":"2021-12-10T19:12:47","modified_gmt":"2021-12-10T18:12:47","slug":"mision-solidaridad","status":"publish","type":"page","link":"https:\/\/www.educa.itakaescolapios.org\/ca\/campanas\/2021-2022-centros-que-cambian-cambia-tu-centro\/actividades\/mision-solidaridad","title":{"rendered":"Misi\u00f3n SOLIDARIDAD"},"content":{"rendered":"<p class=\"qtranxs-available-languages-message qtranxs-available-languages-message-ca\">Ho sentim, aquesta entrada es troba disponible \u00fanicament en <a href=\"https:\/\/www.educa.itakaescolapios.org\/es\/wp-json\/wp\/v2\/pages\/5040\" class=\"qtranxs-available-language-link qtranxs-available-language-link-es\" title=\"Espa\u00f1ol\">Espanyol Europeu<\/a>, <a href=\"https:\/\/www.educa.itakaescolapios.org\/en\/wp-json\/wp\/v2\/pages\/5040\" class=\"qtranxs-available-language-link qtranxs-available-language-link-en\" title=\"English\">Angl\u00e8s Americ\u00e0<\/a>, <a href=\"https:\/\/www.educa.itakaescolapios.org\/eu\/wp-json\/wp\/v2\/pages\/5040\" class=\"qtranxs-available-language-link qtranxs-available-language-link-eu\" title=\"Euskera\">Basc<\/a>, <a href=\"https:\/\/www.educa.itakaescolapios.org\/fr\/wp-json\/wp\/v2\/pages\/5040\" class=\"qtranxs-available-language-link qtranxs-available-language-link-fr\" title=\"Fran\u00e7ais\">Franc\u00e8s<\/a> i <a href=\"https:\/\/www.educa.itakaescolapios.org\/pt\/wp-json\/wp\/v2\/pages\/5040\" class=\"qtranxs-available-language-link qtranxs-available-language-link-pt\" title=\"Portugu\u00eas\">Portugu\u00e8s De Portugal<\/a>.<\/p><p><\/p>\n<p style=\"text-align: justify;\"><span style=\"font-family: arial, helvetica, sans-serif;\"><img decoding=\"async\" loading=\"lazy\" class=\"alignright\" style=\"margin: 5px;\" src=\"https:\/\/www.educa.itakaescolapios.org\/wp-content\/uploads\/2021\/10\/Misi\u00f3n-SOLIDARIDIDAD.png\" alt=\"\" width=\"60%%\" height=\"60%\" \/>Los centros Escolapios est\u00e1n llamados a ser centros solidarios, con sus participantes, con su entorno y con el mundo.<\/span><\/p>\n<p style=\"text-align: justify;\"><span style=\"font-family: arial, helvetica, sans-serif;\">Como en el liceo de Barquisimeto, Venezuela, donde el comedor escolar atiende a las personas m\u00e1s necesitadas del barrio. Quien m\u00e1s se beneficia del comedor son los ni\u00f1os y ni\u00f1as peque\u00f1os que estudian en otras escuelas sin comedor escolar. Muchos de los centros educativos de Itaka Escolapios sacan adelante iniciativas solidarias a pesar de tener dificultades econ\u00f3micas para mantener su propia labor porque la solidaridad forma parte de su raz\u00f3n de ser.<\/span><\/p>\n<p style=\"text-align: justify;\"><span style=\"font-family: arial, helvetica, sans-serif;\">Dorotea y Bla te invitan a trabajar para que tu propio centro escolar participe en la Misi\u00f3n Solidaridad y logre el diploma de la solidaridad.\u00a0 Todo lo que consig\u00e1is ir\u00e1 destinado a colaborar en el mantenimiento econ\u00f3mico de los Centros de Itaka Escolapios que m\u00e1s dificultades se encuentran para trabajar d\u00eda a d\u00eda, en Bolivia, Camer\u00fan, Gab\u00f3n, India, Mozambique, Rep\u00fablica democr\u00e1tica de Congo, Senegal o Venezuela.<\/span><\/p>\n<p style=\"text-align: justify;\"><span style=\"font-family: arial, helvetica, sans-serif;\">Cuentas con una carta de Dorotea para dar inicio a la campa\u00f1a de solidaridad, numerosas actividades que puedes hacer y otra carta de Dorotea para cada misi\u00f3n que termines. (<a href=\"https:\/\/www.educa.itakaescolapios.org\/wp-content\/uploads\/2021\/11\/Carta-Dorotea-fin-SOLIDARIDAD.pdf\" target=\"_blank\" rel=\"noopener noreferrer\">Carta final de misi\u00f3n.<\/a>)<\/span><\/p>\n<p>&nbsp;<\/p>\n<p style=\"padding-left: 120px;\"><span style=\"font-family: arial, helvetica, sans-serif;\"><a href=\"https:\/\/www.educa.itakaescolapios.org\/enfoque-local-global\/cadena-de-favores\" target=\"_blank\" rel=\"noopener noreferrer\">Cadena de favores (desde 12 a\u00f1os)<\/a><\/span><\/p>\n<p style=\"padding-left: 120px;\"><span style=\"font-family: arial, helvetica, sans-serif;\"><a href=\"https:\/\/www.educa.itakaescolapios.org\/interculturalidad\/cuadros-cooperativos\" target=\"_blank\" rel=\"noopener noreferrer\">Cuadros colaborativos (de 10 a 16 a\u00f1os)<\/a><\/span><\/p>\n<p style=\"padding-left: 120px;\"><span style=\"font-family: arial, helvetica, sans-serif;\"><a href=\"https:\/\/www.educa.itakaescolapios.org\/derecho-a-la-educacion\/csi-solidaridad\" target=\"_blank\" rel=\"noopener noreferrer\">CSI (Color S\u00edmbolo Imagen) (desde 3 a\u00f1os)<\/a><\/span><\/p>\n<p style=\"padding-left: 120px;\"><span style=\"font-family: arial, helvetica, sans-serif;\"><a href=\"https:\/\/www.educa.itakaescolapios.org\/sostenibilidad\/321-metafora-solidaridad-2\" target=\"_blank\" rel=\"noopener noreferrer\">321 Met\u00e1fora solidaridad (desde 3 a\u00f1os)<\/a><\/span><\/p>\n<p style=\"padding-left: 120px;\"><span style=\"font-family: arial, helvetica, sans-serif;\"><a href=\"https:\/\/www.educa.itakaescolapios.org\/lucha-contra-la-exclusion\/juegos-solidarios\" target=\"_blank\" rel=\"noopener noreferrer\">Juegos solidarios (de 6 a 16 a\u00f1os)<\/a><\/span><\/p>\n<p style=\"padding-left: 120px;\"><span style=\"font-family: arial, helvetica, sans-serif;\"><a href=\"https:\/\/www.educa.itakaescolapios.org\/lucha-contra-la-exclusion\/bateria-de-actividades-solidarias\" target=\"_blank\" rel=\"noopener noreferrer\">Bater\u00eda de actividades solidarias (desde 3 a\u00f1os)<\/a><\/span><\/p>\n<p style=\"padding-left: 120px;\"><span style=\"font-family: arial, helvetica, sans-serif;\"><a href=\"https:\/\/www.educa.itakaescolapios.org\/derecho-a-la-educacion\/conoce-y-da-a-conocer-los-centros-de-itaka-escolapios\" target=\"_blank\" rel=\"noopener noreferrer\">Conoce y da a conocer los centros de Itaka-Escolapios (desde 3 a\u00f1os)<\/a><\/span><\/p>\n<p><img decoding=\"async\" loading=\"lazy\" class=\"alignright size-medium wp-image-2975\" style=\"font-family: arial, helvetica, sans-serif;\" src=\"https:\/\/www.educa.itakaescolapios.org\/wp-content\/uploads\/2020\/11\/mano-click-verde-por-dos-300x156.jpg\" alt=\"\" width=\"20%\" height=\"20%\" srcset=\"https:\/\/www.educa.itakaescolapios.org\/wp-content\/uploads\/2020\/11\/mano-click-verde-por-dos-300x156.jpg 300w, https:\/\/www.educa.itakaescolapios.org\/wp-content\/uploads\/2020\/11\/mano-click-verde-por-dos-1024x532.jpg 1024w, https:\/\/www.educa.itakaescolapios.org\/wp-content\/uploads\/2020\/11\/mano-click-verde-por-dos-768x399.jpg 768w, https:\/\/www.educa.itakaescolapios.org\/wp-content\/uploads\/2020\/11\/mano-click-verde-por-dos-1536x799.jpg 1536w, https:\/\/www.educa.itakaescolapios.org\/wp-content\/uploads\/2020\/11\/mano-click-verde-por-dos-2048x1065.jpg 2048w, https:\/\/www.educa.itakaescolapios.org\/wp-content\/uploads\/2020\/11\/mano-click-verde-por-dos-250x130.jpg 250w\" sizes=\"(max-width: 300px) 100vw, 300px\" \/><\/p>\n<p style=\"padding-left: 120px;\"><span style=\"font-family: arial, helvetica, sans-serif;\"><a href=\"https:\/\/www.educa.itakaescolapios.org\/derecho-a-la-educacion\/deporte-solidario\" target=\"_blank\" rel=\"noopener noreferrer\">Deporte solidario<\/a><\/span><\/p>\n<hr \/>\n<p>&nbsp;<\/p>","protected":false},"excerpt":{"rendered":"<p>Ho sentim, aquesta entrada es troba disponible \u00fanicament en Espanyol Europeu, Angl\u00e8s Americ\u00e0, Basc, Franc\u00e8s i Portugu\u00e8s De Portugal. Los centros Escolapios est\u00e1n llamados a ser [&hellip;]<\/p>\n","protected":false},"author":5,"featured_media":0,"parent":5117,"menu_order":4,"comment_status":"closed","ping_status":"closed","template":"","meta":[],"acf":[],"_links":{"self":[{"href":"https:\/\/www.educa.itakaescolapios.org\/ca\/wp-json\/wp\/v2\/pages\/5040"}],"collection":[{"href":"https:\/\/www.educa.itakaescolapios.org\/ca\/wp-json\/wp\/v2\/pages"}],"about":[{"href":"https:\/\/www.educa.itakaescolapios.org\/ca\/wp-json\/wp\/v2\/types\/page"}],"author":[{"embeddable":true,"href":"https:\/\/www.educa.itakaescolapios.org\/ca\/wp-json\/wp\/v2\/users\/5"}],"replies":[{"embeddable":true,"href":"https:\/\/www.educa.itakaescolapios.org\/ca\/wp-json\/wp\/v2\/comments?post=5040"}],"version-history":[{"count":31,"href":"https:\/\/www.educa.itakaescolapios.org\/ca\/wp-json\/wp\/v2\/pages\/5040\/revisions"}],"predecessor-version":[{"id":5832,"href":"https:\/\/www.educa.itakaescolapios.org\/ca\/wp-json\/wp\/v2\/pages\/5040\/revisions\/5832"}],"up":[{"embeddable":true,"href":"https:\/\/www.educa.itakaescolapios.org\/ca\/wp-json\/wp\/v2\/pages\/5117"}],"wp:attachment":[{"href":"https:\/\/www.educa.itakaescolapios.org\/ca\/wp-json\/wp\/v2\/media?parent=5040"}],"curies":[{"name":"wp","href":"https:\/\/api.w.org\/{rel}","templated":true}]}}