{"id":5097,"date":"2021-10-28T09:53:56","date_gmt":"2021-10-28T07:53:56","guid":{"rendered":"https:\/\/www.educa.itakaescolapios.org\/?page_id=5097"},"modified":"2021-12-06T11:06:28","modified_gmt":"2021-12-06T10:06:28","slug":"presentacion-del-coordinador-general","status":"publish","type":"page","link":"https:\/\/www.educa.itakaescolapios.org\/ca\/campanas\/2021-2022-centros-que-cambian-cambia-tu-centro\/presentacion-del-coordinador-general","title":{"rendered":"Presentaci\u00f3n del Coordinador General"},"content":{"rendered":"<p class=\"qtranxs-available-languages-message qtranxs-available-languages-message-ca\">Ho sentim, aquesta entrada es troba disponible \u00fanicament en <a href=\"https:\/\/www.educa.itakaescolapios.org\/es\/wp-json\/wp\/v2\/pages\/5097\" class=\"qtranxs-available-language-link qtranxs-available-language-link-es\" title=\"Espa\u00f1ol\">Espanyol Europeu<\/a>, <a href=\"https:\/\/www.educa.itakaescolapios.org\/en\/wp-json\/wp\/v2\/pages\/5097\" class=\"qtranxs-available-language-link qtranxs-available-language-link-en\" title=\"English\">Angl\u00e8s Americ\u00e0<\/a>, <a href=\"https:\/\/www.educa.itakaescolapios.org\/eu\/wp-json\/wp\/v2\/pages\/5097\" class=\"qtranxs-available-language-link qtranxs-available-language-link-eu\" title=\"Euskera\">Basc<\/a>, <a href=\"https:\/\/www.educa.itakaescolapios.org\/fr\/wp-json\/wp\/v2\/pages\/5097\" class=\"qtranxs-available-language-link qtranxs-available-language-link-fr\" title=\"Fran\u00e7ais\">Franc\u00e8s<\/a> i <a href=\"https:\/\/www.educa.itakaescolapios.org\/pt\/wp-json\/wp\/v2\/pages\/5097\" class=\"qtranxs-available-language-link qtranxs-available-language-link-pt\" title=\"Portugu\u00eas\">Portugu\u00e8s De Portugal<\/a>.<\/p><p>https:\/\/youtu.be\/qYX0sTrQLQk<\/p>\n<p>&nbsp;<\/p>\n<p style=\"text-align: center;\"><span style=\"font-family: arial, helvetica, sans-serif;\"><strong>Centros que cambian, cambia tu centro<\/strong><\/span><\/p>\n<p style=\"text-align: center;\"><span style=\"font-family: arial, helvetica, sans-serif;\"><strong>Campa\u00f1a de solidaridad Itaka-Escolapios 2021-22<\/strong><\/span><\/p>\n<p style=\"text-align: center;\"><span style=\"font-family: arial, helvetica, sans-serif;\"><em>Igor Irigoyen \u2013 Coordinador general de Itaka-Escolapios<\/em><\/span><\/p>\n<p>&nbsp;<\/p>\n<p style=\"text-align: justify;\"><span style=\"font-family: arial, helvetica, sans-serif;\">Con estas breves palabras os presento, en nombre de la Comisi\u00f3n Ejecutiva, la nueva campa\u00f1a de solidaridad de la red Itaka-Escolapios, que tiene como lema <strong>\u201cCentros que cambian, cambia tu centro\u201d<\/strong>.<\/span><\/p>\n<p style=\"text-align: justify;\"><span style=\"font-family: arial, helvetica, sans-serif;\">Lo primero es explicar, precisamente, el porqu\u00e9 de este lema. Como se ve, <strong>la idea clave del lema es la de cambiar, transformar<\/strong>. \u00a0Y es que la campa\u00f1a va enfocada a conocer, potenciar y apoyar la fuerza transformadora de la educaci\u00f3n y, en particular, de los centros educativos que forman parte de la red Itaka-Escolapios. Son centros muy diversos, pero que tienen algo en com\u00fan, muy propio de la misi\u00f3n escolapia: entender su labor educativa como <strong>acci\u00f3n transformadora que va m\u00e1s all\u00e1 de las aulas<\/strong>, incluso m\u00e1s all\u00e1 de los l\u00edmites f\u00edsicos y las personas del propio centro, para abrirse al\u00a0<\/span><\/p>\n<p>&nbsp;<\/p>\n<p style=\"text-align: justify;\"><span style=\"font-family: arial, helvetica, sans-serif;\">barrio o pueblo, a la sociedad del entorno, y promover cambios reales para mejorar las condiciones de vida y el futuro de la comunidad. <em style=\"font-family: arial, helvetica, sans-serif; text-align: center;\"><img decoding=\"async\" loading=\"lazy\" class=\" wp-image-5100 alignright\" src=\"https:\/\/www.educa.itakaescolapios.org\/wp-content\/uploads\/2021\/10\/lema-recortado-para-web-300x147.png\" alt=\"\" width=\"222\" height=\"109\" srcset=\"https:\/\/www.educa.itakaescolapios.org\/wp-content\/uploads\/2021\/10\/lema-recortado-para-web-300x147.png 300w, https:\/\/www.educa.itakaescolapios.org\/wp-content\/uploads\/2021\/10\/lema-recortado-para-web-1024x501.png 1024w, https:\/\/www.educa.itakaescolapios.org\/wp-content\/uploads\/2021\/10\/lema-recortado-para-web-768x376.png 768w, https:\/\/www.educa.itakaescolapios.org\/wp-content\/uploads\/2021\/10\/lema-recortado-para-web-250x122.png 250w, https:\/\/www.educa.itakaescolapios.org\/wp-content\/uploads\/2021\/10\/lema-recortado-para-web.png 1096w\" sizes=\"(max-width: 222px) 100vw, 222px\" \/><\/em><\/span><\/p>\n<p style=\"text-align: justify;\"><span style=\"font-family: arial, helvetica, sans-serif;\">En esta campa\u00f1a de solidaridad tendremos la oportunidad de <strong>conocer e intercambiar experiencias concretas<\/strong>, en diferentes lugares del mundo, de c\u00f3mo los centros educativos de Itaka-Escolapios est\u00e1n transformando la realidad, adem\u00e1s de compartir iniciativas y propuestas para crecer juntos y juntas en ese potencial transformador.<\/span><\/p>\n<p style=\"text-align: justify;\"><span style=\"font-family: arial, helvetica, sans-serif;\">As\u00ed mismo, con esta campa\u00f1a de solidaridad queremos seguir impulsando tambi\u00e9n una iniciativa de Itaka-Escolapios que va orientada a desarrollar esta dimensi\u00f3n tan importante de manera transversal: <strong>Educa, la red educativa para la transformaci\u00f3n social<\/strong>. Se trata de un proyecto plenamente alineado con el <strong>Pacto Educativo Global<\/strong>, iniciativa del papa Francisco en la cual Itaka-Escolapios, como parte de las Escuelas P\u00edas, participa y quiere contribuir. Estamos hablando de una educaci\u00f3n comprometida activamente con los valores de la paz, la justicia social, la fraternidad y el cuidado de la casa com\u00fan, desde la participaci\u00f3n de los ni\u00f1os, ni\u00f1as y j\u00f3venes.<\/span><\/p>\n<p style=\"text-align: justify;\"><span style=\"font-family: arial, helvetica, sans-serif;\">Por otra parte, debemos tambi\u00e9n hacer una referencia al tiempo en que realizamos esta campa\u00f1a: un <strong>contexto a\u00fan muy marcado por la pandemia y sus consecuencias<\/strong> y que nos sigue preocupando especialmente por su impacto en los m\u00e1s d\u00e9biles. El COVID contin\u00faa desafi\u00e1ndonos y, de hecho, en muchos lugares de la red Itaka-Escolapios la labor educativa no se ha recuperado a\u00fan y ser\u00e1 dif\u00edcil que lo haga pronto. Y como estamos viendo, lo impactos no solo a corto, sino tambi\u00e9n a medio y largo plazo son m\u00e1s graves cuanto m\u00e1s vulnerable es la poblaci\u00f3n.<\/span><\/p>\n<p style=\"text-align: justify;\"><span style=\"font-family: arial, helvetica, sans-serif;\">Por ello, la campa\u00f1a es una llamada a responder con nuestra solidaridad al desaf\u00edo que representa, en tiempos de pandemia y postpandemia, llevar adelante esta labor educativa transformadora. Se trata de una solidaridad que hoy es completamente necesaria para que <strong>la red Itaka-Escolapios siga sosteniendo decenas de centros educativos, en diversos pa\u00edses, que trabajan en situaciones de especial vulnerabilidad y pobreza<\/strong>.<\/span><\/p>\n<p style=\"text-align: justify;\"><span style=\"font-family: arial, helvetica, sans-serif;\">Finalmente, ese enfoque transformador de la campa\u00f1a se dirige tambi\u00e9n a cada una de las personas que participamos en ella y a las que vamos a llegar. La invitaci\u00f3n es a <strong>dejarnos cambiar, transformar<\/strong>, incluso \u201cdescentrarnos\u201d, a partir de las realidades que vamos a conocer y la din\u00e1mica solidaria que se nos propone. Sin duda, vivimos tiempos en que esta actitud es m\u00e1s necesaria que nunca para caminar hacia el futuro con esperanza. Seguro que esta campa\u00f1a puede ser una contribuci\u00f3n significativa para ello, as\u00ed que os animamos a participar activamente. \u00a1Muchas gracias!<\/span><\/p>\n<p><\/p>","protected":false},"excerpt":{"rendered":"<p>Ho sentim, aquesta entrada es troba disponible \u00fanicament en Espanyol Europeu, Angl\u00e8s Americ\u00e0, Basc, Franc\u00e8s i Portugu\u00e8s De Portugal.https:\/\/youtu.be\/qYX0sTrQLQk &nbsp; Centros que cambian, cambia tu centro [&hellip;]<\/p>\n","protected":false},"author":5,"featured_media":0,"parent":4946,"menu_order":2,"comment_status":"closed","ping_status":"closed","template":"","meta":[],"acf":[],"_links":{"self":[{"href":"https:\/\/www.educa.itakaescolapios.org\/ca\/wp-json\/wp\/v2\/pages\/5097"}],"collection":[{"href":"https:\/\/www.educa.itakaescolapios.org\/ca\/wp-json\/wp\/v2\/pages"}],"about":[{"href":"https:\/\/www.educa.itakaescolapios.org\/ca\/wp-json\/wp\/v2\/types\/page"}],"author":[{"embeddable":true,"href":"https:\/\/www.educa.itakaescolapios.org\/ca\/wp-json\/wp\/v2\/users\/5"}],"replies":[{"embeddable":true,"href":"https:\/\/www.educa.itakaescolapios.org\/ca\/wp-json\/wp\/v2\/comments?post=5097"}],"version-history":[{"count":21,"href":"https:\/\/www.educa.itakaescolapios.org\/ca\/wp-json\/wp\/v2\/pages\/5097\/revisions"}],"predecessor-version":[{"id":5673,"href":"https:\/\/www.educa.itakaescolapios.org\/ca\/wp-json\/wp\/v2\/pages\/5097\/revisions\/5673"}],"up":[{"embeddable":true,"href":"https:\/\/www.educa.itakaescolapios.org\/ca\/wp-json\/wp\/v2\/pages\/4946"}],"wp:attachment":[{"href":"https:\/\/www.educa.itakaescolapios.org\/ca\/wp-json\/wp\/v2\/media?parent=5097"}],"curies":[{"name":"wp","href":"https:\/\/api.w.org\/{rel}","templated":true}]}}