{"id":5108,"date":"2021-10-28T10:10:39","date_gmt":"2021-10-28T08:10:39","guid":{"rendered":"https:\/\/www.educa.itakaescolapios.org\/?page_id=5108"},"modified":"2021-12-06T11:13:12","modified_gmt":"2021-12-06T10:13:12","slug":"metodologia-de-la-campana","status":"publish","type":"page","link":"https:\/\/www.educa.itakaescolapios.org\/ca\/campanas\/2021-2022-centros-que-cambian-cambia-tu-centro\/metodologia-de-la-campana","title":{"rendered":"Metodolog\u00eda de la Campa\u00f1a"},"content":{"rendered":"<p class=\"qtranxs-available-languages-message qtranxs-available-languages-message-ca\">Ho sentim, aquesta entrada es troba disponible \u00fanicament en <a href=\"https:\/\/www.educa.itakaescolapios.org\/es\/wp-json\/wp\/v2\/pages\/5108\" class=\"qtranxs-available-language-link qtranxs-available-language-link-es\" title=\"Espa\u00f1ol\">Espanyol Europeu<\/a>, <a href=\"https:\/\/www.educa.itakaescolapios.org\/en\/wp-json\/wp\/v2\/pages\/5108\" class=\"qtranxs-available-language-link qtranxs-available-language-link-en\" title=\"English\">Angl\u00e8s Americ\u00e0<\/a>, <a href=\"https:\/\/www.educa.itakaescolapios.org\/eu\/wp-json\/wp\/v2\/pages\/5108\" class=\"qtranxs-available-language-link qtranxs-available-language-link-eu\" title=\"Euskera\">Basc<\/a>, <a href=\"https:\/\/www.educa.itakaescolapios.org\/fr\/wp-json\/wp\/v2\/pages\/5108\" class=\"qtranxs-available-language-link qtranxs-available-language-link-fr\" title=\"Fran\u00e7ais\">Franc\u00e8s<\/a> i <a href=\"https:\/\/www.educa.itakaescolapios.org\/pt\/wp-json\/wp\/v2\/pages\/5108\" class=\"qtranxs-available-language-link qtranxs-available-language-link-pt\" title=\"Portugu\u00eas\">Portugu\u00e8s De Portugal<\/a>.<\/p><p><\/p>\n<p style=\"text-align: justify;\"><span style=\"font-family: arial, helvetica, sans-serif;\">La campa\u00f1a de solidaridad de este curso quiere, de nuevo, incluir el juego y la gamificaci\u00f3n entre sus propuestas. Para ello os proponemos una \u201cambientaci\u00f3n\u201d de la misma en torno a una aventura en la que el alumnado o participantes deber\u00e1n ir superando una serie de misiones que les convertir\u00e1n en tripulantes de Itaka Escolapios. De este modo lograremos que los aprendizajes sean m\u00e1s significativos, que la experiencia que vivan sea m\u00e1s gratificante y que, en especial los ni\u00f1os y ni\u00f1as m\u00e1s peque\u00f1itos, se sientan m\u00e1s implicados en la campa\u00f1a. Como siempre se trata solo de una propuesta de implantaci\u00f3n, pues cada centro es el que mejor conoce qu\u00e9 actividades y propuestas funcionan mejor en su realidad.<\/span><\/p>\n<p style=\"text-align: justify;\"><span style=\"font-family: arial, helvetica, sans-serif;\">Las actividades propuestas est\u00e1n pensadas para trabajar de manera conjunta contenidos acad\u00e9micos y la educaci\u00f3n transformadora propia de nuestras campa\u00f1as. De esto modo, para quien lo desee, puede trabajarse en las aulas como un proyecto interdisciplinar.<\/span><\/p>\n<p style=\"text-align: justify;\"><span style=\"font-family: arial, helvetica, sans-serif;\">Si observas las actividades propuestas encontrar\u00e1s cuatro misiones distintas. Cada una de ellas gira en torno a un valor:<\/span><\/p>\n<p style=\"text-align: center;\"><a href=\"https:\/\/www.educa.itakaescolapios.org\/campanas\/2021-2022-centros-que-cambian-cambia-tu-centro\/actividades\/mision-solidaridad\" target=\"_blank\" rel=\"noopener noreferrer\"><span style=\"font-family: arial, helvetica, sans-serif;\">Misi\u00f3n Solidaridad<\/span><\/a><\/p>\n<p style=\"text-align: center;\"><a href=\"https:\/\/www.educa.itakaescolapios.org\/campanas\/2021-2022-centros-que-cambian-cambia-tu-centro\/actividades\/mision-coeducacion\" target=\"_blank\" rel=\"noopener noreferrer\"><span style=\"font-family: arial, helvetica, sans-serif;\">Misi\u00f3n Coeducaci\u00f3n<\/span><\/a><\/p>\n<p style=\"text-align: center;\"><a href=\"https:\/\/www.educa.itakaescolapios.org\/campanas\/2021-2022-centros-que-cambian-cambia-tu-centro\/actividades\/mision-medioambiente\" target=\"_blank\" rel=\"noopener noreferrer\"><span style=\"font-family: arial, helvetica, sans-serif;\">Misi\u00f3n Medio Ambiente<\/span><\/a><\/p>\n<p style=\"text-align: center;\"><a href=\"https:\/\/www.educa.itakaescolapios.org\/campanas\/2021-2022-centros-que-cambian-cambia-tu-centro\/actividades\/mision-interculturalidad\" target=\"_blank\" rel=\"noopener noreferrer\"><span style=\"font-family: arial, helvetica, sans-serif;\">Misi\u00f3n Interculturalidad<\/span><\/a><\/p>\n<p style=\"text-align: justify;\"><span style=\"font-family: arial, helvetica, sans-serif;\">Hemos elegido aquellos valores que consideramos importante impulsar en los centros, en l\u00ednea con la propuesta educativa de Itaka Escolapios y del Pacto educativo Global propuesto por el Papa Francisco. \u00a0Proponemos cuatro para que todo el mundo pueda trabajar las que desee, siendo siempre la inicial la Misi\u00f3n \u201cSolidaridad\u201d. El resto pueden trabajarse todas o solamente algunas en el orden que se desee.<\/span><\/p>\n<p style=\"text-align: justify;\"><span style=\"font-family: arial, helvetica, sans-serif;\">Como ver\u00e1s hay abundante material. Puedes utilizarlo libremente en los distintos momentos del a\u00f1o que consideres oportuno (ejemplo: Misi\u00f3n coeducaci\u00f3n, 8 de marzo. D\u00eda internacional de la mujer, etc.). Tambi\u00e9n puedes plantear que la campa\u00f1a dure todo el a\u00f1o y que las misiones se realicen escalonadamente en torno a fechas que se consideren id\u00f3neas.<\/span><\/p>\n<p><img decoding=\"async\" loading=\"lazy\" class=\"alignright\" style=\"margin: 5px;\" src=\"https:\/\/www.educa.itakaescolapios.org\/wp-content\/uploads\/2021\/10\/CARTEL-campa\u00f1a-2122-ESP-scaled.jpg\" alt=\"\" width=\"40%\" height=\"40%\" \/><\/p>\n<p style=\"text-align: justify;\"><span style=\"font-family: arial, helvetica, sans-serif;\">Os invitamos a ambientar lo m\u00e1ximo posible el inicio de las misiones. Puede serviros para ello una peque\u00f1a dramatizaci\u00f3n, ambientaci\u00f3n del colegio, visitas a las aulas por parte de Calasanz y Dorotea para explicar las misiones, cartas de Calasanz para el alumnado pidiendo colaboraci\u00f3n, etc.<\/span><\/p>\n<p style=\"text-align: justify;\"><span style=\"font-family: arial, helvetica, sans-serif;\">En aquellos lugares en los que no exista un equipo que impulse esta y otras campa\u00f1as de Itaka Escolapios invitamos a conformar un equipo coordinador estable para coordinar y animar las distintas actividades, tanto en el \u00e1mbito formal como el no formal.<\/span><\/p>\n<p style=\"text-align: justify;\"><span style=\"font-family: arial, helvetica, sans-serif;\">Cada una de las misiones, de manera impl\u00edcita, sigue un esquema com\u00fan Siente-Imagina-Cambia; de manera que se pueda interiorizar el valor y descubrir la necesidad de ponerlo en pr\u00e1ctica en nuestro entorno.<\/span><\/p>\n<p style=\"text-align: justify;\"><span style=\"font-family: arial, helvetica, sans-serif;\">Al finalizar las misiones que decid\u00e1is trabajar os proponemos que entregu\u00e9is a cada participante su certificado de tripulante que encontrar\u00e1s en el material que os hacemos llegar.<\/span><\/p>\n<p style=\"text-align: justify;\"><span style=\"font-family: arial, helvetica, sans-serif;\">Ser\u00eda de gran ayuda que, si realizas actividades propias, diferentes a las aqu\u00ed planteas nos las compartas para que se puedan realizar en otros centros y as\u00ed crear red, env\u00eda tus aportaciones y\/o comentarios a educa@itakaescolapios.org.<\/span><\/p>\n<p style=\"text-align: justify;\"><span style=\"font-family: arial, helvetica, sans-serif;\">\u00a1\u00c1nimo y muchas gracias por acompa\u00f1ar a los participantes en esta aventura!<\/span><\/p>\n<p><\/p>","protected":false},"excerpt":{"rendered":"<p>Ho sentim, aquesta entrada es troba disponible \u00fanicament en Espanyol Europeu, Angl\u00e8s Americ\u00e0, Basc, Franc\u00e8s i Portugu\u00e8s De Portugal. La campa\u00f1a de solidaridad de este curso [&hellip;]<\/p>\n","protected":false},"author":5,"featured_media":0,"parent":4946,"menu_order":3,"comment_status":"closed","ping_status":"closed","template":"","meta":[],"acf":[],"_links":{"self":[{"href":"https:\/\/www.educa.itakaescolapios.org\/ca\/wp-json\/wp\/v2\/pages\/5108"}],"collection":[{"href":"https:\/\/www.educa.itakaescolapios.org\/ca\/wp-json\/wp\/v2\/pages"}],"about":[{"href":"https:\/\/www.educa.itakaescolapios.org\/ca\/wp-json\/wp\/v2\/types\/page"}],"author":[{"embeddable":true,"href":"https:\/\/www.educa.itakaescolapios.org\/ca\/wp-json\/wp\/v2\/users\/5"}],"replies":[{"embeddable":true,"href":"https:\/\/www.educa.itakaescolapios.org\/ca\/wp-json\/wp\/v2\/comments?post=5108"}],"version-history":[{"count":25,"href":"https:\/\/www.educa.itakaescolapios.org\/ca\/wp-json\/wp\/v2\/pages\/5108\/revisions"}],"predecessor-version":[{"id":5674,"href":"https:\/\/www.educa.itakaescolapios.org\/ca\/wp-json\/wp\/v2\/pages\/5108\/revisions\/5674"}],"up":[{"embeddable":true,"href":"https:\/\/www.educa.itakaescolapios.org\/ca\/wp-json\/wp\/v2\/pages\/4946"}],"wp:attachment":[{"href":"https:\/\/www.educa.itakaescolapios.org\/ca\/wp-json\/wp\/v2\/media?parent=5108"}],"curies":[{"name":"wp","href":"https:\/\/api.w.org\/{rel}","templated":true}]}}