{"id":5127,"date":"2021-10-28T16:09:38","date_gmt":"2021-10-28T14:09:38","guid":{"rendered":"https:\/\/www.educa.itakaescolapios.org\/?page_id=5127"},"modified":"2022-05-19T16:34:03","modified_gmt":"2022-05-19T14:34:03","slug":"oraciones-y-eucaristia","status":"publish","type":"page","link":"https:\/\/www.educa.itakaescolapios.org\/ca\/campanas\/2021-2022-centros-que-cambian-cambia-tu-centro\/actividades\/oraciones-y-eucaristia","title":{"rendered":"Oraciones y Eucarist\u00eda"},"content":{"rendered":"<p class=\"qtranxs-available-languages-message qtranxs-available-languages-message-ca\">Ho sentim, aquesta entrada es troba disponible \u00fanicament en <a href=\"https:\/\/www.educa.itakaescolapios.org\/es\/wp-json\/wp\/v2\/pages\/5127\" class=\"qtranxs-available-language-link qtranxs-available-language-link-es\" title=\"Espa\u00f1ol\">Espanyol Europeu<\/a>, <a href=\"https:\/\/www.educa.itakaescolapios.org\/en\/wp-json\/wp\/v2\/pages\/5127\" class=\"qtranxs-available-language-link qtranxs-available-language-link-en\" title=\"English\">Angl\u00e8s Americ\u00e0<\/a>, <a href=\"https:\/\/www.educa.itakaescolapios.org\/eu\/wp-json\/wp\/v2\/pages\/5127\" class=\"qtranxs-available-language-link qtranxs-available-language-link-eu\" title=\"Euskera\">Basc<\/a>, <a href=\"https:\/\/www.educa.itakaescolapios.org\/fr\/wp-json\/wp\/v2\/pages\/5127\" class=\"qtranxs-available-language-link qtranxs-available-language-link-fr\" title=\"Fran\u00e7ais\">Franc\u00e8s<\/a> i <a href=\"https:\/\/www.educa.itakaescolapios.org\/pt\/wp-json\/wp\/v2\/pages\/5127\" class=\"qtranxs-available-language-link qtranxs-available-language-link-pt\" title=\"Portugu\u00eas\">Portugu\u00e8s De Portugal<\/a>.<\/p><p><span style=\"font-family: arial, helvetica, sans-serif; font-size: 20px;\"><a href=\"https:\/\/www.educa.itakaescolapios.org\/wp-content\/uploads\/2021\/11\/ES-Oraci\u00f3n-LUNES.pdf\" target=\"_blank\" rel=\"noopener noreferrer\">Oraci\u00f3n lunes<\/a><\/span><\/p>\n<p><span style=\"font-family: arial, helvetica, sans-serif; font-size: 20px;\"><a href=\"https:\/\/www.educa.itakaescolapios.org\/wp-content\/uploads\/2021\/11\/ES-Oraci\u00f3n-Martes.pdf\" target=\"_blank\" rel=\"noopener noreferrer\">Oraci\u00f3n martes<\/a><\/span><img decoding=\"async\" loading=\"lazy\" class=\"alignright\" src=\"https:\/\/www.educa.itakaescolapios.org\/wp-content\/uploads\/2021\/11\/CALASANZ_color_sin-fondo-scaled.jpg\" alt=\"\" width=\"40%\" height=\"40%\" \/><\/p>\n<p><span style=\"font-family: arial, helvetica, sans-serif; font-size: 20px;\"><a href=\"https:\/\/www.educa.itakaescolapios.org\/wp-content\/uploads\/2021\/11\/ES-Oraci\u00f3n-Mi\u00e9rcoles.pdf\" target=\"_blank\" rel=\"noopener noreferrer\">Oraci\u00f3n mi\u00e9rcoles<\/a><\/span><\/p>\n<p><span style=\"font-family: arial, helvetica, sans-serif; font-size: 20px;\"><a href=\"https:\/\/www.educa.itakaescolapios.org\/wp-content\/uploads\/2021\/11\/ES-Oraci\u00f3n-Jueves.pdf\" target=\"_blank\" rel=\"noopener noreferrer\">Oraci\u00f3n jueves<\/a><\/span><\/p>\n<p><span style=\"font-family: arial, helvetica, sans-serif; font-size: 20px;\"><a href=\"https:\/\/www.educa.itakaescolapios.org\/wp-content\/uploads\/2022\/05\/ES-Oraci\u00f3n-Viernes.pdf\" target=\"_blank\" rel=\"noopener noreferrer\">Oraci\u00f3n viernes<\/a><\/span><\/p>\n<p><span style=\"font-family: arial, helvetica, sans-serif; font-size: 20px;\"><a href=\"https:\/\/www.educa.itakaescolapios.org\/wp-content\/uploads\/2021\/11\/ES-Eucarist\u00eda.pdf\" target=\"_blank\" rel=\"noopener noreferrer\">Eucarist\u00eda\u00a0\u00a0<\/a><\/span><\/p>","protected":false},"excerpt":{"rendered":"<p>Ho sentim, aquesta entrada es troba disponible \u00fanicament en Espanyol Europeu, Angl\u00e8s Americ\u00e0, Basc, Franc\u00e8s i Portugu\u00e8s De Portugal.Oraci\u00f3n lunes Oraci\u00f3n martes Oraci\u00f3n mi\u00e9rcoles Oraci\u00f3n jueves [&hellip;]<\/p>\n","protected":false},"author":5,"featured_media":0,"parent":5117,"menu_order":2,"comment_status":"closed","ping_status":"closed","template":"","meta":[],"acf":[],"_links":{"self":[{"href":"https:\/\/www.educa.itakaescolapios.org\/ca\/wp-json\/wp\/v2\/pages\/5127"}],"collection":[{"href":"https:\/\/www.educa.itakaescolapios.org\/ca\/wp-json\/wp\/v2\/pages"}],"about":[{"href":"https:\/\/www.educa.itakaescolapios.org\/ca\/wp-json\/wp\/v2\/types\/page"}],"author":[{"embeddable":true,"href":"https:\/\/www.educa.itakaescolapios.org\/ca\/wp-json\/wp\/v2\/users\/5"}],"replies":[{"embeddable":true,"href":"https:\/\/www.educa.itakaescolapios.org\/ca\/wp-json\/wp\/v2\/comments?post=5127"}],"version-history":[{"count":17,"href":"https:\/\/www.educa.itakaescolapios.org\/ca\/wp-json\/wp\/v2\/pages\/5127\/revisions"}],"predecessor-version":[{"id":6341,"href":"https:\/\/www.educa.itakaescolapios.org\/ca\/wp-json\/wp\/v2\/pages\/5127\/revisions\/6341"}],"up":[{"embeddable":true,"href":"https:\/\/www.educa.itakaescolapios.org\/ca\/wp-json\/wp\/v2\/pages\/5117"}],"wp:attachment":[{"href":"https:\/\/www.educa.itakaescolapios.org\/ca\/wp-json\/wp\/v2\/media?parent=5127"}],"curies":[{"name":"wp","href":"https:\/\/api.w.org\/{rel}","templated":true}]}}