{"id":5996,"date":"2021-12-31T09:05:01","date_gmt":"2021-12-31T08:05:01","guid":{"rendered":"https:\/\/www.educa.itakaescolapios.org\/?page_id=5996"},"modified":"2022-01-31T13:12:27","modified_gmt":"2022-01-31T12:12:27","slug":"oraciones-por-la-paz","status":"publish","type":"page","link":"https:\/\/www.educa.itakaescolapios.org\/ca\/semanas-de-la-paz\/2021-2022-tu-eres-el-cambio\/oraciones-por-la-paz","title":{"rendered":"ORACIONES POR LA PAZ"},"content":{"rendered":"<p class=\"qtranxs-available-languages-message qtranxs-available-languages-message-ca\">Ho sentim, aquesta entrada es troba disponible \u00fanicament en <a href=\"https:\/\/www.educa.itakaescolapios.org\/es\/wp-json\/wp\/v2\/pages\/5996\" class=\"qtranxs-available-language-link qtranxs-available-language-link-es\" title=\"Espa\u00f1ol\">Espanyol Europeu<\/a>, <a href=\"https:\/\/www.educa.itakaescolapios.org\/eu\/wp-json\/wp\/v2\/pages\/5996\" class=\"qtranxs-available-language-link qtranxs-available-language-link-eu\" title=\"Euskera\">Basc<\/a>, <a href=\"https:\/\/www.educa.itakaescolapios.org\/fr\/wp-json\/wp\/v2\/pages\/5996\" class=\"qtranxs-available-language-link qtranxs-available-language-link-fr\" title=\"Fran\u00e7ais\">Franc\u00e8s<\/a> i <a href=\"https:\/\/www.educa.itakaescolapios.org\/pt\/wp-json\/wp\/v2\/pages\/5996\" class=\"qtranxs-available-language-link qtranxs-available-language-link-pt\" title=\"Portugu\u00eas\">Portugu\u00e8s De Portugal<\/a>.<\/p><p><img decoding=\"async\" loading=\"lazy\" class=\"alignright\" src=\"https:\/\/www.educa.itakaescolapios.org\/wp-content\/uploads\/2021\/12\/calasanz-en-africa.png\" alt=\"\" width=\"50%\" height=\"50%\" \/><\/p>\n<p>&nbsp;<\/p>\n<p style=\"text-align: justify;\">Desde Calasanz hasta las educadoras y educadores escolapios de hoy (religiosos y laicos), en las EEPP se nos invita a trabajar por un mundo m\u00e1s justo y humano haciendo realidad la propuesta de Jes\u00fas. Y para entender mejor lo que Jes\u00fas quiere de nosotras y nosotros debemos escucharle y estar cerca suyo.<\/p>\n<p style=\"text-align: justify;\">Os invitamos a buscar un ratito especial de oraci\u00f3n en estos d\u00edas para rezar por la paz. Y que este sea el inicio de una oraci\u00f3n recurrente en nuestro d\u00eda a d\u00eda.<\/p>\n<ul>\n<li style=\"list-style-type: none;\">\n<ul style=\"list-style-type: square;\">\n<li><a href=\"https:\/\/www.educa.itakaescolapios.org\/wp-content\/uploads\/2022\/01\/Oracion-3-8.pdf\" target=\"_blank\" rel=\"noopener noreferrer\">Oraci\u00f3n de 3 a 8 a\u00f1os<\/a><\/li>\n<li><a href=\"https:\/\/www.educa.itakaescolapios.org\/wp-content\/uploads\/2022\/01\/Oracion-8-10.pdf\" target=\"_blank\" rel=\"noopener noreferrer\">Oraci\u00f3n de 8 a 10 a\u00f1os<\/a><\/li>\n<li><a href=\"https:\/\/www.educa.itakaescolapios.org\/wp-content\/uploads\/2022\/01\/Oracion-10-12.pdf\" target=\"_blank\" rel=\"noopener noreferrer\">Oraci\u00f3n de 10 a 12 a\u00f1os<\/a><\/li>\n<li><a href=\"https:\/\/www.educa.itakaescolapios.org\/wp-content\/uploads\/2022\/01\/Oracion-12-16.pdf\" target=\"_blank\" rel=\"noopener noreferrer\">Oraci\u00f3n de 12 a 16 a\u00f1os<\/a><\/li>\n<li><a href=\"https:\/\/www.educa.itakaescolapios.org\/wp-content\/uploads\/2022\/01\/Oracion-16-18.pdf\" target=\"_blank\" rel=\"noopener noreferrer\">Oraci\u00f3n de 16 a 18 a\u00f1os<\/a><\/li>\n<\/ul>\n<\/li>\n<\/ul>\n<p><\/p>","protected":false},"excerpt":{"rendered":"<p>Ho sentim, aquesta entrada es troba disponible \u00fanicament en Espanyol Europeu, Basc, Franc\u00e8s i Portugu\u00e8s De Portugal. &nbsp; Desde Calasanz hasta las educadoras y educadores escolapios [&hellip;]<\/p>\n","protected":false},"author":5,"featured_media":0,"parent":5902,"menu_order":0,"comment_status":"closed","ping_status":"closed","template":"","meta":[],"acf":[],"_links":{"self":[{"href":"https:\/\/www.educa.itakaescolapios.org\/ca\/wp-json\/wp\/v2\/pages\/5996"}],"collection":[{"href":"https:\/\/www.educa.itakaescolapios.org\/ca\/wp-json\/wp\/v2\/pages"}],"about":[{"href":"https:\/\/www.educa.itakaescolapios.org\/ca\/wp-json\/wp\/v2\/types\/page"}],"author":[{"embeddable":true,"href":"https:\/\/www.educa.itakaescolapios.org\/ca\/wp-json\/wp\/v2\/users\/5"}],"replies":[{"embeddable":true,"href":"https:\/\/www.educa.itakaescolapios.org\/ca\/wp-json\/wp\/v2\/comments?post=5996"}],"version-history":[{"count":7,"href":"https:\/\/www.educa.itakaescolapios.org\/ca\/wp-json\/wp\/v2\/pages\/5996\/revisions"}],"predecessor-version":[{"id":6200,"href":"https:\/\/www.educa.itakaescolapios.org\/ca\/wp-json\/wp\/v2\/pages\/5996\/revisions\/6200"}],"up":[{"embeddable":true,"href":"https:\/\/www.educa.itakaescolapios.org\/ca\/wp-json\/wp\/v2\/pages\/5902"}],"wp:attachment":[{"href":"https:\/\/www.educa.itakaescolapios.org\/ca\/wp-json\/wp\/v2\/media?parent=5996"}],"curies":[{"name":"wp","href":"https:\/\/api.w.org\/{rel}","templated":true}]}}