{"id":6355,"date":"2022-11-02T09:33:41","date_gmt":"2022-11-02T08:33:41","guid":{"rendered":"https:\/\/www.educa.itakaescolapios.org\/?page_id=6355"},"modified":"2022-11-25T12:28:45","modified_gmt":"2022-11-25T11:28:45","slug":"2022-2023-una-voz-un-millon-de-cambios","status":"publish","type":"page","link":"https:\/\/www.educa.itakaescolapios.org\/ca\/campanas\/2022-2023-una-voz-un-millon-de-cambios","title":{"rendered":"2022-2023 Una voz, un mill\u00f3n de cambios"},"content":{"rendered":"<p class=\"qtranxs-available-languages-message qtranxs-available-languages-message-ca\">Ho sentim, aquesta entrada es troba disponible \u00fanicament en <a href=\"https:\/\/www.educa.itakaescolapios.org\/es\/wp-json\/wp\/v2\/pages\/6355\" class=\"qtranxs-available-language-link qtranxs-available-language-link-es\" title=\"Espa\u00f1ol\">Espanyol Europeu<\/a>, <a href=\"https:\/\/www.educa.itakaescolapios.org\/en\/wp-json\/wp\/v2\/pages\/6355\" class=\"qtranxs-available-language-link qtranxs-available-language-link-en\" title=\"English\">Angl\u00e8s Americ\u00e0<\/a>, <a href=\"https:\/\/www.educa.itakaescolapios.org\/eu\/wp-json\/wp\/v2\/pages\/6355\" class=\"qtranxs-available-language-link qtranxs-available-language-link-eu\" title=\"Euskera\">Basc<\/a>, <a href=\"https:\/\/www.educa.itakaescolapios.org\/fr\/wp-json\/wp\/v2\/pages\/6355\" class=\"qtranxs-available-language-link qtranxs-available-language-link-fr\" title=\"Fran\u00e7ais\">Franc\u00e8s<\/a> i <a href=\"https:\/\/www.educa.itakaescolapios.org\/pt\/wp-json\/wp\/v2\/pages\/6355\" class=\"qtranxs-available-language-link qtranxs-available-language-link-pt\" title=\"Portugu\u00eas\">Portugu\u00e8s De Portugal<\/a>.<\/p><p><\/p>\n<p style=\"text-align: left;\"><span style=\"font-family: arial, helvetica, sans-serif;\">Desde sus inicios, la red Itaka-Escolapios trabaja la sensibilizaci\u00f3n para la transformaci\u00f3n social a trav\u00e9s de acciones y actividades educativas para desarrollar tanto en Educaci\u00f3n Formal, como No Formal.<\/span><\/p>\n<p style=\"text-align: left;\"><span style=\"font-family: arial, helvetica, sans-serif;\">Una de las principales propuestas en esta \u00e1rea son las campa\u00f1as de solidaridad que, cada a\u00f1o, nos acercan a la realidad de misi\u00f3n escolapia que se vive en diferentes lugares de la red con intenci\u00f3n de conocer mejor y sentir como propia la tarea de tantos escolapios, religiosos y laicos, por todo el mundo. Recordar\u00e1s, por ejemplo: \u201cAl encuentro con Atambua\u201d, \u201cEl tesoro de Senegal\u201d, \u201cAl ritmo del Congo\u201d, o la \u00faltima, \u201cCentros que cambian, cambia tu centro\u201d.<\/span><\/p>\n<p style=\"text-align: left;\"><span style=\"font-family: arial, helvetica, sans-serif;\">Este a\u00f1o, en l\u00ednea con el lema pastoral de la Orden, lanzamos la campa\u00f1a \u201cUna voz, un mill\u00f3n de cambios\u201d, porque de verdad creemos que, para poder cambiar el mundo necesitamos de todas y cada una de las personas que nos est\u00e1is leyendo y, en especial, de los ni\u00f1os, ni\u00f1as y j\u00f3venes que participan en las Escuelas P\u00edas de un modo u otro. El mundo necesita su voz, y nosotras, escucharles.<\/span><\/p>\n<p style=\"text-align: left;\"><span style=\"font-family: arial, helvetica, sans-serif;\">Por eso, desde Itaka-Escolapios os invitamos a seguir trabajando para que las nuevas generaciones sean capaces de dar lo mejor de s\u00ed mismas para construir un mundo como Dios manda.<\/span><\/p>\n<p style=\"text-align: center;\"><iframe loading=\"lazy\" src=\"\/\/www.youtube.com\/embed\/FJMId-xm8gk\" width=\"100%\" height=\"400\" allowfullscreen=\"allowfullscreen\"><span data-mce-type=\"bookmark\" style=\"display: inline-block; width: 0px; overflow: hidden; line-height: 0;\" class=\"mce_SELRES_start\">\ufeff<\/span><\/iframe><\/p>\n<p>&nbsp;<\/p>\n<p>&nbsp;<\/p>\n<ul class=\"children\">\n<li class=\"page_item page-item-6357\" style=\"text-align: left;\"><span style=\"font-family: arial, helvetica, sans-serif; font-size: 20px;\"><a href=\"https:\/\/www.educa.itakaescolapios.org\/campanas\/2022-2023-una-voz-un-millon-de-cambios\/recordamos-centros-que-cambian-cambia-tu-centro\">Recordando la campa\u00f1a anterior \u201cCentros que cambian, cambia tu centro\u201d.<\/a><\/span><\/li>\n<li class=\"page_item page-item-6357\" style=\"text-align: left;\"><span style=\"font-family: arial, helvetica, sans-serif; font-size: 20px;\"><a href=\"https:\/\/www.educa.itakaescolapios.org\/campanas\/2022-2023-una-voz-un-millon-de-cambios\/conoce-mejor-la-campana\">Presentaci\u00f3n de la campa\u00f1a \u201cUna voz, un mill\u00f3n de cambios\u201d.<\/a><\/span><\/li>\n<li class=\"page_item page-item-6357\" style=\"text-align: left;\"><span style=\"font-family: arial, helvetica, sans-serif; font-size: 20px;\"><a href=\"https:\/\/www.educa.itakaescolapios.org\/campanas\/2022-2023-una-voz-un-millon-de-cambios\/metodologia-de-trabajo\">Metodologia de trabajo<\/a><\/span>\n<ul>\n<li style=\"list-style-type: none;\">\n<ul class=\"children\">\n<li><span style=\"font-size: 20px;\"><a style=\"font-family: arial, helvetica, sans-serif;\" href=\"https:\/\/www.educa.itakaescolapios.org\/derecho-a-la-educacion\/actividad-inicial-claustro-campana-solidaridad-2022-23\" target=\"_blank\" rel=\"noopener noreferrer\">Actividad inicial para el claustro<\/a><\/span><\/li>\n<li class=\"page_item page-item-6357\" style=\"text-align: left;\"><span style=\"font-size: 20px;\"><a style=\"font-family: arial, helvetica, sans-serif;\" href=\"https:\/\/www.educa.itakaescolapios.org\/campanas\/2022-2023-una-voz-un-millon-de-cambios\/metodologia-de-trabajo\/mision-paz\">Misi\u00f3n Paz<\/a><\/span><\/li>\n<li class=\"page_item page-item-6385\"><span style=\"font-family: arial, helvetica, sans-serif; font-size: 20px;\"><a href=\"https:\/\/www.educa.itakaescolapios.org\/campanas\/2022-2023-una-voz-un-millon-de-cambios\/metodologia-de-trabajo\/mision-conectate\">Misi\u00f3n Con\u00e9ctate<\/a><\/span><\/li>\n<li class=\"page_item page-item-6387 current_page_item\"><span style=\"font-size: 20px;\"><span style=\"font-family: arial, helvetica, sans-serif;\"><a href=\"https:\/\/www.educa.itakaescolapios.org\/campanas\/2022-2023-una-voz-un-millon-de-cambios\/metodologia-de-trabajo\/mision-expresate\" aria-current=\"page\">Misi\u00f3n Expr\u00e9sate<\/a><\/span><\/span><\/li>\n<\/ul>\n<\/li>\n<\/ul>\n<\/li>\n<li class=\"page_item page-item-6391\" style=\"text-align: left;\"><span style=\"font-family: arial, helvetica, sans-serif; font-size: 20px;\"><a href=\"https:\/\/www.educa.itakaescolapios.org\/campanas\/2022-2023-una-voz-un-millon-de-cambios\/https-www-ecampanas-2022-2023-una-voz-un-millon-de-cambios-carteleria-y-ambientacion\">Carteler\u00eda y ambientaci\u00f3n<\/a><\/span><\/li>\n<li class=\"page_item page-item-6393\" style=\"text-align: left;\"><span style=\"font-family: arial, helvetica, sans-serif; font-size: 20px;\"><a href=\"https:\/\/www.educa.itakaescolapios.org\/campanas\/2022-2023-una-voz-un-millon-de-cambios\/acciones-locales\">Buenas pr\u00e1cticas<\/a><\/span><\/li>\n<li class=\"page_item page-item-6395\" style=\"text-align: left;\"><span style=\"font-family: arial, helvetica, sans-serif; font-size: 20px;\"><a href=\"https:\/\/www.educa.itakaescolapios.org\/campanas\/2022-2023-una-voz-un-millon-de-cambios\/evaluacion\">Evaluaci\u00f3n<\/a><\/span><\/li>\n<li class=\"page_item page-item-5055\" style=\"text-align: left;\"><span style=\"font-family: arial, helvetica, sans-serif; font-size: 20px;\"><a href=\"https:\/\/www.educa.itakaescolapios.org\/campanas\/2022-2023-una-voz-un-millon-de-cambios\/haz-un-donativo-y-cambia-el-mundo\">Donativos<\/a><\/span><\/li>\n<\/ul>\n<p><img decoding=\"async\" loading=\"lazy\" class=\"aligncenter\" style=\"font-family: arial, helvetica, sans-serif; font-size: 20px;\" src=\"https:\/\/www.educa.itakaescolapios.org\/wp-content\/uploads\/2020\/11\/mano-click-verde-en-el-medio-scaled.jpg\" alt=\"\" width=\"20%\" height=\"20%\" \/><\/p>\n<p>&nbsp;<\/p>\n<p>&nbsp;<\/p>\n<p><img decoding=\"async\" loading=\"lazy\" class=\"align:center\" src=\"https:\/\/www.educa.itakaescolapios.org\/wp-content\/uploads\/2022\/11\/ES.CARTEL-campan\u0303a-2023.png\" alt=\"\" width=\"90%\" height=\"90%\" \/><\/p>\n<p>&nbsp;<\/p>","protected":false},"excerpt":{"rendered":"<p>Ho sentim, aquesta entrada es troba disponible \u00fanicament en Espanyol Europeu, Angl\u00e8s Americ\u00e0, Basc, Franc\u00e8s i Portugu\u00e8s De Portugal. Desde sus inicios, la red Itaka-Escolapios trabaja [&hellip;]<\/p>\n","protected":false},"author":5,"featured_media":6380,"parent":70,"menu_order":0,"comment_status":"closed","ping_status":"closed","template":"","meta":[],"acf":[],"_links":{"self":[{"href":"https:\/\/www.educa.itakaescolapios.org\/ca\/wp-json\/wp\/v2\/pages\/6355"}],"collection":[{"href":"https:\/\/www.educa.itakaescolapios.org\/ca\/wp-json\/wp\/v2\/pages"}],"about":[{"href":"https:\/\/www.educa.itakaescolapios.org\/ca\/wp-json\/wp\/v2\/types\/page"}],"author":[{"embeddable":true,"href":"https:\/\/www.educa.itakaescolapios.org\/ca\/wp-json\/wp\/v2\/users\/5"}],"replies":[{"embeddable":true,"href":"https:\/\/www.educa.itakaescolapios.org\/ca\/wp-json\/wp\/v2\/comments?post=6355"}],"version-history":[{"count":71,"href":"https:\/\/www.educa.itakaescolapios.org\/ca\/wp-json\/wp\/v2\/pages\/6355\/revisions"}],"predecessor-version":[{"id":6869,"href":"https:\/\/www.educa.itakaescolapios.org\/ca\/wp-json\/wp\/v2\/pages\/6355\/revisions\/6869"}],"up":[{"embeddable":true,"href":"https:\/\/www.educa.itakaescolapios.org\/ca\/wp-json\/wp\/v2\/pages\/70"}],"wp:featuredmedia":[{"embeddable":true,"href":"https:\/\/www.educa.itakaescolapios.org\/ca\/wp-json\/wp\/v2\/media\/6380"}],"wp:attachment":[{"href":"https:\/\/www.educa.itakaescolapios.org\/ca\/wp-json\/wp\/v2\/media?parent=6355"}],"curies":[{"name":"wp","href":"https:\/\/api.w.org\/{rel}","templated":true}]}}