{"id":6383,"date":"2022-11-02T12:55:08","date_gmt":"2022-11-02T11:55:08","guid":{"rendered":"https:\/\/www.educa.itakaescolapios.org\/?page_id=6383"},"modified":"2023-02-14T14:12:48","modified_gmt":"2023-02-14T13:12:48","slug":"mision-paz","status":"publish","type":"page","link":"https:\/\/www.educa.itakaescolapios.org\/ca\/campanas\/2022-2023-una-voz-un-millon-de-cambios\/metodologia-de-trabajo\/mision-paz","title":{"rendered":"Misi\u00f3n Paz"},"content":{"rendered":"<p class=\"qtranxs-available-languages-message qtranxs-available-languages-message-ca\">Ho sentim, aquesta entrada es troba disponible \u00fanicament en <a href=\"https:\/\/www.educa.itakaescolapios.org\/es\/wp-json\/wp\/v2\/pages\/6383\" class=\"qtranxs-available-language-link qtranxs-available-language-link-es\" title=\"Espa\u00f1ol\">Espanyol Europeu<\/a>, <a href=\"https:\/\/www.educa.itakaescolapios.org\/eu\/wp-json\/wp\/v2\/pages\/6383\" class=\"qtranxs-available-language-link qtranxs-available-language-link-eu\" title=\"Euskera\">Basc<\/a>, <a href=\"https:\/\/www.educa.itakaescolapios.org\/fr\/wp-json\/wp\/v2\/pages\/6383\" class=\"qtranxs-available-language-link qtranxs-available-language-link-fr\" title=\"Fran\u00e7ais\">Franc\u00e8s<\/a> i <a href=\"https:\/\/www.educa.itakaescolapios.org\/pt\/wp-json\/wp\/v2\/pages\/6383\" class=\"qtranxs-available-language-link qtranxs-available-language-link-pt\" title=\"Portugu\u00eas\">Portugu\u00e8s De Portugal<\/a>.<\/p><p><span style=\"font-family: arial, helvetica, sans-serif;\"><img decoding=\"async\" class=\"alignright\" src=\"https:\/\/www.educa.itakaescolapios.org\/wp-content\/uploads\/2022\/11\/ES.MISION-PAZ-ESP.png\" alt=\"\" width=\"40%\" \/><\/span><\/p>\n<p style=\"text-align: left;\"><span style=\"font-family: arial, helvetica, sans-serif;\">Es tiempo de construir la PAZ y hacer valer los Derechos Humanos en todos los contextos en donde nos desarrollemos, es tiempo de trabajar por un ambiente de paz en nuestro entorno, es tiempo de hacer valer nuestra voz para conseguirla all\u00e1 donde se necesite.<\/span><\/p>\n<p style=\"text-align: left;\"><span style=\"font-family: arial, helvetica, sans-serif;\">Disponemos de una serie de actividades para trabajar esto, ya sea en el aula o en el Movimiento Calasanz, con ni\u00f1as, ni\u00f1os y j\u00f3venes de todas las edades. Os invitamos a descubrirlas, no sin antes <strong>presentarles y contextualizarles la campa\u00f1a <em>\u201cUna voz, un mill\u00f3n de cambios\u201d<\/em> con ayuda de, al menos, uno de estos dos videos<\/strong>.<\/span><\/p>\n<p><iframe loading=\"lazy\" src=\"\/\/www.youtube.com\/embed\/FJMId-xm8gk\" width=\"48%\" height=\"200\" allowfullscreen=\"allowfullscreen\"><\/iframe> <iframe loading=\"lazy\" src=\"\/\/www.youtube.com\/embed\/14hSLSIyHDY\" width=\"48%\" height=\"200\" allowfullscreen=\"allowfullscreen\"><\/iframe><\/p>\n<p>&nbsp;<\/p>\n<p><span style=\"font-family: arial, helvetica, sans-serif;\"><strong>ACTIVIDADES <\/strong><strong>PARA<\/strong><strong> EL AULA<\/strong><\/span><\/p>\n<ul>\n<li style=\"list-style-type: none;\">\n<ul style=\"list-style-type: square;\">\n<li><span style=\"font-family: arial, helvetica, sans-serif;\"><a href=\"https:\/\/www.educa.itakaescolapios.org\/paz\/mision-paz-para-peques-venezuela\" target=\"_blank\" rel=\"noopener noreferrer\">Estamos con Venezuela (de 3 a 8 a\u00f1os)<\/a><\/span><\/li>\n<li><span style=\"font-family: arial, helvetica, sans-serif;\"><a href=\"https:\/\/www.educa.itakaescolapios.org\/paz\/nos-comprometemos\" target=\"_blank\" rel=\"noopener noreferrer\">Nos comprometemos (de 8 a 12 a\u00f1os)<\/a><\/span><\/li>\n<li><span style=\"font-family: arial, helvetica, sans-serif;\"><a href=\"https:\/\/www.educa.itakaescolapios.org\/enfoque-local-global\/tu-voz-por-camerun\" target=\"_blank\" rel=\"noopener noreferrer\">Tu voz por Camer\u00fan (de 12 a 16 a\u00f1os)<\/a><\/span><\/li>\n<li><span style=\"font-family: arial, helvetica, sans-serif;\"><a href=\"https:\/\/www.educa.itakaescolapios.org\/paz\/donde-estan-mis-derechos\" target=\"_blank\" rel=\"noopener noreferrer\">\u00bfD\u00f3nde est\u00e1n mis derechos? (de 16 a 18 a\u00f1os)<\/a><\/span><\/li>\n<li><span style=\"font-family: arial, helvetica, sans-serif;\"><a href=\"https:\/\/www.educa.itakaescolapios.org\/paz\/calasanz-y-la-paz\" target=\"_blank\" rel=\"noopener noreferrer\">Calasanz y la paz (de 3 a 8 a\u00f1os)<\/a><\/span><\/li>\n<li><span style=\"font-family: arial, helvetica, sans-serif;\"><a href=\"https:\/\/www.educa.itakaescolapios.org\/paz\/calendario-de-paz\">Calendario de paz (de 8 a 12 a\u00f1os)<\/a><\/span><\/li>\n<li><span style=\"font-family: arial, helvetica, sans-serif;\"><a href=\"https:\/\/www.educa.itakaescolapios.org\/paz\/las-noticias-del-futuro\">Las noticias del futuro (de 12 a 16 a\u00f1os)<\/a><\/span><\/li>\n<li><span style=\"font-family: arial, helvetica, sans-serif;\"><a href=\"https:\/\/www.educa.itakaescolapios.org\/paz\/marcha-por-la-paz\">Marcha por la paz (m\u00e1s de 16 a\u00f1os)<\/a><\/span><\/li>\n<\/ul>\n<\/li>\n<\/ul>\n<p><span style=\"font-family: arial, helvetica, sans-serif;\"><strong>ACTIVIDADES PARA EL MOVIMIENTO CALASANZ<\/strong><\/span><\/p>\n<ul>\n<li style=\"list-style-type: none;\">\n<ul style=\"list-style-type: square;\">\n<li><span style=\"font-family: arial, helvetica, sans-serif;\"><a href=\"https:\/\/www.educa.itakaescolapios.org\/paz\/mision-paz-movimiento-calasanz\" target=\"_blank\" rel=\"noopener noreferrer\">Ecos de Paz<\/a><\/span><\/li>\n<li><span style=\"font-family: arial, helvetica, sans-serif;\"><a href=\"https:\/\/www.educa.itakaescolapios.org\/paz\/escribimos-al-alcalde\" target=\"_blank\" rel=\"noopener noreferrer\">Escribimos al alcalde<\/a><\/span><\/li>\n<li><span style=\"font-family: arial, helvetica, sans-serif;\"><a href=\"https:\/\/www.educa.itakaescolapios.org\/paz\/video-por-la-paz\" target=\"_blank\" rel=\"noopener noreferrer\">Video por la Paz<\/a><\/span><\/li>\n<li><span style=\"font-family: arial, helvetica, sans-serif;\"><a href=\"https:\/\/www.educa.itakaescolapios.org\/paz\/mensajeros-y-mensajeras-de-gratitud\" target=\"_blank\" rel=\"noopener noreferrer\">Mensajeros y mensajeras de gratitud<\/a><\/span><\/li>\n<\/ul>\n<\/li>\n<\/ul>\n<p><span style=\"font-family: arial, helvetica, sans-serif;\"><strong>ACTIVIDADES PARA GRUPOS Y COMUNIDADES DE PERSONAS ADULTAS<\/strong><\/span><\/p>\n<ul>\n<li style=\"list-style-type: none;\">\n<ul style=\"list-style-type: square;\">\n<li><span style=\"font-family: arial, helvetica, sans-serif;\"><a href=\"https:\/\/www.educa.itakaescolapios.org\/paz\/oremos-por-la-paz\" target=\"_blank\" rel=\"noopener noreferrer\">Oraci\u00f3n por la paz<\/a><\/span><\/li>\n<\/ul>\n<\/li>\n<\/ul>\n<p><span style=\"font-family: arial, helvetica, sans-serif;\"><img decoding=\"async\" loading=\"lazy\" class=\"aligncenter\" style=\"font-size: 20px;\" src=\"https:\/\/www.educa.itakaescolapios.org\/wp-content\/uploads\/2020\/11\/mano-click-verde-en-el-medio-150x150.jpg\" alt=\"\" width=\"10%\" height=\"10%\" \/><\/span><\/p>\n<p><span style=\"font-family: arial, helvetica, sans-serif;\"><img decoding=\"async\" loading=\"lazy\" class=\"aligncenter\" src=\"https:\/\/www.educa.itakaescolapios.org\/wp-content\/uploads\/2020\/07\/BLA_color-731x1024-1.jpg\" alt=\"\" width=\"50%\" height=\"50%\" \/><\/span><\/p>","protected":false},"excerpt":{"rendered":"<p>Ho sentim, aquesta entrada es troba disponible \u00fanicament en Espanyol Europeu, Basc, Franc\u00e8s i Portugu\u00e8s De Portugal. Es tiempo de construir la PAZ y hacer valer [&hellip;]<\/p>\n","protected":false},"author":5,"featured_media":0,"parent":6375,"menu_order":0,"comment_status":"closed","ping_status":"closed","template":"","meta":[],"acf":[],"_links":{"self":[{"href":"https:\/\/www.educa.itakaescolapios.org\/ca\/wp-json\/wp\/v2\/pages\/6383"}],"collection":[{"href":"https:\/\/www.educa.itakaescolapios.org\/ca\/wp-json\/wp\/v2\/pages"}],"about":[{"href":"https:\/\/www.educa.itakaescolapios.org\/ca\/wp-json\/wp\/v2\/types\/page"}],"author":[{"embeddable":true,"href":"https:\/\/www.educa.itakaescolapios.org\/ca\/wp-json\/wp\/v2\/users\/5"}],"replies":[{"embeddable":true,"href":"https:\/\/www.educa.itakaescolapios.org\/ca\/wp-json\/wp\/v2\/comments?post=6383"}],"version-history":[{"count":58,"href":"https:\/\/www.educa.itakaescolapios.org\/ca\/wp-json\/wp\/v2\/pages\/6383\/revisions"}],"predecessor-version":[{"id":7265,"href":"https:\/\/www.educa.itakaescolapios.org\/ca\/wp-json\/wp\/v2\/pages\/6383\/revisions\/7265"}],"up":[{"embeddable":true,"href":"https:\/\/www.educa.itakaescolapios.org\/ca\/wp-json\/wp\/v2\/pages\/6375"}],"wp:attachment":[{"href":"https:\/\/www.educa.itakaescolapios.org\/ca\/wp-json\/wp\/v2\/media?parent=6383"}],"curies":[{"name":"wp","href":"https:\/\/api.w.org\/{rel}","templated":true}]}}