{"id":7081,"date":"2023-01-20T13:42:18","date_gmt":"2023-01-20T12:42:18","guid":{"rendered":"https:\/\/www.educa.itakaescolapios.org\/?page_id=7081"},"modified":"2023-01-20T15:25:19","modified_gmt":"2023-01-20T14:25:19","slug":"2022-2023-mision-paz","status":"publish","type":"page","link":"https:\/\/www.educa.itakaescolapios.org\/ca\/semanas-de-la-paz\/2022-2023-mision-paz","title":{"rendered":"2022-2023 Misi\u00f3n Paz"},"content":{"rendered":"<p class=\"qtranxs-available-languages-message qtranxs-available-languages-message-ca\">Ho sentim, aquesta entrada es troba disponible \u00fanicament en <a href=\"https:\/\/www.educa.itakaescolapios.org\/es\/wp-json\/wp\/v2\/pages\/7081\" class=\"qtranxs-available-language-link qtranxs-available-language-link-es\" title=\"Espa\u00f1ol\">Espanyol Europeu<\/a>, <a href=\"https:\/\/www.educa.itakaescolapios.org\/en\/wp-json\/wp\/v2\/pages\/7081\" class=\"qtranxs-available-language-link qtranxs-available-language-link-en\" title=\"English\">Angl\u00e8s Americ\u00e0<\/a>, <a href=\"https:\/\/www.educa.itakaescolapios.org\/eu\/wp-json\/wp\/v2\/pages\/7081\" class=\"qtranxs-available-language-link qtranxs-available-language-link-eu\" title=\"Euskera\">Basc<\/a>, <a href=\"https:\/\/www.educa.itakaescolapios.org\/fr\/wp-json\/wp\/v2\/pages\/7081\" class=\"qtranxs-available-language-link qtranxs-available-language-link-fr\" title=\"Fran\u00e7ais\">Franc\u00e8s<\/a> i <a href=\"https:\/\/www.educa.itakaescolapios.org\/pt\/wp-json\/wp\/v2\/pages\/7081\" class=\"qtranxs-available-language-link qtranxs-available-language-link-pt\" title=\"Portugu\u00eas\">Portugu\u00e8s De Portugal<\/a>.<\/p><p><\/p>\n<p style=\"text-align: left;\"><span style=\"font-size: 24px; font-family: arial, helvetica, sans-serif;\">La Semana de la Paz de este a\u00f1o se enmarca dentro de la campa\u00f1a de Solidaridad \u00a02022-2023 &#8220;Una voz, un mill\u00f3n de cambios&#8221;\u00a0\u00a0<\/span><\/p>\n<p style=\"text-align: left;\"><span style=\"font-size: 24px; font-family: arial, helvetica, sans-serif;\">Accede directamente a la Misi\u00f3n Paz pinchando en el cartel:<\/span><\/p>\n<p><a href=\"https:\/\/www.educa.itakaescolapios.org\/campanas\/2022-2023-una-voz-un-millon-de-cambios\/metodologia-de-trabajo\/mision-paz\"><img decoding=\"async\" loading=\"lazy\" class=\"aligncenter\" src=\"https:\/\/www.educa.itakaescolapios.org\/wp-content\/uploads\/2023\/01\/Mision-PAZ-cartel-banner.jpg\" alt=\"\" width=\"80%\" height=\"80%\" \/><\/a><\/p>","protected":false},"excerpt":{"rendered":"<p>Ho sentim, aquesta entrada es troba disponible \u00fanicament en Espanyol Europeu, Angl\u00e8s Americ\u00e0, Basc, Franc\u00e8s i Portugu\u00e8s De Portugal. La Semana de la Paz de este [&hellip;]<\/p>\n","protected":false},"author":7,"featured_media":7082,"parent":713,"menu_order":0,"comment_status":"closed","ping_status":"closed","template":"","meta":[],"acf":[],"_links":{"self":[{"href":"https:\/\/www.educa.itakaescolapios.org\/ca\/wp-json\/wp\/v2\/pages\/7081"}],"collection":[{"href":"https:\/\/www.educa.itakaescolapios.org\/ca\/wp-json\/wp\/v2\/pages"}],"about":[{"href":"https:\/\/www.educa.itakaescolapios.org\/ca\/wp-json\/wp\/v2\/types\/page"}],"author":[{"embeddable":true,"href":"https:\/\/www.educa.itakaescolapios.org\/ca\/wp-json\/wp\/v2\/users\/7"}],"replies":[{"embeddable":true,"href":"https:\/\/www.educa.itakaescolapios.org\/ca\/wp-json\/wp\/v2\/comments?post=7081"}],"version-history":[{"count":12,"href":"https:\/\/www.educa.itakaescolapios.org\/ca\/wp-json\/wp\/v2\/pages\/7081\/revisions"}],"predecessor-version":[{"id":7095,"href":"https:\/\/www.educa.itakaescolapios.org\/ca\/wp-json\/wp\/v2\/pages\/7081\/revisions\/7095"}],"up":[{"embeddable":true,"href":"https:\/\/www.educa.itakaescolapios.org\/ca\/wp-json\/wp\/v2\/pages\/713"}],"wp:featuredmedia":[{"embeddable":true,"href":"https:\/\/www.educa.itakaescolapios.org\/ca\/wp-json\/wp\/v2\/media\/7082"}],"wp:attachment":[{"href":"https:\/\/www.educa.itakaescolapios.org\/ca\/wp-json\/wp\/v2\/media?parent=7081"}],"curies":[{"name":"wp","href":"https:\/\/api.w.org\/{rel}","templated":true}]}}