{"id":7690,"date":"2023-11-13T15:18:18","date_gmt":"2023-11-13T14:18:18","guid":{"rendered":"https:\/\/www.educa.itakaescolapios.org\/?page_id=7690"},"modified":"2024-02-14T14:23:13","modified_gmt":"2024-02-14T13:23:13","slug":"recordando-una-voz-un-millon-de-cambios","status":"publish","type":"page","link":"https:\/\/www.educa.itakaescolapios.org\/ca\/campanas\/2023-2024-en-algun-lugar-del-mundo\/recordando-una-voz-un-millon-de-cambios","title":{"rendered":"Recordando &#8220;Una voz, un mill\u00f3n de cambios&#8221;"},"content":{"rendered":"<p class=\"qtranxs-available-languages-message qtranxs-available-languages-message-ca\">Ho sentim, aquesta entrada es troba disponible \u00fanicament en <a href=\"https:\/\/www.educa.itakaescolapios.org\/es\/wp-json\/wp\/v2\/pages\/7690\" class=\"qtranxs-available-language-link qtranxs-available-language-link-es\" title=\"Espa\u00f1ol\">Espanyol Europeu<\/a>, <a href=\"https:\/\/www.educa.itakaescolapios.org\/en\/wp-json\/wp\/v2\/pages\/7690\" class=\"qtranxs-available-language-link qtranxs-available-language-link-en\" title=\"English\">Angl\u00e8s Americ\u00e0<\/a>, <a href=\"https:\/\/www.educa.itakaescolapios.org\/eu\/wp-json\/wp\/v2\/pages\/7690\" class=\"qtranxs-available-language-link qtranxs-available-language-link-eu\" title=\"Euskera\">Basc<\/a>, <a href=\"https:\/\/www.educa.itakaescolapios.org\/fr\/wp-json\/wp\/v2\/pages\/7690\" class=\"qtranxs-available-language-link qtranxs-available-language-link-fr\" title=\"Fran\u00e7ais\">Franc\u00e8s<\/a> i <a href=\"https:\/\/www.educa.itakaescolapios.org\/pt\/wp-json\/wp\/v2\/pages\/7690\" class=\"qtranxs-available-language-link qtranxs-available-language-link-pt\" title=\"Portugu\u00eas\">Portugu\u00e8s De Portugal<\/a>.<\/p><p><span style=\"font-family: arial, helvetica, sans-serif;\">\u00a1GRACIAS!<\/span><\/p>\n<p><span style=\"font-family: arial, helvetica, sans-serif;\">Hace aproximadamente un a\u00f1o, se abr\u00eda un nuevo espacio en esta misma web de EDUCA para presentar la campa\u00f1a \u201cUna voz, un mill\u00f3n de cambios\u201d, enfocada a conocer algunos de los proyectos de Itaka-Escolapios; pero sobre todo a escuchar la voz de todos los ni\u00f1os, ni\u00f1as y j\u00f3venes escolapios que alzaron la voz por los dem\u00e1s, para transformar y mejorar la sociedad.<img decoding=\"async\" loading=\"lazy\" class=\"alignright\" style=\"font-family: arial, helvetica, sans-serif; text-align: justify;\" src=\"https:\/\/www.educa.itakaescolapios.org\/wp-content\/uploads\/2020\/07\/BLA_color-731x1024-1.jpg\" alt=\"\" width=\"252\" height=\"354\" \/><\/span><\/p>\n<p><span style=\"font-family: arial, helvetica, sans-serif;\">Una campa\u00f1a que se ha desarrollado durante el \u00faltimo a\u00f1o en 16 pa\u00edses con presencia escolapia: Ben\u00edn, Bolivia, Brasil, Burkina Faso, Camer\u00fan, R.D. Congo, Costa de Marfil, Cuba, Espa\u00f1a, Filipinas, Francia, Gab\u00f3n, Guinea, M\u00e9xico, Senegal, Venezuela. Realmente, cada vez somos m\u00e1s quienes participamos y colaboramos en este impulso de la misi\u00f3n transformadora de las Escuelas P\u00edas desde las actividades propuestas. Es importante que sepamos valorar y sentir esta hermandad internacional que se construye con el trabajo com\u00fan y compartido que realizamos; y celebrar, con una misma voz, los m\u00e1s de un mill\u00f3n de cambios que generamos a trav\u00e9s de \u00e9l.<\/span><\/p>\n<p><span style=\"font-family: arial, helvetica, sans-serif;\">Gracias, un a\u00f1o m\u00e1s, por sumarte, por ponerte en acci\u00f3n, por alzar tu voz. Estamos convencidos que, sin tu implicaci\u00f3n, no habr\u00eda sido lo mismo. En todo el a\u00f1o hemos conseguido dar a conocer y profundizar en el trabajo que se realizar en seis de los proyectos de la red Itaka-Escolapios, y apoyar la sostenibilidad econ\u00f3mica de estos y de muchos m\u00e1s.<\/span><\/p>\n<p><span style=\"font-family: arial, helvetica, sans-serif;\">Gracias de nuevo, porque con todas vuestras acciones y donativos, hemos logrado alcanzar cifras importantes para seguir impulsando la misi\u00f3n escolapia en todo el mundo.<br \/>\nY como cada a\u00f1o, esta misma p\u00e1gina, compartimos el cartel de agradecimiento con las cifras finales de recaudaci\u00f3n econ\u00f3mica de la campa\u00f1a \u201cUna voz, un mill\u00f3n de cambios\u201d<\/span><\/p>\n<p><span style=\"font-family: arial, helvetica, sans-serif;\">\u00a1SEGUIMOS!\u00a0<\/span><\/p>\n<p><span style=\"font-family: arial, helvetica, sans-serif;\"><span style=\"font-size: 12px;\"><strong><em>*Los carteles en el resto de idiomas puedes encontrarlos en el apartado de <a href=\"https:\/\/www.educa.itakaescolapios.org\/campanas\/2023-2024-en-algun-lugar-del-mundo\/carteleria-y-ambientacion-en-algun-lugar-del-mundo\">CARTELER\u00cdA<\/a><\/em><\/strong><\/span>.<\/span><\/p>\n<p><img decoding=\"async\" loading=\"lazy\" class=\"aligncenter\" src=\"https:\/\/www.educa.itakaescolapios.org\/wp-content\/uploads\/2023\/11\/CARTEL-ESP-1.png\" alt=\"\" width=\"100%\" height=\"100%\" \/><\/p>","protected":false},"excerpt":{"rendered":"<p>Ho sentim, aquesta entrada es troba disponible \u00fanicament en Espanyol Europeu, Angl\u00e8s Americ\u00e0, Basc, Franc\u00e8s i Portugu\u00e8s De Portugal.\u00a1GRACIAS! Hace aproximadamente un a\u00f1o, se abr\u00eda un [&hellip;]<\/p>\n","protected":false},"author":9,"featured_media":0,"parent":7679,"menu_order":0,"comment_status":"closed","ping_status":"closed","template":"","meta":[],"acf":[],"_links":{"self":[{"href":"https:\/\/www.educa.itakaescolapios.org\/ca\/wp-json\/wp\/v2\/pages\/7690"}],"collection":[{"href":"https:\/\/www.educa.itakaescolapios.org\/ca\/wp-json\/wp\/v2\/pages"}],"about":[{"href":"https:\/\/www.educa.itakaescolapios.org\/ca\/wp-json\/wp\/v2\/types\/page"}],"author":[{"embeddable":true,"href":"https:\/\/www.educa.itakaescolapios.org\/ca\/wp-json\/wp\/v2\/users\/9"}],"replies":[{"embeddable":true,"href":"https:\/\/www.educa.itakaescolapios.org\/ca\/wp-json\/wp\/v2\/comments?post=7690"}],"version-history":[{"count":19,"href":"https:\/\/www.educa.itakaescolapios.org\/ca\/wp-json\/wp\/v2\/pages\/7690\/revisions"}],"predecessor-version":[{"id":8421,"href":"https:\/\/www.educa.itakaescolapios.org\/ca\/wp-json\/wp\/v2\/pages\/7690\/revisions\/8421"}],"up":[{"embeddable":true,"href":"https:\/\/www.educa.itakaescolapios.org\/ca\/wp-json\/wp\/v2\/pages\/7679"}],"wp:attachment":[{"href":"https:\/\/www.educa.itakaescolapios.org\/ca\/wp-json\/wp\/v2\/media?parent=7690"}],"curies":[{"name":"wp","href":"https:\/\/api.w.org\/{rel}","templated":true}]}}