{"id":8204,"date":"2024-01-02T12:11:42","date_gmt":"2024-01-02T11:11:42","guid":{"rendered":"https:\/\/www.educa.itakaescolapios.org\/?page_id=8204"},"modified":"2024-01-29T10:06:18","modified_gmt":"2024-01-29T09:06:18","slug":"actividades-paz-2024","status":"publish","type":"page","link":"https:\/\/www.educa.itakaescolapios.org\/ca\/semanas-de-la-paz\/2024-mi-lugar-es-el-mundo-mi-lugar-es-la-paz\/actividades-paz-2024","title":{"rendered":"Actividades PAZ 2024"},"content":{"rendered":"<p class=\"qtranxs-available-languages-message qtranxs-available-languages-message-ca\">Ho sentim, aquesta entrada es troba disponible \u00fanicament en <a href=\"https:\/\/www.educa.itakaescolapios.org\/es\/wp-json\/wp\/v2\/pages\/8204\" class=\"qtranxs-available-language-link qtranxs-available-language-link-es\" title=\"Espa\u00f1ol\">Espanyol Europeu<\/a>, <a href=\"https:\/\/www.educa.itakaescolapios.org\/en\/wp-json\/wp\/v2\/pages\/8204\" class=\"qtranxs-available-language-link qtranxs-available-language-link-en\" title=\"English\">Angl\u00e8s Americ\u00e0<\/a>, <a href=\"https:\/\/www.educa.itakaescolapios.org\/eu\/wp-json\/wp\/v2\/pages\/8204\" class=\"qtranxs-available-language-link qtranxs-available-language-link-eu\" title=\"Euskera\">Basc<\/a>, <a href=\"https:\/\/www.educa.itakaescolapios.org\/fr\/wp-json\/wp\/v2\/pages\/8204\" class=\"qtranxs-available-language-link qtranxs-available-language-link-fr\" title=\"Fran\u00e7ais\">Franc\u00e8s<\/a> i <a href=\"https:\/\/www.educa.itakaescolapios.org\/pt\/wp-json\/wp\/v2\/pages\/8204\" class=\"qtranxs-available-language-link qtranxs-available-language-link-pt\" title=\"Portugu\u00eas\">Portugu\u00e8s De Portugal<\/a>.<\/p><p>&nbsp;<\/p>\n<p>Es tiempo de construir la PAZ y hacer valer los Derechos Humanos en todos los contextos en donde nos desarrollemos, es tiempo de trabajar por un ambiente de paz en nuestro entorno, es tiempo de hacer valer nuestra voz para conseguirla all\u00e1 donde se necesite.<\/p>\n<p>Os dejamos una <strong>propuesta de actividades y ambientaci\u00f3n<\/strong> para el trabajo en la escuela.<\/p>\n<p>&nbsp;<\/p>\n<p><img decoding=\"async\" loading=\"lazy\" class=\"alignleft\" src=\"https:\/\/www.educa.itakaescolapios.org\/wp-content\/uploads\/2023\/02\/calasanz-Sticker.png\" alt=\"\" width=\"350\" height=\"490\" \/><\/p>\n<p>AMBIENTACI\u00d3N<\/p>\n<ul>\n<li><a href=\"https:\/\/www.educa.itakaescolapios.org\/wp-content\/uploads\/2024\/01\/CARTEL-PAZ-2324-.pdf\" target=\"_blank\" rel=\"noopener\"><strong><span style=\"text-decoration: underline;\">Cartel.<\/span><\/strong><\/a><\/li>\n<li><a href=\"https:\/\/www.educa.itakaescolapios.org\/wp-content\/uploads\/2024\/01\/Banner-ESP-Paz-24.png\" target=\"_blank\" rel=\"noopener\"><span style=\"text-decoration: underline;\"><strong>Banner.<\/strong><\/span><\/a><\/li>\n<\/ul>\n<p>&nbsp;<\/p>\n<p>ACTIVIDADES<\/p>\n<ul>\n<li><strong><span style=\"text-decoration: underline;\"><a href=\"https:\/\/www.educa.itakaescolapios.org\/paz\/abrazos-musicales?preview=true\" target=\"_blank\" rel=\"noopener\">Abrazos musicales (3 a 5 a\u00f1os)<\/a>.<\/span><\/strong><\/li>\n<li><span style=\"text-decoration: underline;\"><strong><a href=\"https:\/\/www.educa.itakaescolapios.org\/paz\/vistiendo-por-la-paz\" target=\"_blank\" rel=\"noopener\">Vistiendo por La Paz (6 a 8 a\u00f1os)<\/a>.<\/strong><\/span><\/li>\n<li><a href=\"https:\/\/www.educa.itakaescolapios.org\/paz\/cantemos-por-la-paz-2\" target=\"_blank\" rel=\"noopener\"><strong><span style=\"text-decoration: underline;\">\u00a1Cantemos por la Paz! (8 a 10 a\u00f1os).<\/span><\/strong><\/a><\/li>\n<li><a href=\"https:\/\/www.educa.itakaescolapios.org\/paz\/mensajes-por-la-paz\" target=\"_blank\" rel=\"noopener\"><strong><span style=\"text-decoration: underline;\">Mensajes de Paz (10 a 12 a\u00f1os).<\/span><\/strong><\/a><\/li>\n<li><a href=\"https:\/\/www.educa.itakaescolapios.org\/paz\/gritemos-por-la-paz-porras-que-unen-corazones\" target=\"_blank\" rel=\"noopener\"><strong><span style=\"text-decoration: underline;\">Gritemos por La Paz. Porras que unen corazones (12-15 a\u00f1os).<\/span><\/strong><\/a><\/li>\n<li><a href=\"https:\/\/www.educa.itakaescolapios.org\/paz\/lugares-que-necesitan-paz\" target=\"_blank\" rel=\"noopener\"><strong><span style=\"text-decoration: underline;\">Lugares que necesitan Paz. (15 a 18 a\u00f1os).<\/span><\/strong><\/a>\n<ul>\n<li style=\"list-style-type: none;\">\n<ul>\n<li><a href=\"https:\/\/www.educa.itakaescolapios.org\/derecho-a-la-educacion\/mi-lugar-es-el-mundo-mi-lugar-es-la-paz\" target=\"_blank\" rel=\"noopener\"><strong><span style=\"text-decoration: underline;\">ACTO CENTRAL PAZ 2024.<\/span><\/strong><\/a><\/li>\n<\/ul>\n<\/li>\n<\/ul>\n<\/li>\n<\/ul>\n<p>&nbsp;<\/p>","protected":false},"excerpt":{"rendered":"<p>Ho sentim, aquesta entrada es troba disponible \u00fanicament en Espanyol Europeu, Angl\u00e8s Americ\u00e0, Basc, Franc\u00e8s i Portugu\u00e8s De Portugal.&nbsp; Es tiempo de construir la PAZ y [&hellip;]<\/p>\n","protected":false},"author":9,"featured_media":0,"parent":8191,"menu_order":1,"comment_status":"closed","ping_status":"closed","template":"","meta":[],"acf":[],"_links":{"self":[{"href":"https:\/\/www.educa.itakaescolapios.org\/ca\/wp-json\/wp\/v2\/pages\/8204"}],"collection":[{"href":"https:\/\/www.educa.itakaescolapios.org\/ca\/wp-json\/wp\/v2\/pages"}],"about":[{"href":"https:\/\/www.educa.itakaescolapios.org\/ca\/wp-json\/wp\/v2\/types\/page"}],"author":[{"embeddable":true,"href":"https:\/\/www.educa.itakaescolapios.org\/ca\/wp-json\/wp\/v2\/users\/9"}],"replies":[{"embeddable":true,"href":"https:\/\/www.educa.itakaescolapios.org\/ca\/wp-json\/wp\/v2\/comments?post=8204"}],"version-history":[{"count":44,"href":"https:\/\/www.educa.itakaescolapios.org\/ca\/wp-json\/wp\/v2\/pages\/8204\/revisions"}],"predecessor-version":[{"id":8366,"href":"https:\/\/www.educa.itakaescolapios.org\/ca\/wp-json\/wp\/v2\/pages\/8204\/revisions\/8366"}],"up":[{"embeddable":true,"href":"https:\/\/www.educa.itakaescolapios.org\/ca\/wp-json\/wp\/v2\/pages\/8191"}],"wp:attachment":[{"href":"https:\/\/www.educa.itakaescolapios.org\/ca\/wp-json\/wp\/v2\/media?parent=8204"}],"curies":[{"name":"wp","href":"https:\/\/api.w.org\/{rel}","templated":true}]}}