{"id":8543,"date":"2024-11-04T09:49:59","date_gmt":"2024-11-04T08:49:59","guid":{"rendered":"https:\/\/www.educa.itakaescolapios.org\/?page_id=8543"},"modified":"2025-02-12T14:15:04","modified_gmt":"2025-02-12T13:15:04","slug":"2024-2025-abriendo-caminos","status":"publish","type":"page","link":"https:\/\/www.educa.itakaescolapios.org\/ca\/campanas\/2024-2025-abriendo-caminos","title":{"rendered":"2024-2025 Abriendo Caminos"},"content":{"rendered":"<p class=\"qtranxs-available-languages-message qtranxs-available-languages-message-ca\">Ho sentim, aquesta entrada es troba disponible \u00fanicament en <a href=\"https:\/\/www.educa.itakaescolapios.org\/es\/wp-json\/wp\/v2\/pages\/8543\" class=\"qtranxs-available-language-link qtranxs-available-language-link-es\" title=\"Espa\u00f1ol\">Espanyol Europeu<\/a>, <a href=\"https:\/\/www.educa.itakaescolapios.org\/en\/wp-json\/wp\/v2\/pages\/8543\" class=\"qtranxs-available-language-link qtranxs-available-language-link-en\" title=\"English\">Angl\u00e8s Americ\u00e0<\/a>, <a href=\"https:\/\/www.educa.itakaescolapios.org\/eu\/wp-json\/wp\/v2\/pages\/8543\" class=\"qtranxs-available-language-link qtranxs-available-language-link-eu\" title=\"Euskera\">Basc<\/a>, <a href=\"https:\/\/www.educa.itakaescolapios.org\/fr\/wp-json\/wp\/v2\/pages\/8543\" class=\"qtranxs-available-language-link qtranxs-available-language-link-fr\" title=\"Fran\u00e7ais\">Franc\u00e8s<\/a> i <a href=\"https:\/\/www.educa.itakaescolapios.org\/pt\/wp-json\/wp\/v2\/pages\/8543\" class=\"qtranxs-available-language-link qtranxs-available-language-link-pt\" title=\"Portugu\u00eas\">Portugu\u00e8s De Portugal<\/a>.<\/p><p><img decoding=\"async\" loading=\"lazy\" class=\"alignright\" src=\"https:\/\/www.educa.itakaescolapios.org\/wp-content\/uploads\/2024\/11\/Calasanz-mochila.png\" alt=\"\" width=\"30%\" height=\"30%\" \/><\/p>\n<p><strong>ABRIENDO CAMINOS<\/strong>, es el lema de este curso, y junto con el nuevo logotipo de Itaka-Escolapios que busca destacar la acogida y grandeza del coraz\u00f3n de Calasanz, en Itaka-Escolapios nos centramos en el camino que inici\u00f3 hace m\u00e1s de cuatro siglos para transformar la sociedad a trav\u00e9s de la educaci\u00f3n.<\/p>\n<p>Aquel camino, efectivamente, aunque tambi\u00e9n todos aquellos que parten de \u00e9l en tantos pa\u00edses del mundo, donde seguimos abriendo y transitando como Escuelas P\u00edas con el mismo fin: eliminar las malas hierbas de la injusticia y desigualdad que crecen en los lugares menos transitados, para recuperar espacios de paz, alegr\u00eda, esperanza y justicia social. Lugares en los que crecer como cristianos y cristianas que trabajan por el bien com\u00fan, al estilo de Calasanz. Caminos en los que <strong>peregrinar en esperanza<\/strong> hacia el mundo que Dios quiere para sus hijas e hijos.<\/p>\n<p>Con el lema <strong>ABRIENDO CAMINOS<\/strong>, un a\u00f1o m\u00e1s queremos poner en el centro de nuestra misi\u00f3n a los ni\u00f1os, ni\u00f1as, adolescentes y j\u00f3venes que participan activamente en las obras escolapias. Y tambi\u00e9n a sus familias, educadores\/as, docentes, y acompa\u00f1antes. Pong\u00e1monos en marcha, y actuemos porque <u>podemos ser protagonistas del cambio<\/u>, y por eso se nos invita tener una actitud proactiva en busca de la mejora de la sociedad, ya que somos realmente capaces de conseguir allanar el terreno a muchas personas de nuestro entorno que lo tienen m\u00e1s dif\u00edcil.<\/p>\n<p>Transitar caminos de esperanza a nuestro alrededor es una de las claves de este a\u00f1o en las Escuelas P\u00edas y en la Iglesia Cat\u00f3lica, de ah\u00ed que la campa\u00f1a de este curso nos invite a abrir nuevos caminos con decisi\u00f3n y esperanza en un mundo m\u00e1s justo, fraterno y humano.<\/p>\n<p>Calasanz nos acompa\u00f1ar\u00e1 en esta tarea. Su vida dedicada a la educaci\u00f3n y al servicio de las personas m\u00e1s vulnerables de su \u00e9poca, orienta y gu\u00eda nuestra misi\u00f3n hoy, m\u00e1s de 400 a\u00f1os despu\u00e9s. Cargado con una mochila llenita de evangelio y vida, nos gu\u00eda por el camino del compromiso social y educativo para avanzar en la construcci\u00f3n del Reino de Dios, aqu\u00ed y ahora.<\/p>\n<p><strong>ABRIENDO CAMINOS<\/strong> quiere ser m\u00e1s que un lema, busca ser una invitaci\u00f3n a la acci\u00f3n, a la confianza, al cambio y al aprendizaje constante, significativo, y, en definitiva, de la vida. A vivir en esperanza.<\/p>\n<p>Nos recuerda que cada paso en nuestro viaje es valioso, y que con todas nuestras manos (cuantas m\u00e1s mejor) podemos transformar el mundo. Conociendo los proyectos de Itaka-Escolapios nos damos cuenta de que la educaci\u00f3n realmente es una herramienta poderosa y necesaria para conseguir, alg\u00fan d\u00eda, ese mundo de justicia, paz y amor que Dios quiere. Esa es tambi\u00e9n nuestra esperanza pues, sabemos que cada uno de los j\u00f3venes, ni\u00f1as y ni\u00f1os escolapios de todo mundo tiene un gran potencial para lograrlo.<\/p>\n<p>En palabras del Papa Francisco:<\/p>\n<p><em>\u201cDebemos mantener encendida la llama de la esperanza que nos ha sido dada, y hacer todo lo posible para que cada uno recupere la fuerza y la certeza de mirar al futuro con mente abierta, coraz\u00f3n confiado y amplitud de miras. (\u2026). Todo esto ser\u00e1 posible si somos capaces de recuperar el sentido de la fraternidad universal, si no cerramos los ojos ante la tragedia de la pobreza galopante que impide a millones de hombres, mujeres, j\u00f3venes y ni\u00f1os vivir de manera humanamente digna\u201d.<\/em><\/p>\n<p>Que as\u00ed sea. <strong>ABRAMOS CAMINOS<\/strong>.<\/p>\n<p>&nbsp;<\/p>","protected":false},"excerpt":{"rendered":"<p>Ho sentim, aquesta entrada es troba disponible \u00fanicament en Espanyol Europeu, Angl\u00e8s Americ\u00e0, Basc, Franc\u00e8s i Portugu\u00e8s De Portugal. ABRIENDO CAMINOS, es el lema de este [&hellip;]<\/p>\n","protected":false},"author":7,"featured_media":8545,"parent":70,"menu_order":0,"comment_status":"closed","ping_status":"closed","template":"","meta":[],"acf":[],"_links":{"self":[{"href":"https:\/\/www.educa.itakaescolapios.org\/ca\/wp-json\/wp\/v2\/pages\/8543"}],"collection":[{"href":"https:\/\/www.educa.itakaescolapios.org\/ca\/wp-json\/wp\/v2\/pages"}],"about":[{"href":"https:\/\/www.educa.itakaescolapios.org\/ca\/wp-json\/wp\/v2\/types\/page"}],"author":[{"embeddable":true,"href":"https:\/\/www.educa.itakaescolapios.org\/ca\/wp-json\/wp\/v2\/users\/7"}],"replies":[{"embeddable":true,"href":"https:\/\/www.educa.itakaescolapios.org\/ca\/wp-json\/wp\/v2\/comments?post=8543"}],"version-history":[{"count":17,"href":"https:\/\/www.educa.itakaescolapios.org\/ca\/wp-json\/wp\/v2\/pages\/8543\/revisions"}],"predecessor-version":[{"id":8811,"href":"https:\/\/www.educa.itakaescolapios.org\/ca\/wp-json\/wp\/v2\/pages\/8543\/revisions\/8811"}],"up":[{"embeddable":true,"href":"https:\/\/www.educa.itakaescolapios.org\/ca\/wp-json\/wp\/v2\/pages\/70"}],"wp:featuredmedia":[{"embeddable":true,"href":"https:\/\/www.educa.itakaescolapios.org\/ca\/wp-json\/wp\/v2\/media\/8545"}],"wp:attachment":[{"href":"https:\/\/www.educa.itakaescolapios.org\/ca\/wp-json\/wp\/v2\/media?parent=8543"}],"curies":[{"name":"wp","href":"https:\/\/api.w.org\/{rel}","templated":true}]}}