{"id":8551,"date":"2024-11-14T16:23:54","date_gmt":"2024-11-14T15:23:54","guid":{"rendered":"https:\/\/www.educa.itakaescolapios.org\/?page_id=8551"},"modified":"2025-02-12T13:31:16","modified_gmt":"2025-02-12T12:31:16","slug":"conoce-la-campana","status":"publish","type":"page","link":"https:\/\/www.educa.itakaescolapios.org\/ca\/campanas\/2024-2025-abriendo-caminos\/conoce-la-campana","title":{"rendered":"Conoce la campa\u00f1a"},"content":{"rendered":"<p class=\"qtranxs-available-languages-message qtranxs-available-languages-message-ca\">Ho sentim, aquesta entrada es troba disponible \u00fanicament en <a href=\"https:\/\/www.educa.itakaescolapios.org\/es\/wp-json\/wp\/v2\/pages\/8551\" class=\"qtranxs-available-language-link qtranxs-available-language-link-es\" title=\"Espa\u00f1ol\">Espanyol Europeu<\/a>, <a href=\"https:\/\/www.educa.itakaescolapios.org\/en\/wp-json\/wp\/v2\/pages\/8551\" class=\"qtranxs-available-language-link qtranxs-available-language-link-en\" title=\"English\">Angl\u00e8s Americ\u00e0<\/a>, <a href=\"https:\/\/www.educa.itakaescolapios.org\/eu\/wp-json\/wp\/v2\/pages\/8551\" class=\"qtranxs-available-language-link qtranxs-available-language-link-eu\" title=\"Euskera\">Basc<\/a>, <a href=\"https:\/\/www.educa.itakaescolapios.org\/fr\/wp-json\/wp\/v2\/pages\/8551\" class=\"qtranxs-available-language-link qtranxs-available-language-link-fr\" title=\"Fran\u00e7ais\">Franc\u00e8s<\/a> i <a href=\"https:\/\/www.educa.itakaescolapios.org\/pt\/wp-json\/wp\/v2\/pages\/8551\" class=\"qtranxs-available-language-link qtranxs-available-language-link-pt\" title=\"Portugu\u00eas\">Portugu\u00e8s De Portugal<\/a>.<\/p><p><span style=\"font-family: arial, helvetica, sans-serif;\"><strong>OBJETIVOS CAMPA\u00d1A 2024-2025: \u201cABRIENDO CAMINOS\u201d<\/strong><\/span><\/p>\n<p><span style=\"font-family: arial, helvetica, sans-serif;\">Cada a\u00f1o, desde Itaka-Escolapios promovemos una campa\u00f1a de solidaridad en todos los lugares donde estamos presentes. Este a\u00f1o, queremos animar a todas las personas participantes a abrir nuevos caminos de esperanza en nuestro mundo, en nuestras localidades, en nuestros centros\u2026 porque podemos ser verdaderos protagonistas del cambio social desde la educaci\u00f3n. Siguiendo el ejemplo de San Jos\u00e9 de Calasanz, trabajamos por abrir caminos que conduzcan a un mundo m\u00e1s justo, fraterno y humano.<\/span><\/p>\n<p><span style=\"font-family: arial, helvetica, sans-serif;\">En concreto, este a\u00f1o, la campa\u00f1a Abriendo Caminos busca:<\/span><\/p>\n<ol>\n<li><span style=\"font-family: arial, helvetica, sans-serif;\">Redescubrir a Calasanz como modelo de respuesta a su vocaci\u00f3n de evangelizar educando en busca de la transformaci\u00f3n de la sociedad romana del siglo XVI.<\/span><\/li>\n<li><span style=\"font-family: arial, helvetica, sans-serif;\">Conocer con mayor profundidad la labor educativa, pastoral y transformadora de los proyectos de Itaka-Escolapios que se presentan este a\u00f1o en las actividades dise\u00f1adas.<\/span><\/li>\n<li><span style=\"font-family: arial, helvetica, sans-serif;\">Corresponsabilizarse en el impulso de la misi\u00f3n escolapia en cualquier lugar del mundo, apoyando proyectos educativos de calidad para todos y todas, tanto desde el voluntariado como econ\u00f3micamente.<\/span><\/li>\n<li><span style=\"font-family: arial, helvetica, sans-serif;\">Fomentar la participaci\u00f3n activa de toda la comunidad educativa a trav\u00e9s de proyectos de Aprendizaje-Servicio (ApS), apoyando con esta herramienta la propuesta eclesial de construir un nuevo Pacto Educativo Global.<\/span><\/li>\n<\/ol>\n<p>&nbsp;<\/p>\n<p style=\"text-align: center;\"><iframe loading=\"lazy\" title=\"YouTube video player\" src=\"https:\/\/www.youtube.com\/embed\/ffHqeqbNRF8?si=S0z1fl79d-r7YQas\" width=\"100%\" height=\"500\" frameborder=\"0\" allowfullscreen=\"allowfullscreen\"><\/iframe><\/p>\n<h1><span style=\"font-size: 16px; font-family: arial, helvetica, sans-serif;\">DESTINO SOLIDARIO DE LA CAMPA\u00d1A \u201cABRIENDO CAMINOS\u201d<\/span><\/h1>\n<p><span style=\"font-family: arial, helvetica, sans-serif;\">Desde el inicio de la red Itaka-Escolapios, hemos trabajado para apoyar la misi\u00f3n escolapia en diferentes partes del mundo. En la campa\u00f1a \u201cAbriendo Caminos\u201d de este curso 2024-2025, los donativos recaudados permitir\u00e1n mantener y ampliar el alcance de proyectos educativos y sociales en diversos pa\u00edses, brindando una oportunidad para transformar la vida de muchas personas.<\/span><\/p>\n<p><span style=\"font-family: arial, helvetica, sans-serif;\">Los fondos recaudados contribuir\u00e1n a los proyectos que sostenemos en los pa\u00edses de la <strong>RED <\/strong>donde las Escuelas P\u00edas siguen abriendo caminos de esperanza a trav\u00e9s de la educaci\u00f3n formal y no formal. Con tu ayuda, seguiremos ofreciendo educaci\u00f3n de calidad, atenci\u00f3n socioeducativa, comedores escolares, programas de desarrollo sostenible, y apoyo a los colectivos m\u00e1s vulnerables, ya sean ni\u00f1os, ni\u00f1as, j\u00f3venes, ancianos&#8230;<\/span><\/p>\n<p><span style=\"font-family: arial, helvetica, sans-serif;\">Con tu colaboraci\u00f3n, estamos contribuyendo a crear un futuro mejor, m\u00e1s justo y solidario. Abriendo Caminos nos invita a caminar juntos hacia un mundo en el que la educaci\u00f3n sea la clave para el cambio y la justicia social.<\/span><\/p>\n<p>&nbsp;<\/p>\n<p><span style=\"font-family: arial, helvetica, sans-serif;\">Puedes acercarte desde ahora mismo a algunos de estos proyectos a trav\u00e9s del trabajo que proponemos en cada una de las <a href=\"https:\/\/www.educa.itakaescolapios.org\/campanas\/2024-2025-abriendo-caminos\/actividades-carteleria-y-ambientacion\/actividades-para-trabajar\" target=\"_blank\" rel=\"noopener\">ACTIVIDADES (enlace directo)<\/a>,\u00a0o revisando toda la informaci\u00f3n incluida en sus fichas:<\/span><\/p>\n<ul>\n<li><span style=\"font-family: arial, helvetica, sans-serif;\"><a href=\"https:\/\/www.educa.itakaescolapios.org\/wp-content\/uploads\/2024\/11\/fichas-TERANGA-itaka-2425-ESP.pdf\" target=\"_blank\" rel=\"noopener\">Ficha Teranga (Ema\u00fas)<\/a><\/span><\/li>\n<li><span style=\"font-family: arial, helvetica, sans-serif;\"><a href=\"https:\/\/www.educa.itakaescolapios.org\/wp-content\/uploads\/2024\/11\/fichas-LLUM-itaka-2425-ESP.pdf\">Ficha Llum (Betania)<\/a><\/span><\/li>\n<li><span style=\"font-family: arial, helvetica, sans-serif;\"><a href=\"https:\/\/www.educa.itakaescolapios.org\/wp-content\/uploads\/2024\/11\/fichas-SONRISAS-itaka-2425-ESP.pdf\" target=\"_blank\" rel=\"noopener\">Ficha Sonrisas (Centroam\u00e9rica y Caribe)<\/a><\/span><\/li>\n<li><span style=\"font-family: arial, helvetica, sans-serif;\"><a href=\"https:\/\/www.educa.itakaescolapios.org\/wp-content\/uploads\/2024\/11\/fichas-KIKONKA-itaka-2425-ESP.pdf\" target=\"_blank\" rel=\"noopener\">Ficha Kikonka (RD Congo)<\/a><\/span><\/li>\n<\/ul>\n<p>&nbsp;<\/p>\n<h3><span style=\"font-family: arial, helvetica, sans-serif;\"><strong><u><img decoding=\"async\" loading=\"lazy\" class=\"aligncenter\" src=\"https:\/\/www.educa.itakaescolapios.org\/wp-content\/uploads\/2020\/11\/mano-click-verde-en-el-medio-scaled.jpg\" alt=\"\" width=\"20%\" height=\"20%\" \/><\/u><\/strong><\/span><\/h3>\n<p><\/p>","protected":false},"excerpt":{"rendered":"<p>Ho sentim, aquesta entrada es troba disponible \u00fanicament en Espanyol Europeu, Angl\u00e8s Americ\u00e0, Basc, Franc\u00e8s i Portugu\u00e8s De Portugal.OBJETIVOS CAMPA\u00d1A 2024-2025: \u201cABRIENDO CAMINOS\u201d Cada a\u00f1o, desde [&hellip;]<\/p>\n","protected":false},"author":7,"featured_media":0,"parent":8543,"menu_order":2,"comment_status":"closed","ping_status":"closed","template":"","meta":[],"acf":[],"_links":{"self":[{"href":"https:\/\/www.educa.itakaescolapios.org\/ca\/wp-json\/wp\/v2\/pages\/8551"}],"collection":[{"href":"https:\/\/www.educa.itakaescolapios.org\/ca\/wp-json\/wp\/v2\/pages"}],"about":[{"href":"https:\/\/www.educa.itakaescolapios.org\/ca\/wp-json\/wp\/v2\/types\/page"}],"author":[{"embeddable":true,"href":"https:\/\/www.educa.itakaescolapios.org\/ca\/wp-json\/wp\/v2\/users\/7"}],"replies":[{"embeddable":true,"href":"https:\/\/www.educa.itakaescolapios.org\/ca\/wp-json\/wp\/v2\/comments?post=8551"}],"version-history":[{"count":37,"href":"https:\/\/www.educa.itakaescolapios.org\/ca\/wp-json\/wp\/v2\/pages\/8551\/revisions"}],"predecessor-version":[{"id":8867,"href":"https:\/\/www.educa.itakaescolapios.org\/ca\/wp-json\/wp\/v2\/pages\/8551\/revisions\/8867"}],"up":[{"embeddable":true,"href":"https:\/\/www.educa.itakaescolapios.org\/ca\/wp-json\/wp\/v2\/pages\/8543"}],"wp:attachment":[{"href":"https:\/\/www.educa.itakaescolapios.org\/ca\/wp-json\/wp\/v2\/media?parent=8551"}],"curies":[{"name":"wp","href":"https:\/\/api.w.org\/{rel}","templated":true}]}}