{"id":8553,"date":"2024-11-14T16:25:09","date_gmt":"2024-11-14T15:25:09","guid":{"rendered":"https:\/\/www.educa.itakaescolapios.org\/?page_id=8553"},"modified":"2025-02-26T17:20:52","modified_gmt":"2025-02-26T16:20:52","slug":"metodologia-de-la-campana","status":"publish","type":"page","link":"https:\/\/www.educa.itakaescolapios.org\/ca\/campanas\/2024-2025-abriendo-caminos\/metodologia-de-la-campana","title":{"rendered":"Metodolog\u00eda de la campa\u00f1a"},"content":{"rendered":"<p class=\"qtranxs-available-languages-message qtranxs-available-languages-message-ca\">Ho sentim, aquesta entrada es troba disponible \u00fanicament en <a href=\"https:\/\/www.educa.itakaescolapios.org\/es\/wp-json\/wp\/v2\/pages\/8553\" class=\"qtranxs-available-language-link qtranxs-available-language-link-es\" title=\"Espa\u00f1ol\">Espanyol Europeu<\/a>, <a href=\"https:\/\/www.educa.itakaescolapios.org\/en\/wp-json\/wp\/v2\/pages\/8553\" class=\"qtranxs-available-language-link qtranxs-available-language-link-en\" title=\"English\">Angl\u00e8s Americ\u00e0<\/a>, <a href=\"https:\/\/www.educa.itakaescolapios.org\/eu\/wp-json\/wp\/v2\/pages\/8553\" class=\"qtranxs-available-language-link qtranxs-available-language-link-eu\" title=\"Euskera\">Basc<\/a>, <a href=\"https:\/\/www.educa.itakaescolapios.org\/fr\/wp-json\/wp\/v2\/pages\/8553\" class=\"qtranxs-available-language-link qtranxs-available-language-link-fr\" title=\"Fran\u00e7ais\">Franc\u00e8s<\/a> i <a href=\"https:\/\/www.educa.itakaescolapios.org\/pt\/wp-json\/wp\/v2\/pages\/8553\" class=\"qtranxs-available-language-link qtranxs-available-language-link-pt\" title=\"Portugu\u00eas\">Portugu\u00e8s De Portugal<\/a>.<\/p><p><strong>METODOLOG\u00cdA \u201cABRIENDO CAMINOS\u201d<\/strong><\/p>\n<p>Bienvenidos una vez m\u00e1s a la campa\u00f1a de solidaridad de Itaka-Escolapios que, bajo el lema \u201cAbriendo Caminos\u201d, busca involucrarnos en un proceso de aprendizaje y transformaci\u00f3n social, donde podamos convertirnos en agentes de cambio.<\/p>\n<p>En el \u00e1mbito de educaci\u00f3n formal, este a\u00f1o continuamos apostando por la metodolog\u00eda de Aprendizaje-Servicio (ApS), donde el trabajo en proyectos interdisciplinares nos permitir\u00e1 aplicar lo aprendido en el aula para mejorar el entorno. Este enfoque nos apasiona porque promueve la participaci\u00f3n activa de todos y todas en actividades que fomentan valores como la solidaridad, el compromiso y la justicia social.<\/p>\n<p>Las distintas misiones propuestas se trabajar\u00e1n por franjas de edad, adaptando los contenidos y actividades a las diferentes etapas educativas y permiti\u00e9ndonos tanto conocer de cerca algunos proyectos escolapios como comprometernos con causas reales. A trav\u00e9s \u00a0de las actividades dise\u00f1adas tendremos la oportunidad de aprender sobre temas como la defensa de los derechos de la infancia o la interculturalidad, por ejemplo.<\/p>\n<p>Se presenta a continuaci\u00f3n las diferentes tem\u00e1ticas trabajadas por edades:<\/p>\n<p><strong><img decoding=\"async\" loading=\"lazy\" class=\" wp-image-8595 alignleft\" src=\"https:\/\/www.educa.itakaescolapios.org\/wp-content\/uploads\/2024\/11\/Calasanz-mochila-140x300.png\" alt=\"\" width=\"222\" height=\"476\" srcset=\"https:\/\/www.educa.itakaescolapios.org\/wp-content\/uploads\/2024\/11\/Calasanz-mochila-140x300.png 140w, https:\/\/www.educa.itakaescolapios.org\/wp-content\/uploads\/2024\/11\/Calasanz-mochila-478x1024.png 478w, https:\/\/www.educa.itakaescolapios.org\/wp-content\/uploads\/2024\/11\/Calasanz-mochila-250x536.png 250w, https:\/\/www.educa.itakaescolapios.org\/wp-content\/uploads\/2024\/11\/Calasanz-mochila.png 674w\" sizes=\"(max-width: 222px) 100vw, 222px\" \/><\/strong><\/p>\n<p><b>\u00a0<\/b><\/p>\n<table style=\"height: 397px; width: 52.6849%;\">\n<tbody>\n<tr style=\"height: 56px;\">\n<td style=\"height: 56px; width: 17.8715%;\" width=\"85\"><strong>ETAPA<\/strong><\/td>\n<td style=\"height: 56px; width: 84.1365%;\" width=\"397\"><strong>TEM\u00c1TICA<\/strong><\/td>\n<\/tr>\n<tr style=\"height: 56px;\">\n<td style=\"height: 56px; width: 17.8715%;\" width=\"85\"><strong>3 a 5<\/strong><\/td>\n<td style=\"height: 56px; width: 84.1365%;\" width=\"397\">EDUCACI\u00d3N EMOCIONAL<\/td>\n<\/tr>\n<tr style=\"height: 56px;\">\n<td style=\"height: 56px; width: 17.8715%;\" width=\"85\"><strong>6 a 8<\/strong><\/td>\n<td style=\"height: 56px; width: 84.1365%;\" width=\"397\">INTERCULTURALIDAD.<\/td>\n<\/tr>\n<tr style=\"height: 56px;\">\n<td style=\"height: 56px; width: 17.8715%;\" width=\"85\"><strong>8 a 10<\/strong><\/td>\n<td style=\"height: 56px; width: 84.1365%;\" width=\"397\">MEDIOAMBIENTE. Cuidado de la casa com\u00fan.<\/td>\n<\/tr>\n<tr style=\"height: 56px;\">\n<td style=\"height: 56px; width: 17.8715%;\" width=\"85\"><strong>10 a 12<\/strong><\/td>\n<td style=\"height: 56px; width: 84.1365%;\" width=\"397\">DEFENSA DE LOS DDHH. Activismo y participaci\u00f3n social.<\/td>\n<\/tr>\n<tr style=\"height: 56px;\">\n<td style=\"height: 56px; width: 17.8715%;\" width=\"85\"><strong>12 a 15<\/strong><\/td>\n<td style=\"height: 56px; width: 84.1365%;\" width=\"397\">ARTE.<\/td>\n<\/tr>\n<tr style=\"height: 56px;\">\n<td style=\"height: 56px; width: 17.8715%;\" width=\"85\"><strong>15 a 18<\/strong><\/td>\n<td style=\"height: 56px; width: 84.1365%;\" width=\"397\">EL PAPEL DE LA MUJER HOY.<\/td>\n<\/tr>\n<\/tbody>\n<\/table>\n<p><strong>\u00a0<\/strong><\/p>\n<p>&nbsp;<\/p>\n<p>Tambi\u00e9n desde el Movimiento Calasanz y las propuestas de oraci\u00f3n profundizaremos en dichos temas.<\/p>\n<p>Recordad que la clave del \u00e9xito de esta campa\u00f1a es preparar cuidadosamente cada actividad. Para ello, os ofrecemos una amplia variedad de recursos: actividades de sensibilizaci\u00f3n, fichas de proyectos, videos, canciones, y m\u00e1s. Os invitamos a navegar por la web y descubrir todas las propuestas de la mano de Calasanz.<\/p>\n<p>Un\u00e1monos y abramos caminos de esperanza para construir un futuro mejor, lleno de solidaridad, justicia y compromiso.<\/p>","protected":false},"excerpt":{"rendered":"<p>Ho sentim, aquesta entrada es troba disponible \u00fanicament en Espanyol Europeu, Angl\u00e8s Americ\u00e0, Basc, Franc\u00e8s i Portugu\u00e8s De Portugal.METODOLOG\u00cdA \u201cABRIENDO CAMINOS\u201d Bienvenidos una vez m\u00e1s a [&hellip;]<\/p>\n","protected":false},"author":7,"featured_media":0,"parent":8543,"menu_order":3,"comment_status":"closed","ping_status":"closed","template":"","meta":[],"acf":[],"_links":{"self":[{"href":"https:\/\/www.educa.itakaescolapios.org\/ca\/wp-json\/wp\/v2\/pages\/8553"}],"collection":[{"href":"https:\/\/www.educa.itakaescolapios.org\/ca\/wp-json\/wp\/v2\/pages"}],"about":[{"href":"https:\/\/www.educa.itakaescolapios.org\/ca\/wp-json\/wp\/v2\/types\/page"}],"author":[{"embeddable":true,"href":"https:\/\/www.educa.itakaescolapios.org\/ca\/wp-json\/wp\/v2\/users\/7"}],"replies":[{"embeddable":true,"href":"https:\/\/www.educa.itakaescolapios.org\/ca\/wp-json\/wp\/v2\/comments?post=8553"}],"version-history":[{"count":20,"href":"https:\/\/www.educa.itakaescolapios.org\/ca\/wp-json\/wp\/v2\/pages\/8553\/revisions"}],"predecessor-version":[{"id":8891,"href":"https:\/\/www.educa.itakaescolapios.org\/ca\/wp-json\/wp\/v2\/pages\/8553\/revisions\/8891"}],"up":[{"embeddable":true,"href":"https:\/\/www.educa.itakaescolapios.org\/ca\/wp-json\/wp\/v2\/pages\/8543"}],"wp:attachment":[{"href":"https:\/\/www.educa.itakaescolapios.org\/ca\/wp-json\/wp\/v2\/media?parent=8553"}],"curies":[{"name":"wp","href":"https:\/\/api.w.org\/{rel}","templated":true}]}}